{"id":4963,"date":"2015-05-31T23:59:48","date_gmt":"2015-05-31T22:59:48","guid":{"rendered":"http:\/\/www.all-for-all.de\/?page_id=4963"},"modified":"2015-05-31T23:07:58","modified_gmt":"2015-05-31T22:07:58","slug":"31-05-2015-hausuebergabe-und-relaxen","status":"publish","type":"page","link":"https:\/\/www.all-for-all.de\/?page_id=4963","title":{"rendered":"31.05.2015, Haus\u00fcbergabe und relaxen"},"content":{"rendered":"<p>Ich bin nachts nur einmal wegen h\u00f6llischem Durst aufgewacht. Drau\u00dfen am dunklen Pool schnell etwas getrunken und dann gleich wieder ins Bett gegangen.<\/p>\n<p>Nach dem Aufstehen haben wir zuerst unsere Klamotten\u00a0sortiert, in die Schr\u00e4nke ger\u00e4umt und\u00a0bereits getragenes wurde in die Waschmaschine gesteckt.<\/p>\n<p>Nachdem ich die Hausverwaltung \u00fcber unsere Ankunft informiert hatte, stattete uns Sylvie einen Besuch ab und \u00fcbergab uns offiziell\u00a0unser Urlaubsdomizil.\u00a0Das Haus und der Pool sind wirklich aus der Oberklasse. Hier wurde nicht gespart.<\/p>\n<p>Den Rest des Tages genossen wir am und im herrlichen Pool bei eisgek\u00fchlten Getr\u00e4nken und Leckereien.<\/p>\n<p>Ich werde die kommenden Tage nutzen, um die bisherigen Tagesberichte hier ein wenig mit mehr Text und Bildern aufzuh\u00fcbschen. (Falls ich Lust dazu habe&#8230; \ud83d\ude09 )<\/p>\n<p>Viele Gr\u00fc\u00dfe<br \/>\nJoa<\/p>\n<p>Zur\u00fcck zu: <a href=\"https:\/\/www.all-for-all.de\/?page_id=4956\">30.05.2015, bye bye Las Vegas, hello Florida!<\/a><br \/>\nWeiter zu:<\/p>\n<p>&nbsp;<\/p>\n","protected":false},"excerpt":{"rendered":"<p>Ich bin nachts nur einmal wegen h\u00f6llischem Durst aufgewacht. Drau\u00dfen am dunklen Pool schnell etwas getrunken und dann gleich wieder ins Bett gegangen. Nach dem Aufstehen haben wir zuerst unsere Klamotten\u00a0sortiert, in die Schr\u00e4nke ger\u00e4umt und\u00a0bereits getragenes wurde in die &hellip; <a href=\"https:\/\/www.all-for-all.de\/?page_id=4963\">Weiterlesen <span class=\"meta-nav\">&rarr;<\/span><\/a><\/p>\n","protected":false},"author":2,"featured_media":0,"parent":0,"menu_order":0,"comment_status":"closed","ping_status":"open","template":"","meta":{"footnotes":""},"class_list":["post-4963","page","type-page","status-publish","hentry"],"jetpack_sharing_enabled":true,"_links":{"self":[{"href":"https:\/\/www.all-for-all.de\/index.php?rest_route=\/wp\/v2\/pages\/4963","targetHints":{"allow":["GET"]}}],"collection":[{"href":"https:\/\/www.all-for-all.de\/index.php?rest_route=\/wp\/v2\/pages"}],"about":[{"href":"https:\/\/www.all-for-all.de\/index.php?rest_route=\/wp\/v2\/types\/page"}],"author":[{"embeddable":true,"href":"https:\/\/www.all-for-all.de\/index.php?rest_route=\/wp\/v2\/users\/2"}],"replies":[{"embeddable":true,"href":"https:\/\/www.all-for-all.de\/index.php?rest_route=%2Fwp%2Fv2%2Fcomments&post=4963"}],"version-history":[{"count":0,"href":"https:\/\/www.all-for-all.de\/index.php?rest_route=\/wp\/v2\/pages\/4963\/revisions"}],"wp:attachment":[{"href":"https:\/\/www.all-for-all.de\/index.php?rest_route=%2Fwp%2Fv2%2Fmedia&parent=4963"}],"curies":[{"name":"wp","href":"https:\/\/api.w.org\/{rel}","templated":true}]}}