{"id":4931,"date":"2015-05-27T23:59:13","date_gmt":"2015-05-27T22:59:13","guid":{"rendered":"http:\/\/www.all-for-all.de\/?page_id=4931"},"modified":"2015-05-29T15:48:35","modified_gmt":"2015-05-29T14:48:35","slug":"27-05-2015-route-66-seligman-kingman-hover-dam-boulder-city","status":"publish","type":"page","link":"https:\/\/www.all-for-all.de\/?page_id=4931","title":{"rendered":"27.05.2015, Route 66 &#8211; Seligman &#8211; Kingman &#8211; Hoover Dam &#8211; Boulder City"},"content":{"rendered":"<p>Heute ging es \u00fcber eine weite Strecke \u00fcber die alte Route 66. Man f\u00e4hrt immer wieder durch nette St\u00e4dtchen die von den &#8222;sixtysix-Touristen&#8220;\u00a0leben. Zum Teil sind sehr nett aufgemachte\u00a0Shops oder Restaurants dabei&#8230;<br \/>\nIn Kingman haben wir &#8222;The Mother Road&#8220; endg\u00fcltig verlassen und sind Richtung Hover Dam abgebogen.<br \/>\nWir sind dar\u00fcber entsetzt was vom Lake Mead \u00fcbrig ist.\u00a0Ich bin mir sicher, dass sich hier eine Katastrophe unglaublichen Ausma\u00dfes ereignet die hier niemanden richtig zu interessieren scheint. Wenn\u00a0man die Entwicklung des Wasserstands des Lake Mead und das Wachstum von Las Vegas,\u00a0seit wir das\u00a0erste Mal vor 12 Jahren hier waren, betrachtet, dann w\u00fcrde ich sagen, dass in sp\u00e4testens 10 Jahren der Lake Mead nicht mehr existiert. Somit kann Las Vegas und viele andere St\u00e4dte nicht mehr mit Trinkwasser und auch nicht mit Strom versorgt warden&#8230; Keine Ahnung wie die das Problem hier in den Griff bekommen wollen. Kompletter Wahnsinn!<br \/>\nWer noch nie in Las Vegas war und mit dem Gedanken spielt sich diese tolle Stadt einmal anzusehen, der sollte damit nicht mehr all zu lange warten&#8230; \ud83d\ude09<\/p>\n<p>An dem hellen Streifen kann man sehen wie hoch der Wasserstand einmal war&#8230;<br \/>\n<img loading=\"lazy\" decoding=\"async\" class=\"aligncenter wp-image-4932 size-full\" src=\"https:\/\/www.all-for-all.de\/wp-content\/uploads\/2015\/05\/P1050161.jpg\" alt=\"Wasserstand Hoover Dam\" width=\"1024\" height=\"768\" srcset=\"https:\/\/www.all-for-all.de\/wp-content\/uploads\/2015\/05\/P1050161.jpg 1024w, https:\/\/www.all-for-all.de\/wp-content\/uploads\/2015\/05\/P1050161-300x225.jpg 300w, https:\/\/www.all-for-all.de\/wp-content\/uploads\/2015\/05\/P1050161-400x300.jpg 400w\" sizes=\"auto, (max-width: 1024px) 100vw, 1024px\" \/><\/p>\n<p>Da wir die letzten 6 Tage eher in nicht so dicht besiedelten Gegenden unterwegs waren, wollten hier heute nicht sofort Las Vegas \u00fcber uns herein brechen lassen. Nachdem wir den Hover Dam und die Reste des Lake Mead besichtigt hatten, mieteten wir uns spontan kurz vor Boulder City in die Hover Dam Lodge ein. Frisch renoviertes Deluxe-Zimmer im 16. Stock mit Sicht auf den Lake zu einem Spottpreis. Sehr sch\u00f6n!<\/p>\n<p>Morgen ziehen wir ins Treasure Island in Las Vegas um!<\/p>\n<p>Viele Gr\u00fc\u00dfe<br \/>\nJoa<\/p>\n<p>Zur\u00fcck zu: <a href=\"https:\/\/www.all-for-all.de\/?page_id=4921\">26.05.2015, Painted Desert \u2013 Petrified Forest National Park \u2013 Route 66 \u2013 Flagstaff<\/a><br \/>\nWeiter zu: <a href=\"https:\/\/www.all-for-all.de\/?page_id=4938\">28.05.2015, Valley Of Fire &#8211; Las Vegas Motor Speedway &#8211; Las Vegas &#8211; Downtown<\/a><\/p>\n","protected":false},"excerpt":{"rendered":"<p>Heute ging es \u00fcber eine weite Strecke \u00fcber die alte Route 66. Man f\u00e4hrt immer wieder durch nette St\u00e4dtchen die von den &#8222;sixtysix-Touristen&#8220;\u00a0leben. Zum Teil sind sehr nett aufgemachte\u00a0Shops oder Restaurants dabei&#8230; In Kingman haben wir &#8222;The Mother Road&#8220; endg\u00fcltig &hellip; <a href=\"https:\/\/www.all-for-all.de\/?page_id=4931\">Weiterlesen <span class=\"meta-nav\">&rarr;<\/span><\/a><\/p>\n","protected":false},"author":2,"featured_media":0,"parent":0,"menu_order":0,"comment_status":"closed","ping_status":"open","template":"","meta":{"footnotes":""},"class_list":["post-4931","page","type-page","status-publish","hentry"],"jetpack_sharing_enabled":true,"_links":{"self":[{"href":"https:\/\/www.all-for-all.de\/index.php?rest_route=\/wp\/v2\/pages\/4931","targetHints":{"allow":["GET"]}}],"collection":[{"href":"https:\/\/www.all-for-all.de\/index.php?rest_route=\/wp\/v2\/pages"}],"about":[{"href":"https:\/\/www.all-for-all.de\/index.php?rest_route=\/wp\/v2\/types\/page"}],"author":[{"embeddable":true,"href":"https:\/\/www.all-for-all.de\/index.php?rest_route=\/wp\/v2\/users\/2"}],"replies":[{"embeddable":true,"href":"https:\/\/www.all-for-all.de\/index.php?rest_route=%2Fwp%2Fv2%2Fcomments&post=4931"}],"version-history":[{"count":0,"href":"https:\/\/www.all-for-all.de\/index.php?rest_route=\/wp\/v2\/pages\/4931\/revisions"}],"wp:attachment":[{"href":"https:\/\/www.all-for-all.de\/index.php?rest_route=%2Fwp%2Fv2%2Fmedia&parent=4931"}],"curies":[{"name":"wp","href":"https:\/\/api.w.org\/{rel}","templated":true}]}}