{"id":4921,"date":"2015-05-26T23:59:13","date_gmt":"2015-05-26T22:59:13","guid":{"rendered":"http:\/\/www.all-for-all.de\/?page_id=4921"},"modified":"2015-05-28T04:29:28","modified_gmt":"2015-05-28T03:29:28","slug":"26-05-2015-painted-desert-petrified-forest-national-park-route-66-flagstaff","status":"publish","type":"page","link":"https:\/\/www.all-for-all.de\/?page_id=4921","title":{"rendered":"26.05.2015, Painted Desert &#8211; Petrified Forest National Park &#8211; Route 66 &#8211; Flagstaff"},"content":{"rendered":"<p>Get your kicks on route sixtysix&#8230;<br \/>\nBestes Wetter!<br \/>\nHeute ging es durch die Painted Desert und durch den Petrified Forest National Park nach Holbrook und Winslow auf die legend\u00e4re Route 66, auch &#8222;The Mother Road&#8220; genannt.<br \/>\nVon der urspr\u00fcnglichen Strecke ist nicht mehr viel \u00fcbrig. Die St\u00e4dte Holbrook und Winslow leben von dem Mythos des alten Highways&#8230; Es hat aber richtig Spa\u00df gemacht dort zu fahren.<\/p>\n<p><img loading=\"lazy\" decoding=\"async\" class=\"aligncenter size-full wp-image-4922\" src=\"https:\/\/www.all-for-all.de\/wp-content\/uploads\/2015\/05\/P1050077.jpg\" alt=\"Holbrook Route 66\" width=\"1024\" height=\"768\" srcset=\"https:\/\/www.all-for-all.de\/wp-content\/uploads\/2015\/05\/P1050077.jpg 1024w, https:\/\/www.all-for-all.de\/wp-content\/uploads\/2015\/05\/P1050077-300x225.jpg 300w, https:\/\/www.all-for-all.de\/wp-content\/uploads\/2015\/05\/P1050077-400x300.jpg 400w\" sizes=\"auto, (max-width: 1024px) 100vw, 1024px\" \/>Wir sind jetzt wieder in Flagstaff in dem Country Inn &amp; Suites Hotel\u00a0in dem wir schon vor f\u00fcnf Tagen wohnten.<br \/>\nMorgen fahren wir weiter auf den Spuren der &#8222;sixtysix&#8220; mindestens bis Kingman.\u00a0Alles Weitere\u00a0wird sich ergeben&#8230; \ud83d\ude09<\/p>\n<p>Viele Gr\u00fc\u00dfe<br \/>\nJoa<\/p>\n<p>Zur\u00fcck zu: <a href=\"https:\/\/www.all-for-all.de\/?page_id=4915\">25.05.2015, Four Corners Monument \u2013 Farmington \u2013 Gallup<\/a><br \/>\nWeiter zu: <a href=\"https:\/\/www.all-for-all.de\/?page_id=4931\">27.05.2015, Route 66 \u2013 Seligman \u2013 Kingman \u2013 Hover Dam \u2013 Boulder City<\/a><\/p>\n","protected":false},"excerpt":{"rendered":"<p>Get your kicks on route sixtysix&#8230; Bestes Wetter! Heute ging es durch die Painted Desert und durch den Petrified Forest National Park nach Holbrook und Winslow auf die legend\u00e4re Route 66, auch &#8222;The Mother Road&#8220; genannt. Von der urspr\u00fcnglichen Strecke &hellip; <a href=\"https:\/\/www.all-for-all.de\/?page_id=4921\">Weiterlesen <span class=\"meta-nav\">&rarr;<\/span><\/a><\/p>\n","protected":false},"author":2,"featured_media":0,"parent":0,"menu_order":0,"comment_status":"closed","ping_status":"open","template":"","meta":{"footnotes":""},"class_list":["post-4921","page","type-page","status-publish","hentry"],"jetpack_sharing_enabled":true,"_links":{"self":[{"href":"https:\/\/www.all-for-all.de\/index.php?rest_route=\/wp\/v2\/pages\/4921","targetHints":{"allow":["GET"]}}],"collection":[{"href":"https:\/\/www.all-for-all.de\/index.php?rest_route=\/wp\/v2\/pages"}],"about":[{"href":"https:\/\/www.all-for-all.de\/index.php?rest_route=\/wp\/v2\/types\/page"}],"author":[{"embeddable":true,"href":"https:\/\/www.all-for-all.de\/index.php?rest_route=\/wp\/v2\/users\/2"}],"replies":[{"embeddable":true,"href":"https:\/\/www.all-for-all.de\/index.php?rest_route=%2Fwp%2Fv2%2Fcomments&post=4921"}],"version-history":[{"count":0,"href":"https:\/\/www.all-for-all.de\/index.php?rest_route=\/wp\/v2\/pages\/4921\/revisions"}],"wp:attachment":[{"href":"https:\/\/www.all-for-all.de\/index.php?rest_route=%2Fwp%2Fv2%2Fmedia&parent=4921"}],"curies":[{"name":"wp","href":"https:\/\/api.w.org\/{rel}","templated":true}]}}