{"id":4895,"date":"2015-05-23T23:59:15","date_gmt":"2015-05-23T22:59:15","guid":{"rendered":"http:\/\/www.all-for-all.de\/?page_id=4895"},"modified":"2015-05-25T02:36:58","modified_gmt":"2015-05-25T01:36:58","slug":"23-05-2015-page-glen-canyon-dam-lake-powell-antelope-point-kayenta","status":"publish","type":"page","link":"https:\/\/www.all-for-all.de\/?page_id=4895","title":{"rendered":"23.05.2015, Page &#8211; Glen Canyon Dam &#8211; Lake Powell &#8211; Antelope Point &#8211; Kayenta"},"content":{"rendered":"<p>Leider mag uns das Wetter nicht. Immer wieder Regen. Ein Besuch des Antelope Canyon daher unm\u00f6glich. Das ist bei Regen wegen \u00dcberflutungsgefahr nicht gestattet.<\/p>\n<p>Waren am Glen Canyon Dam, am Lake Powell und am Antelope Point.<br \/>\nHaben es dann vorgezogen bereits gegen Mittag nach Kayenta zu fahren.<br \/>\nDort im Hampton Inn eingecheckt und anschlie\u00dfend gleich bis zur Einfahrt\u00a0des Monument Valley gefahren. Alleine die Anfahrt ist schon beeindruckend&#8230;<br \/>\nHoffen morgen auf besseres Wetter.<\/p>\n<p>Antelope Canyon und Horseshoe Bend in Page holen wir eventuell sogar noch diesen Urlaub nach. Das \u00fcberlegen wir uns wenn wir \u00fcbermorgen aus Kayenta abfahren. Dazu muss das Wetter passen&#8230; und wir m\u00fcssen Lust dazu haben. \ud83d\ude09<\/p>\n<p><img loading=\"lazy\" decoding=\"async\" class=\"aligncenter wp-image-4896 size-full\" title=\"Anfahrt Monument Valley\" src=\"https:\/\/www.all-for-all.de\/wp-content\/uploads\/2015\/05\/P1040568.jpg\" alt=\"Anfahrt Monument Valley\" width=\"1958\" height=\"1101\" srcset=\"https:\/\/www.all-for-all.de\/wp-content\/uploads\/2015\/05\/P1040568.jpg 1958w, https:\/\/www.all-for-all.de\/wp-content\/uploads\/2015\/05\/P1040568-300x169.jpg 300w, https:\/\/www.all-for-all.de\/wp-content\/uploads\/2015\/05\/P1040568-1024x576.jpg 1024w, https:\/\/www.all-for-all.de\/wp-content\/uploads\/2015\/05\/P1040568-500x281.jpg 500w\" sizes=\"auto, (max-width: 1958px) 100vw, 1958px\" \/><\/p>\n<p>Viele Gr\u00fc\u00dfe<br \/>\nJoa<\/p>\n<p>Zur\u00fcck zu: <a href=\"https:\/\/www.all-for-all.de\/?page_id=4889\">22.05.2015, Flagstaff \u2013 Bearizona \u2013 Grand Canyon \u2013 Page<\/a><br \/>\nWeiter zu: <a href=\"https:\/\/www.all-for-all.de\/?page_id=4905\">24.05.2015, Monument Valley \u2013 Gooseneck View \u2013 Moki Dugway \u2013 Natural Bridges National Monument<\/a><\/p>\n","protected":false},"excerpt":{"rendered":"<p>Leider mag uns das Wetter nicht. Immer wieder Regen. Ein Besuch des Antelope Canyon daher unm\u00f6glich. Das ist bei Regen wegen \u00dcberflutungsgefahr nicht gestattet. Waren am Glen Canyon Dam, am Lake Powell und am Antelope Point. Haben es dann vorgezogen &hellip; <a href=\"https:\/\/www.all-for-all.de\/?page_id=4895\">Weiterlesen <span class=\"meta-nav\">&rarr;<\/span><\/a><\/p>\n","protected":false},"author":2,"featured_media":0,"parent":0,"menu_order":0,"comment_status":"closed","ping_status":"open","template":"","meta":{"footnotes":""},"class_list":["post-4895","page","type-page","status-publish","hentry"],"jetpack_sharing_enabled":true,"_links":{"self":[{"href":"https:\/\/www.all-for-all.de\/index.php?rest_route=\/wp\/v2\/pages\/4895","targetHints":{"allow":["GET"]}}],"collection":[{"href":"https:\/\/www.all-for-all.de\/index.php?rest_route=\/wp\/v2\/pages"}],"about":[{"href":"https:\/\/www.all-for-all.de\/index.php?rest_route=\/wp\/v2\/types\/page"}],"author":[{"embeddable":true,"href":"https:\/\/www.all-for-all.de\/index.php?rest_route=\/wp\/v2\/users\/2"}],"replies":[{"embeddable":true,"href":"https:\/\/www.all-for-all.de\/index.php?rest_route=%2Fwp%2Fv2%2Fcomments&post=4895"}],"version-history":[{"count":0,"href":"https:\/\/www.all-for-all.de\/index.php?rest_route=\/wp\/v2\/pages\/4895\/revisions"}],"wp:attachment":[{"href":"https:\/\/www.all-for-all.de\/index.php?rest_route=%2Fwp%2Fv2%2Fmedia&parent=4895"}],"curies":[{"name":"wp","href":"https:\/\/api.w.org\/{rel}","templated":true}]}}