{"id":4843,"date":"2014-07-20T23:59:00","date_gmt":"2014-07-20T22:59:00","guid":{"rendered":"http:\/\/www.all-for-all.de\/?page_id=4843"},"modified":"2015-05-14T19:25:24","modified_gmt":"2015-05-14T18:25:24","slug":"20-07-2014-zusammenfassung","status":"publish","type":"page","link":"https:\/\/www.all-for-all.de\/?page_id=4843","title":{"rendered":"20.07.2014, Zusammenfassung"},"content":{"rendered":"<p>Wie versprochen gibt es nun die Zusammenfassung. \ud83d\ude09<\/p>\n<p>Gestern erhielten wir von Sascha unsere Hauskaution in voller H\u00f6he zur\u00fcck. Alle Kreditkartenabrechnungen sind eingetroffen und in Ordnung. Somit ist der Urlaub rein von den Finanzen her abgeschlossen.<\/p>\n<p>Unsere gefahrene Strecke entlang an den Great Lakes, nach Toronto, zu den Niagaraf\u00e4llen bis nach Boston war klasse. Es gab immer etwas zu sehen und neue Eindr\u00fccke einzusammeln. Insgesamt waren wir mit dem tollen Dodge Journey von Minneapolis bis Boston laut Abgabequittung 3679 Km unterwegs.<\/p>\n<p>Die Erholungszeit in Cape Coral war ebenfalls gut gew\u00e4hlt. Dort l\u00e4sst es sich aushalten und man kann sich perfekt erholen. Wie immer war die zur\u00fcckgelegte Strecke in Florida kaum erw\u00e4hnenswert. Der Vollst\u00e4ndigkeit halber: Es waren 417 Km. \ud83d\ude00<\/p>\n<p>Ein Bild der Gesamtstrecke anhand der Loggerdaten gibt es nat\u00fcrlich auch von der ersten Urlaubsh\u00e4lfte:<\/p>\n<p><img loading=\"lazy\" decoding=\"async\" class=\"aligncenter wp-image-4846 size-full\" title=\"Gesamtstrecke\" src=\"https:\/\/www.all-for-all.de\/wp-content\/uploads\/0201\/07\/Logger_Gesamt.jpg\" alt=\"Logger_Gesamt\" width=\"1330\" height=\"643\" srcset=\"https:\/\/www.all-for-all.de\/wp-content\/uploads\/0201\/07\/Logger_Gesamt.jpg 1330w, https:\/\/www.all-for-all.de\/wp-content\/uploads\/0201\/07\/Logger_Gesamt-300x145.jpg 300w, https:\/\/www.all-for-all.de\/wp-content\/uploads\/0201\/07\/Logger_Gesamt-1024x495.jpg 1024w, https:\/\/www.all-for-all.de\/wp-content\/uploads\/0201\/07\/Logger_Gesamt-500x242.jpg 500w\" sizes=\"auto, (max-width: 1330px) 100vw, 1330px\" \/><\/p>\n<p>Wie immer hoffen wir, dass es n\u00e4chstes Jahr wieder klappt. Noch ist es lang bis dahin. Wir werden sehen wie es kommt&#8230; \ud83d\ude09<\/p>\n<p>Viele Gr\u00fc\u00dfe<br \/>\nJoa<\/p>\n<p>Zur\u00fcck zu: <a href=\"https:\/\/www.all-for-all.de\/?page_id=4834\">16.06.2014, Wieder zu Hause<\/a><\/p>\n","protected":false},"excerpt":{"rendered":"<p>Wie versprochen gibt es nun die Zusammenfassung. \ud83d\ude09 Gestern erhielten wir von Sascha unsere Hauskaution in voller H\u00f6he zur\u00fcck. Alle Kreditkartenabrechnungen sind eingetroffen und in Ordnung. Somit ist der Urlaub rein von den Finanzen her abgeschlossen. Unsere gefahrene Strecke entlang &hellip; <a href=\"https:\/\/www.all-for-all.de\/?page_id=4843\">Weiterlesen <span class=\"meta-nav\">&rarr;<\/span><\/a><\/p>\n","protected":false},"author":2,"featured_media":0,"parent":0,"menu_order":0,"comment_status":"closed","ping_status":"open","template":"","meta":{"footnotes":""},"class_list":["post-4843","page","type-page","status-publish","hentry"],"jetpack_sharing_enabled":true,"_links":{"self":[{"href":"https:\/\/www.all-for-all.de\/index.php?rest_route=\/wp\/v2\/pages\/4843","targetHints":{"allow":["GET"]}}],"collection":[{"href":"https:\/\/www.all-for-all.de\/index.php?rest_route=\/wp\/v2\/pages"}],"about":[{"href":"https:\/\/www.all-for-all.de\/index.php?rest_route=\/wp\/v2\/types\/page"}],"author":[{"embeddable":true,"href":"https:\/\/www.all-for-all.de\/index.php?rest_route=\/wp\/v2\/users\/2"}],"replies":[{"embeddable":true,"href":"https:\/\/www.all-for-all.de\/index.php?rest_route=%2Fwp%2Fv2%2Fcomments&post=4843"}],"version-history":[{"count":0,"href":"https:\/\/www.all-for-all.de\/index.php?rest_route=\/wp\/v2\/pages\/4843\/revisions"}],"wp:attachment":[{"href":"https:\/\/www.all-for-all.de\/index.php?rest_route=%2Fwp%2Fv2%2Fmedia&parent=4843"}],"curies":[{"name":"wp","href":"https:\/\/api.w.org\/{rel}","templated":true}]}}