{"id":4834,"date":"2014-06-16T23:59:58","date_gmt":"2014-06-16T22:59:58","guid":{"rendered":"http:\/\/www.all-for-all.de\/?page_id=4834"},"modified":"2015-05-14T19:28:45","modified_gmt":"2015-05-14T18:28:45","slug":"16-06-2014-wieder-zu-hause","status":"publish","type":"page","link":"https:\/\/www.all-for-all.de\/?page_id=4834","title":{"rendered":"16.06.2014, Wieder zu Hause"},"content":{"rendered":"<p>Wir sind wieder zu Hause.<br \/>\nWir landeten p\u00fcnktlich bei Sonnenschein in M\u00fcnchen. Die Koffer kamen alle an. Der Mietwagen von Europcar stand bereit. Die R\u00fcckfahrt war zwar stressig aber ging auch vorbei. Bei Europcar hat uns der Dresi mit &#8222;Big Blue&#8220; abgeholt und nach Hause gebracht. Und da sitzen wir jetzt&#8230; und versuchen zu kapieren was \u00fcberhaupt los ist&#8230;<\/p>\n<p>Maaaaaan&#8230;. waren wir \u00fcberhaupt weg? Beim \u00fcberfliegen dieses Tagebuchs und unserer geschossenen Bilder wird es so richtig klar. Der Urlaub ist leider schon vorbei.<\/p>\n<p>Nun gilt es unsere Klamotten zu waschen, alles aufzur\u00e4umen&#8230; und vor Allem: Den Jetlag los zu werden.<\/p>\n<p>Unser K\u00fchlschrank wurde wieder von der guten Mama gef\u00fcllt und wir sind versorgt. Mal sehen ob wir es schaffen etwas zu essen oder ob wir vorher einschlafen. \ud83d\ude00<\/p>\n<p>Eine Zusammenfassung wird wie immer folgen!<\/p>\n<p>Viele Gr\u00fc\u00dfe<br \/>\nJoa<\/p>\n<p>Zur\u00fcck zu: <a href=\"https:\/\/www.all-for-all.de\/?page_id=4823\">15.06.2014, Haus\u00fcbergabe und Heimflug<\/a><br \/>\nWeiter zu: <a href=\"https:\/\/www.all-for-all.de\/?page_id=4843\">20.07.2014, Zusammenfassung<\/a><\/p>\n","protected":false},"excerpt":{"rendered":"<p>Wir sind wieder zu Hause. Wir landeten p\u00fcnktlich bei Sonnenschein in M\u00fcnchen. Die Koffer kamen alle an. Der Mietwagen von Europcar stand bereit. Die R\u00fcckfahrt war zwar stressig aber ging auch vorbei. Bei Europcar hat uns der Dresi mit &#8222;Big &hellip; <a href=\"https:\/\/www.all-for-all.de\/?page_id=4834\">Weiterlesen <span class=\"meta-nav\">&rarr;<\/span><\/a><\/p>\n","protected":false},"author":2,"featured_media":0,"parent":0,"menu_order":0,"comment_status":"closed","ping_status":"open","template":"","meta":{"footnotes":""},"class_list":["post-4834","page","type-page","status-publish","hentry"],"jetpack_sharing_enabled":true,"_links":{"self":[{"href":"https:\/\/www.all-for-all.de\/index.php?rest_route=\/wp\/v2\/pages\/4834","targetHints":{"allow":["GET"]}}],"collection":[{"href":"https:\/\/www.all-for-all.de\/index.php?rest_route=\/wp\/v2\/pages"}],"about":[{"href":"https:\/\/www.all-for-all.de\/index.php?rest_route=\/wp\/v2\/types\/page"}],"author":[{"embeddable":true,"href":"https:\/\/www.all-for-all.de\/index.php?rest_route=\/wp\/v2\/users\/2"}],"replies":[{"embeddable":true,"href":"https:\/\/www.all-for-all.de\/index.php?rest_route=%2Fwp%2Fv2%2Fcomments&post=4834"}],"version-history":[{"count":0,"href":"https:\/\/www.all-for-all.de\/index.php?rest_route=\/wp\/v2\/pages\/4834\/revisions"}],"wp:attachment":[{"href":"https:\/\/www.all-for-all.de\/index.php?rest_route=%2Fwp%2Fv2%2Fmedia&parent=4834"}],"curies":[{"name":"wp","href":"https:\/\/api.w.org\/{rel}","templated":true}]}}