{"id":4823,"date":"2014-06-15T23:59:13","date_gmt":"2014-06-15T22:59:13","guid":{"rendered":"http:\/\/www.all-for-all.de\/?page_id=4823"},"modified":"2015-05-14T18:40:16","modified_gmt":"2015-05-14T17:40:16","slug":"15-06-2014-hausuebergabe-und-heimflug","status":"publish","type":"page","link":"https:\/\/www.all-for-all.de\/?page_id=4823","title":{"rendered":"15.06.2014, Haus\u00fcbergabe und Heimflug"},"content":{"rendered":"<p>Die Tage des Heimflugs werden langsam zur Routine (so lange nichts schief l\u00e4uft).<br \/>\nDie Haus\u00fcbergabe verlief problemlos, der Mietwagen war schnell abgegeben und\u00a0die Koffer verschwanden auf den B\u00e4ndern. Wir haben es allerdings etwas mit dem Gewicht \u00fcbertrieben. Mein eigener Samsonite hatte laut Flughafenwaage knapp 1Kg zu viel. Normalerweise muss man dann die Koffer umpacken oder einen ordentlichen Batzen Geld hinlegen. Die Dame am Schalter hat aber ein Auge zugedr\u00fcckt und nur einen roten Anh\u00e4nger mit der Aufschrift &#8222;Heavy&#8220; dran geh\u00e4ngt&#8230;<\/p>\n<p>Wir landeten p\u00fcnktlich in Atlanta und der Weiterflug nach M\u00fcnchen ist ebenfalls on time. Wir fliegen jetzt auf unserer Reiseflugh\u00f6he von 33.000 Fu\u00df und drau\u00dfen ist es bereits dunkel. Noch\u00a04 Stunden bis zur Landung&#8230;<\/p>\n<p><img loading=\"lazy\" decoding=\"async\" class=\"aligncenter wp-image-4830 size-full\" title=\"Atlanta Airport\" src=\"https:\/\/www.all-for-all.de\/wp-content\/uploads\/2014\/06\/P1030572.jpg\" alt=\"Atlanta Airport\" width=\"1024\" height=\"576\" srcset=\"https:\/\/www.all-for-all.de\/wp-content\/uploads\/2014\/06\/P1030572.jpg 1024w, https:\/\/www.all-for-all.de\/wp-content\/uploads\/2014\/06\/P1030572-300x169.jpg 300w, https:\/\/www.all-for-all.de\/wp-content\/uploads\/2014\/06\/P1030572-500x281.jpg 500w\" sizes=\"auto, (max-width: 1024px) 100vw, 1024px\" \/><\/p>\n<p>Viele Gr\u00fc\u00dfe<br \/>\nJoa<\/p>\n<p>Zur\u00fcck zu: <a href=\"https:\/\/www.all-for-all.de\/?page_id=4807\">14.06.2014, Koffer packen, Hamstereink\u00e4ufe, K\u00fchlschrank leeren<\/a><br \/>\nWeiter zu: <a href=\"https:\/\/www.all-for-all.de\/?page_id=4834\">16.06.2014, Wieder zu Hause<\/a><\/p>\n","protected":false},"excerpt":{"rendered":"<p>Die Tage des Heimflugs werden langsam zur Routine (so lange nichts schief l\u00e4uft). Die Haus\u00fcbergabe verlief problemlos, der Mietwagen war schnell abgegeben und\u00a0die Koffer verschwanden auf den B\u00e4ndern. Wir haben es allerdings etwas mit dem Gewicht \u00fcbertrieben. Mein eigener Samsonite &hellip; <a href=\"https:\/\/www.all-for-all.de\/?page_id=4823\">Weiterlesen <span class=\"meta-nav\">&rarr;<\/span><\/a><\/p>\n","protected":false},"author":2,"featured_media":0,"parent":0,"menu_order":0,"comment_status":"closed","ping_status":"open","template":"","meta":{"footnotes":""},"class_list":["post-4823","page","type-page","status-publish","hentry"],"jetpack_sharing_enabled":true,"_links":{"self":[{"href":"https:\/\/www.all-for-all.de\/index.php?rest_route=\/wp\/v2\/pages\/4823","targetHints":{"allow":["GET"]}}],"collection":[{"href":"https:\/\/www.all-for-all.de\/index.php?rest_route=\/wp\/v2\/pages"}],"about":[{"href":"https:\/\/www.all-for-all.de\/index.php?rest_route=\/wp\/v2\/types\/page"}],"author":[{"embeddable":true,"href":"https:\/\/www.all-for-all.de\/index.php?rest_route=\/wp\/v2\/users\/2"}],"replies":[{"embeddable":true,"href":"https:\/\/www.all-for-all.de\/index.php?rest_route=%2Fwp%2Fv2%2Fcomments&post=4823"}],"version-history":[{"count":0,"href":"https:\/\/www.all-for-all.de\/index.php?rest_route=\/wp\/v2\/pages\/4823\/revisions"}],"wp:attachment":[{"href":"https:\/\/www.all-for-all.de\/index.php?rest_route=%2Fwp%2Fv2%2Fmedia&parent=4823"}],"curies":[{"name":"wp","href":"https:\/\/api.w.org\/{rel}","templated":true}]}}