{"id":4807,"date":"2014-06-14T23:59:08","date_gmt":"2014-06-14T22:59:08","guid":{"rendered":"http:\/\/www.all-for-all.de\/?page_id=4807"},"modified":"2015-05-14T18:22:24","modified_gmt":"2015-05-14T17:22:24","slug":"14-06-2014-koffer-packen-hamstereinkaeufe-kuehlschrank-leeren","status":"publish","type":"page","link":"https:\/\/www.all-for-all.de\/?page_id=4807","title":{"rendered":"14.06.2014, Koffer packen, Hamstereink\u00e4ufe, K\u00fchlschrank leeren"},"content":{"rendered":"<p>Soooo&#8230;. die Koffer sind gepackt. Dank unserer Kofferwaage sollte das Gewicht von 23Kg\/Koffer bis haarscharf an die Grenze ausgereizt sein.<\/p>\n<p>Wir haben im WalMart noch entsprechend eingekauft um unseren Trolley zu f\u00fcllen. Das dritte Gep\u00e4ckst\u00fcck brauchen wir so oder so und die 75 Dollar sind auch bei einem halbvollen Koffer f\u00e4llig. Dann also voll bis ans Limit. \ud83d\ude09<br \/>\nUnter anderem liegen jetzt 6 Tuben &#8222;Colgate Tripple Action&#8220; und\u00a0reichlich Aspirin in den Koffern.<br \/>\nAu\u00dferplanm\u00e4\u00dfig mussten wir noch eine neue Kaffeemaschine kaufen. Biggy ist an die K\u00fcchenarbeitsplatte gesto\u00dfen und hat dabei den Boden der Kanne abgeschlagen. Wir bekamen fast die gleiche Maschine f\u00fcr knapp 35 Dollar. \ud83d\ude00<\/p>\n<p>Unsere Vorr\u00e4te sind dieses Jahr weitestgehend aufgebraucht. So gut hat das noch nie geklappt.<\/p>\n<p>Sascha kommt morgen Fr\u00fch um 09:00 Uhr vorbei um die Haus\u00fcbergabe durchzuf\u00fchren. Um 09:30 Uhr m\u00fcssen wir los. Unser Flug nach Atlanta soll um 12:30 Uhr starten.<\/p>\n<p>Auf dem Weg zum WalMart haben wir endlich einmal die sagenumwobenen Eulen aus Cape Coral gesehen. Die sind scheinbar gar nicht so selten&#8230; aber wir haben die vorher nie entdecken k\u00f6nnen.<\/p>\n<p><img loading=\"lazy\" decoding=\"async\" class=\"aligncenter wp-image-4811 size-full\" title=\"Eulen\" src=\"https:\/\/www.all-for-all.de\/wp-content\/uploads\/2014\/06\/P1030473.jpg\" alt=\"Eulen\" width=\"1024\" height=\"576\" srcset=\"https:\/\/www.all-for-all.de\/wp-content\/uploads\/2014\/06\/P1030473.jpg 1024w, https:\/\/www.all-for-all.de\/wp-content\/uploads\/2014\/06\/P1030473-300x169.jpg 300w, https:\/\/www.all-for-all.de\/wp-content\/uploads\/2014\/06\/P1030473-500x281.jpg 500w\" sizes=\"auto, (max-width: 1024px) 100vw, 1024px\" \/><\/p>\n<p>Nun genie\u00dfen wir den letzten Abend und saugen die Eindr\u00fccke in uns auf. Das muss wieder f\u00fcr mindestens ein Jahr reichen&#8230;<br \/>\nWaaaaaaaahh!!<\/p>\n<p><img loading=\"lazy\" decoding=\"async\" class=\"aligncenter wp-image-4818 size-full\" title=\"Abendstimmung\" src=\"https:\/\/www.all-for-all.de\/wp-content\/uploads\/2014\/06\/P1030534.jpg\" alt=\"Abendstimmung\" width=\"1024\" height=\"768\" srcset=\"https:\/\/www.all-for-all.de\/wp-content\/uploads\/2014\/06\/P1030534.jpg 1024w, https:\/\/www.all-for-all.de\/wp-content\/uploads\/2014\/06\/P1030534-300x225.jpg 300w, https:\/\/www.all-for-all.de\/wp-content\/uploads\/2014\/06\/P1030534-400x300.jpg 400w\" sizes=\"auto, (max-width: 1024px) 100vw, 1024px\" \/><\/p>\n<p><img loading=\"lazy\" decoding=\"async\" class=\"aligncenter wp-image-4817 size-full\" title=\"Abendstimmung\" src=\"https:\/\/www.all-for-all.de\/wp-content\/uploads\/2014\/06\/P1030530.jpg\" alt=\"Abendstimmung\" width=\"1024\" height=\"576\" srcset=\"https:\/\/www.all-for-all.de\/wp-content\/uploads\/2014\/06\/P1030530.jpg 1024w, https:\/\/www.all-for-all.de\/wp-content\/uploads\/2014\/06\/P1030530-300x169.jpg 300w, https:\/\/www.all-for-all.de\/wp-content\/uploads\/2014\/06\/P1030530-500x281.jpg 500w\" sizes=\"auto, (max-width: 1024px) 100vw, 1024px\" \/><\/p>\n<p><img loading=\"lazy\" decoding=\"async\" class=\"aligncenter wp-image-4819 size-full\" title=\"Abendstimmung\" src=\"https:\/\/www.all-for-all.de\/wp-content\/uploads\/2014\/06\/P1030537.jpg\" alt=\"Abendstimmung\" width=\"1024\" height=\"768\" srcset=\"https:\/\/www.all-for-all.de\/wp-content\/uploads\/2014\/06\/P1030537.jpg 1024w, https:\/\/www.all-for-all.de\/wp-content\/uploads\/2014\/06\/P1030537-300x225.jpg 300w, https:\/\/www.all-for-all.de\/wp-content\/uploads\/2014\/06\/P1030537-400x300.jpg 400w\" sizes=\"auto, (max-width: 1024px) 100vw, 1024px\" \/><\/p>\n<p><img loading=\"lazy\" decoding=\"async\" class=\"aligncenter wp-image-4820 size-full\" title=\"Abendstimmung\" src=\"https:\/\/www.all-for-all.de\/wp-content\/uploads\/2014\/06\/P1030538.jpg\" alt=\"Abendstimmung\" width=\"1024\" height=\"768\" srcset=\"https:\/\/www.all-for-all.de\/wp-content\/uploads\/2014\/06\/P1030538.jpg 1024w, https:\/\/www.all-for-all.de\/wp-content\/uploads\/2014\/06\/P1030538-300x225.jpg 300w, https:\/\/www.all-for-all.de\/wp-content\/uploads\/2014\/06\/P1030538-400x300.jpg 400w\" sizes=\"auto, (max-width: 1024px) 100vw, 1024px\" \/><\/p>\n<p>&nbsp;<\/p>\n<p>Viele Gr\u00fc\u00dfe<br \/>\nJoa<\/p>\n<p>Zur\u00fcck zu: <a href=\"https:\/\/www.all-for-all.de\/?page_id=4802\">13.06.2014, ein letztes Mal pure Erholung<\/a><br \/>\nWeiter zu: <a href=\"https:\/\/www.all-for-all.de\/?page_id=4823\">15.06.2014, Haus\u00fcbergabe und Heimflug<\/a><\/p>\n","protected":false},"excerpt":{"rendered":"<p>Soooo&#8230;. die Koffer sind gepackt. Dank unserer Kofferwaage sollte das Gewicht von 23Kg\/Koffer bis haarscharf an die Grenze ausgereizt sein. Wir haben im WalMart noch entsprechend eingekauft um unseren Trolley zu f\u00fcllen. Das dritte Gep\u00e4ckst\u00fcck brauchen wir so oder so &hellip; <a href=\"https:\/\/www.all-for-all.de\/?page_id=4807\">Weiterlesen <span class=\"meta-nav\">&rarr;<\/span><\/a><\/p>\n","protected":false},"author":2,"featured_media":0,"parent":0,"menu_order":0,"comment_status":"closed","ping_status":"open","template":"","meta":{"footnotes":""},"class_list":["post-4807","page","type-page","status-publish","hentry"],"jetpack_sharing_enabled":true,"_links":{"self":[{"href":"https:\/\/www.all-for-all.de\/index.php?rest_route=\/wp\/v2\/pages\/4807","targetHints":{"allow":["GET"]}}],"collection":[{"href":"https:\/\/www.all-for-all.de\/index.php?rest_route=\/wp\/v2\/pages"}],"about":[{"href":"https:\/\/www.all-for-all.de\/index.php?rest_route=\/wp\/v2\/types\/page"}],"author":[{"embeddable":true,"href":"https:\/\/www.all-for-all.de\/index.php?rest_route=\/wp\/v2\/users\/2"}],"replies":[{"embeddable":true,"href":"https:\/\/www.all-for-all.de\/index.php?rest_route=%2Fwp%2Fv2%2Fcomments&post=4807"}],"version-history":[{"count":0,"href":"https:\/\/www.all-for-all.de\/index.php?rest_route=\/wp\/v2\/pages\/4807\/revisions"}],"wp:attachment":[{"href":"https:\/\/www.all-for-all.de\/index.php?rest_route=%2Fwp%2Fv2%2Fmedia&parent=4807"}],"curies":[{"name":"wp","href":"https:\/\/api.w.org\/{rel}","templated":true}]}}