{"id":4786,"date":"2014-06-11T23:59:21","date_gmt":"2014-06-11T22:59:21","guid":{"rendered":"http:\/\/www.all-for-all.de\/?page_id=4786"},"modified":"2015-05-14T16:59:57","modified_gmt":"2015-05-14T15:59:57","slug":"11-06-2014-erneut-nichts-und-vollmond-d","status":"publish","type":"page","link":"https:\/\/www.all-for-all.de\/?page_id=4786","title":{"rendered":"11.06.2014, Erneut nichts&#8230; und Vollmond :-D"},"content":{"rendered":"<p>Unser erstes Essen heute war eigentlich kein Fr\u00fchst\u00fcck, sondern eher schon ein ausgedehnter Brunch bis zum fr\u00fchen Nachmittag. Direkt danach haben wir unsere Vorr\u00e4te aufgef\u00fcllt. Es fehlte das \u00dcbliche&#8230; Zucker, Speck, Toast. \ud83d\ude00<br \/>\nIn der Bakery von Publix haben wir uns reichlich mit leckerem Geb\u00e4ck versorgt.<br \/>\nKleine Muffins, Apfel- und Erdbeert\u00e4schchen, &#8230; mmmhmmmm \ud83d\ude42<\/p>\n<p>Dann nur noch baden, sonnen, schlafen&#8230; genie\u00dfen.<\/p>\n<p>Heute Nacht ist Vollmond. Um das richtig toll aufzunehmen fehlt uns das Equipment&#8230; und\/oder das K\u00f6nnen. \ud83d\ude00<\/p>\n<p><img loading=\"lazy\" decoding=\"async\" class=\"aligncenter wp-image-4796 size-full\" title=\"Vollmond \u00fcber Florida\" src=\"https:\/\/www.all-for-all.de\/wp-content\/uploads\/2014\/06\/P1030453.jpg\" alt=\"Vollmond \u00fcber Florida\" width=\"1024\" height=\"768\" srcset=\"https:\/\/www.all-for-all.de\/wp-content\/uploads\/2014\/06\/P1030453.jpg 1024w, https:\/\/www.all-for-all.de\/wp-content\/uploads\/2014\/06\/P1030453-300x225.jpg 300w, https:\/\/www.all-for-all.de\/wp-content\/uploads\/2014\/06\/P1030453-400x300.jpg 400w\" sizes=\"auto, (max-width: 1024px) 100vw, 1024px\" \/><\/p>\n<p><img loading=\"lazy\" decoding=\"async\" class=\"aligncenter wp-image-4795 size-full\" title=\"Vollmond \u00fcber Florida\" src=\"https:\/\/www.all-for-all.de\/wp-content\/uploads\/2014\/06\/P1030464.jpg\" alt=\"Vollmond \u00fcber Florida\" width=\"1024\" height=\"768\" srcset=\"https:\/\/www.all-for-all.de\/wp-content\/uploads\/2014\/06\/P1030464.jpg 1024w, https:\/\/www.all-for-all.de\/wp-content\/uploads\/2014\/06\/P1030464-300x225.jpg 300w, https:\/\/www.all-for-all.de\/wp-content\/uploads\/2014\/06\/P1030464-400x300.jpg 400w\" sizes=\"auto, (max-width: 1024px) 100vw, 1024px\" \/><\/p>\n<p>Geniale Abendstimmung. Life is good! \ud83d\ude09<\/p>\n<p>Viele Gr\u00fc\u00dfe<br \/>\nJoa<\/p>\n<p>Zur\u00fcck zu: <a href=\"https:\/\/www.all-for-all.de\/?page_id=4778\">10.06.2014, Sanibel Island und T-Shirt Hut<\/a><br \/>\nWeiter zu: <a href=\"https:\/\/www.all-for-all.de\/?page_id=4799\">12.06.2014, Fast nichts<\/a><\/p>\n","protected":false},"excerpt":{"rendered":"<p>Unser erstes Essen heute war eigentlich kein Fr\u00fchst\u00fcck, sondern eher schon ein ausgedehnter Brunch bis zum fr\u00fchen Nachmittag. Direkt danach haben wir unsere Vorr\u00e4te aufgef\u00fcllt. Es fehlte das \u00dcbliche&#8230; Zucker, Speck, Toast. \ud83d\ude00 In der Bakery von Publix haben wir &hellip; <a href=\"https:\/\/www.all-for-all.de\/?page_id=4786\">Weiterlesen <span class=\"meta-nav\">&rarr;<\/span><\/a><\/p>\n","protected":false},"author":2,"featured_media":0,"parent":0,"menu_order":0,"comment_status":"closed","ping_status":"open","template":"","meta":{"footnotes":""},"class_list":["post-4786","page","type-page","status-publish","hentry"],"jetpack_sharing_enabled":true,"_links":{"self":[{"href":"https:\/\/www.all-for-all.de\/index.php?rest_route=\/wp\/v2\/pages\/4786","targetHints":{"allow":["GET"]}}],"collection":[{"href":"https:\/\/www.all-for-all.de\/index.php?rest_route=\/wp\/v2\/pages"}],"about":[{"href":"https:\/\/www.all-for-all.de\/index.php?rest_route=\/wp\/v2\/types\/page"}],"author":[{"embeddable":true,"href":"https:\/\/www.all-for-all.de\/index.php?rest_route=\/wp\/v2\/users\/2"}],"replies":[{"embeddable":true,"href":"https:\/\/www.all-for-all.de\/index.php?rest_route=%2Fwp%2Fv2%2Fcomments&post=4786"}],"version-history":[{"count":0,"href":"https:\/\/www.all-for-all.de\/index.php?rest_route=\/wp\/v2\/pages\/4786\/revisions"}],"wp:attachment":[{"href":"https:\/\/www.all-for-all.de\/index.php?rest_route=%2Fwp%2Fv2%2Fmedia&parent=4786"}],"curies":[{"name":"wp","href":"https:\/\/api.w.org\/{rel}","templated":true}]}}