{"id":4762,"date":"2014-06-09T23:59:34","date_gmt":"2014-06-09T22:59:34","guid":{"rendered":"http:\/\/www.all-for-all.de\/?page_id=4762"},"modified":"2015-05-14T16:04:06","modified_gmt":"2015-05-14T15:04:06","slug":"09-06-2014-shoppen-bei-bass-pro-und-in-den-outlets","status":"publish","type":"page","link":"https:\/\/www.all-for-all.de\/?page_id=4762","title":{"rendered":"09.06.2014, shoppen bei Bass Pro und in den Outlets"},"content":{"rendered":"<p>Shoppen macht endlos Spass&#8230; ist aber auch endlos anstrengend.<\/p>\n<p>Ganz gem\u00fctlich nach dem Fr\u00fchst\u00fcck fuhren wir zuerst in die <a href=\"http:\/\/www.tangeroutlet.com\/fortmyers\/\" target=\"_blank\">Tanger Outlets<\/a>, dann in die <a href=\"http:\/\/www.miromaroutlets.com\/\" target=\"_blank\">Miromar Outlets<\/a> und schlie\u00dflich noch in den <a href=\"http:\/\/blogs.basspro.com\/blog\/bass-pro-shops-fort-myers-fl\" target=\"_blank\">Bass Pro Shop<\/a>.<br \/>\nEin paar Jeans, Schuhe und einige T-Shirts trugen wir zum Auto. Die Ums\u00e4tze und damit der Aktienkurs von GAP sollte um einiges gestiegen sein. Dort haben wir reichlich zugeschlagen. Kaufrausch!<\/p>\n<p>Nachdem wir uns am eigenen Pool etwas erholt hatten, fuhren wir nach Fort Myers ins <a href=\"http:\/\/www.chilis.com\/EN\/Pages\/home.aspx\" target=\"_blank\">Chili`s<\/a>.<br \/>\nF\u00fcr jahrelange Frondienste im IT-Bereich hat\u00a0mir der Auftraggeber ein paar Dollars in meinem Koffer versteckt und bestimmt, dass wir diese in einem <a href=\"http:\/\/www.chilis.com\/EN\/Pages\/home.aspx\" target=\"_blank\">Chili`s<\/a> ausgeben m\u00fcssen. hehehe\u00a0(hier nochmals unser bester Dank an Mr. Meilenschinder \ud83d\ude09\u00a0 )<br \/>\nUnsere Wahl fiel auf ein &#8222;Rack of Ribs&#8220; mit &#8222;Memphis Dry Rub&#8220;&#8230; Wahnsinn war das gut&#8230; und viel!<br \/>\nTrotzdem musste noch eine Nachspeise rein. Witzig ist, dass man Nachspeisen und Getr\u00e4nke \u00fcber einen kleinen Touchscreen\u00a0 auf dem Tisch nachbestellen kann. Also bestellten wir zwei &#8222;Molten Chocolate Cake&#8220;.<br \/>\nGleich darauf kam der Kellner und fragte uns ob wir uns sicher\u00a0w\u00e4ren dass wir zwei davon wollen. Er meinte, dass wir nicht danach auss\u00e4hen zwei davon zu packen. Wenn wir es unbedingt wollen liefert er uns gerne zwei. Aber er hat uns dazu geraten vorerst nur einen zu bestellen. Das haben wir dann auch gemacht.<br \/>\nOK&#8230; der Kellner hatte Recht. Keine Chance nach den Ribs davon pro Person ein ganzes zu essen. Niemals! \ud83d\ude00<\/p>\n<p><img loading=\"lazy\" decoding=\"async\" class=\"aligncenter wp-image-4771 size-full\" title=\"Rack of Ribs\" src=\"https:\/\/www.all-for-all.de\/wp-content\/uploads\/2014\/06\/P1030432.jpg\" alt=\"Rack of Ribs\" width=\"1024\" height=\"576\" srcset=\"https:\/\/www.all-for-all.de\/wp-content\/uploads\/2014\/06\/P1030432.jpg 1024w, https:\/\/www.all-for-all.de\/wp-content\/uploads\/2014\/06\/P1030432-300x169.jpg 300w, https:\/\/www.all-for-all.de\/wp-content\/uploads\/2014\/06\/P1030432-500x281.jpg 500w\" sizes=\"auto, (max-width: 1024px) 100vw, 1024px\" \/><\/p>\n<p><img loading=\"lazy\" decoding=\"async\" class=\"aligncenter wp-image-4772 size-full\" title=\"Ehemals Rack of Ribs\" src=\"https:\/\/www.all-for-all.de\/wp-content\/uploads\/2014\/06\/P1030435.jpg\" alt=\"Ehemals Rack of Ribs\" width=\"1024\" height=\"576\" srcset=\"https:\/\/www.all-for-all.de\/wp-content\/uploads\/2014\/06\/P1030435.jpg 1024w, https:\/\/www.all-for-all.de\/wp-content\/uploads\/2014\/06\/P1030435-300x169.jpg 300w, https:\/\/www.all-for-all.de\/wp-content\/uploads\/2014\/06\/P1030435-500x281.jpg 500w\" sizes=\"auto, (max-width: 1024px) 100vw, 1024px\" \/><\/p>\n<p><img loading=\"lazy\" decoding=\"async\" class=\"aligncenter wp-image-4773 size-full\" title=\"Molten Chocolate Cake\" src=\"https:\/\/www.all-for-all.de\/wp-content\/uploads\/2014\/06\/P1030438.jpg\" alt=\"n Chocolate Cake\" width=\"1024\" height=\"576\" srcset=\"https:\/\/www.all-for-all.de\/wp-content\/uploads\/2014\/06\/P1030438.jpg 1024w, https:\/\/www.all-for-all.de\/wp-content\/uploads\/2014\/06\/P1030438-300x169.jpg 300w, https:\/\/www.all-for-all.de\/wp-content\/uploads\/2014\/06\/P1030438-500x281.jpg 500w\" sizes=\"auto, (max-width: 1024px) 100vw, 1024px\" \/><\/p>\n<p><img loading=\"lazy\" decoding=\"async\" class=\"aligncenter wp-image-4774 size-full\" title=\"Ehemals Molten Chocolate Cake\" src=\"https:\/\/www.all-for-all.de\/wp-content\/uploads\/2014\/06\/P1030440.jpg\" alt=\"Ehemals Molten Chocolate Cake\" width=\"1024\" height=\"576\" srcset=\"https:\/\/www.all-for-all.de\/wp-content\/uploads\/2014\/06\/P1030440.jpg 1024w, https:\/\/www.all-for-all.de\/wp-content\/uploads\/2014\/06\/P1030440-300x169.jpg 300w, https:\/\/www.all-for-all.de\/wp-content\/uploads\/2014\/06\/P1030440-500x281.jpg 500w\" sizes=\"auto, (max-width: 1024px) 100vw, 1024px\" \/><\/p>\n<p>Boah&#8230; bin total \u00fcberfressen heute. Da hat kein Budweiser mehr Platz. :-\/<\/p>\n<p>Daaaaanke Chili`s! hehehe<\/p>\n<p><img loading=\"lazy\" decoding=\"async\" class=\"aligncenter wp-image-4770 size-full\" title=\"Chili&#96;s\" src=\"https:\/\/www.all-for-all.de\/wp-content\/uploads\/2014\/06\/P1030446.jpg\" alt=\"Chili&#96;s\" width=\"1024\" height=\"576\" srcset=\"https:\/\/www.all-for-all.de\/wp-content\/uploads\/2014\/06\/P1030446.jpg 1024w, https:\/\/www.all-for-all.de\/wp-content\/uploads\/2014\/06\/P1030446-300x169.jpg 300w, https:\/\/www.all-for-all.de\/wp-content\/uploads\/2014\/06\/P1030446-500x281.jpg 500w\" sizes=\"auto, (max-width: 1024px) 100vw, 1024px\" \/><\/p>\n<p>Ich glaube wir m\u00fcssen uns morgen dringend von der Fressorgie durch gepflegtes Nichtstun erholen. \ud83d\ude00<\/p>\n<p>Viele Gr\u00fc\u00dfe<br \/>\nJoa<\/p>\n<p>Zur\u00fcck zu: <a href=\"https:\/\/www.all-for-all.de\/?page_id=4750\">08.06.2014, Nochmal Nichts \ud83d\ude42<\/a><br \/>\nWeiter zu: <a href=\"https:\/\/www.all-for-all.de\/?page_id=4778\">10.06.2014, Sanibel Island und T-Shirt Hut<\/a><\/p>\n","protected":false},"excerpt":{"rendered":"<p>Shoppen macht endlos Spass&#8230; ist aber auch endlos anstrengend. Ganz gem\u00fctlich nach dem Fr\u00fchst\u00fcck fuhren wir zuerst in die Tanger Outlets, dann in die Miromar Outlets und schlie\u00dflich noch in den Bass Pro Shop. Ein paar Jeans, Schuhe und einige &hellip; <a href=\"https:\/\/www.all-for-all.de\/?page_id=4762\">Weiterlesen <span class=\"meta-nav\">&rarr;<\/span><\/a><\/p>\n","protected":false},"author":2,"featured_media":0,"parent":0,"menu_order":0,"comment_status":"closed","ping_status":"open","template":"","meta":{"footnotes":""},"class_list":["post-4762","page","type-page","status-publish","hentry"],"jetpack_sharing_enabled":true,"_links":{"self":[{"href":"https:\/\/www.all-for-all.de\/index.php?rest_route=\/wp\/v2\/pages\/4762","targetHints":{"allow":["GET"]}}],"collection":[{"href":"https:\/\/www.all-for-all.de\/index.php?rest_route=\/wp\/v2\/pages"}],"about":[{"href":"https:\/\/www.all-for-all.de\/index.php?rest_route=\/wp\/v2\/types\/page"}],"author":[{"embeddable":true,"href":"https:\/\/www.all-for-all.de\/index.php?rest_route=\/wp\/v2\/users\/2"}],"replies":[{"embeddable":true,"href":"https:\/\/www.all-for-all.de\/index.php?rest_route=%2Fwp%2Fv2%2Fcomments&post=4762"}],"version-history":[{"count":0,"href":"https:\/\/www.all-for-all.de\/index.php?rest_route=\/wp\/v2\/pages\/4762\/revisions"}],"wp:attachment":[{"href":"https:\/\/www.all-for-all.de\/index.php?rest_route=%2Fwp%2Fv2%2Fmedia&parent=4762"}],"curies":[{"name":"wp","href":"https:\/\/api.w.org\/{rel}","templated":true}]}}