{"id":4723,"date":"2014-06-06T23:59:59","date_gmt":"2014-06-06T22:59:59","guid":{"rendered":"http:\/\/www.all-for-all.de\/?page_id=4723"},"modified":"2015-05-14T14:55:48","modified_gmt":"2015-05-14T13:55:48","slug":"06-06-2015-sonnenaufgang-auf-sanibel-island-erholung","status":"publish","type":"page","link":"https:\/\/www.all-for-all.de\/?page_id=4723","title":{"rendered":"06.06.2014, Sonnenaufgang auf Sanibel Island, Erholung"},"content":{"rendered":"<p>Wie geplant standen wir um 4 Uhr morgens auf, bastelten uns zwei coffee-to-go und fuhren zum Leuchtturm von Sanibel Island.<br \/>\nViel sp\u00e4ter h\u00e4tten wir nicht fahren d\u00fcrfen. Als wir die Br\u00fccke zu Sanibel \u00fcberquerten wurde es am Horizont bereits hell. Unsere Klappst\u00fchle standen aber dann doch rechtzeitig im noch k\u00fchlen Sand. Au\u00dfer uns waren nur ein paar Fischer und Angler unterwegs. So sch\u00f6n&#8230; kaum in Worte zu fassen.<\/p>\n<p><img loading=\"lazy\" decoding=\"async\" class=\"aligncenter wp-image-4729 size-full\" title=\"Leuchtturm auf Sanibel Island\" src=\"https:\/\/www.all-for-all.de\/wp-content\/uploads\/2014\/06\/P1030323.jpg\" alt=\"Leuchtturm auf Sanibel Island\" width=\"1024\" height=\"576\" srcset=\"https:\/\/www.all-for-all.de\/wp-content\/uploads\/2014\/06\/P1030323.jpg 1024w, https:\/\/www.all-for-all.de\/wp-content\/uploads\/2014\/06\/P1030323-300x169.jpg 300w, https:\/\/www.all-for-all.de\/wp-content\/uploads\/2014\/06\/P1030323-500x281.jpg 500w\" sizes=\"auto, (max-width: 1024px) 100vw, 1024px\" \/><\/p>\n<p><img loading=\"lazy\" decoding=\"async\" class=\"aligncenter wp-image-4730 size-full\" title=\"Sonnenaufgang auf Sanibel Island\" src=\"https:\/\/www.all-for-all.de\/wp-content\/uploads\/2014\/06\/P1030330.jpg\" alt=\"Sonnenaufgang auf Sanibel Island\" width=\"1024\" height=\"576\" srcset=\"https:\/\/www.all-for-all.de\/wp-content\/uploads\/2014\/06\/P1030330.jpg 1024w, https:\/\/www.all-for-all.de\/wp-content\/uploads\/2014\/06\/P1030330-300x169.jpg 300w, https:\/\/www.all-for-all.de\/wp-content\/uploads\/2014\/06\/P1030330-500x281.jpg 500w\" sizes=\"auto, (max-width: 1024px) 100vw, 1024px\" \/><\/p>\n<p><img loading=\"lazy\" decoding=\"async\" class=\"aligncenter wp-image-4731 size-full\" title=\"Sonnenaufgang auf Sanibel Island\" src=\"https:\/\/www.all-for-all.de\/wp-content\/uploads\/2014\/06\/P1030359.jpg\" alt=\"Sonnenaufgang auf Sanibel Island\" width=\"1024\" height=\"576\" srcset=\"https:\/\/www.all-for-all.de\/wp-content\/uploads\/2014\/06\/P1030359.jpg 1024w, https:\/\/www.all-for-all.de\/wp-content\/uploads\/2014\/06\/P1030359-300x169.jpg 300w, https:\/\/www.all-for-all.de\/wp-content\/uploads\/2014\/06\/P1030359-500x281.jpg 500w\" sizes=\"auto, (max-width: 1024px) 100vw, 1024px\" \/><\/p>\n<p><img loading=\"lazy\" decoding=\"async\" class=\"aligncenter wp-image-4732 size-full\" title=\"Sonnenaufgang auf Sanibel Island\" src=\"https:\/\/www.all-for-all.de\/wp-content\/uploads\/2014\/06\/P1030364.jpg\" alt=\"Sonnenaufgang auf Sanibel Island\" width=\"1024\" height=\"576\" srcset=\"https:\/\/www.all-for-all.de\/wp-content\/uploads\/2014\/06\/P1030364.jpg 1024w, https:\/\/www.all-for-all.de\/wp-content\/uploads\/2014\/06\/P1030364-300x169.jpg 300w, https:\/\/www.all-for-all.de\/wp-content\/uploads\/2014\/06\/P1030364-500x281.jpg 500w\" sizes=\"auto, (max-width: 1024px) 100vw, 1024px\" \/><\/p>\n<p><img loading=\"lazy\" decoding=\"async\" class=\"aligncenter wp-image-4733 size-full\" title=\"Sonnenaufgang auf Sanibel Island\" src=\"https:\/\/www.all-for-all.de\/wp-content\/uploads\/2014\/06\/P1030379.jpg\" alt=\"Sonnenaufgang auf Sanibel Island\" width=\"1024\" height=\"768\" srcset=\"https:\/\/www.all-for-all.de\/wp-content\/uploads\/2014\/06\/P1030379.jpg 1024w, https:\/\/www.all-for-all.de\/wp-content\/uploads\/2014\/06\/P1030379-300x225.jpg 300w, https:\/\/www.all-for-all.de\/wp-content\/uploads\/2014\/06\/P1030379-400x300.jpg 400w\" sizes=\"auto, (max-width: 1024px) 100vw, 1024px\" \/><\/p>\n<p><img loading=\"lazy\" decoding=\"async\" class=\"aligncenter wp-image-4728 size-full\" title=\"Sonnenaufgang auf Sanibel Island\" src=\"https:\/\/www.all-for-all.de\/wp-content\/uploads\/2014\/06\/P1030386.jpg\" alt=\"Sonnenaufgang auf Sanibel Island\" width=\"1024\" height=\"768\" srcset=\"https:\/\/www.all-for-all.de\/wp-content\/uploads\/2014\/06\/P1030386.jpg 1024w, https:\/\/www.all-for-all.de\/wp-content\/uploads\/2014\/06\/P1030386-300x225.jpg 300w, https:\/\/www.all-for-all.de\/wp-content\/uploads\/2014\/06\/P1030386-400x300.jpg 400w\" sizes=\"auto, (max-width: 1024px) 100vw, 1024px\" \/><\/p>\n<p>Ich glaube\u00a0das k\u00f6nnte\u00a0k\u00fcnftig zu einer Art Tradition werden. \ud83d\ude09<br \/>\nAls die Sonne komplett aufgegangen war, spazierten wir noch\u00a0fast eine Stunde\u00a0am Strand entlang bevor wir uns auf die Heimfahrt nach Cape Coral machten. Wir hatten Hunger und richtig Lust auf ein tolles Fr\u00fchst\u00fcck am eigenen Pool.<\/p>\n<p>Irgendwann nachmittags habe ich mich dann tats\u00e4chlich aufgerafft und die aufblasbaren Schwimmsessel aufgepumpt. Auf den Dingern l\u00e4sst es sich aushalten! H\u00e4tte ich schon fr\u00fcher machen sollen. \ud83d\ude00<\/p>\n<p><img loading=\"lazy\" decoding=\"async\" class=\"aligncenter wp-image-4738 size-full\" title=\"Rettungsboot\" src=\"https:\/\/www.all-for-all.de\/wp-content\/uploads\/2014\/06\/P1030408.jpg\" alt=\"Rettungsboot\" width=\"1024\" height=\"576\" srcset=\"https:\/\/www.all-for-all.de\/wp-content\/uploads\/2014\/06\/P1030408.jpg 1024w, https:\/\/www.all-for-all.de\/wp-content\/uploads\/2014\/06\/P1030408-300x169.jpg 300w, https:\/\/www.all-for-all.de\/wp-content\/uploads\/2014\/06\/P1030408-500x281.jpg 500w\" sizes=\"auto, (max-width: 1024px) 100vw, 1024px\" \/><\/p>\n<p>Heute Abend habe ich das zweite meiner Steaks vernichtet. Mmmmhhhhh &#8230; lecker!<\/p>\n<p>Viele Gr\u00fc\u00dfe<br \/>\nJoa<\/p>\n<p>Zur\u00fcck zu: <a href=\"https:\/\/www.all-for-all.de\/?page_id=4714\">05.06.2014, WalMart, Target, Publix<\/a><br \/>\nWeiter zu: <a href=\"https:\/\/www.all-for-all.de\/?page_id=4743\">07.06.2014, Nichts \ud83d\ude42<\/a><\/p>\n","protected":false},"excerpt":{"rendered":"<p>Wie geplant standen wir um 4 Uhr morgens auf, bastelten uns zwei coffee-to-go und fuhren zum Leuchtturm von Sanibel Island. Viel sp\u00e4ter h\u00e4tten wir nicht fahren d\u00fcrfen. Als wir die Br\u00fccke zu Sanibel \u00fcberquerten wurde es am Horizont bereits hell. &hellip; <a href=\"https:\/\/www.all-for-all.de\/?page_id=4723\">Weiterlesen <span class=\"meta-nav\">&rarr;<\/span><\/a><\/p>\n","protected":false},"author":2,"featured_media":0,"parent":0,"menu_order":0,"comment_status":"closed","ping_status":"open","template":"","meta":{"footnotes":""},"class_list":["post-4723","page","type-page","status-publish","hentry"],"jetpack_sharing_enabled":true,"_links":{"self":[{"href":"https:\/\/www.all-for-all.de\/index.php?rest_route=\/wp\/v2\/pages\/4723","targetHints":{"allow":["GET"]}}],"collection":[{"href":"https:\/\/www.all-for-all.de\/index.php?rest_route=\/wp\/v2\/pages"}],"about":[{"href":"https:\/\/www.all-for-all.de\/index.php?rest_route=\/wp\/v2\/types\/page"}],"author":[{"embeddable":true,"href":"https:\/\/www.all-for-all.de\/index.php?rest_route=\/wp\/v2\/users\/2"}],"replies":[{"embeddable":true,"href":"https:\/\/www.all-for-all.de\/index.php?rest_route=%2Fwp%2Fv2%2Fcomments&post=4723"}],"version-history":[{"count":0,"href":"https:\/\/www.all-for-all.de\/index.php?rest_route=\/wp\/v2\/pages\/4723\/revisions"}],"wp:attachment":[{"href":"https:\/\/www.all-for-all.de\/index.php?rest_route=%2Fwp%2Fv2%2Fmedia&parent=4723"}],"curies":[{"name":"wp","href":"https:\/\/api.w.org\/{rel}","templated":true}]}}