{"id":4714,"date":"2014-06-05T23:59:41","date_gmt":"2014-06-05T22:59:41","guid":{"rendered":"http:\/\/www.all-for-all.de\/?page_id=4714"},"modified":"2015-05-14T14:47:06","modified_gmt":"2015-05-14T13:47:06","slug":"05-06-2014-publix-walmart-target","status":"publish","type":"page","link":"https:\/\/www.all-for-all.de\/?page_id=4714","title":{"rendered":"05.06.2014, WalMart, Target, Publix"},"content":{"rendered":"<p>Nach dem Fr\u00fchst\u00fcck am Pool fuhren wir nacheinander die gro\u00dfen Superm\u00e4rkte WalMart, Target und Publix an.<br \/>\nIn den beiden ersten sahen wir uns nur nach ein paar Klamotten um. Einfache T-Shirts, Socken, Unterw\u00e4sche\u00a0oder kurze Hosen bekommt man hier wirklich g\u00fcnstig. Hier haben wir uns wieder f\u00fcr ein Jahr eingedeckt. \ud83d\ude00<br \/>\nIm Publix haben wir uns zum Abschluss mit Essen vom Feinsten versorgt. Unter anderem waren da meine beiden Steaks f\u00fcr heute und morgen Abend dabei.<br \/>\nUnfassbar wie g\u00fcnstig Fleisch hier ist.<\/p>\n<p><img loading=\"lazy\" decoding=\"async\" class=\"aligncenter wp-image-4719 size-full\" title=\"Fette Steaks\" src=\"https:\/\/www.all-for-all.de\/wp-content\/uploads\/2014\/06\/P1030321.jpg\" alt=\"Fettes Steak\" width=\"1024\" height=\"576\" srcset=\"https:\/\/www.all-for-all.de\/wp-content\/uploads\/2014\/06\/P1030321.jpg 1024w, https:\/\/www.all-for-all.de\/wp-content\/uploads\/2014\/06\/P1030321-300x169.jpg 300w, https:\/\/www.all-for-all.de\/wp-content\/uploads\/2014\/06\/P1030321-500x281.jpg 500w\" sizes=\"auto, (max-width: 1024px) 100vw, 1024px\" \/><\/p>\n<p>Ich hatte mit meinem heutigen Steak m\u00e4chtig zu k\u00e4mpfen.\u00a0Ich habe die Menge ein wenig untersch\u00e4tzt. Die Beilagen mussten leider liegen bleiben&#8230;<br \/>\nIch bin\u00a0gerade so voll, dass ich selbst das sch\u00f6ne kalte Budweiser nicht weg bringe.<br \/>\n\ud83d\ude00<\/p>\n<p>Wahnsinn! Morgen in der Fr\u00fch um 4 wird der Wecker l\u00e4uten!<br \/>\nWarum?<br \/>\nMeine Schuld&#8230;. ich will unbedingt einmal den Sonnenaufgang auf Sanibel Island sehen. Das Wetter soll laut Weatherchannel mitspielen. \ud83d\ude09<br \/>\nEs ist alles vorbereitet. Klappst\u00fchle sind schon im Auto. Lediglich ein coffee-to-go muss morgen Fr\u00fch noch gebraten werden.<br \/>\nHeute geht es also etwas fr\u00fcher ins Bett&#8230;<\/p>\n<p>Viele Gr\u00fc\u00dfe<br \/>\nJoa<\/p>\n<p>Zur\u00fcck zu: <a href=\"https:\/\/www.all-for-all.de\/?page_id=4704\">04.06.2014, und wieder Erholung pur<\/a><br \/>\nWeiter zu: <a href=\"https:\/\/www.all-for-all.de\/?page_id=4723\">06.06.2014, Sonnenaufgang auf Sanibel Island, Erholung<\/a><\/p>\n","protected":false},"excerpt":{"rendered":"<p>Nach dem Fr\u00fchst\u00fcck am Pool fuhren wir nacheinander die gro\u00dfen Superm\u00e4rkte WalMart, Target und Publix an. In den beiden ersten sahen wir uns nur nach ein paar Klamotten um. Einfache T-Shirts, Socken, Unterw\u00e4sche\u00a0oder kurze Hosen bekommt man hier wirklich g\u00fcnstig. &hellip; <a href=\"https:\/\/www.all-for-all.de\/?page_id=4714\">Weiterlesen <span class=\"meta-nav\">&rarr;<\/span><\/a><\/p>\n","protected":false},"author":2,"featured_media":0,"parent":0,"menu_order":0,"comment_status":"closed","ping_status":"open","template":"","meta":{"footnotes":""},"class_list":["post-4714","page","type-page","status-publish","hentry"],"jetpack_sharing_enabled":true,"_links":{"self":[{"href":"https:\/\/www.all-for-all.de\/index.php?rest_route=\/wp\/v2\/pages\/4714","targetHints":{"allow":["GET"]}}],"collection":[{"href":"https:\/\/www.all-for-all.de\/index.php?rest_route=\/wp\/v2\/pages"}],"about":[{"href":"https:\/\/www.all-for-all.de\/index.php?rest_route=\/wp\/v2\/types\/page"}],"author":[{"embeddable":true,"href":"https:\/\/www.all-for-all.de\/index.php?rest_route=\/wp\/v2\/users\/2"}],"replies":[{"embeddable":true,"href":"https:\/\/www.all-for-all.de\/index.php?rest_route=%2Fwp%2Fv2%2Fcomments&post=4714"}],"version-history":[{"count":0,"href":"https:\/\/www.all-for-all.de\/index.php?rest_route=\/wp\/v2\/pages\/4714\/revisions"}],"wp:attachment":[{"href":"https:\/\/www.all-for-all.de\/index.php?rest_route=%2Fwp%2Fv2%2Fmedia&parent=4714"}],"curies":[{"name":"wp","href":"https:\/\/api.w.org\/{rel}","templated":true}]}}