{"id":4704,"date":"2014-06-04T23:59:32","date_gmt":"2014-06-04T22:59:32","guid":{"rendered":"http:\/\/www.all-for-all.de\/?page_id=4704"},"modified":"2015-05-17T09:52:14","modified_gmt":"2015-05-17T08:52:14","slug":"04-06-2014-und-wieder-erholung-pur","status":"publish","type":"page","link":"https:\/\/www.all-for-all.de\/?page_id=4704","title":{"rendered":"04.06.2014, und wieder Erholung pur"},"content":{"rendered":"<p>Den ganzen Tag hatten wir Wetter vom Feinsten. Das Fr\u00fchst\u00fcck dehnten wir bis zum Mittag aus. So langsam machen sich der Urlaub und die Ruhe k\u00f6rperlich und seelisch positiv bemerkbar. Sehr sch\u00f6n&#8230;<\/p>\n<p>Hin und wieder\u00a0hatten wir Besuch von\u00a0ein paar streunenden Katzen. Ich glaube die geh\u00f6ren niemandem. Unser Nachbar f\u00fcttert die\u00a0hin und wieder\u00a0wie wir gesehen haben.<br \/>\nBei uns gibt&#8217;s aber nix! Die Miezis schauen schon sehr verlaust und zerrupft aus&#8230; \ud83d\ude00<\/p>\n<p><img loading=\"lazy\" decoding=\"async\" class=\"aligncenter wp-image-4709 size-full\" title=\"Miez\" src=\"https:\/\/www.all-for-all.de\/wp-content\/uploads\/2014\/06\/P1030405.jpg\" alt=\"Miez\" width=\"1024\" height=\"576\" srcset=\"https:\/\/www.all-for-all.de\/wp-content\/uploads\/2014\/06\/P1030405.jpg 1024w, https:\/\/www.all-for-all.de\/wp-content\/uploads\/2014\/06\/P1030405-300x169.jpg 300w, https:\/\/www.all-for-all.de\/wp-content\/uploads\/2014\/06\/P1030405-500x281.jpg 500w\" sizes=\"auto, (max-width: 1024px) 100vw, 1024px\" \/><\/p>\n<p>Morgen werden wir uns aufraffen und unseren K\u00fchlschrank neu f\u00fcllen. Immer der Stress. \ud83d\ude00<\/p>\n<p>Viele Gr\u00fc\u00dfe<br \/>\nJoa<\/p>\n<p>Zur\u00fcck zu: <a href=\"https:\/\/www.all-for-all.de\/?page_id=4678\">03.06.2014, Erholung pur<\/a><br \/>\nWeiter zu: <a href=\"https:\/\/www.all-for-all.de\/?page_id=4714\">05.06.2014, Publix, WalMart, Target<\/a><\/p>\n","protected":false},"excerpt":{"rendered":"<p>Den ganzen Tag hatten wir Wetter vom Feinsten. Das Fr\u00fchst\u00fcck dehnten wir bis zum Mittag aus. So langsam machen sich der Urlaub und die Ruhe k\u00f6rperlich und seelisch positiv bemerkbar. Sehr sch\u00f6n&#8230; Hin und wieder\u00a0hatten wir Besuch von\u00a0ein paar streunenden &hellip; <a href=\"https:\/\/www.all-for-all.de\/?page_id=4704\">Weiterlesen <span class=\"meta-nav\">&rarr;<\/span><\/a><\/p>\n","protected":false},"author":2,"featured_media":0,"parent":0,"menu_order":0,"comment_status":"closed","ping_status":"open","template":"","meta":{"footnotes":""},"class_list":["post-4704","page","type-page","status-publish","hentry"],"jetpack_sharing_enabled":true,"_links":{"self":[{"href":"https:\/\/www.all-for-all.de\/index.php?rest_route=\/wp\/v2\/pages\/4704","targetHints":{"allow":["GET"]}}],"collection":[{"href":"https:\/\/www.all-for-all.de\/index.php?rest_route=\/wp\/v2\/pages"}],"about":[{"href":"https:\/\/www.all-for-all.de\/index.php?rest_route=\/wp\/v2\/types\/page"}],"author":[{"embeddable":true,"href":"https:\/\/www.all-for-all.de\/index.php?rest_route=\/wp\/v2\/users\/2"}],"replies":[{"embeddable":true,"href":"https:\/\/www.all-for-all.de\/index.php?rest_route=%2Fwp%2Fv2%2Fcomments&post=4704"}],"version-history":[{"count":0,"href":"https:\/\/www.all-for-all.de\/index.php?rest_route=\/wp\/v2\/pages\/4704\/revisions"}],"wp:attachment":[{"href":"https:\/\/www.all-for-all.de\/index.php?rest_route=%2Fwp%2Fv2%2Fmedia&parent=4704"}],"curies":[{"name":"wp","href":"https:\/\/api.w.org\/{rel}","templated":true}]}}