{"id":4678,"date":"2014-06-03T23:59:03","date_gmt":"2014-06-03T22:59:03","guid":{"rendered":"http:\/\/www.all-for-all.de\/?page_id=4678"},"modified":"2015-05-14T13:14:14","modified_gmt":"2015-05-14T12:14:14","slug":"03-06-2014-erholung-pur","status":"publish","type":"page","link":"https:\/\/www.all-for-all.de\/?page_id=4678","title":{"rendered":"03.06.2014, Erholung pur"},"content":{"rendered":"<p>Es gibt nicht viel zu schreiben heute&#8230;<br \/>\nDer Himmel war\u00a0meist bew\u00f6lkt aber das machte uns nichts aus.<br \/>\nSchlafen, essen, baden, nicht viel reden, &#8230;<\/p>\n<p>Erholung!<\/p>\n<p>Viele Gr\u00fc\u00dfe<br \/>\nJoa<\/p>\n<p>Zur\u00fcck zu: <a href=\"https:\/\/www.all-for-all.de\/?page_id=4668\">02.06.2014, Haus\u00fcbergabe, sonnen, baden, essen, trinken<\/a><br \/>\nWeiter zu: <a href=\"https:\/\/www.all-for-all.de\/?page_id=4704\">04.06.2014, und wieder Erholung pur<\/a><\/p>\n","protected":false},"excerpt":{"rendered":"<p>Es gibt nicht viel zu schreiben heute&#8230; Der Himmel war\u00a0meist bew\u00f6lkt aber das machte uns nichts aus. Schlafen, essen, baden, nicht viel reden, &#8230; Erholung! Viele Gr\u00fc\u00dfe Joa Zur\u00fcck zu: 02.06.2014, Haus\u00fcbergabe, sonnen, baden, essen, trinken Weiter zu: 04.06.2014, und &hellip; <a href=\"https:\/\/www.all-for-all.de\/?page_id=4678\">Weiterlesen <span class=\"meta-nav\">&rarr;<\/span><\/a><\/p>\n","protected":false},"author":2,"featured_media":0,"parent":0,"menu_order":0,"comment_status":"closed","ping_status":"open","template":"","meta":{"footnotes":""},"class_list":["post-4678","page","type-page","status-publish","hentry"],"jetpack_sharing_enabled":true,"_links":{"self":[{"href":"https:\/\/www.all-for-all.de\/index.php?rest_route=\/wp\/v2\/pages\/4678","targetHints":{"allow":["GET"]}}],"collection":[{"href":"https:\/\/www.all-for-all.de\/index.php?rest_route=\/wp\/v2\/pages"}],"about":[{"href":"https:\/\/www.all-for-all.de\/index.php?rest_route=\/wp\/v2\/types\/page"}],"author":[{"embeddable":true,"href":"https:\/\/www.all-for-all.de\/index.php?rest_route=\/wp\/v2\/users\/2"}],"replies":[{"embeddable":true,"href":"https:\/\/www.all-for-all.de\/index.php?rest_route=%2Fwp%2Fv2%2Fcomments&post=4678"}],"version-history":[{"count":0,"href":"https:\/\/www.all-for-all.de\/index.php?rest_route=\/wp\/v2\/pages\/4678\/revisions"}],"wp:attachment":[{"href":"https:\/\/www.all-for-all.de\/index.php?rest_route=%2Fwp%2Fv2%2Fmedia&parent=4678"}],"curies":[{"name":"wp","href":"https:\/\/api.w.org\/{rel}","templated":true}]}}