{"id":4668,"date":"2014-06-02T23:59:55","date_gmt":"2014-06-02T22:59:55","guid":{"rendered":"http:\/\/www.all-for-all.de\/?page_id=4668"},"modified":"2015-05-16T23:19:39","modified_gmt":"2015-05-16T22:19:39","slug":"02-06-2014-hausuebergabe-sonnen-baden-essen-trinken","status":"publish","type":"page","link":"https:\/\/www.all-for-all.de\/?page_id=4668","title":{"rendered":"02.06.2014, Haus\u00fcbergabe, sonnen, baden, essen, trinken"},"content":{"rendered":"<p>Es gab unser erstes herrliches Fr\u00fchst\u00fcck am eigenen Pool. Das hat was&#8230; \ud83d\ude42<\/p>\n<p>Anschlie\u00dfend kam Sascha vorbei, hat die Stromz\u00e4hler abgelesen und wir haben das \u00dcbergabeprotokoll unterschrieben.<\/p>\n<p>Ansonsten: Wir haben nichts&#8230; und zwar wirklich gar nichts getan.<br \/>\nNur sonnen, baden, essen und trinken. Wir haben nicht ein einziges Bild geschossen heute. <img src=\"https:\/\/www.all-for-all.de\/wp-includes\/images\/smilies\/mrgreen.png\" alt=\":mrgreen:\" class=\"wp-smiley\" style=\"height: 1em; max-height: 1em;\" \/><\/p>\n<p>Selbst zum grillen waren wir zu faul. Es gab heute fertige Salate von Publix. \ud83d\ude00<\/p>\n<p>&nbsp;<\/p>\n<p>Viele Gr\u00fc\u00dfe<br \/>\nJoa<\/p>\n<p>Zur\u00fcck zu: <a href=\"https:\/\/www.all-for-all.de\/?page_id=4634\">01.06.2014, Boston \u2013 Fort Myers \u2013 Cape Coral<\/a><br \/>\nWeiter zu: <a href=\"https:\/\/www.all-for-all.de\/?page_id=4678\">03.06.2014, Erholung pur<\/a><\/p>\n","protected":false},"excerpt":{"rendered":"<p>Es gab unser erstes herrliches Fr\u00fchst\u00fcck am eigenen Pool. Das hat was&#8230; \ud83d\ude42 Anschlie\u00dfend kam Sascha vorbei, hat die Stromz\u00e4hler abgelesen und wir haben das \u00dcbergabeprotokoll unterschrieben. Ansonsten: Wir haben nichts&#8230; und zwar wirklich gar nichts getan. Nur sonnen, baden, &hellip; <a href=\"https:\/\/www.all-for-all.de\/?page_id=4668\">Weiterlesen <span class=\"meta-nav\">&rarr;<\/span><\/a><\/p>\n","protected":false},"author":2,"featured_media":0,"parent":0,"menu_order":0,"comment_status":"closed","ping_status":"open","template":"","meta":{"footnotes":""},"class_list":["post-4668","page","type-page","status-publish","hentry"],"jetpack_sharing_enabled":true,"_links":{"self":[{"href":"https:\/\/www.all-for-all.de\/index.php?rest_route=\/wp\/v2\/pages\/4668","targetHints":{"allow":["GET"]}}],"collection":[{"href":"https:\/\/www.all-for-all.de\/index.php?rest_route=\/wp\/v2\/pages"}],"about":[{"href":"https:\/\/www.all-for-all.de\/index.php?rest_route=\/wp\/v2\/types\/page"}],"author":[{"embeddable":true,"href":"https:\/\/www.all-for-all.de\/index.php?rest_route=\/wp\/v2\/users\/2"}],"replies":[{"embeddable":true,"href":"https:\/\/www.all-for-all.de\/index.php?rest_route=%2Fwp%2Fv2%2Fcomments&post=4668"}],"version-history":[{"count":0,"href":"https:\/\/www.all-for-all.de\/index.php?rest_route=\/wp\/v2\/pages\/4668\/revisions"}],"wp:attachment":[{"href":"https:\/\/www.all-for-all.de\/index.php?rest_route=%2Fwp%2Fv2%2Fmedia&parent=4668"}],"curies":[{"name":"wp","href":"https:\/\/api.w.org\/{rel}","templated":true}]}}