{"id":4634,"date":"2014-06-01T23:59:02","date_gmt":"2014-06-01T22:59:02","guid":{"rendered":"http:\/\/www.all-for-all.de\/?page_id=4634"},"modified":"2015-02-05T18:12:52","modified_gmt":"2015-02-05T17:12:52","slug":"01-06-2014-boston-fort-myers-cape-coral","status":"publish","type":"page","link":"https:\/\/www.all-for-all.de\/?page_id=4634","title":{"rendered":"01.06.2014, Boston &#8211; Fort Myers &#8211; Cape Coral"},"content":{"rendered":"<p>Ab jetzt ist Eis nur noch in unseren Drinks und nicht mehr im Wasser&#8230; \ud83d\ude0e<\/p>\n<p>Heute Morgen verlie\u00dfen wir das Hotel kurz nach 8. Ich h\u00e4tte den dicken Dodge wieder einmal gerne behalten. In Florida gibt es meist schlechtere Mietw\u00e4gen. Es handelt sich zwar um die gleiche Kategorie (Midsize SUV) aber dennoch kann man einen Dodge Journey nicht mit einem Chevrolet Captiva oder einem Jeep Compass vergleichen.<\/p>\n<p><img loading=\"lazy\" decoding=\"async\" class=\"aligncenter wp-image-4645 size-full\" title=\"Dodge Journey\" src=\"https:\/\/www.all-for-all.de\/wp-content\/uploads\/2014\/06\/P1030273.jpg\" alt=\"Dodge Journey\" width=\"1024\" height=\"576\" srcset=\"https:\/\/www.all-for-all.de\/wp-content\/uploads\/2014\/06\/P1030273.jpg 1024w, https:\/\/www.all-for-all.de\/wp-content\/uploads\/2014\/06\/P1030273-300x169.jpg 300w, https:\/\/www.all-for-all.de\/wp-content\/uploads\/2014\/06\/P1030273-500x281.jpg 500w\" sizes=\"auto, (max-width: 1024px) 100vw, 1024px\" \/><\/p>\n<p>Es liegt wohl am heutigen Sonntag, dass nicht viel Verkehr war. Es ging daher recht z\u00fcgig zum Flughafen in Boston. Die Abgabestation f\u00fcr die Mietw\u00e4gen war super beschildert und weg war unser Auto.<br \/>\nEingecheckt hatten wir gestern bereits online. Also nur noch Gep\u00e4ck weg, Bordkarten aus dem Automat gezogen und auf den Abflug gewartet.<br \/>\nUnsere Haus- und Hof-Fotografin hat hier leider v\u00f6llig versagt. Es gibt kein Bild vom Flughafen,\u00a0kein Bild vom Flugzeug,\u00a0kein Bild aus dem Flugzeug&#8230;\u00a0tststs. \ud83d\ude10<\/p>\n<p>Alles verlief\u00a0problemlos. Wir landeten planm\u00e4\u00dfig um kurz nach 3 nachmittags bei bedecktem Himmel in Fort Myers. Die lange Hose und die Jacke die ich f\u00fcr den Flug an hatte waren nun eher ungeeignet. Die paar Meter von der Mietwagenstation ins Parkhaus waren in den Klamotten fast nicht ertr\u00e4glich. Juhu! <img src=\"https:\/\/www.all-for-all.de\/wp-includes\/images\/smilies\/mrgreen.png\" alt=\":mrgreen:\" class=\"wp-smiley\" style=\"height: 1em; max-height: 1em;\" \/><\/p>\n<p>Wie &#8222;bef\u00fcrchtet&#8220; haben wir jetzt einen Chevrolet Captiva.<br \/>\nF\u00fcr die Fahrt von Minneapolis nach Boston h\u00e4tte ich das Auto nicht gewollt. Alles ist irgendwie enger&#8230; f\u00fchlt sich billiger an&#8230; ach keine Ahnung. Aber ok&#8230; die R\u00e4der drehen sich und der Motor l\u00e4uft.<\/p>\n<p>Unser H\u00e4uschen, die <a href=\"http:\/\/www.cape-coral-urlaub.com\/Listings\/Vacationrental\/View\/CCV_108\/title\/\/o\/11\" target=\"_blank\">Villa Cape Cherry<\/a>,\u00a0ist v\u00f6llig ohne Makel. Die Inneneinrichtung ist sogar richtig geschmackvoll (in unseren Augen). Prinzipiell ist das ja eigentlich mehr oder weniger egal, so lange alles sauber und technisch in Ordnung ist. Im Haus h\u00e4lt man sich so oder so sehr wenig auf. Wenn man allerdings st\u00e4ndig eins mit der Peitsche auf die Netzhaut bekommt ist das schon eher \u00fcbel. hehehe<\/p>\n<p>Bereits auf dem Flug nach Fort Myers haben wir unsere Einkaufsliste geschrieben. Wir haben nur kurz unsere Koffer ins Haus gelegt und\u00a0sind einmal staunend und freudig durchs Haus gelaufen. Dann ging es gleich wieder los zum Publix.<\/p>\n<p>Ok&#8230; der Chevy mit Kennzeichen aus Louisiana steht in der Garage, der K\u00fchlschrank ist prall gef\u00fcllt und wir sind auf jeden Fall mindestens die n\u00e4chsten drei Tage mit allerbester Verpflegung versorgt.<\/p>\n<p><img loading=\"lazy\" decoding=\"async\" class=\"aligncenter wp-image-4660 size-full\" title=\"Voller K\u00fchlschrank\" src=\"https:\/\/www.all-for-all.de\/wp-content\/uploads\/2014\/06\/P1030320.jpg\" alt=\"Voller K\u00fchlschrank\" width=\"1024\" height=\"576\" srcset=\"https:\/\/www.all-for-all.de\/wp-content\/uploads\/2014\/06\/P1030320.jpg 1024w, https:\/\/www.all-for-all.de\/wp-content\/uploads\/2014\/06\/P1030320-300x169.jpg 300w, https:\/\/www.all-for-all.de\/wp-content\/uploads\/2014\/06\/P1030320-500x281.jpg 500w\" sizes=\"auto, (max-width: 1024px) 100vw, 1024px\" \/><\/p>\n<p>Und hier eine wirklich tolle \u00dcberraschung&#8230; <a href=\"http:\/\/de.wikipedia.org\/wiki\/Twinkie\" target=\"_blank\">Twinkies<\/a>!! Yeah! Die Firma war pleite und die Produktion wurde eingestellt. Hat mich damals sehr ge\u00e4rgert weil die Dinger ein prima Reisesnack sind und obendrein suuuuper schmecken. Und heute finde ich wieder Twinkies im Regal!. &#8222;The Sweetest Comeback In The History Of Ever!!!!&#8220; hehehe<\/p>\n<p><img loading=\"lazy\" decoding=\"async\" class=\"aligncenter wp-image-4662 size-full\" title=\"Twinkies\" src=\"https:\/\/www.all-for-all.de\/wp-content\/uploads\/2014\/06\/P1030401.jpg\" alt=\"Twinkies\" width=\"1024\" height=\"576\" srcset=\"https:\/\/www.all-for-all.de\/wp-content\/uploads\/2014\/06\/P1030401.jpg 1024w, https:\/\/www.all-for-all.de\/wp-content\/uploads\/2014\/06\/P1030401-300x169.jpg 300w, https:\/\/www.all-for-all.de\/wp-content\/uploads\/2014\/06\/P1030401-500x281.jpg 500w\" sizes=\"auto, (max-width: 1024px) 100vw, 1024px\" \/><\/p>\n<p><img loading=\"lazy\" decoding=\"async\" class=\"aligncenter wp-image-4650 size-full\" title=\"Chevrolet Captiva\" src=\"https:\/\/www.all-for-all.de\/wp-content\/uploads\/2014\/06\/P1030278.jpg\" alt=\"Chevrolet Captiva\" width=\"1024\" height=\"576\" srcset=\"https:\/\/www.all-for-all.de\/wp-content\/uploads\/2014\/06\/P1030278.jpg 1024w, https:\/\/www.all-for-all.de\/wp-content\/uploads\/2014\/06\/P1030278-300x169.jpg 300w, https:\/\/www.all-for-all.de\/wp-content\/uploads\/2014\/06\/P1030278-500x281.jpg 500w\" sizes=\"auto, (max-width: 1024px) 100vw, 1024px\" \/><\/p>\n<p>Auch der Chevy musste mit dem entsprechenden Sticker beklebt werden. \ud83d\ude09<\/p>\n<p><img loading=\"lazy\" decoding=\"async\" class=\"aligncenter wp-image-4651 size-full\" title=\"Chevrolet Captiva\" src=\"https:\/\/www.all-for-all.de\/wp-content\/uploads\/2014\/06\/P1030279.jpg\" alt=\"Chevrolet Captiva\" width=\"1024\" height=\"576\" srcset=\"https:\/\/www.all-for-all.de\/wp-content\/uploads\/2014\/06\/P1030279.jpg 1024w, https:\/\/www.all-for-all.de\/wp-content\/uploads\/2014\/06\/P1030279-300x169.jpg 300w, https:\/\/www.all-for-all.de\/wp-content\/uploads\/2014\/06\/P1030279-500x281.jpg 500w\" sizes=\"auto, (max-width: 1024px) 100vw, 1024px\" \/><\/p>\n<p>Telefonisch haben wir uns bei der Hausverwaltung, bei Sascha, angemeldet. Er kommt morgen Vormittag zur \u00dcbergabe vorbei. Nach dem Einkauf haben wir das Haus nochmal gr\u00fcndlich angesehen. Alles tiptop sauber, keine Besch\u00e4digungen, alles bestens. Wunderbar! Jetzt geht der gem\u00fctliche Teil des Urlaubs los.<\/p>\n<p>Nur das Licht im Pool, die Dockbeleuchtung\u00a0und eine Kerze sorgen jetzt f\u00fcr Licht. 28\u00b0C, Kurze Hose, T-Shirt, keine Schuhe, Urlaubstagebuch schreiben, Bilder sortieren &#8230; himmlische Ruhe und ein Bud. Life is good. \ud83d\ude0e<\/p>\n<p><img loading=\"lazy\" decoding=\"async\" class=\"aligncenter wp-image-4658 size-full\" title=\"Life is good\" src=\"https:\/\/www.all-for-all.de\/wp-content\/uploads\/2014\/06\/P1030546.jpg\" alt=\"Life is good\" width=\"1024\" height=\"768\" srcset=\"https:\/\/www.all-for-all.de\/wp-content\/uploads\/2014\/06\/P1030546.jpg 1024w, https:\/\/www.all-for-all.de\/wp-content\/uploads\/2014\/06\/P1030546-300x225.jpg 300w, https:\/\/www.all-for-all.de\/wp-content\/uploads\/2014\/06\/P1030546-400x300.jpg 400w\" sizes=\"auto, (max-width: 1024px) 100vw, 1024px\" \/><\/p>\n<p>Morgen machen wir so richtig absolut gar nichts. \ud83d\ude09<\/p>\n<p>Hier die Loggerstrecke vom Flug Boston &#8211; Fort Myers: 2335,88 Km<\/p>\n<p><img loading=\"lazy\" decoding=\"async\" class=\"aligncenter wp-image-4664 size-full\" title=\"Logger Boston - Fort Myers\" src=\"https:\/\/www.all-for-all.de\/wp-content\/uploads\/2014\/06\/Logger-Boston-Fort-Myers.jpg\" alt=\"Logger Boston - Fort Myers\" width=\"941\" height=\"706\" srcset=\"https:\/\/www.all-for-all.de\/wp-content\/uploads\/2014\/06\/Logger-Boston-Fort-Myers.jpg 941w, https:\/\/www.all-for-all.de\/wp-content\/uploads\/2014\/06\/Logger-Boston-Fort-Myers-300x225.jpg 300w, https:\/\/www.all-for-all.de\/wp-content\/uploads\/2014\/06\/Logger-Boston-Fort-Myers-400x300.jpg 400w\" sizes=\"auto, (max-width: 941px) 100vw, 941px\" \/><\/p>\n<p>Viele Gr\u00fc\u00dfe<br \/>\nJoa<\/p>\n<p>Zur\u00fcck zu: <a href=\"https:\/\/www.all-for-all.de\/?page_id=4614\">31.05.2014, Cape Cod \u2013 Hyannis Port<\/a><br \/>\nVorw\u00e4rts zu: <a href=\"https:\/\/www.all-for-all.de\/?page_id=4668\">02.06.2014, Haus\u00fcbergabe, sonnen, baden, essen, trinken<\/a><\/p>\n","protected":false},"excerpt":{"rendered":"<p>Ab jetzt ist Eis nur noch in unseren Drinks und nicht mehr im Wasser&#8230; \ud83d\ude0e Heute Morgen verlie\u00dfen wir das Hotel kurz nach 8. Ich h\u00e4tte den dicken Dodge wieder einmal gerne behalten. In Florida gibt es meist schlechtere Mietw\u00e4gen. &hellip; <a href=\"https:\/\/www.all-for-all.de\/?page_id=4634\">Weiterlesen <span class=\"meta-nav\">&rarr;<\/span><\/a><\/p>\n","protected":false},"author":2,"featured_media":0,"parent":0,"menu_order":0,"comment_status":"closed","ping_status":"open","template":"","meta":{"footnotes":""},"class_list":["post-4634","page","type-page","status-publish","hentry"],"jetpack_sharing_enabled":true,"_links":{"self":[{"href":"https:\/\/www.all-for-all.de\/index.php?rest_route=\/wp\/v2\/pages\/4634","targetHints":{"allow":["GET"]}}],"collection":[{"href":"https:\/\/www.all-for-all.de\/index.php?rest_route=\/wp\/v2\/pages"}],"about":[{"href":"https:\/\/www.all-for-all.de\/index.php?rest_route=\/wp\/v2\/types\/page"}],"author":[{"embeddable":true,"href":"https:\/\/www.all-for-all.de\/index.php?rest_route=\/wp\/v2\/users\/2"}],"replies":[{"embeddable":true,"href":"https:\/\/www.all-for-all.de\/index.php?rest_route=%2Fwp%2Fv2%2Fcomments&post=4634"}],"version-history":[{"count":0,"href":"https:\/\/www.all-for-all.de\/index.php?rest_route=\/wp\/v2\/pages\/4634\/revisions"}],"wp:attachment":[{"href":"https:\/\/www.all-for-all.de\/index.php?rest_route=%2Fwp%2Fv2%2Fmedia&parent=4634"}],"curies":[{"name":"wp","href":"https:\/\/api.w.org\/{rel}","templated":true}]}}