{"id":4614,"date":"2014-05-31T23:59:54","date_gmt":"2014-05-31T22:59:54","guid":{"rendered":"http:\/\/www.all-for-all.de\/?page_id=4614"},"modified":"2015-01-31T20:44:40","modified_gmt":"2015-01-31T19:44:40","slug":"31-05-2014-cape-cod-hyannis-port","status":"publish","type":"page","link":"https:\/\/www.all-for-all.de\/?page_id=4614","title":{"rendered":"31.05.2014, Cape Cod &#8211; Hyannis Port"},"content":{"rendered":"<p>Wir kamen heute sp\u00e4ter los wie sonst. Langsam stellt sich der Schlafrhythmus um. \ud83d\ude09<\/p>\n<p>Wir qu\u00e4lten uns wieder durch den h\u00f6llischen Verkehr in Boston Richtung Cape Cod.<\/p>\n<p><img loading=\"lazy\" decoding=\"async\" class=\"aligncenter wp-image-4620 size-full\" title=\"Verkehrsinfarkt\" src=\"https:\/\/www.all-for-all.de\/wp-content\/uploads\/2014\/05\/P1030233.jpg\" alt=\"Verkehrsinfarkt\" width=\"1024\" height=\"576\" srcset=\"https:\/\/www.all-for-all.de\/wp-content\/uploads\/2014\/05\/P1030233.jpg 1024w, https:\/\/www.all-for-all.de\/wp-content\/uploads\/2014\/05\/P1030233-300x169.jpg 300w, https:\/\/www.all-for-all.de\/wp-content\/uploads\/2014\/05\/P1030233-500x281.jpg 500w\" sizes=\"auto, (max-width: 1024px) 100vw, 1024px\" \/><\/p>\n<p><img loading=\"lazy\" decoding=\"async\" class=\"aligncenter wp-image-4621 size-full\" title=\"Verkehrsinfarkt\" src=\"https:\/\/www.all-for-all.de\/wp-content\/uploads\/2014\/05\/P1030234.jpg\" alt=\"Verkehrsinfarkt\" width=\"1024\" height=\"576\" srcset=\"https:\/\/www.all-for-all.de\/wp-content\/uploads\/2014\/05\/P1030234.jpg 1024w, https:\/\/www.all-for-all.de\/wp-content\/uploads\/2014\/05\/P1030234-300x169.jpg 300w, https:\/\/www.all-for-all.de\/wp-content\/uploads\/2014\/05\/P1030234-500x281.jpg 500w\" sizes=\"auto, (max-width: 1024px) 100vw, 1024px\" \/><\/p>\n<p><img loading=\"lazy\" decoding=\"async\" class=\"aligncenter wp-image-4619 size-full\" title=\"Verkehrsinfarkt\" src=\"https:\/\/www.all-for-all.de\/wp-content\/uploads\/2014\/05\/P1030269.jpg\" alt=\"Verkehrsinfarkt\" width=\"1024\" height=\"576\" srcset=\"https:\/\/www.all-for-all.de\/wp-content\/uploads\/2014\/05\/P1030269.jpg 1024w, https:\/\/www.all-for-all.de\/wp-content\/uploads\/2014\/05\/P1030269-300x169.jpg 300w, https:\/\/www.all-for-all.de\/wp-content\/uploads\/2014\/05\/P1030269-500x281.jpg 500w\" sizes=\"auto, (max-width: 1024px) 100vw, 1024px\" \/><\/p>\n<p>Etwas au\u00dferhalb der Stadtgrenze wird es gleich besser mit dem Verkehr und die Fahrt wurde sogar richtig sch\u00f6n.<\/p>\n<p>Hyannis Port ist wirklich eine sehr noble Gegend. Pr\u00e4chtige H\u00e4user und Privatstr\u00e4nde \u00fcberall. Sah nett aus aber hier geh\u00f6ren wir irgendwie nicht hin. Zumindest kam mir das so vor. \ud83d\ude09<\/p>\n<p><img loading=\"lazy\" decoding=\"async\" class=\"aligncenter wp-image-4624 size-full\" title=\"Hyannis Port\" src=\"https:\/\/www.all-for-all.de\/wp-content\/uploads\/2014\/05\/P1030246.jpg\" alt=\"Hyannis Port\" width=\"1024\" height=\"576\" srcset=\"https:\/\/www.all-for-all.de\/wp-content\/uploads\/2014\/05\/P1030246.jpg 1024w, https:\/\/www.all-for-all.de\/wp-content\/uploads\/2014\/05\/P1030246-300x169.jpg 300w, https:\/\/www.all-for-all.de\/wp-content\/uploads\/2014\/05\/P1030246-500x281.jpg 500w\" sizes=\"auto, (max-width: 1024px) 100vw, 1024px\" \/><\/p>\n<p><img loading=\"lazy\" decoding=\"async\" class=\"aligncenter wp-image-4625 size-full\" title=\"Hyannis Port\" src=\"https:\/\/www.all-for-all.de\/wp-content\/uploads\/2014\/05\/P1030249.jpg\" alt=\"Hyannis Port\" width=\"1024\" height=\"576\" srcset=\"https:\/\/www.all-for-all.de\/wp-content\/uploads\/2014\/05\/P1030249.jpg 1024w, https:\/\/www.all-for-all.de\/wp-content\/uploads\/2014\/05\/P1030249-300x169.jpg 300w, https:\/\/www.all-for-all.de\/wp-content\/uploads\/2014\/05\/P1030249-500x281.jpg 500w\" sizes=\"auto, (max-width: 1024px) 100vw, 1024px\" \/><\/p>\n<p>Wenn uns nicht alles t\u00e4uscht, dann haben wir sogar das ehemalige Ferienhaus der Kennedys gefunden&#8230;<\/p>\n<p><img loading=\"lazy\" decoding=\"async\" class=\"aligncenter wp-image-4623 size-full\" title=\"Hyannis Port\" src=\"https:\/\/www.all-for-all.de\/wp-content\/uploads\/2014\/05\/P1030252.jpg\" alt=\"Hyannis Port\" width=\"1024\" height=\"576\" srcset=\"https:\/\/www.all-for-all.de\/wp-content\/uploads\/2014\/05\/P1030252.jpg 1024w, https:\/\/www.all-for-all.de\/wp-content\/uploads\/2014\/05\/P1030252-300x169.jpg 300w, https:\/\/www.all-for-all.de\/wp-content\/uploads\/2014\/05\/P1030252-500x281.jpg 500w\" sizes=\"auto, (max-width: 1024px) 100vw, 1024px\" \/><\/p>\n<p>Irgendwo auf Cape Cod fanden wir einen ganz brauchbaren Souvenirladen. Hier haben wir uns ein paar nette T-Shirts und bequeme Sweat-Shirts gekauft. Zu einem Schn\u00e4ppchenpreis!<\/p>\n<p>Wir waren keine 10 Minuten gefahren, als der gesamte Verkehr gestoppt wurde. Vor uns fuhr eine riesige Motorradparade los. Zum Gl\u00fcck bogen die &#8222;Easy Rider&#8220; in die andere Richtung ab. Sonst w\u00e4ren wir jetzt noch nicht zur\u00fcck in Boston. <img src=\"https:\/\/www.all-for-all.de\/wp-includes\/images\/smilies\/mrgreen.png\" alt=\":mrgreen:\" class=\"wp-smiley\" style=\"height: 1em; max-height: 1em;\" \/><\/p>\n<p><img loading=\"lazy\" decoding=\"async\" class=\"aligncenter wp-image-4628 size-full\" title=\"Biker Parade\" src=\"https:\/\/www.all-for-all.de\/wp-content\/uploads\/2014\/05\/P1030259.jpg\" alt=\"Biker Parade\" width=\"1024\" height=\"576\" srcset=\"https:\/\/www.all-for-all.de\/wp-content\/uploads\/2014\/05\/P1030259.jpg 1024w, https:\/\/www.all-for-all.de\/wp-content\/uploads\/2014\/05\/P1030259-300x169.jpg 300w, https:\/\/www.all-for-all.de\/wp-content\/uploads\/2014\/05\/P1030259-500x281.jpg 500w\" sizes=\"auto, (max-width: 1024px) 100vw, 1024px\" \/><\/p>\n<p><img loading=\"lazy\" decoding=\"async\" class=\"aligncenter wp-image-4629 size-full\" title=\"Biker Parade\" src=\"https:\/\/www.all-for-all.de\/wp-content\/uploads\/2014\/05\/P1030261.jpg\" alt=\"Biker Parade\" width=\"1024\" height=\"576\" srcset=\"https:\/\/www.all-for-all.de\/wp-content\/uploads\/2014\/05\/P1030261.jpg 1024w, https:\/\/www.all-for-all.de\/wp-content\/uploads\/2014\/05\/P1030261-300x169.jpg 300w, https:\/\/www.all-for-all.de\/wp-content\/uploads\/2014\/05\/P1030261-500x281.jpg 500w\" sizes=\"auto, (max-width: 1024px) 100vw, 1024px\" \/><\/p>\n<p>Gegen 15:00 Uhr waren wir wieder im Hotel. Heute wurden die Koffer neu gepackt und\u00a0das Auto etwas auf Vordermann gebracht.<br \/>\nMorgen geht unser Inlandsflug nach Fort Myers\/Florida. Zeit wird&#8217;s f\u00fcr andere Temperaturen!! Juhu!!<\/p>\n<p>Nachdem wir alles vorbereitet hatten fuhren wir noch einmal den <a href=\"http:\/\/www.fuddruckers.com\/\" target=\"_blank\">Fuddruckers<\/a> an. Wieder war der Burger abartig gut. Der nette Restaurantmanager hat uns auf Nachfrage zwei der Kunststoffbecher kostenlos \u00fcberlassen.<br \/>\nSchade dass es noch keine Filiale in der N\u00e4he von Cape Coral gibt. \ud83d\ude09<\/p>\n<p>Die Spazierfahrt nach Cape Cod\/Hyannis Port schlug heute mit 293,7 Km auf dem Tacho ein. \ud83d\ude42<\/p>\n<p><img loading=\"lazy\" decoding=\"async\" class=\"aligncenter wp-image-4631 size-full\" title=\"Track Boston - Hyannis Port\" src=\"https:\/\/www.all-for-all.de\/wp-content\/uploads\/2014\/05\/Logger_07.jpg\" alt=\"Track Boston - Hyannis Port\" width=\"751\" height=\"721\" srcset=\"https:\/\/www.all-for-all.de\/wp-content\/uploads\/2014\/05\/Logger_07.jpg 751w, https:\/\/www.all-for-all.de\/wp-content\/uploads\/2014\/05\/Logger_07-300x288.jpg 300w, https:\/\/www.all-for-all.de\/wp-content\/uploads\/2014\/05\/Logger_07-312x300.jpg 312w\" sizes=\"auto, (max-width: 751px) 100vw, 751px\" \/><\/p>\n<p>Unser Flug geht morgen um 11:41 Uhr mit JetBlue. Bei dem Verkehr fahren wir besser schon um 08:00 Uhr los zum Flughafen&#8230;<\/p>\n<p>Viele Gr\u00fc\u00dfe<br \/>\nJoa<\/p>\n<p>Zur\u00fcck zu: <a href=\"https:\/\/www.all-for-all.de\/?page_id=4597\">30.05.2014, Aussichtspunkt Boston \u2013 Salem Witch Museum \u2013 Cambridge<\/a><br \/>\nWeiter zu: <a href=\"https:\/\/www.all-for-all.de\/?page_id=4634\">01.06.2014, Boston \u2013 Fort Myers \u2013 Cape Coral<\/a><\/p>\n","protected":false},"excerpt":{"rendered":"<p>Wir kamen heute sp\u00e4ter los wie sonst. Langsam stellt sich der Schlafrhythmus um. \ud83d\ude09 Wir qu\u00e4lten uns wieder durch den h\u00f6llischen Verkehr in Boston Richtung Cape Cod. Etwas au\u00dferhalb der Stadtgrenze wird es gleich besser mit dem Verkehr und die &hellip; <a href=\"https:\/\/www.all-for-all.de\/?page_id=4614\">Weiterlesen <span class=\"meta-nav\">&rarr;<\/span><\/a><\/p>\n","protected":false},"author":2,"featured_media":0,"parent":0,"menu_order":0,"comment_status":"closed","ping_status":"open","template":"","meta":{"footnotes":""},"class_list":["post-4614","page","type-page","status-publish","hentry"],"jetpack_sharing_enabled":true,"_links":{"self":[{"href":"https:\/\/www.all-for-all.de\/index.php?rest_route=\/wp\/v2\/pages\/4614","targetHints":{"allow":["GET"]}}],"collection":[{"href":"https:\/\/www.all-for-all.de\/index.php?rest_route=\/wp\/v2\/pages"}],"about":[{"href":"https:\/\/www.all-for-all.de\/index.php?rest_route=\/wp\/v2\/types\/page"}],"author":[{"embeddable":true,"href":"https:\/\/www.all-for-all.de\/index.php?rest_route=\/wp\/v2\/users\/2"}],"replies":[{"embeddable":true,"href":"https:\/\/www.all-for-all.de\/index.php?rest_route=%2Fwp%2Fv2%2Fcomments&post=4614"}],"version-history":[{"count":0,"href":"https:\/\/www.all-for-all.de\/index.php?rest_route=\/wp\/v2\/pages\/4614\/revisions"}],"wp:attachment":[{"href":"https:\/\/www.all-for-all.de\/index.php?rest_route=%2Fwp%2Fv2%2Fmedia&parent=4614"}],"curies":[{"name":"wp","href":"https:\/\/api.w.org\/{rel}","templated":true}]}}