{"id":4597,"date":"2014-05-30T23:59:32","date_gmt":"2014-05-30T22:59:32","guid":{"rendered":"http:\/\/www.all-for-all.de\/?page_id=4597"},"modified":"2015-05-17T09:45:11","modified_gmt":"2015-05-17T08:45:11","slug":"30-05-2014-aussichtspunkt-boston-salem-witch-museum-cambridge","status":"publish","type":"page","link":"https:\/\/www.all-for-all.de\/?page_id=4597","title":{"rendered":"30.05.2014, Aussichtspunkt Boston &#8211; Salem Witch Museum &#8211; Cambridge"},"content":{"rendered":"<p>Direkt nach dem guten Fr\u00fchst\u00fcck im Hotel steuerten wir einen perfekten Aussichtspunkt mit Blick auf Boston an. Den Tipp erhielten wir von Mr. Meilenschinder. Genial!<\/p>\n<p><img loading=\"lazy\" decoding=\"async\" class=\"aligncenter wp-image-4602 size-full\" title=\"Aussichtspunkt Boston\" src=\"https:\/\/www.all-for-all.de\/wp-content\/uploads\/2014\/05\/P1030199.jpg\" alt=\"Aussichtspunkt Boston\" width=\"1024\" height=\"576\" srcset=\"https:\/\/www.all-for-all.de\/wp-content\/uploads\/2014\/05\/P1030199.jpg 1024w, https:\/\/www.all-for-all.de\/wp-content\/uploads\/2014\/05\/P1030199-300x169.jpg 300w, https:\/\/www.all-for-all.de\/wp-content\/uploads\/2014\/05\/P1030199-500x281.jpg 500w\" sizes=\"auto, (max-width: 1024px) 100vw, 1024px\" \/><\/p>\n<p><img loading=\"lazy\" decoding=\"async\" class=\"aligncenter wp-image-4603 size-full\" title=\"Aussichtspunkt Boston\" src=\"https:\/\/www.all-for-all.de\/wp-content\/uploads\/2014\/05\/P1030210.jpg\" alt=\"Aussichtspunkt Boston\" width=\"1024\" height=\"576\" srcset=\"https:\/\/www.all-for-all.de\/wp-content\/uploads\/2014\/05\/P1030210.jpg 1024w, https:\/\/www.all-for-all.de\/wp-content\/uploads\/2014\/05\/P1030210-300x169.jpg 300w, https:\/\/www.all-for-all.de\/wp-content\/uploads\/2014\/05\/P1030210-500x281.jpg 500w\" sizes=\"auto, (max-width: 1024px) 100vw, 1024px\" \/><\/p>\n<p>Hier war es wirklich wundersch\u00f6n. Man hatte auch eine gute Sicht in die anderen Richtungen&#8230;<\/p>\n<p><img loading=\"lazy\" decoding=\"async\" class=\"aligncenter wp-image-4605 size-full\" title=\"Boje\" src=\"https:\/\/www.all-for-all.de\/wp-content\/uploads\/2014\/05\/P1030216.jpg\" alt=\"Boje\" width=\"1024\" height=\"576\" srcset=\"https:\/\/www.all-for-all.de\/wp-content\/uploads\/2014\/05\/P1030216.jpg 1024w, https:\/\/www.all-for-all.de\/wp-content\/uploads\/2014\/05\/P1030216-300x169.jpg 300w, https:\/\/www.all-for-all.de\/wp-content\/uploads\/2014\/05\/P1030216-500x281.jpg 500w\" sizes=\"auto, (max-width: 1024px) 100vw, 1024px\" \/><\/p>\n<p><img loading=\"lazy\" decoding=\"async\" class=\"aligncenter wp-image-4606 size-full\" title=\"Aussichtspunkt bei Boston\" src=\"https:\/\/www.all-for-all.de\/wp-content\/uploads\/2014\/05\/P1030220.jpg\" alt=\"Aussichtspunkt bei Boston\" width=\"1024\" height=\"576\" srcset=\"https:\/\/www.all-for-all.de\/wp-content\/uploads\/2014\/05\/P1030220.jpg 1024w, https:\/\/www.all-for-all.de\/wp-content\/uploads\/2014\/05\/P1030220-300x169.jpg 300w, https:\/\/www.all-for-all.de\/wp-content\/uploads\/2014\/05\/P1030220-500x281.jpg 500w\" sizes=\"auto, (max-width: 1024px) 100vw, 1024px\" \/><\/p>\n<p><img loading=\"lazy\" decoding=\"async\" class=\"aligncenter wp-image-4607 size-full\" title=\"Aussichtspunkt bei Boston\" src=\"https:\/\/www.all-for-all.de\/wp-content\/uploads\/2014\/05\/P1030223.jpg\" alt=\"Aussichtspunkt bei Boston\" width=\"1024\" height=\"576\" srcset=\"https:\/\/www.all-for-all.de\/wp-content\/uploads\/2014\/05\/P1030223.jpg 1024w, https:\/\/www.all-for-all.de\/wp-content\/uploads\/2014\/05\/P1030223-300x169.jpg 300w, https:\/\/www.all-for-all.de\/wp-content\/uploads\/2014\/05\/P1030223-500x281.jpg 500w\" sizes=\"auto, (max-width: 1024px) 100vw, 1024px\" \/><\/p>\n<p>Hier h\u00e4tten wir es l\u00e4nger ausgehalten aber wir hatten heute ja noch was vor.<br \/>\nDas n\u00e4chste Ziel war das <a href=\"http:\/\/www.salemwitchmuseum.com\/\" target=\"_blank\">Salem Witch Museum<\/a>.<\/p>\n<p><img loading=\"lazy\" decoding=\"async\" class=\"aligncenter wp-image-4609 size-full\" title=\"Salem Witch Museum\" src=\"https:\/\/www.all-for-all.de\/wp-content\/uploads\/2014\/05\/P1030227.jpg\" alt=\"Salem Witch Museum\" width=\"1024\" height=\"576\" srcset=\"https:\/\/www.all-for-all.de\/wp-content\/uploads\/2014\/05\/P1030227.jpg 1024w, https:\/\/www.all-for-all.de\/wp-content\/uploads\/2014\/05\/P1030227-300x169.jpg 300w, https:\/\/www.all-for-all.de\/wp-content\/uploads\/2014\/05\/P1030227-500x281.jpg 500w\" sizes=\"auto, (max-width: 1024px) 100vw, 1024px\" \/><\/p>\n<p>Es gab hier eine nette kleine vollautomatisierte Vorf\u00fchrung \u00fcber die Hexenprozesse in Salem und noch ein paar Fakten \u00fcber sogenannte &#8222;Hexen&#8220; und deren Verfolgung.\u00a0Der angeschlossene Souvenirshop hat an uns auch ein paar Dollar verdient. \ud83d\ude09<br \/>\nWir gingen dann zu Fu\u00df noch ein wenig durch die Stadt, besuchten das Visitor Center und ein paar L\u00e4den. Salem ist ein nettes St\u00e4dtchen.<br \/>\nAls wir Salem verlie\u00dfen war es bereits nach 14:00 Uhr. Die Zeit verging heute abartig schnell.<\/p>\n<p>Wir wollten noch Cambridge ansehen&#8230;<br \/>\nIch bin mittlerweile in all den Urlauben mit dem Mietwagen durch diverse Gro\u00dfst\u00e4dte gefahren. Unter anderem Manhattan, Miami, New Orleans&#8230; aber Boston \u00fcbertrifft vom Verkehr her alles. Stress pur. Viele Baustellen, sehr viel Verkehr und chaotische Stra\u00dfenf\u00fchrung durch, \u00fcber und unter der Stadt durch. Das macht hier keinen Spa\u00df.<br \/>\nAls wir endlich das riesige Universit\u00e4tsgel\u00e4nde erreichten war der Verkehrsinfarkt perfekt. Stop-and-go durchgehend. Wir hatten f\u00fcr heute genug gesehen, scherten aus der Schlange aus\u00a0und verschwanden hier. Wir wollten endlich die Burger von <a href=\"http:\/\/www.fuddruckers.com\/\" target=\"_blank\">Fuddruckers<\/a> testen. \ud83d\ude42<br \/>\nDieses Mal erwischte ich die Einfahrt. Wir betraten das Lokal und kapierten zuerst nicht wie das System funktioniert. Also haben wir gefragt&#8230;<br \/>\nDie Sache ist recht simpel:<br \/>\nMan w\u00e4hlt die gew\u00fcnschte Gr\u00f6\u00dfe des Patties, sagt ob man noch gebratene Zwiebeln oder\u00a0Pilze m\u00f6chte, w\u00e4hlt ein Getr\u00e4nk und bezahlt an der Kasse. Dort erh\u00e4lt man einen funkgesteuerten Alarmdingens mit vielen LEDs und Vibration und geht an einen Sitzplatz. Wenn der Burger fertig ist vibriert und leuchtet das Teil wie verr\u00fcckt. Dann\u00a0geht man los und holt seinen Burger an der Theke ab.\u00a0Danach geht man an eine Zutatentheke und packt sich noch alles m\u00f6gliche auf seinen Burger drauf. Gurken, Salat, Tomaten, Chili, Paprika,\u00a0etc., etc., &#8230;<br \/>\nLetzter Schritt: Burger\u00a0essen <img src=\"https:\/\/www.all-for-all.de\/wp-includes\/images\/smilies\/mrgreen.png\" alt=\":mrgreen:\" class=\"wp-smiley\" style=\"height: 1em; max-height: 1em;\" \/><br \/>\nIch w\u00fcrde sagen dass dieser Burger heute unter den Top3 aller Burger ist die ich je gegessen habe. Endlos lecker!<\/p>\n<p>Es war bereits 20:00 Uhr als wir zur\u00fcck im Hotel waren. Duschen, Bilder sichten, Urlaubstagebuch auf Vordermann bringen&#8230; ausruhen. Ende f\u00fcr heute. \ud83d\ude42<\/p>\n<p>Gefahrene Strecke heute: 121,48 Km<\/p>\n<p><img loading=\"lazy\" decoding=\"async\" class=\"aligncenter wp-image-4612 size-full\" title=\"Track Boston View - Salem -Cambridge\" src=\"https:\/\/www.all-for-all.de\/wp-content\/uploads\/2014\/05\/Logger_06.jpg\" alt=\"Track Boston View - Salem -Cambridge\" width=\"835\" height=\"687\" srcset=\"https:\/\/www.all-for-all.de\/wp-content\/uploads\/2014\/05\/Logger_06.jpg 835w, https:\/\/www.all-for-all.de\/wp-content\/uploads\/2014\/05\/Logger_06-300x247.jpg 300w, https:\/\/www.all-for-all.de\/wp-content\/uploads\/2014\/05\/Logger_06-365x300.jpg 365w\" sizes=\"auto, (max-width: 835px) 100vw, 835px\" \/><\/p>\n<p>Morgen wollen wir nach Cape Cod, nach Hyannis Port fahren. Eine ziemlich noble Gegend in der in den 60ern auch gerne die Kennedys Urlaub machten. \ud83d\ude09<\/p>\n<p>Viele Gr\u00fc\u00dfe<br \/>\nJoa<\/p>\n<p>Zur\u00fcck zu: <a href=\"https:\/\/www.all-for-all.de\/?page_id=4573\">29.05.2014, Utica \u2013 Boston<\/a><br \/>\nWeiter zu: <a href=\"https:\/\/www.all-for-all.de\/?page_id=4614\">31.05.2014, Cape Cod \u2013 Hyannis Port<\/a><\/p>\n","protected":false},"excerpt":{"rendered":"<p>Direkt nach dem guten Fr\u00fchst\u00fcck im Hotel steuerten wir einen perfekten Aussichtspunkt mit Blick auf Boston an. Den Tipp erhielten wir von Mr. Meilenschinder. Genial! Hier war es wirklich wundersch\u00f6n. Man hatte auch eine gute Sicht in die anderen Richtungen&#8230; &hellip; <a href=\"https:\/\/www.all-for-all.de\/?page_id=4597\">Weiterlesen <span class=\"meta-nav\">&rarr;<\/span><\/a><\/p>\n","protected":false},"author":2,"featured_media":0,"parent":0,"menu_order":0,"comment_status":"closed","ping_status":"open","template":"","meta":{"footnotes":""},"class_list":["post-4597","page","type-page","status-publish","hentry"],"jetpack_sharing_enabled":true,"_links":{"self":[{"href":"https:\/\/www.all-for-all.de\/index.php?rest_route=\/wp\/v2\/pages\/4597","targetHints":{"allow":["GET"]}}],"collection":[{"href":"https:\/\/www.all-for-all.de\/index.php?rest_route=\/wp\/v2\/pages"}],"about":[{"href":"https:\/\/www.all-for-all.de\/index.php?rest_route=\/wp\/v2\/types\/page"}],"author":[{"embeddable":true,"href":"https:\/\/www.all-for-all.de\/index.php?rest_route=\/wp\/v2\/users\/2"}],"replies":[{"embeddable":true,"href":"https:\/\/www.all-for-all.de\/index.php?rest_route=%2Fwp%2Fv2%2Fcomments&post=4597"}],"version-history":[{"count":0,"href":"https:\/\/www.all-for-all.de\/index.php?rest_route=\/wp\/v2\/pages\/4597\/revisions"}],"wp:attachment":[{"href":"https:\/\/www.all-for-all.de\/index.php?rest_route=%2Fwp%2Fv2%2Fmedia&parent=4597"}],"curies":[{"name":"wp","href":"https:\/\/api.w.org\/{rel}","templated":true}]}}