{"id":4573,"date":"2014-05-29T23:59:02","date_gmt":"2014-05-29T22:59:02","guid":{"rendered":"http:\/\/www.all-for-all.de\/?page_id=4573"},"modified":"2015-01-27T01:02:49","modified_gmt":"2015-01-27T00:02:49","slug":"29-05-2014-utica-boston","status":"publish","type":"page","link":"https:\/\/www.all-for-all.de\/?page_id=4573","title":{"rendered":"29.05.2014, Utica &#8211; Boston"},"content":{"rendered":"<p>Und schon sind wir in Boston\/Peabody&#8230; \ud83d\ude09<\/p>\n<p>Heute morgen fiel uns die Wahl nicht einfach. Aber wir fr\u00fchst\u00fcckten im Hotel und nicht im Denny\u00b4s nebenan. <img src=\"https:\/\/www.all-for-all.de\/wp-includes\/images\/smilies\/mrgreen.png\" alt=\":mrgreen:\" class=\"wp-smiley\" style=\"height: 1em; max-height: 1em;\" \/><br \/>\nAus-checken, volltanken und ab auf den Highway Richtung Boston. Gestern war es immer leicht bedeckt. Heute\u00a0hatten wir durchgehend bestes Wetter. Die Strecke\u00a0bot immer wieder\u00a0etwas f\u00fcrs Auge&#8230;<\/p>\n<p><img loading=\"lazy\" decoding=\"async\" class=\"aligncenter wp-image-4581 size-full\" title=\"Von Utica nach Boston\" src=\"https:\/\/www.all-for-all.de\/wp-content\/uploads\/2014\/05\/P1030177.jpg\" alt=\"Von Utica nach Boston\" width=\"1024\" height=\"576\" srcset=\"https:\/\/www.all-for-all.de\/wp-content\/uploads\/2014\/05\/P1030177.jpg 1024w, https:\/\/www.all-for-all.de\/wp-content\/uploads\/2014\/05\/P1030177-300x169.jpg 300w, https:\/\/www.all-for-all.de\/wp-content\/uploads\/2014\/05\/P1030177-500x281.jpg 500w\" sizes=\"auto, (max-width: 1024px) 100vw, 1024px\" \/><\/p>\n<p><img loading=\"lazy\" decoding=\"async\" class=\"aligncenter wp-image-4582 size-full\" title=\"Von Utica nach Boston\" src=\"https:\/\/www.all-for-all.de\/wp-content\/uploads\/2014\/05\/P1030179.jpg\" alt=\"Von Utica nach Boston\" width=\"1024\" height=\"576\" srcset=\"https:\/\/www.all-for-all.de\/wp-content\/uploads\/2014\/05\/P1030179.jpg 1024w, https:\/\/www.all-for-all.de\/wp-content\/uploads\/2014\/05\/P1030179-300x169.jpg 300w, https:\/\/www.all-for-all.de\/wp-content\/uploads\/2014\/05\/P1030179-500x281.jpg 500w\" sizes=\"auto, (max-width: 1024px) 100vw, 1024px\" \/><\/p>\n<p><img loading=\"lazy\" decoding=\"async\" class=\"aligncenter wp-image-4583 size-full\" title=\"Von Utica nach Boston\" src=\"https:\/\/www.all-for-all.de\/wp-content\/uploads\/2014\/05\/P1030180.jpg\" alt=\"Von Utica nach Boston\" width=\"1024\" height=\"576\" srcset=\"https:\/\/www.all-for-all.de\/wp-content\/uploads\/2014\/05\/P1030180.jpg 1024w, https:\/\/www.all-for-all.de\/wp-content\/uploads\/2014\/05\/P1030180-300x169.jpg 300w, https:\/\/www.all-for-all.de\/wp-content\/uploads\/2014\/05\/P1030180-500x281.jpg 500w\" sizes=\"auto, (max-width: 1024px) 100vw, 1024px\" \/><\/p>\n<p>Den einzigen Stopp legten wir an einer\u00a0gro\u00dfen Rest Area, ca. 100 Km vor Boston ein. Hier g\u00f6nnten wir uns einen Kaffee und supergeile Donuts von <a href=\"http:\/\/www.dunkindonuts.com\/dunkindonuts\/en.html\/\" target=\"_blank\">Dunkin` Donuts<\/a>. Mhmmmm&#8230; (aber der Kaffee war grausig\u00a0 \ud83d\ude09\u00a0 )<\/p>\n<p><img loading=\"lazy\" decoding=\"async\" class=\"aligncenter wp-image-4585 size-full\" title=\"Dunkin Donuts\" src=\"https:\/\/www.all-for-all.de\/wp-content\/uploads\/2014\/05\/P1030185.jpg\" alt=\"Dunkin Donuts\" width=\"1024\" height=\"576\" srcset=\"https:\/\/www.all-for-all.de\/wp-content\/uploads\/2014\/05\/P1030185.jpg 1024w, https:\/\/www.all-for-all.de\/wp-content\/uploads\/2014\/05\/P1030185-300x169.jpg 300w, https:\/\/www.all-for-all.de\/wp-content\/uploads\/2014\/05\/P1030185-500x281.jpg 500w\" sizes=\"auto, (max-width: 1024px) 100vw, 1024px\" \/><\/p>\n<p>TomTom lotste uns quer durch Boston&#8230; naja &#8230; zu einem gro\u00dfen Teil auch unter Boston hindurch (hier ist irgendwie alles untertunnelt), bis nach Peabody zu unserem gebuchten Hotel. Wir w\u00e4hlten absichtlich ein Hotel au\u00dferhalb von Boston, weil die Hotels in der Innenstadt nicht bezahlbar sind. Zus\u00e4tzlich\u00a0fallen noch Parkgeb\u00fchren an die reiner Wucher sind&#8230;<\/p>\n<p>Nachdem wir unser Zimmer bezogen hatten, ging es sofort wieder los. Es war fr\u00fcher Nachmittag und der Tag wollte genutzt werden. Wir wollten den Atlantik sehen. Au\u00dferdem interessierte uns das St\u00e4dtchen <a href=\"http:\/\/de.wikipedia.org\/wiki\/Hexenprozesse_von_Salem\" target=\"_blank\">Salem<\/a> (bekannt durch seine Hexenprozesse im 17. Jahrhundert.. und auch durch Steven King`s &#8222;Brennen muss Salem&#8220;).<\/p>\n<p>So drehten wir eine ziemlich gro\u00dfe Runde \u00fcber Salem, Swampscott, Nahant und Lynn zur\u00fcck zum Hotel. Vor lauter Begeisterung hat der Co-Pilot vergessen hin und wieder auf den Ausl\u00f6ser der Camera zu dr\u00fccken. So haben wir lediglich Bilder vom Atlantik bei Nahant. \ud83d\ude09<\/p>\n<p><img loading=\"lazy\" decoding=\"async\" class=\"aligncenter wp-image-4587 size-full\" title=\"Atlantik bei Nahant\" src=\"https:\/\/www.all-for-all.de\/wp-content\/uploads\/2014\/05\/P1030190.jpg\" alt=\"Atlantik bei Nahant\" width=\"1024\" height=\"576\" srcset=\"https:\/\/www.all-for-all.de\/wp-content\/uploads\/2014\/05\/P1030190.jpg 1024w, https:\/\/www.all-for-all.de\/wp-content\/uploads\/2014\/05\/P1030190-300x169.jpg 300w, https:\/\/www.all-for-all.de\/wp-content\/uploads\/2014\/05\/P1030190-500x281.jpg 500w\" sizes=\"auto, (max-width: 1024px) 100vw, 1024px\" \/><\/p>\n<p><img loading=\"lazy\" decoding=\"async\" class=\"aligncenter wp-image-4588 size-full\" title=\"Atlantik bei Nahant\" src=\"https:\/\/www.all-for-all.de\/wp-content\/uploads\/2014\/05\/P1030191.jpg\" alt=\"Atlantik bei Nahant\" width=\"1024\" height=\"576\" srcset=\"https:\/\/www.all-for-all.de\/wp-content\/uploads\/2014\/05\/P1030191.jpg 1024w, https:\/\/www.all-for-all.de\/wp-content\/uploads\/2014\/05\/P1030191-300x169.jpg 300w, https:\/\/www.all-for-all.de\/wp-content\/uploads\/2014\/05\/P1030191-500x281.jpg 500w\" sizes=\"auto, (max-width: 1024px) 100vw, 1024px\" \/><\/p>\n<p><img loading=\"lazy\" decoding=\"async\" class=\"aligncenter wp-image-4589 size-full\" title=\"Atlantik bei Nahant\" src=\"https:\/\/www.all-for-all.de\/wp-content\/uploads\/2014\/05\/P1030194.jpg\" alt=\"Atlantik bei Nahant\" width=\"1024\" height=\"576\" srcset=\"https:\/\/www.all-for-all.de\/wp-content\/uploads\/2014\/05\/P1030194.jpg 1024w, https:\/\/www.all-for-all.de\/wp-content\/uploads\/2014\/05\/P1030194-300x169.jpg 300w, https:\/\/www.all-for-all.de\/wp-content\/uploads\/2014\/05\/P1030194-500x281.jpg 500w\" sizes=\"auto, (max-width: 1024px) 100vw, 1024px\" \/><\/p>\n<p>Brrr&#8230;.. der Atlantik ist hier wirklich bitterkalt. Baden?!? Never! Auf gar keinen Fall! Sch\u00f6n war es hier aber trotzdem. \ud83d\ude42<\/p>\n<p>Abendessen gab es heute auf dem Hotelzimmer mit einem Sack voll Cheeseburgern von Mc Donalds. Die lange Anfahrt und die Rundfahrt haben uns sehr m\u00fcde gemacht. Wir wollten zwar noch zum ersten Mal in unserem Leben in einen <a href=\"http:\/\/www.fuddruckers.com\/\" target=\"_blank\">Fuddruckers<\/a> gehen aber ich verpasste die Einfahrt. Da wir auf einer Einbahnstra\u00dfe fuhren w\u00e4re es sicherlich ein Umweg von 10 Km gewesen wieder dorthin zu gelangen. Das war uns dann doch zu stressig. \ud83d\ude09<\/p>\n<p>Gefahrene Strecke inklusive Spazierfahrt heute: 493,00 Km<\/p>\n<p><img loading=\"lazy\" decoding=\"async\" class=\"aligncenter wp-image-4592 size-full\" title=\"Track Utica - Boston\" src=\"https:\/\/www.all-for-all.de\/wp-content\/uploads\/2014\/05\/Logger-Utica-Boston.jpg\" alt=\"Track Utica - Boston\" width=\"1142\" height=\"616\" srcset=\"https:\/\/www.all-for-all.de\/wp-content\/uploads\/2014\/05\/Logger-Utica-Boston.jpg 1142w, https:\/\/www.all-for-all.de\/wp-content\/uploads\/2014\/05\/Logger-Utica-Boston-300x162.jpg 300w, https:\/\/www.all-for-all.de\/wp-content\/uploads\/2014\/05\/Logger-Utica-Boston-1024x552.jpg 1024w, https:\/\/www.all-for-all.de\/wp-content\/uploads\/2014\/05\/Logger-Utica-Boston-500x270.jpg 500w\" sizes=\"auto, (max-width: 1142px) 100vw, 1142px\" \/><\/p>\n<p><img loading=\"lazy\" decoding=\"async\" class=\"aligncenter wp-image-4593 size-full\" title=\"Rundfahrt\" src=\"https:\/\/www.all-for-all.de\/wp-content\/uploads\/2014\/05\/Logger-Rundfahrt.jpg\" alt=\"Logger Rundfahrt\" width=\"852\" height=\"642\" srcset=\"https:\/\/www.all-for-all.de\/wp-content\/uploads\/2014\/05\/Logger-Rundfahrt.jpg 852w, https:\/\/www.all-for-all.de\/wp-content\/uploads\/2014\/05\/Logger-Rundfahrt-300x226.jpg 300w, https:\/\/www.all-for-all.de\/wp-content\/uploads\/2014\/05\/Logger-Rundfahrt-398x300.jpg 398w\" sizes=\"auto, (max-width: 852px) 100vw, 852px\" \/><\/p>\n<p>Morgen besuchen wir das <a href=\"http:\/\/www.salemwitchmuseum.com\/\" target=\"_blank\">Salem Witch Museum<\/a>. Au\u00dferdem wollen wir uns die ber\u00fchmte Universit\u00e4t Cambridge aus der N\u00e4he ansehen.<\/p>\n<p>Viele Gr\u00fc\u00dfe<br \/>\nJoa<\/p>\n<p>Zur\u00fcck zu: <a href=\"https:\/\/www.all-for-all.de\/?page_id=4550\">28.05.2014, Niagara Falls \u2013 USA \u2013 Utica<\/a><br \/>\nWeiter zu: <a href=\"https:\/\/www.all-for-all.de\/?page_id=4597\">30.05.2014, Aussichtspunkt Boston \u2013 Salem Witch Museum \u2013 Cambridge<\/a><\/p>\n","protected":false},"excerpt":{"rendered":"<p>Und schon sind wir in Boston\/Peabody&#8230; \ud83d\ude09 Heute morgen fiel uns die Wahl nicht einfach. Aber wir fr\u00fchst\u00fcckten im Hotel und nicht im Denny\u00b4s nebenan. Aus-checken, volltanken und ab auf den Highway Richtung Boston. Gestern war es immer leicht bedeckt. &hellip; <a href=\"https:\/\/www.all-for-all.de\/?page_id=4573\">Weiterlesen <span class=\"meta-nav\">&rarr;<\/span><\/a><\/p>\n","protected":false},"author":2,"featured_media":0,"parent":0,"menu_order":0,"comment_status":"closed","ping_status":"open","template":"","meta":{"footnotes":""},"class_list":["post-4573","page","type-page","status-publish","hentry"],"jetpack_sharing_enabled":true,"_links":{"self":[{"href":"https:\/\/www.all-for-all.de\/index.php?rest_route=\/wp\/v2\/pages\/4573","targetHints":{"allow":["GET"]}}],"collection":[{"href":"https:\/\/www.all-for-all.de\/index.php?rest_route=\/wp\/v2\/pages"}],"about":[{"href":"https:\/\/www.all-for-all.de\/index.php?rest_route=\/wp\/v2\/types\/page"}],"author":[{"embeddable":true,"href":"https:\/\/www.all-for-all.de\/index.php?rest_route=\/wp\/v2\/users\/2"}],"replies":[{"embeddable":true,"href":"https:\/\/www.all-for-all.de\/index.php?rest_route=%2Fwp%2Fv2%2Fcomments&post=4573"}],"version-history":[{"count":0,"href":"https:\/\/www.all-for-all.de\/index.php?rest_route=\/wp\/v2\/pages\/4573\/revisions"}],"wp:attachment":[{"href":"https:\/\/www.all-for-all.de\/index.php?rest_route=%2Fwp%2Fv2%2Fmedia&parent=4573"}],"curies":[{"name":"wp","href":"https:\/\/api.w.org\/{rel}","templated":true}]}}