{"id":4550,"date":"2014-05-28T23:59:13","date_gmt":"2014-05-28T22:59:13","guid":{"rendered":"http:\/\/www.all-for-all.de\/?page_id=4550"},"modified":"2015-01-26T00:55:07","modified_gmt":"2015-01-25T23:55:07","slug":"28-05-2014-niagara-falls-usa-uttica","status":"publish","type":"page","link":"https:\/\/www.all-for-all.de\/?page_id=4550","title":{"rendered":"28.05.2014, Niagara Falls &#8211; USA &#8211; Utica"},"content":{"rendered":"<p>Ohne Hast oder Hektik haben wir heute in Ruhe aus dem sch\u00f6nen Hotel ausge-checkt. Wir hatten keinen richtig gro\u00dfen Hunger und beschlossen deshalb zuerst den spannenden Teil des Tages hinter uns zu bringen&#8230; Den &#8222;Re-Entry&#8220; in die USA.<br \/>\n\ud83d\ude2f<br \/>\nIn diversen Foren und auch von Leuten die das bereits gemacht haben, haben wir immer wieder gelesen oder geh\u00f6rt, dass das alles kein Problem w\u00e4re. Dennoch machte ich mir Sorgen. Wenn man nur den ganzen Zinnober bedenkt welcher gemacht wird, wenn man mit dem Flugzeug einreist&#8230;<\/p>\n<p>Aber alle Bedenken waren v\u00f6llig unbegr\u00fcndet. Wir fuhren \u00fcber die Br\u00fccke, steuerten eines der Zollh\u00e4uschen an und\u00a0reichten dem Beamten unsere Reisep\u00e4sse.<br \/>\nTja&#8230; er wollte eigentlich nur wissen ob es uns gefallen hat und was unser n\u00e4chstes Ziel w\u00e4re. Dann gab er die Reisep\u00e4sse zur\u00fcck und w\u00fcnschte uns noch einen sch\u00f6nen Urlaub&#8230; und schon waren wir wieder in den USA.<br \/>\nYEAH!<\/p>\n<p><img loading=\"lazy\" decoding=\"async\" class=\"aligncenter wp-image-4564 size-full\" title=\"Br\u00fccke in die USA\" src=\"https:\/\/www.all-for-all.de\/wp-content\/uploads\/2014\/05\/P1020845.jpg\" alt=\"Br\u00fccke in die USA\" width=\"1024\" height=\"576\" srcset=\"https:\/\/www.all-for-all.de\/wp-content\/uploads\/2014\/05\/P1020845.jpg 1024w, https:\/\/www.all-for-all.de\/wp-content\/uploads\/2014\/05\/P1020845-300x169.jpg 300w, https:\/\/www.all-for-all.de\/wp-content\/uploads\/2014\/05\/P1020845-500x281.jpg 500w\" sizes=\"auto, (max-width: 1024px) 100vw, 1024px\" \/><\/p>\n<p>Wir brauchten nun ziemlich dringend Sprit. In Kanada wollten wir nicht mehr tanken. Auf der Suche sahen wir zwangsl\u00e4ufig das amerikanische Niagara Falls&#8230;<br \/>\nKeine Ahnung wie ich das beschreiben soll. Wir kennen die USA als das Land der perfekt inszenierten Shows, der bis ins kleinste Detail gebauten Vergn\u00fcgungsparks, der supertollen Nationalparks, usw, usw&#8230; aber das hier&#8230; schlimme Sache.<br \/>\nHier sollte unserem Empfinden nach dringend etwas gemacht werden. Keine sch\u00f6ne Gegend. Im Vergleich zur kanadischen Seite ganz schlecht aufgezogen.<\/p>\n<p>Mit vollem Tank wollten wir hier nur noch weg. Knapp 20 Km hinter Niagara Falls, in Buffalo, suchten wir uns ein Restaurant f\u00fcr ein Fr\u00fchst\u00fcck. Und welch ein Zufall&#8230; da war ein Denny\u00b4s. <img src=\"https:\/\/www.all-for-all.de\/wp-includes\/images\/smilies\/mrgreen.png\" alt=\":mrgreen:\" class=\"wp-smiley\" style=\"height: 1em; max-height: 1em;\" \/><br \/>\nWas\u00a0unbedingt erw\u00e4hnt\u00a0werden sollte: Das war der beste Denny\u00b4s seit langem! Nagelneu eingerichtet, ultrafreundliche und aufmerksame Bedienung, hier stimmte alles! Dann stimmt auch unser Trinkgeld. \ud83d\ude09<\/p>\n<p>Wir machten dann Meilen auf dem Highway 90 Richtung Osten. Ganz gem\u00fctlich aber stetig&#8230; In Syracuse \u00fcberlegten wir kurz, ob wir uns hier schon ein Hotel suchen sollen. Wir beschlossen dann aber noch ein St\u00fcckchen zu fahren.<\/p>\n<p>Nach \u00fcber 6 Stunden Fahrt, ca. um 16:30 Uhr,\u00a0erreichten wir\u00a0das St\u00e4dtchen Utica. Hier fuhren wir vom Highway ab und wollten uns Essen besorgen. Wir steuerten einen Mc Donalds an, parkten dort&#8230; \u00fcberlegten dann aber ob wir nicht gleich hier ein Hotel suchen sollen. Es war sp\u00e4t genug und wir hatten ungef\u00e4hr den halben Weg bis Boston geschafft.<br \/>\nLaptop raus, kostenloses WLAN vom Mc Donalds aus dem Auto heraus angezapft und nachgesehen was es hier so gibt&#8230;<br \/>\nManchmal muss man Gl\u00fcck haben. Ein Hampton Inn mit freien Zimmern\u00a0und einem Denny\u00b4s direkt daneben! Zimmer online gebucht und gleich das Hotel angesteuert. Unser Zimmer liegt im zweiten Stock und wir haben eine prima Sicht auf unser Auto. <img src=\"https:\/\/www.all-for-all.de\/wp-includes\/images\/smilies\/mrgreen.png\" alt=\":mrgreen:\" class=\"wp-smiley\" style=\"height: 1em; max-height: 1em;\" \/><\/p>\n<p><img loading=\"lazy\" decoding=\"async\" class=\"aligncenter wp-image-4569 size-full\" title=\"Hampton Inn Utica\" src=\"https:\/\/www.all-for-all.de\/wp-content\/uploads\/2014\/05\/P1030174.jpg\" alt=\"Hampton Inn Utica\" width=\"1024\" height=\"576\" srcset=\"https:\/\/www.all-for-all.de\/wp-content\/uploads\/2014\/05\/P1030174.jpg 1024w, https:\/\/www.all-for-all.de\/wp-content\/uploads\/2014\/05\/P1030174-300x169.jpg 300w, https:\/\/www.all-for-all.de\/wp-content\/uploads\/2014\/05\/P1030174-500x281.jpg 500w\" sizes=\"auto, (max-width: 1024px) 100vw, 1024px\" \/><\/p>\n<p><img loading=\"lazy\" decoding=\"async\" class=\"aligncenter wp-image-4568 size-full\" title=\"Hampton Inn Utica\" src=\"https:\/\/www.all-for-all.de\/wp-content\/uploads\/2014\/05\/P1030172.jpg\" alt=\"Hampton Inn Utica\" width=\"1024\" height=\"576\" srcset=\"https:\/\/www.all-for-all.de\/wp-content\/uploads\/2014\/05\/P1030172.jpg 1024w, https:\/\/www.all-for-all.de\/wp-content\/uploads\/2014\/05\/P1030172-300x169.jpg 300w, https:\/\/www.all-for-all.de\/wp-content\/uploads\/2014\/05\/P1030172-500x281.jpg 500w\" sizes=\"auto, (max-width: 1024px) 100vw, 1024px\" \/><\/p>\n<p>Das Abendessen war gewohnt lecker und nun ist f\u00fcr heute Feierabend.<br \/>\nMorgen fahren wir bis Boston! Das Zimmer f\u00fcr die letzten drei Hoteln\u00e4chte in diesem Urlaub ist bereits gebucht. Wir werden im Hampton Inn in Boston\/Peabody wohnen.<\/p>\n<p>Gefahrene Strecke heute: 374,44 Km<\/p>\n<p><img loading=\"lazy\" decoding=\"async\" class=\"aligncenter wp-image-4571 size-full\" title=\"Track Niagara Falls - Buffalo - Utica\" src=\"https:\/\/www.all-for-all.de\/wp-content\/uploads\/2014\/05\/Logger_05.jpg\" alt=\"Track Niagara Falls - Buffalo - Utica\" width=\"1237\" height=\"613\" srcset=\"https:\/\/www.all-for-all.de\/wp-content\/uploads\/2014\/05\/Logger_05.jpg 1237w, https:\/\/www.all-for-all.de\/wp-content\/uploads\/2014\/05\/Logger_05-300x149.jpg 300w, https:\/\/www.all-for-all.de\/wp-content\/uploads\/2014\/05\/Logger_05-1024x507.jpg 1024w, https:\/\/www.all-for-all.de\/wp-content\/uploads\/2014\/05\/Logger_05-500x248.jpg 500w\" sizes=\"auto, (max-width: 1237px) 100vw, 1237px\" \/><\/p>\n<p>Viele Gr\u00fc\u00dfe<br \/>\nJoa<\/p>\n<p>Zur\u00fcck zu: <a href=\"https:\/\/www.all-for-all.de\/?page_id=4508\">27.05.2014, Niagara Falls<\/a><br \/>\nWeiter zu: <a href=\"https:\/\/www.all-for-all.de\/?page_id=4573\">29.05.2014, Utica &#8211; Boston<\/a><\/p>\n","protected":false},"excerpt":{"rendered":"<p>Ohne Hast oder Hektik haben wir heute in Ruhe aus dem sch\u00f6nen Hotel ausge-checkt. Wir hatten keinen richtig gro\u00dfen Hunger und beschlossen deshalb zuerst den spannenden Teil des Tages hinter uns zu bringen&#8230; Den &#8222;Re-Entry&#8220; in die USA. \ud83d\ude2f In &hellip; <a href=\"https:\/\/www.all-for-all.de\/?page_id=4550\">Weiterlesen <span class=\"meta-nav\">&rarr;<\/span><\/a><\/p>\n","protected":false},"author":2,"featured_media":0,"parent":0,"menu_order":0,"comment_status":"closed","ping_status":"open","template":"","meta":{"footnotes":""},"class_list":["post-4550","page","type-page","status-publish","hentry"],"jetpack_sharing_enabled":true,"_links":{"self":[{"href":"https:\/\/www.all-for-all.de\/index.php?rest_route=\/wp\/v2\/pages\/4550","targetHints":{"allow":["GET"]}}],"collection":[{"href":"https:\/\/www.all-for-all.de\/index.php?rest_route=\/wp\/v2\/pages"}],"about":[{"href":"https:\/\/www.all-for-all.de\/index.php?rest_route=\/wp\/v2\/types\/page"}],"author":[{"embeddable":true,"href":"https:\/\/www.all-for-all.de\/index.php?rest_route=\/wp\/v2\/users\/2"}],"replies":[{"embeddable":true,"href":"https:\/\/www.all-for-all.de\/index.php?rest_route=%2Fwp%2Fv2%2Fcomments&post=4550"}],"version-history":[{"count":0,"href":"https:\/\/www.all-for-all.de\/index.php?rest_route=\/wp\/v2\/pages\/4550\/revisions"}],"wp:attachment":[{"href":"https:\/\/www.all-for-all.de\/index.php?rest_route=%2Fwp%2Fv2%2Fmedia&parent=4550"}],"curies":[{"name":"wp","href":"https:\/\/api.w.org\/{rel}","templated":true}]}}