{"id":4508,"date":"2014-05-27T23:59:05","date_gmt":"2014-05-27T22:59:05","guid":{"rendered":"http:\/\/www.all-for-all.de\/?page_id=4508"},"modified":"2015-01-26T19:25:28","modified_gmt":"2015-01-26T18:25:28","slug":"27-05-2014-niagara-falls","status":"publish","type":"page","link":"https:\/\/www.all-for-all.de\/?page_id=4508","title":{"rendered":"27.05.2014, Niagara Falls"},"content":{"rendered":"<p>Ein erlebnisreicher und lustiger Tag geht zu Ende&#8230; \ud83d\ude42<\/p>\n<p>Fr\u00fchst\u00fcck gab es heute im \u00f6rtlichen <a href=\"http:\/\/www.ihopniagarafalls.com\/\" target=\"_blank\">IHOP<\/a>. Das Fr\u00fchst\u00fcck in einem <a href=\"http:\/\/www.ihopniagarafalls.com\/\" target=\"_blank\">IHOP<\/a> kann man wirklich empfehlen. Echt guter Kaffee und leckere Waffeln&#8230;. mhmm<\/p>\n<p>Gut gest\u00e4rkt steuerten wir das &#8222;Falls Welcome Center&#8220; an und kauften die Tickets f\u00fcr die &#8222;Journey Behind the Falls&#8220; f\u00fcr je 16,75 Dollar (+Tax) und stellten uns in die nicht besonders lange Warteschlange. Mit einem Aufzug ging es nach unten zu den Tunneln hinter den Wasserf\u00e4llen. Beim Aussteigen erhielten wir d\u00fcnne gelbe &#8222;Regenm\u00e4ntel&#8220; die den Namen eigentlich nicht verdient haben. Aber sie waren gut genug um nicht komplett durchzuweichen. <img src=\"https:\/\/www.all-for-all.de\/wp-includes\/images\/smilies\/mrgreen.png\" alt=\":mrgreen:\" class=\"wp-smiley\" style=\"height: 1em; max-height: 1em;\" \/><\/p>\n<p><img loading=\"lazy\" decoding=\"async\" class=\"aligncenter wp-image-4517 size-full\" title=\"Welcome Center\" src=\"https:\/\/www.all-for-all.de\/wp-content\/uploads\/2014\/05\/P1020948.jpg\" alt=\"Welcome Center\" width=\"1024\" height=\"576\" srcset=\"https:\/\/www.all-for-all.de\/wp-content\/uploads\/2014\/05\/P1020948.jpg 1024w, https:\/\/www.all-for-all.de\/wp-content\/uploads\/2014\/05\/P1020948-300x169.jpg 300w, https:\/\/www.all-for-all.de\/wp-content\/uploads\/2014\/05\/P1020948-500x281.jpg 500w\" sizes=\"auto, (max-width: 1024px) 100vw, 1024px\" \/><\/p>\n<p><img loading=\"lazy\" decoding=\"async\" class=\"aligncenter wp-image-4518 size-full\" title=\"Journey Behind the Falls\" src=\"https:\/\/www.all-for-all.de\/wp-content\/uploads\/2014\/05\/P1020965.jpg\" alt=\"Journey Behind the Falls\" width=\"1024\" height=\"768\" srcset=\"https:\/\/www.all-for-all.de\/wp-content\/uploads\/2014\/05\/P1020965.jpg 1024w, https:\/\/www.all-for-all.de\/wp-content\/uploads\/2014\/05\/P1020965-300x225.jpg 300w, https:\/\/www.all-for-all.de\/wp-content\/uploads\/2014\/05\/P1020965-400x300.jpg 400w\" sizes=\"auto, (max-width: 1024px) 100vw, 1024px\" \/><\/p>\n<p>An mehreren Stellen wurde ein Durchbruch in den Fels gehauen und\u00a0man sieht direkt von hinten auf die herabst\u00fcrzenden Wassermassen. Ein unglaubliches, permanentes Donnern. Man kann die Wasserkraft direkt sp\u00fcren&#8230;<\/p>\n<p><img loading=\"lazy\" decoding=\"async\" class=\"aligncenter wp-image-4521 size-full\" title=\"Journey Behind the Falls\" src=\"https:\/\/www.all-for-all.de\/wp-content\/uploads\/2014\/05\/P1020961.jpg\" alt=\"Journey Behind the Falls\" width=\"1024\" height=\"768\" srcset=\"https:\/\/www.all-for-all.de\/wp-content\/uploads\/2014\/05\/P1020961.jpg 1024w, https:\/\/www.all-for-all.de\/wp-content\/uploads\/2014\/05\/P1020961-300x225.jpg 300w, https:\/\/www.all-for-all.de\/wp-content\/uploads\/2014\/05\/P1020961-400x300.jpg 400w\" sizes=\"auto, (max-width: 1024px) 100vw, 1024px\" \/><\/p>\n<p>Das Highlight allerdings ist die Besucherplattform direkt unterhalb der Wasserf\u00e4lle. N\u00e4her ran geht kaum noch. Ohrenbet\u00e4ubend! Je nachdem wie der Wind steht atmet man hier mehr Wasser als Luft. <img src=\"https:\/\/www.all-for-all.de\/wp-includes\/images\/smilies\/mrgreen.png\" alt=\":mrgreen:\" class=\"wp-smiley\" style=\"height: 1em; max-height: 1em;\" \/><br \/>\nDer extrem viele Wassernebel hat die meisten Bilder leider nicht besonders gut werden lassen.<\/p>\n<p><img loading=\"lazy\" decoding=\"async\" class=\"aligncenter wp-image-4524 size-full\" title=\"Journey Behind the Falls\" src=\"https:\/\/www.all-for-all.de\/wp-content\/uploads\/2014\/05\/P1020976.jpg\" alt=\"Journey Behind the Falls\" width=\"1024\" height=\"576\" srcset=\"https:\/\/www.all-for-all.de\/wp-content\/uploads\/2014\/05\/P1020976.jpg 1024w, https:\/\/www.all-for-all.de\/wp-content\/uploads\/2014\/05\/P1020976-300x169.jpg 300w, https:\/\/www.all-for-all.de\/wp-content\/uploads\/2014\/05\/P1020976-500x281.jpg 500w\" sizes=\"auto, (max-width: 1024px) 100vw, 1024px\" \/><\/p>\n<p><img loading=\"lazy\" decoding=\"async\" class=\"aligncenter wp-image-4523 size-full\" title=\"Journey Behind the Falls\" src=\"https:\/\/www.all-for-all.de\/wp-content\/uploads\/2014\/05\/P1030040.jpg\" alt=\"Journey Behind the Falls\" width=\"1024\" height=\"576\" srcset=\"https:\/\/www.all-for-all.de\/wp-content\/uploads\/2014\/05\/P1030040.jpg 1024w, https:\/\/www.all-for-all.de\/wp-content\/uploads\/2014\/05\/P1030040-300x169.jpg 300w, https:\/\/www.all-for-all.de\/wp-content\/uploads\/2014\/05\/P1030040-500x281.jpg 500w\" sizes=\"auto, (max-width: 1024px) 100vw, 1024px\" \/>Dann hatten wir f\u00fcr einen Moment Gl\u00fcck. Der Wind dr\u00fcckte den Wassernebel weg, die Sicht wurde besser und sogar die Sonne kam durch. So konnten wir doch noch wenigstens ein paar brauchbare Bilder schie\u00dfen. \ud83d\ude42<\/p>\n<p><img loading=\"lazy\" decoding=\"async\" class=\"aligncenter wp-image-4519 size-full\" title=\"Journey Behind the Falls\" src=\"https:\/\/www.all-for-all.de\/wp-content\/uploads\/2014\/05\/P1030039.jpg\" alt=\"Journey Behind the Falls\" width=\"1024\" height=\"576\" srcset=\"https:\/\/www.all-for-all.de\/wp-content\/uploads\/2014\/05\/P1030039.jpg 1024w, https:\/\/www.all-for-all.de\/wp-content\/uploads\/2014\/05\/P1030039-300x169.jpg 300w, https:\/\/www.all-for-all.de\/wp-content\/uploads\/2014\/05\/P1030039-500x281.jpg 500w\" sizes=\"auto, (max-width: 1024px) 100vw, 1024px\" \/><\/p>\n<p><img loading=\"lazy\" decoding=\"async\" class=\"aligncenter wp-image-4520 size-full\" title=\"Journey Behind the Falls\" src=\"https:\/\/www.all-for-all.de\/wp-content\/uploads\/2014\/05\/P1030041.jpg\" alt=\"Journey Behind the Falls\" width=\"1024\" height=\"576\" srcset=\"https:\/\/www.all-for-all.de\/wp-content\/uploads\/2014\/05\/P1030041.jpg 1024w, https:\/\/www.all-for-all.de\/wp-content\/uploads\/2014\/05\/P1030041-300x169.jpg 300w, https:\/\/www.all-for-all.de\/wp-content\/uploads\/2014\/05\/P1030041-500x281.jpg 500w\" sizes=\"auto, (max-width: 1024px) 100vw, 1024px\" \/><\/p>\n<p>Wie bereits erw\u00e4hnt&#8230; die gelben &#8222;Regenm\u00e4ntel&#8220; haben eher einen psychologischen Effekt. Der Wassernebel dringt in jede \u00d6ffnung der Plastikfolie.. <img src=\"https:\/\/www.all-for-all.de\/wp-includes\/images\/smilies\/mrgreen.png\" alt=\":mrgreen:\" class=\"wp-smiley\" style=\"height: 1em; max-height: 1em;\" \/><br \/>\nUm ein wenig zu trocknen setzten wir\u00a0uns als wir wieder oben waren ein wenig in die Sonne. Von dort kann man die Boote sehen. Diese fahren so weit es geht an die Wasserf\u00e4lle heran, bleiben dort in der starken Str\u00f6mung ein paar Minuten und fahren wieder zur\u00fcck. Es fahren im 15-Minuten-Takt abwechselnd immer ein amerikanisches Boot (blaue Regenm\u00e4ntel) und dann ein kanadisches Boot (rote Regenm\u00e4ntel). Genau das war unser n\u00e4chstes Ziel. \ud83d\ude09<\/p>\n<p><img loading=\"lazy\" decoding=\"async\" class=\"aligncenter wp-image-4529 size-full\" title=\"Hornblower Niagara Cruises\" src=\"https:\/\/www.all-for-all.de\/wp-content\/uploads\/2014\/05\/P1030064.jpg\" alt=\"Hornblower Niagara Cruises\" width=\"1024\" height=\"576\" srcset=\"https:\/\/www.all-for-all.de\/wp-content\/uploads\/2014\/05\/P1030064.jpg 1024w, https:\/\/www.all-for-all.de\/wp-content\/uploads\/2014\/05\/P1030064-300x169.jpg 300w, https:\/\/www.all-for-all.de\/wp-content\/uploads\/2014\/05\/P1030064-500x281.jpg 500w\" sizes=\"auto, (max-width: 1024px) 100vw, 1024px\" \/><\/p>\n<p><img loading=\"lazy\" decoding=\"async\" class=\"aligncenter wp-image-4530 size-full\" title=\"Hornblower Niagara Cruises\" src=\"https:\/\/www.all-for-all.de\/wp-content\/uploads\/2014\/05\/P1030070.jpg\" alt=\"Hornblower Niagara Cruises\" width=\"1024\" height=\"576\" srcset=\"https:\/\/www.all-for-all.de\/wp-content\/uploads\/2014\/05\/P1030070.jpg 1024w, https:\/\/www.all-for-all.de\/wp-content\/uploads\/2014\/05\/P1030070-300x169.jpg 300w, https:\/\/www.all-for-all.de\/wp-content\/uploads\/2014\/05\/P1030070-500x281.jpg 500w\" sizes=\"auto, (max-width: 1024px) 100vw, 1024px\" \/><\/p>\n<p><img loading=\"lazy\" decoding=\"async\" class=\"aligncenter wp-image-4528 size-full\" title=\"Hornblower Niagara Cruises\" src=\"https:\/\/www.all-for-all.de\/wp-content\/uploads\/2014\/05\/P1030071.jpg\" alt=\"Hornblower Niagara Cruises\" width=\"1024\" height=\"576\" srcset=\"https:\/\/www.all-for-all.de\/wp-content\/uploads\/2014\/05\/P1030071.jpg 1024w, https:\/\/www.all-for-all.de\/wp-content\/uploads\/2014\/05\/P1030071-300x169.jpg 300w, https:\/\/www.all-for-all.de\/wp-content\/uploads\/2014\/05\/P1030071-500x281.jpg 500w\" sizes=\"auto, (max-width: 1024px) 100vw, 1024px\" \/><\/p>\n<p>Die Tickets f\u00fcr die &#8222;Hornblower Niagara Cruises&#8220; kosteten 19,95 pro Kopf. Auch das empfinde ich als relativ g\u00fcnstig. Wir haben schon f\u00fcr weniger Leistung weit mehr bezahlt. \ud83d\ude44<br \/>\nNachdem wir die Tickets hatten, ging es wieder mit einem Aufzug nach unten zur Anlegestelle. Dieses Mal erhielten wir rote M\u00fclls\u00e4&#8230; \u00e4h&#8230; Regenm\u00e4ntel. \ud83d\ude1b<\/p>\n<p><img loading=\"lazy\" decoding=\"async\" class=\"aligncenter wp-image-4532 size-full\" title=\"Hornblower Niagara Cruises\" src=\"https:\/\/www.all-for-all.de\/wp-content\/uploads\/2014\/05\/P1030076.jpg\" alt=\"Hornblower Niagara Cruises\" width=\"1024\" height=\"576\" srcset=\"https:\/\/www.all-for-all.de\/wp-content\/uploads\/2014\/05\/P1030076.jpg 1024w, https:\/\/www.all-for-all.de\/wp-content\/uploads\/2014\/05\/P1030076-300x169.jpg 300w, https:\/\/www.all-for-all.de\/wp-content\/uploads\/2014\/05\/P1030076-500x281.jpg 500w\" sizes=\"auto, (max-width: 1024px) 100vw, 1024px\" \/><\/p>\n<p><img loading=\"lazy\" decoding=\"async\" class=\"aligncenter wp-image-4533 size-full\" title=\"Hornblower Niagara Cruises\" src=\"https:\/\/www.all-for-all.de\/wp-content\/uploads\/2014\/05\/P1030090.jpg\" alt=\"Hornblower Niagara Cruises\" width=\"1024\" height=\"576\" srcset=\"https:\/\/www.all-for-all.de\/wp-content\/uploads\/2014\/05\/P1030090.jpg 1024w, https:\/\/www.all-for-all.de\/wp-content\/uploads\/2014\/05\/P1030090-300x169.jpg 300w, https:\/\/www.all-for-all.de\/wp-content\/uploads\/2014\/05\/P1030090-500x281.jpg 500w\" sizes=\"auto, (max-width: 1024px) 100vw, 1024px\" \/><\/p>\n<p><img loading=\"lazy\" decoding=\"async\" class=\"aligncenter wp-image-4534 size-full\" title=\"Hornblower Niagara Cruises\" src=\"https:\/\/www.all-for-all.de\/wp-content\/uploads\/2014\/05\/P1030094.jpg\" alt=\"Hornblower Niagara Cruises\" width=\"1024\" height=\"576\" srcset=\"https:\/\/www.all-for-all.de\/wp-content\/uploads\/2014\/05\/P1030094.jpg 1024w, https:\/\/www.all-for-all.de\/wp-content\/uploads\/2014\/05\/P1030094-300x169.jpg 300w, https:\/\/www.all-for-all.de\/wp-content\/uploads\/2014\/05\/P1030094-500x281.jpg 500w\" sizes=\"auto, (max-width: 1024px) 100vw, 1024px\" \/>Mehr Bilder gibt es von der Bootsfahrt leider nicht&#8230; Ich habe die Camera gut in einem Ziplock-Beutel verstaut. Das hat\u00a0ihr das Leben\u00a0gerettet. Alles komplett nass bis auf die Haut. Wir standen ganz vorne am Bug des Bootes&#8230; unbeschreiblich. Teilweise konnte man wirklich nicht mehr atmen. Das hatte etwas von ertrinken&#8230; <img src=\"https:\/\/www.all-for-all.de\/wp-includes\/images\/smilies\/mrgreen.png\" alt=\":mrgreen:\" class=\"wp-smiley\" style=\"height: 1em; max-height: 1em;\" \/><\/p>\n<p>Wir liefen zum Auto zur\u00fcck und besuchten noch den sogenannten &#8222;Whirlpool&#8220;. Dieser befindet sich ein gutes St\u00fcck unterhalb der Wasserf\u00e4lle und wird optisch seinem Namen irgendwie gerecht. Hier k\u00f6nnte man mit einer Seilbahn auf die andere Seite fahren. Aber darauf hatten wir keine Lust.<\/p>\n<p><img loading=\"lazy\" decoding=\"async\" class=\"aligncenter wp-image-4537 size-full\" title=\"Whirlpool\" src=\"https:\/\/www.all-for-all.de\/wp-content\/uploads\/2014\/05\/P1030099.jpg\" alt=\"Whirlpool\" width=\"1024\" height=\"576\" srcset=\"https:\/\/www.all-for-all.de\/wp-content\/uploads\/2014\/05\/P1030099.jpg 1024w, https:\/\/www.all-for-all.de\/wp-content\/uploads\/2014\/05\/P1030099-300x169.jpg 300w, https:\/\/www.all-for-all.de\/wp-content\/uploads\/2014\/05\/P1030099-500x281.jpg 500w\" sizes=\"auto, (max-width: 1024px) 100vw, 1024px\" \/><\/p>\n<p>Wir entdeckten dann noch einen ziemlich gro\u00dfen Gift Shop den wir gr\u00fcndlich durchsuchten. K\u00fchlschrankmagnete! Juhu! \ud83d\ude42<\/p>\n<p><img loading=\"lazy\" decoding=\"async\" class=\"aligncenter wp-image-4538 size-full\" title=\"Souvenir City\" src=\"https:\/\/www.all-for-all.de\/wp-content\/uploads\/2014\/05\/P1030104.jpg\" alt=\"Souvenir City\" width=\"1024\" height=\"576\" srcset=\"https:\/\/www.all-for-all.de\/wp-content\/uploads\/2014\/05\/P1030104.jpg 1024w, https:\/\/www.all-for-all.de\/wp-content\/uploads\/2014\/05\/P1030104-300x169.jpg 300w, https:\/\/www.all-for-all.de\/wp-content\/uploads\/2014\/05\/P1030104-500x281.jpg 500w\" sizes=\"auto, (max-width: 1024px) 100vw, 1024px\" \/><\/p>\n<p>Wir\u00a0bekamen\u00a0nun richtig dicken Hunger. Es war schon sp\u00e4ter Nachmittag\/fr\u00fcher Abend und das Fr\u00fchst\u00fcck war sehr lange her. Warum nicht nochmal den IHOP von heute Morgen besuchen? Klang nach einem guten Plan. Also nix wie hin&#8230;.<br \/>\nTjaaa&#8230; Der Laden hat leider nur bis 14:00 Uhr ge\u00f6ffnet. Denen muss es echt zu gut gehen hier. Egal.. erst einmal zur\u00fcck ins Hotel. Umziehen. Die Klamotten waren noch nicht trocken. Wir wollten \u00fcber Google Earth\u00a0nachsehen was uns in direkter N\u00e4he zum Hotel Essbares geboten wird.<br \/>\nDort fanden wir tats\u00e4chlich einen weiteren IHOP, direkt im Nachbarhotel. Trifft sich gut dachten wir, lie\u00dfen das Auto in der Tiefgarage stehen und gingen zu Fu\u00df hin.<br \/>\nTjaaaa&#8230; hehehe. Auch hier war geschlossen. \ud83d\ude44<br \/>\nAber dann entdeckten wir schr\u00e4g gegen\u00fcber das unverkennbare Symbol der <a href=\"http:\/\/www.applebees.com\/\" target=\"_blank\">Applebee`s Restaurantkette<\/a>. Dort hatten wir schon gut gegessen.<br \/>\nUnd so war es wieder. Prima dicke 1A-Burger zu einem fairen Preis!<\/p>\n<p>Sch\u00f6n satt verlie\u00dfen wir das <a href=\"http:\/\/www.applebees.com\/\" target=\"_blank\">Applebee\u00b4s<\/a>&#8230; und kamen in einen richtig dicken fetten Wolkenbruch den wir in der Einfahrt einer Tiefgarage abwarteten. Wieder nass&#8230; f\u00fcr heute war es genug. <img src=\"https:\/\/www.all-for-all.de\/wp-includes\/images\/smilies\/mrgreen.png\" alt=\":mrgreen:\" class=\"wp-smiley\" style=\"height: 1em; max-height: 1em;\" \/><\/p>\n<p>Zur\u00fcck im Hotel mussten wir nicht sehr lange warten bis es dunkel wurde. Wir zogen nochmals los um die Wasserf\u00e4lle nachts aus der N\u00e4he zu sehen. Unser Parkplatzticket galt noch den ganzen Tag. So war das Auto schnell abgestellt und wir konnten ausgiebig schauen&#8230;<\/p>\n<p><img loading=\"lazy\" decoding=\"async\" class=\"aligncenter wp-image-4547 size-full\" title=\"Niagara at night\" src=\"https:\/\/www.all-for-all.de\/wp-content\/uploads\/2014\/05\/P1030126.jpg\" alt=\"Niagara at night\" width=\"1024\" height=\"768\" srcset=\"https:\/\/www.all-for-all.de\/wp-content\/uploads\/2014\/05\/P1030126.jpg 1024w, https:\/\/www.all-for-all.de\/wp-content\/uploads\/2014\/05\/P1030126-300x225.jpg 300w, https:\/\/www.all-for-all.de\/wp-content\/uploads\/2014\/05\/P1030126-400x300.jpg 400w\" sizes=\"auto, (max-width: 1024px) 100vw, 1024px\" \/><\/p>\n<p><img loading=\"lazy\" decoding=\"async\" class=\"aligncenter wp-image-4546 size-full\" title=\"Niagara at night\" src=\"https:\/\/www.all-for-all.de\/wp-content\/uploads\/2014\/05\/P1030123.jpg\" alt=\"Niagara at night\" width=\"1024\" height=\"768\" srcset=\"https:\/\/www.all-for-all.de\/wp-content\/uploads\/2014\/05\/P1030123.jpg 1024w, https:\/\/www.all-for-all.de\/wp-content\/uploads\/2014\/05\/P1030123-300x225.jpg 300w, https:\/\/www.all-for-all.de\/wp-content\/uploads\/2014\/05\/P1030123-400x300.jpg 400w\" sizes=\"auto, (max-width: 1024px) 100vw, 1024px\" \/><\/p>\n<p><img loading=\"lazy\" decoding=\"async\" class=\"aligncenter wp-image-4545 size-full\" title=\"Niagara at night\" src=\"https:\/\/www.all-for-all.de\/wp-content\/uploads\/2014\/05\/P1030108.jpg\" alt=\"Niagara at night\" width=\"1024\" height=\"576\" srcset=\"https:\/\/www.all-for-all.de\/wp-content\/uploads\/2014\/05\/P1030108.jpg 1024w, https:\/\/www.all-for-all.de\/wp-content\/uploads\/2014\/05\/P1030108-300x169.jpg 300w, https:\/\/www.all-for-all.de\/wp-content\/uploads\/2014\/05\/P1030108-500x281.jpg 500w\" sizes=\"auto, (max-width: 1024px) 100vw, 1024px\" \/><\/p>\n<p><img loading=\"lazy\" decoding=\"async\" class=\"aligncenter wp-image-4543 size-full\" title=\"Niagara at night\" src=\"https:\/\/www.all-for-all.de\/wp-content\/uploads\/2014\/05\/P1030140.jpg\" alt=\"Niagara at night\" width=\"1024\" height=\"768\" srcset=\"https:\/\/www.all-for-all.de\/wp-content\/uploads\/2014\/05\/P1030140.jpg 1024w, https:\/\/www.all-for-all.de\/wp-content\/uploads\/2014\/05\/P1030140-300x225.jpg 300w, https:\/\/www.all-for-all.de\/wp-content\/uploads\/2014\/05\/P1030140-400x300.jpg 400w\" sizes=\"auto, (max-width: 1024px) 100vw, 1024px\" \/><\/p>\n<p><img loading=\"lazy\" decoding=\"async\" class=\"aligncenter wp-image-4544 size-full\" title=\"Niagara at night\" src=\"https:\/\/www.all-for-all.de\/wp-content\/uploads\/2014\/05\/P1030155.jpg\" alt=\"Niagara at night\" width=\"1024\" height=\"768\" srcset=\"https:\/\/www.all-for-all.de\/wp-content\/uploads\/2014\/05\/P1030155.jpg 1024w, https:\/\/www.all-for-all.de\/wp-content\/uploads\/2014\/05\/P1030155-300x225.jpg 300w, https:\/\/www.all-for-all.de\/wp-content\/uploads\/2014\/05\/P1030155-400x300.jpg 400w\" sizes=\"auto, (max-width: 1024px) 100vw, 1024px\" \/><\/p>\n<p>Schaut schon gut aus nachts&#8230; \ud83d\ude42<\/p>\n<p>Morgen \u00fcberqueren wir die Br\u00fccke zur\u00fcck in die USA. Ich bin schon leicht nerv\u00f6s ob alles glatt geht. \ud83d\ude10<\/p>\n<p>Unser n\u00e4chstes gr\u00f6\u00dferes Ziel ist nun Boston. Die gesamte Strecke w\u00e4re nur \u00fcber eine 800 km lange Gewaltfahrt machbar. Wir haben uns dagegen entschlossen. Wir sind im Urlaub, da muss das nicht sein. Wir werden uns bis Boston 2 Tage Zeit nehmen.<\/p>\n<p>Viele Gr\u00fc\u00dfe<br \/>\nJoa<\/p>\n<p>Zur\u00fcck zu: <a href=\"https:\/\/www.all-for-all.de\/?page_id=4457\">26.05.2014, Toronto \u2013 CN Tower \u2013 Niagara Falls<\/a><br \/>\nWeiter zu: <a href=\"https:\/\/www.all-for-all.de\/?page_id=4550\">28.05.2014, Niagara Falls \u2013 USA \u2013 Utica<\/a><\/p>\n","protected":false},"excerpt":{"rendered":"<p>Ein erlebnisreicher und lustiger Tag geht zu Ende&#8230; \ud83d\ude42 Fr\u00fchst\u00fcck gab es heute im \u00f6rtlichen IHOP. Das Fr\u00fchst\u00fcck in einem IHOP kann man wirklich empfehlen. Echt guter Kaffee und leckere Waffeln&#8230;. mhmm Gut gest\u00e4rkt steuerten wir das &#8222;Falls Welcome Center&#8220; &hellip; <a href=\"https:\/\/www.all-for-all.de\/?page_id=4508\">Weiterlesen <span class=\"meta-nav\">&rarr;<\/span><\/a><\/p>\n","protected":false},"author":2,"featured_media":0,"parent":0,"menu_order":0,"comment_status":"closed","ping_status":"open","template":"","meta":{"footnotes":""},"class_list":["post-4508","page","type-page","status-publish","hentry"],"jetpack_sharing_enabled":true,"_links":{"self":[{"href":"https:\/\/www.all-for-all.de\/index.php?rest_route=\/wp\/v2\/pages\/4508","targetHints":{"allow":["GET"]}}],"collection":[{"href":"https:\/\/www.all-for-all.de\/index.php?rest_route=\/wp\/v2\/pages"}],"about":[{"href":"https:\/\/www.all-for-all.de\/index.php?rest_route=\/wp\/v2\/types\/page"}],"author":[{"embeddable":true,"href":"https:\/\/www.all-for-all.de\/index.php?rest_route=\/wp\/v2\/users\/2"}],"replies":[{"embeddable":true,"href":"https:\/\/www.all-for-all.de\/index.php?rest_route=%2Fwp%2Fv2%2Fcomments&post=4508"}],"version-history":[{"count":0,"href":"https:\/\/www.all-for-all.de\/index.php?rest_route=\/wp\/v2\/pages\/4508\/revisions"}],"wp:attachment":[{"href":"https:\/\/www.all-for-all.de\/index.php?rest_route=%2Fwp%2Fv2%2Fmedia&parent=4508"}],"curies":[{"name":"wp","href":"https:\/\/api.w.org\/{rel}","templated":true}]}}