{"id":4457,"date":"2014-05-26T23:59:28","date_gmt":"2014-05-26T22:59:28","guid":{"rendered":"http:\/\/www.all-for-all.de\/?page_id=4457"},"modified":"2015-01-23T18:51:40","modified_gmt":"2015-01-23T17:51:40","slug":"26-05-2014-toronto-cn-tower-niagara-falls","status":"publish","type":"page","link":"https:\/\/www.all-for-all.de\/?page_id=4457","title":{"rendered":"26.05.2014, Toronto &#8211; CN Tower &#8211; Niagara Falls"},"content":{"rendered":"<p>Gleich morgens nach dem Aufstehen suchten wir uns etwas Essbares. Das war irgendwie gar nicht so einfach. Bereits gestern als wir uns noch einen Caramel Macchiato besorgten, sahen wir nicht wirklich eine Burgerbude oder etwas \u00c4hnliches. Mehr zuf\u00e4llig entdeckten wir an einer Art U-Bahntreppe ein Mc Donalds &#8211; Schild.<br \/>\nWenn wir nichts anderes finden, dann soll es eben ein Mc Donalds sein dachten wir und liefen die Treppen hinab&#8230;<br \/>\nPl\u00f6tzlich standen wir in einer sehr gro\u00dfen Fress-Meile. Hier gab es alles&#8230; Das konnte man von oben gar nicht ahnen. \ud83d\ude42<br \/>\nWir entschieden uns f\u00fcr ein Fr\u00fchst\u00fcck mit Bratkartoffeln, Spiegelei und Speck sowie einem Kaffee. F\u00fcr den Preis war das Essen ok. Kein Umhauer &#8230; aber ok \ud83d\ude09<\/p>\n<p>Wieder oben, im Tageslicht, steuerten wir direkt den CN Tower an. Wir waren fast die ersten an der Kasse. Wir mussten aber noch 15 Minuten bis zur \u00d6ffnung warten.<\/p>\n<p><img loading=\"lazy\" decoding=\"async\" class=\"aligncenter wp-image-4467 size-full\" title=\"Eingang CN Tower \" src=\"https:\/\/www.all-for-all.de\/wp-content\/uploads\/2014\/05\/P1020673.jpg\" alt=\"Eingang CN Tower \" width=\"1024\" height=\"576\" srcset=\"https:\/\/www.all-for-all.de\/wp-content\/uploads\/2014\/05\/P1020673.jpg 1024w, https:\/\/www.all-for-all.de\/wp-content\/uploads\/2014\/05\/P1020673-300x169.jpg 300w, https:\/\/www.all-for-all.de\/wp-content\/uploads\/2014\/05\/P1020673-500x281.jpg 500w\" sizes=\"auto, (max-width: 1024px) 100vw, 1024px\" \/><\/p>\n<p>Aber dann ging es zackzack. Tickets bis ganz nach oben gel\u00f6st, eine Etage nach oben, Taschen durchsuchen lassen *nerv*, rein in den Express-Aufzug und mit H\u00f6chstgeschwindigkeit nach oben.<\/p>\n<p>Bestes Wetter! Die Aussicht von da oben ist schon toll&#8230; wow!<\/p>\n<p><img loading=\"lazy\" decoding=\"async\" class=\"aligncenter wp-image-4469 size-full\" title=\"Aussicht vom CN Tower\" src=\"https:\/\/www.all-for-all.de\/wp-content\/uploads\/2014\/05\/P1020736.jpg\" alt=\"Aussicht vom CN Tower\" width=\"1024\" height=\"576\" srcset=\"https:\/\/www.all-for-all.de\/wp-content\/uploads\/2014\/05\/P1020736.jpg 1024w, https:\/\/www.all-for-all.de\/wp-content\/uploads\/2014\/05\/P1020736-300x169.jpg 300w, https:\/\/www.all-for-all.de\/wp-content\/uploads\/2014\/05\/P1020736-500x281.jpg 500w\" sizes=\"auto, (max-width: 1024px) 100vw, 1024px\" \/><\/p>\n<p><img loading=\"lazy\" decoding=\"async\" class=\"aligncenter wp-image-4470 size-full\" title=\"Aussicht vom CN Tower\" src=\"https:\/\/www.all-for-all.de\/wp-content\/uploads\/2014\/05\/P1020739.jpg\" alt=\"Aussicht vom CN Tower\" width=\"1024\" height=\"576\" srcset=\"https:\/\/www.all-for-all.de\/wp-content\/uploads\/2014\/05\/P1020739.jpg 1024w, https:\/\/www.all-for-all.de\/wp-content\/uploads\/2014\/05\/P1020739-300x169.jpg 300w, https:\/\/www.all-for-all.de\/wp-content\/uploads\/2014\/05\/P1020739-500x281.jpg 500w\" sizes=\"auto, (max-width: 1024px) 100vw, 1024px\" \/><\/p>\n<p><img loading=\"lazy\" decoding=\"async\" class=\"aligncenter wp-image-4471 size-full\" title=\"Aussicht vom CN Tower\" src=\"https:\/\/www.all-for-all.de\/wp-content\/uploads\/2014\/05\/P1020740.jpg\" alt=\"Aussicht vom CN Tower\" width=\"1024\" height=\"576\" srcset=\"https:\/\/www.all-for-all.de\/wp-content\/uploads\/2014\/05\/P1020740.jpg 1024w, https:\/\/www.all-for-all.de\/wp-content\/uploads\/2014\/05\/P1020740-300x169.jpg 300w, https:\/\/www.all-for-all.de\/wp-content\/uploads\/2014\/05\/P1020740-500x281.jpg 500w\" sizes=\"auto, (max-width: 1024px) 100vw, 1024px\" \/><\/p>\n<p>Ausnahmsweise gibt es heute sogar ein Bild von uns&#8230; \ud83d\ude09<\/p>\n<p><img loading=\"lazy\" decoding=\"async\" class=\"aligncenter wp-image-4473 size-full\" title=\"Auf dem CN Tower\" src=\"https:\/\/www.all-for-all.de\/wp-content\/uploads\/2014\/05\/P1020760.jpg\" alt=\"Auf dem CN Tower\" width=\"1024\" height=\"576\" srcset=\"https:\/\/www.all-for-all.de\/wp-content\/uploads\/2014\/05\/P1020760.jpg 1024w, https:\/\/www.all-for-all.de\/wp-content\/uploads\/2014\/05\/P1020760-300x169.jpg 300w, https:\/\/www.all-for-all.de\/wp-content\/uploads\/2014\/05\/P1020760-500x281.jpg 500w\" sizes=\"auto, (max-width: 1024px) 100vw, 1024px\" \/><\/p>\n<p>Dort oben gibt es einen Bereich mit Glasboden&#8230; da darf man als ausgewachsener m\u00e4nnlicher Nordeurop\u00e4er mit 100Kg Lebendgewicht auf gar keinen Fall rauftreten. Nie! Nur kleinen M\u00e4dchen ist das erlaubt&#8230; \ud83d\ude33<\/p>\n<p><img loading=\"lazy\" decoding=\"async\" class=\"aligncenter wp-image-4475 size-full\" title=\"Glasboden ... kompletter Wahnsinn! :-D\" src=\"https:\/\/www.all-for-all.de\/wp-content\/uploads\/2014\/05\/P1020745.jpg\" alt=\"Glasboden ... kompletter Wahnsinn! :-D\" width=\"1024\" height=\"576\" srcset=\"https:\/\/www.all-for-all.de\/wp-content\/uploads\/2014\/05\/P1020745.jpg 1024w, https:\/\/www.all-for-all.de\/wp-content\/uploads\/2014\/05\/P1020745-300x169.jpg 300w, https:\/\/www.all-for-all.de\/wp-content\/uploads\/2014\/05\/P1020745-500x281.jpg 500w\" sizes=\"auto, (max-width: 1024px) 100vw, 1024px\" \/><\/p>\n<p>Nachdem wir uns ausgiebig in alle Richtungen umgesehen hatten, l\u00f6sten wir unsere Tickets f\u00fcr ganz nach oben ein&#8230;<br \/>\nGanz oben kann man nicht mehr ins Freie. Dort ist alles dick verglast. Das tut der Aussicht aber keinen Abbruch. \ud83d\ude09<\/p>\n<p><img loading=\"lazy\" decoding=\"async\" class=\"aligncenter wp-image-4478 size-full\" title=\"Aussicht von ganz oben\" src=\"https:\/\/www.all-for-all.de\/wp-content\/uploads\/2014\/05\/P1020770.jpg\" alt=\"Aussicht von ganz oben\" width=\"1024\" height=\"576\" srcset=\"https:\/\/www.all-for-all.de\/wp-content\/uploads\/2014\/05\/P1020770.jpg 1024w, https:\/\/www.all-for-all.de\/wp-content\/uploads\/2014\/05\/P1020770-300x169.jpg 300w, https:\/\/www.all-for-all.de\/wp-content\/uploads\/2014\/05\/P1020770-500x281.jpg 500w\" sizes=\"auto, (max-width: 1024px) 100vw, 1024px\" \/><\/p>\n<p><img loading=\"lazy\" decoding=\"async\" class=\"aligncenter wp-image-4479 size-full\" title=\"Aussicht von ganz oben\" src=\"https:\/\/www.all-for-all.de\/wp-content\/uploads\/2014\/05\/P1020772.jpg\" alt=\"Aussicht von ganz oben\" width=\"1024\" height=\"576\" srcset=\"https:\/\/www.all-for-all.de\/wp-content\/uploads\/2014\/05\/P1020772.jpg 1024w, https:\/\/www.all-for-all.de\/wp-content\/uploads\/2014\/05\/P1020772-300x169.jpg 300w, https:\/\/www.all-for-all.de\/wp-content\/uploads\/2014\/05\/P1020772-500x281.jpg 500w\" sizes=\"auto, (max-width: 1024px) 100vw, 1024px\" \/><\/p>\n<p><img loading=\"lazy\" decoding=\"async\" class=\"aligncenter wp-image-4477 size-full\" title=\"Aussicht von ganz oben\" src=\"https:\/\/www.all-for-all.de\/wp-content\/uploads\/2014\/05\/P1020779.jpg\" alt=\"Aussicht von ganz oben\" width=\"1024\" height=\"576\" srcset=\"https:\/\/www.all-for-all.de\/wp-content\/uploads\/2014\/05\/P1020779.jpg 1024w, https:\/\/www.all-for-all.de\/wp-content\/uploads\/2014\/05\/P1020779-300x169.jpg 300w, https:\/\/www.all-for-all.de\/wp-content\/uploads\/2014\/05\/P1020779-500x281.jpg 500w\" sizes=\"auto, (max-width: 1024px) 100vw, 1024px\" \/><\/p>\n<p><img loading=\"lazy\" decoding=\"async\" class=\"aligncenter wp-image-4481 size-full\" title=\"Aussicht von ganz oben\" src=\"https:\/\/www.all-for-all.de\/wp-content\/uploads\/2014\/05\/P1020789.jpg\" alt=\"Aussicht von ganz oben\" width=\"1024\" height=\"576\" srcset=\"https:\/\/www.all-for-all.de\/wp-content\/uploads\/2014\/05\/P1020789.jpg 1024w, https:\/\/www.all-for-all.de\/wp-content\/uploads\/2014\/05\/P1020789-300x169.jpg 300w, https:\/\/www.all-for-all.de\/wp-content\/uploads\/2014\/05\/P1020789-500x281.jpg 500w\" sizes=\"auto, (max-width: 1024px) 100vw, 1024px\" \/><\/p>\n<p>Irgendwann hatten wir genug und der Aufzug brachte uns wieder nach unten.<br \/>\nBye bye CN Tower!<\/p>\n<p><img loading=\"lazy\" decoding=\"async\" class=\"aligncenter wp-image-4482 size-full\" title=\"CN Tower\" src=\"https:\/\/www.all-for-all.de\/wp-content\/uploads\/2014\/05\/P1020796.jpg\" alt=\"CN Tower\" width=\"1024\" height=\"576\" srcset=\"https:\/\/www.all-for-all.de\/wp-content\/uploads\/2014\/05\/P1020796.jpg 1024w, https:\/\/www.all-for-all.de\/wp-content\/uploads\/2014\/05\/P1020796-300x169.jpg 300w, https:\/\/www.all-for-all.de\/wp-content\/uploads\/2014\/05\/P1020796-500x281.jpg 500w\" sizes=\"auto, (max-width: 1024px) 100vw, 1024px\" \/><\/p>\n<p>Durch das Tiefgaragen-Koffer-Debakel von gestern h\u00e4tten wir ja heute erst um 15:00 Uhr aus-checken m\u00fcssen. Aber uns hielt nichts mehr in Toronto. Wir wollten nun endlich die Niagara Wasserf\u00e4lle sehen. Gegen Mittag fuhren wir ab.<br \/>\nDie Fahrt verlief zu einem gro\u00dfen St\u00fcck am Lake Ontario entlang, bis wir schlie\u00dflich unser bereits vorab gebuchtes Hilton im\u00a0kanadischen Niagara Falls erreichten.<br \/>\nAm Check-in erhielten wir ein Eckzimmer im 27. Stockwerk des S\u00fcdturms. Koffer in den Aufzug&#8230; nach oben&#8230; Zimmert\u00fcr auf&#8230; BOAH!<\/p>\n<p>Vor uns das Casino, links die US Amerikanische Seite und rechts die Kanadische Seite der Niagara F\u00e4lle&#8230; Hammer!<\/p>\n<p><img loading=\"lazy\" decoding=\"async\" class=\"aligncenter wp-image-4486 size-full\" title=\"Niagara Wasserf\u00e4lle\" src=\"https:\/\/www.all-for-all.de\/wp-content\/uploads\/2014\/05\/P1020825.jpg\" alt=\"Niagara Wasserf\u00e4lle\" width=\"1024\" height=\"576\" srcset=\"https:\/\/www.all-for-all.de\/wp-content\/uploads\/2014\/05\/P1020825.jpg 1024w, https:\/\/www.all-for-all.de\/wp-content\/uploads\/2014\/05\/P1020825-300x169.jpg 300w, https:\/\/www.all-for-all.de\/wp-content\/uploads\/2014\/05\/P1020825-500x281.jpg 500w\" sizes=\"auto, (max-width: 1024px) 100vw, 1024px\" \/><\/p>\n<p>As wir uns im Zimmer eingerichtet hatten, zogen wir sofort wieder los. Ab zu den Wasserf\u00e4llen!<\/p>\n<p>Es gibt nicht die richtigen Worte um das zu beschreiben&#8230;. Wir wollten schon immer hierher, haben es immer wieder verschoben &#8230; und jetzt sind wir da.<br \/>\nBilder sind hier besser wie lange Texte. \ud83d\ude09<\/p>\n<p><img loading=\"lazy\" decoding=\"async\" class=\"aligncenter wp-image-4490 size-full\" title=\"Niagara Falls\" src=\"https:\/\/www.all-for-all.de\/wp-content\/uploads\/2014\/05\/P1020843.jpg\" alt=\"Niagara Falls\" width=\"1024\" height=\"576\" srcset=\"https:\/\/www.all-for-all.de\/wp-content\/uploads\/2014\/05\/P1020843.jpg 1024w, https:\/\/www.all-for-all.de\/wp-content\/uploads\/2014\/05\/P1020843-300x169.jpg 300w, https:\/\/www.all-for-all.de\/wp-content\/uploads\/2014\/05\/P1020843-500x281.jpg 500w\" sizes=\"auto, (max-width: 1024px) 100vw, 1024px\" \/><\/p>\n<p><img loading=\"lazy\" decoding=\"async\" class=\"aligncenter wp-image-4492 size-full\" title=\"Niagara Falls\" src=\"https:\/\/www.all-for-all.de\/wp-content\/uploads\/2014\/05\/P1020863.jpg\" alt=\"Niagara Falls\" width=\"1024\" height=\"576\" srcset=\"https:\/\/www.all-for-all.de\/wp-content\/uploads\/2014\/05\/P1020863.jpg 1024w, https:\/\/www.all-for-all.de\/wp-content\/uploads\/2014\/05\/P1020863-300x169.jpg 300w, https:\/\/www.all-for-all.de\/wp-content\/uploads\/2014\/05\/P1020863-500x281.jpg 500w\" sizes=\"auto, (max-width: 1024px) 100vw, 1024px\" \/><\/p>\n<p><img loading=\"lazy\" decoding=\"async\" class=\"aligncenter wp-image-4494 size-full\" title=\"Niagara Falls\" src=\"https:\/\/www.all-for-all.de\/wp-content\/uploads\/2014\/05\/P1020862.jpg\" alt=\"Niagara Falls\" width=\"1024\" height=\"576\" srcset=\"https:\/\/www.all-for-all.de\/wp-content\/uploads\/2014\/05\/P1020862.jpg 1024w, https:\/\/www.all-for-all.de\/wp-content\/uploads\/2014\/05\/P1020862-300x169.jpg 300w, https:\/\/www.all-for-all.de\/wp-content\/uploads\/2014\/05\/P1020862-500x281.jpg 500w\" sizes=\"auto, (max-width: 1024px) 100vw, 1024px\" \/><\/p>\n<p><img loading=\"lazy\" decoding=\"async\" class=\"aligncenter wp-image-4495 size-full\" title=\"Niagara Falls\" src=\"https:\/\/www.all-for-all.de\/wp-content\/uploads\/2014\/05\/P1030046.jpg\" alt=\"Niagara Falls\" width=\"1024\" height=\"576\" srcset=\"https:\/\/www.all-for-all.de\/wp-content\/uploads\/2014\/05\/P1030046.jpg 1024w, https:\/\/www.all-for-all.de\/wp-content\/uploads\/2014\/05\/P1030046-300x169.jpg 300w, https:\/\/www.all-for-all.de\/wp-content\/uploads\/2014\/05\/P1030046-500x281.jpg 500w\" sizes=\"auto, (max-width: 1024px) 100vw, 1024px\" \/><\/p>\n<p><img loading=\"lazy\" decoding=\"async\" class=\"aligncenter wp-image-4497 size-full\" title=\"Niagara Falls\" src=\"https:\/\/www.all-for-all.de\/wp-content\/uploads\/2014\/05\/P1030072.jpg\" alt=\"Niagara Falls\" width=\"1024\" height=\"576\" srcset=\"https:\/\/www.all-for-all.de\/wp-content\/uploads\/2014\/05\/P1030072.jpg 1024w, https:\/\/www.all-for-all.de\/wp-content\/uploads\/2014\/05\/P1030072-300x169.jpg 300w, https:\/\/www.all-for-all.de\/wp-content\/uploads\/2014\/05\/P1030072-500x281.jpg 500w\" sizes=\"auto, (max-width: 1024px) 100vw, 1024px\" \/><\/p>\n<p>Es gibt hier mehrere &#8222;Attractions&#8220;, welche man\u00a0entweder alle einzeln oder \u00fcber einen &#8222;Adventure Pass&#8220; bezahlen muss. Wir haben uns vorab nicht \u00fcber die Preise erkundigt, waren dann aber doch positiv \u00fcberrascht. Wir hatten h\u00f6here Preise erwartet.<br \/>\nF\u00fcr uns kamen ohnehin nur zwei der f\u00fcnf Attraktionen in Frage:<br \/>\n<span style=\"color: #00ff00;\">&#8211; <strong>Journey Behind the Falls<\/strong><\/span><br \/>\nHier l\u00e4uft man durch ein Tunnelsystem welches hinter den\u00a0kanadischen Wasserf\u00e4llen in den Fels gegraben wurde.<br \/>\n<span style=\"color: #00ff00;\"><strong>&#8211; Hornblower Niagara Cruises<\/strong><\/span><br \/>\nEin absolutes Muss! Man f\u00e4hrt mit einem Boot so nahe wie m\u00f6glich an die\u00a0kanadischen Wasserf\u00e4lle heran.<\/p>\n<p>Heute war es zu sp\u00e4t dazu, wir hatten m\u00e4chtigen Hunger und waren obendrein auch recht m\u00fcde. Wir steuerten daher unseren ersten kanadischen Denny`s an und lie\u00dfen es uns schmecken. Die Qualit\u00e4t war wie immer einwandfrei aber das war definitiv das letzte Mal. Alles was recht ist&#8230; Lage hin oder her.. aber fast 100% Preisaufschlag im Vergleich zum Rest dieser Restaurantkette gehen gar nicht klar. F\u00fcr 2 Burger und 2 Getr\u00e4nke umgerechnet 55 US Dollar zu verlangen ist absoluter Wucher.<br \/>\nWitzig war der \u00e4ltere Herr den wir hier kennen lernten. Er wanderte bereits 1950 von Ulm in Deutschland nach Kanada aus. Verstanden hat er noch jedes Wort. Deutsch zu sprechen fiel ihm aber schon sehr schwer. Die Welt ist halt doch sehr klein. \ud83d\ude09<\/p>\n<p>Nach dem Essen fuhren wir noch ein wenig im Ort spazieren. Hier ist alles komplett auf den Tourismus ausgerichtet. Klar&#8230; wenn nicht hier, wo sonst? Wir fanden es insbesondere im Ortszentrum aber beinahe schon zu viel des Guten.<\/p>\n<p>Erst als die Sonne\u00a0beinahe untergegangen\u00a0war, erreichten wir unser Hotelzimmer. Der Anblick der farblich beleuchteten Wasserf\u00e4lle ist schon toll. Leider kommt das auf den Bildern gar nicht richtig r\u00fcber. Vielleicht liegt es auch an der Ausr\u00fcstung&#8230; oder dem K\u00f6nnen. hehehe<\/p>\n<p><img loading=\"lazy\" decoding=\"async\" class=\"aligncenter wp-image-4501 size-full\" title=\"Niagara Falls at night\" src=\"https:\/\/www.all-for-all.de\/wp-content\/uploads\/2014\/05\/P1020883.jpg\" alt=\"Niagara Falls at night\" width=\"1024\" height=\"576\" srcset=\"https:\/\/www.all-for-all.de\/wp-content\/uploads\/2014\/05\/P1020883.jpg 1024w, https:\/\/www.all-for-all.de\/wp-content\/uploads\/2014\/05\/P1020883-300x169.jpg 300w, https:\/\/www.all-for-all.de\/wp-content\/uploads\/2014\/05\/P1020883-500x281.jpg 500w\" sizes=\"auto, (max-width: 1024px) 100vw, 1024px\" \/><\/p>\n<p><img loading=\"lazy\" decoding=\"async\" class=\"aligncenter wp-image-4502 size-full\" title=\"Niagara Falls at night\" src=\"https:\/\/www.all-for-all.de\/wp-content\/uploads\/2014\/05\/P1020891.jpg\" alt=\"Niagara Falls at night\" width=\"1024\" height=\"768\" srcset=\"https:\/\/www.all-for-all.de\/wp-content\/uploads\/2014\/05\/P1020891.jpg 1024w, https:\/\/www.all-for-all.de\/wp-content\/uploads\/2014\/05\/P1020891-300x225.jpg 300w, https:\/\/www.all-for-all.de\/wp-content\/uploads\/2014\/05\/P1020891-400x300.jpg 400w\" sizes=\"auto, (max-width: 1024px) 100vw, 1024px\" \/><\/p>\n<p><img loading=\"lazy\" decoding=\"async\" class=\"aligncenter wp-image-4503 size-full\" title=\"Niagara Falls at night\" src=\"https:\/\/www.all-for-all.de\/wp-content\/uploads\/2014\/05\/P1020904.jpg\" alt=\"Niagara Falls at night\" width=\"1024\" height=\"768\" srcset=\"https:\/\/www.all-for-all.de\/wp-content\/uploads\/2014\/05\/P1020904.jpg 1024w, https:\/\/www.all-for-all.de\/wp-content\/uploads\/2014\/05\/P1020904-300x225.jpg 300w, https:\/\/www.all-for-all.de\/wp-content\/uploads\/2014\/05\/P1020904-400x300.jpg 400w\" sizes=\"auto, (max-width: 1024px) 100vw, 1024px\" \/><\/p>\n<p><img loading=\"lazy\" decoding=\"async\" class=\"aligncenter wp-image-4504 size-full\" title=\"Niagara Falls at night\" src=\"https:\/\/www.all-for-all.de\/wp-content\/uploads\/2014\/05\/P1020918.jpg\" alt=\"Niagara Falls at night\" width=\"1024\" height=\"768\" srcset=\"https:\/\/www.all-for-all.de\/wp-content\/uploads\/2014\/05\/P1020918.jpg 1024w, https:\/\/www.all-for-all.de\/wp-content\/uploads\/2014\/05\/P1020918-300x225.jpg 300w, https:\/\/www.all-for-all.de\/wp-content\/uploads\/2014\/05\/P1020918-400x300.jpg 400w\" sizes=\"auto, (max-width: 1024px) 100vw, 1024px\" \/><\/p>\n<p>Nachts h\u00f6rt man die Wasserf\u00e4lle sogar bis ins Hotelzimmer&#8230; \ud83d\ude09<br \/>\nWas noch auff\u00e4llt: &#8222;Dr\u00fcben&#8220; auf der anderen Seite, in den USA, ist kaum Leuchtreklame zu sehen. Auch stehen dort lang nicht so viele Hotelbauten wie hier auf der kanadischen Seite. Komisch&#8230; Die Weltmeister im Showbusiness und dann das? \ud83d\ude09<\/p>\n<p>Gefahrene Strecke heute: 135,37 Km<\/p>\n<p><img loading=\"lazy\" decoding=\"async\" class=\"aligncenter wp-image-4506 size-full\" title=\"Track Toronto - Niagara Falls\" src=\"https:\/\/www.all-for-all.de\/wp-content\/uploads\/2014\/05\/Logger-Toronto-Niagara-Falls.jpg\" alt=\"Logger Toronto - Niagara Falls\" width=\"1040\" height=\"722\" srcset=\"https:\/\/www.all-for-all.de\/wp-content\/uploads\/2014\/05\/Logger-Toronto-Niagara-Falls.jpg 1040w, https:\/\/www.all-for-all.de\/wp-content\/uploads\/2014\/05\/Logger-Toronto-Niagara-Falls-300x208.jpg 300w, https:\/\/www.all-for-all.de\/wp-content\/uploads\/2014\/05\/Logger-Toronto-Niagara-Falls-1024x711.jpg 1024w, https:\/\/www.all-for-all.de\/wp-content\/uploads\/2014\/05\/Logger-Toronto-Niagara-Falls-432x300.jpg 432w\" sizes=\"auto, (max-width: 1040px) 100vw, 1040px\" \/><\/p>\n<p>Morgen werden wir nass vermute ich. \ud83d\ude09<\/p>\n<p>Viele Gr\u00fc\u00dfe<br \/>\nJoa<\/p>\n<p>Zur\u00fcck zu: <a href=\"https:\/\/www.all-for-all.de\/?page_id=4422\">25.05.2014, Bay City \u2013 Toronto<\/a><br \/>\nWeiter zu: <a href=\"https:\/\/www.all-for-all.de\/?page_id=4508\">27.05.2014, Niagara Falls<\/a><\/p>\n","protected":false},"excerpt":{"rendered":"<p>Gleich morgens nach dem Aufstehen suchten wir uns etwas Essbares. Das war irgendwie gar nicht so einfach. Bereits gestern als wir uns noch einen Caramel Macchiato besorgten, sahen wir nicht wirklich eine Burgerbude oder etwas \u00c4hnliches. Mehr zuf\u00e4llig entdeckten wir &hellip; <a href=\"https:\/\/www.all-for-all.de\/?page_id=4457\">Weiterlesen <span class=\"meta-nav\">&rarr;<\/span><\/a><\/p>\n","protected":false},"author":2,"featured_media":0,"parent":0,"menu_order":0,"comment_status":"closed","ping_status":"open","template":"","meta":{"footnotes":""},"class_list":["post-4457","page","type-page","status-publish","hentry"],"jetpack_sharing_enabled":true,"_links":{"self":[{"href":"https:\/\/www.all-for-all.de\/index.php?rest_route=\/wp\/v2\/pages\/4457","targetHints":{"allow":["GET"]}}],"collection":[{"href":"https:\/\/www.all-for-all.de\/index.php?rest_route=\/wp\/v2\/pages"}],"about":[{"href":"https:\/\/www.all-for-all.de\/index.php?rest_route=\/wp\/v2\/types\/page"}],"author":[{"embeddable":true,"href":"https:\/\/www.all-for-all.de\/index.php?rest_route=\/wp\/v2\/users\/2"}],"replies":[{"embeddable":true,"href":"https:\/\/www.all-for-all.de\/index.php?rest_route=%2Fwp%2Fv2%2Fcomments&post=4457"}],"version-history":[{"count":0,"href":"https:\/\/www.all-for-all.de\/index.php?rest_route=\/wp\/v2\/pages\/4457\/revisions"}],"wp:attachment":[{"href":"https:\/\/www.all-for-all.de\/index.php?rest_route=%2Fwp%2Fv2%2Fmedia&parent=4457"}],"curies":[{"name":"wp","href":"https:\/\/api.w.org\/{rel}","templated":true}]}}