{"id":4422,"date":"2014-05-25T23:59:41","date_gmt":"2014-05-25T22:59:41","guid":{"rendered":"http:\/\/www.all-for-all.de\/?page_id=4422"},"modified":"2015-01-22T20:12:28","modified_gmt":"2015-01-22T19:12:28","slug":"25-05-2014-bay-city-toronto","status":"publish","type":"page","link":"https:\/\/www.all-for-all.de\/?page_id=4422","title":{"rendered":"25.05.2014, Bay City &#8211; Toronto"},"content":{"rendered":"<p>Wir sind in Canada&#8230; in Toronto&#8230; im InterContinental Hotel&#8230; im 21. Stock&#8230; mit tollem Blick auf den CN Tower. Wahnsinnige Aussicht!<\/p>\n<p>Aber wie immer alles der Reihe nach&#8230; \ud83d\ude0e<\/p>\n<p>Nachdem wir aufgewacht waren mussten wir uns entscheiden. Detroit oder nicht&#8230;<br \/>\nWir entschieden uns gegen Detroit. Die Gr\u00fcnde haben wir gestern bereist aufgef\u00fchrt. Der Hauptgrund allerdings ist, dass der Grenz\u00fcbergang nach Canada bei Detroit immer extrem voll ist und man ohne Weiteres bis zu 2h im Stau stehen kann. Darauf hatten wir so richtig gar keine Lust. Wir entschieden uns den Grenz\u00fcbergang bei Sarnia zu nutzen. Dieser ist laut Internet der am wenigsten frequentierte.<\/p>\n<p>Fr\u00fchst\u00fcck gab es im gleichen Denny`s in dem wir gestern zu Abend gegessen haben. Dieses Mal lag er aber beinahe direkt auf dem Weg.<\/p>\n<p>Weiter ging es \u00fcber Flint, Richtung Grenze nach Sarnia. Canada kam immer n\u00e4her&#8230;<\/p>\n<p><img loading=\"lazy\" decoding=\"async\" class=\"aligncenter wp-image-4429 size-full\" title=\"Last Exit\" src=\"https:\/\/www.all-for-all.de\/wp-content\/uploads\/2014\/05\/Last-Exit.jpg\" alt=\"Last Exit\" width=\"1448\" height=\"662\" srcset=\"https:\/\/www.all-for-all.de\/wp-content\/uploads\/2014\/05\/Last-Exit.jpg 1448w, https:\/\/www.all-for-all.de\/wp-content\/uploads\/2014\/05\/Last-Exit-300x137.jpg 300w, https:\/\/www.all-for-all.de\/wp-content\/uploads\/2014\/05\/Last-Exit-1024x468.jpg 1024w, https:\/\/www.all-for-all.de\/wp-content\/uploads\/2014\/05\/Last-Exit-500x229.jpg 500w\" sizes=\"auto, (max-width: 1448px) 100vw, 1448px\" \/><\/p>\n<p><img loading=\"lazy\" decoding=\"async\" class=\"aligncenter wp-image-4432 size-full\" title=\"Richtung Canada\" src=\"https:\/\/www.all-for-all.de\/wp-content\/uploads\/2014\/05\/P1020597.jpg\" alt=\"Richtung Canada\" width=\"1024\" height=\"576\" srcset=\"https:\/\/www.all-for-all.de\/wp-content\/uploads\/2014\/05\/P1020597.jpg 1024w, https:\/\/www.all-for-all.de\/wp-content\/uploads\/2014\/05\/P1020597-300x169.jpg 300w, https:\/\/www.all-for-all.de\/wp-content\/uploads\/2014\/05\/P1020597-500x281.jpg 500w\" sizes=\"auto, (max-width: 1024px) 100vw, 1024px\" \/><\/p>\n<p><img loading=\"lazy\" decoding=\"async\" class=\"aligncenter wp-image-4431 size-full\" title=\"Richtung Canada\" src=\"https:\/\/www.all-for-all.de\/wp-content\/uploads\/2014\/05\/P1020598.jpg\" alt=\"Richtung Canada\" width=\"1024\" height=\"576\" srcset=\"https:\/\/www.all-for-all.de\/wp-content\/uploads\/2014\/05\/P1020598.jpg 1024w, https:\/\/www.all-for-all.de\/wp-content\/uploads\/2014\/05\/P1020598-300x169.jpg 300w, https:\/\/www.all-for-all.de\/wp-content\/uploads\/2014\/05\/P1020598-500x281.jpg 500w\" sizes=\"auto, (max-width: 1024px) 100vw, 1024px\" \/><\/p>\n<p>Es ging noch \u00fcber eine kleinere Br\u00fccke&#8230;<\/p>\n<p><img loading=\"lazy\" decoding=\"async\" class=\"aligncenter wp-image-4434 size-full\" title=\"Bridge To Canada\" src=\"https:\/\/www.all-for-all.de\/wp-content\/uploads\/2014\/05\/P1020600.jpg\" alt=\"Bridge To Canada\" width=\"1024\" height=\"576\" srcset=\"https:\/\/www.all-for-all.de\/wp-content\/uploads\/2014\/05\/P1020600.jpg 1024w, https:\/\/www.all-for-all.de\/wp-content\/uploads\/2014\/05\/P1020600-300x169.jpg 300w, https:\/\/www.all-for-all.de\/wp-content\/uploads\/2014\/05\/P1020600-500x281.jpg 500w\" sizes=\"auto, (max-width: 1024px) 100vw, 1024px\" \/><\/p>\n<p>&#8230; und schon standen wir an dem Kontrollh\u00e4uschen eines Kanadischen Grenzbeamten. Dieser wollte lediglich wissen ob wir Waffen oder Munition dabei haben, wohin wir m\u00f6chten und wie lange wir bleiben wollen. Nachdem wir die Sache mit den Waffen verneinten, Toronto als unser Ziel genannt hatten und ihm sagten, dass wir drei Tage bleiben w\u00fcrden, w\u00fcnschte man uns einen wundersch\u00f6nen Urlaub&#8230; und das war es.<br \/>\nWas hatten wir nicht alles gelesen&#8230; Sch\u00e4rfste Kontrollen des gesamten Gep\u00e4cks und des Autos auf\u00a0Obst, Fleisch und\u00a0Gem\u00fcse, Fingerabdr\u00fccke, Fotos,&#8230; und&#8230; und&#8230; und&#8230;<br \/>\nNichts dergleichen war! Sehr sch\u00f6n. So ging die ganze Einreiseprozedur innerhalb von 3 Minuten \u00fcber die B\u00fchne.<\/p>\n<p>In Canada ist man als Autofahrer dann wieder gefordert. In den USA wird einem das Denken im Auto schon sehr stark abgenommen. \u00dcberall Warnschilder &#8230; &#8222;Achtung glatt hier&#8220;, &#8222;Vorsicht blabla da&#8220;, &#8222;Schau hierhin&#8230;!&#8220; und so weiter und so fort.<br \/>\nDas ist in Canada wieder ein klein wenig anders und man muss einfach mehr aufpassen und in einem gewissen Ma\u00dfe wieder selber denken. <img src=\"https:\/\/www.all-for-all.de\/wp-includes\/images\/smilies\/mrgreen.png\" alt=\":mrgreen:\" class=\"wp-smiley\" style=\"height: 1em; max-height: 1em;\" \/><\/p>\n<p>Obwohl heute Sonntag war, verdichtete sich der Verkehr kurz vor Toronto immer mehr. In der Innenstadt wurde es dann richtig stressig. Stop-and-go \u00fcber mehrere Kilometer bis vor unser gebuchtes InterContinental in der Innenstadt.<\/p>\n<p><img loading=\"lazy\" decoding=\"async\" class=\"aligncenter wp-image-4436 size-full\" title=\"Stop-and-go\" src=\"https:\/\/www.all-for-all.de\/wp-content\/uploads\/2014\/05\/P1020620.jpg\" alt=\"Stop-and-go\" width=\"1024\" height=\"576\" srcset=\"https:\/\/www.all-for-all.de\/wp-content\/uploads\/2014\/05\/P1020620.jpg 1024w, https:\/\/www.all-for-all.de\/wp-content\/uploads\/2014\/05\/P1020620-300x169.jpg 300w, https:\/\/www.all-for-all.de\/wp-content\/uploads\/2014\/05\/P1020620-500x281.jpg 500w\" sizes=\"auto, (max-width: 1024px) 100vw, 1024px\" \/><\/p>\n<p><img loading=\"lazy\" decoding=\"async\" class=\"aligncenter wp-image-4438 size-full\" title=\"InterContinental Toronto\" src=\"https:\/\/www.all-for-all.de\/wp-content\/uploads\/2014\/05\/P1020722.jpg\" alt=\"InterContinental Toronto\" width=\"1024\" height=\"576\" srcset=\"https:\/\/www.all-for-all.de\/wp-content\/uploads\/2014\/05\/P1020722.jpg 1024w, https:\/\/www.all-for-all.de\/wp-content\/uploads\/2014\/05\/P1020722-300x169.jpg 300w, https:\/\/www.all-for-all.de\/wp-content\/uploads\/2014\/05\/P1020722-500x281.jpg 500w\" sizes=\"auto, (max-width: 1024px) 100vw, 1024px\" \/><\/p>\n<p>Der Clown, der hier den Namen &#8222;Wagenmeister&#8220;\u00a0\u00fcberhaupt nicht verdient hat, hat uns dann ein dickes Ei gelegt. Dar\u00fcber k\u00f6nnte ich mich noch immer aufregen&#8230;.<br \/>\nAls wir vor das Hotel fuhren, wurden wir gefragt ob wir eine Reservierung h\u00e4tten.<br \/>\nReservierung hatten wir.\u00a0Die n\u00e4chste Frage war ob wir unser Auto heute nochmals ben\u00f6tigen w\u00fcrden. Das haben wir verneint&#8230;<br \/>\nDann sei es das Beste, wenn wir unser Auto in der Tiefgarage unter dem Hotel abstellen w\u00fcrden. Wir k\u00f6nnten dann durch die Tiefgarage zur\u00a0Rezeption gehen und einchecken. Super! Klang zuerst recht gut&#8230;<br \/>\nDummerweise war die Tiefgarage wirklich so brechend voll, dass wir bis ins\u00a0allerunterste Parkdeck ins allerletzte Eck fahren mussten. Das alleine ist ja noch kein Beinbruch&#8230; aber es gab aus der Tiefgarage heraus keinen Aufzug! Nur ein sehr schmales Treppenhaus durch das wir unsere dicken Koffer zerren mussten. Erst ab dem zweiten Untergeschoss war ein Aufzug vorhanden. Fix und fertig &#8230; und stocksauer&#8230; kamen wir an der Rezeption an.<br \/>\nAuf meine Beschwerde hin schenkte man uns einen &#8222;late-check-out&#8220; f\u00fcr den n\u00e4chsten Tag. Das bedeutet, dass wir morgen erst um 15:00 Uhr aus-checken m\u00fcssen. Immerhin&#8230; \ud83d\udc7f<\/p>\n<p>Der Blick aus unserem Zimmer entsch\u00e4digte uns auch ein kleines bisschen f\u00fcr die Strapaze.\u00a0Wir haben genau den CN Tower und den Lake Ontario vor der Nase. <img src=\"https:\/\/www.all-for-all.de\/wp-includes\/images\/smilies\/mrgreen.png\" alt=\":mrgreen:\" class=\"wp-smiley\" style=\"height: 1em; max-height: 1em;\" \/><\/p>\n<p><img loading=\"lazy\" decoding=\"async\" class=\"aligncenter wp-image-4440 size-full\" title=\"Aussicht aus dem Hotelzimmer\" src=\"https:\/\/www.all-for-all.de\/wp-content\/uploads\/2014\/05\/P1020625.jpg\" alt=\"Aussicht aus dem Hotelzimmer\" width=\"1024\" height=\"576\" srcset=\"https:\/\/www.all-for-all.de\/wp-content\/uploads\/2014\/05\/P1020625.jpg 1024w, https:\/\/www.all-for-all.de\/wp-content\/uploads\/2014\/05\/P1020625-300x169.jpg 300w, https:\/\/www.all-for-all.de\/wp-content\/uploads\/2014\/05\/P1020625-500x281.jpg 500w\" sizes=\"auto, (max-width: 1024px) 100vw, 1024px\" \/><\/p>\n<p><img loading=\"lazy\" decoding=\"async\" class=\"aligncenter wp-image-4441 size-full\" title=\"CN Tower\" src=\"https:\/\/www.all-for-all.de\/wp-content\/uploads\/2014\/05\/P1020720.jpg\" alt=\"CN Tower\" width=\"576\" height=\"1024\" srcset=\"https:\/\/www.all-for-all.de\/wp-content\/uploads\/2014\/05\/P1020720.jpg 576w, https:\/\/www.all-for-all.de\/wp-content\/uploads\/2014\/05\/P1020720-169x300.jpg 169w\" sizes=\"auto, (max-width: 576px) 100vw, 576px\" \/><\/p>\n<p>Wir hielten uns nicht erst lange im Zimmer auf. Wir wollten die Stadt ein wenig erkunden und zogen los auf den Platz vor dem CN Tower. Dort war einiges geboten und man konnte den Tower in voller Gr\u00f6\u00dfe bewundern.<\/p>\n<p><img loading=\"lazy\" decoding=\"async\" class=\"aligncenter wp-image-4443 size-full\" title=\"Toronto\" src=\"https:\/\/www.all-for-all.de\/wp-content\/uploads\/2014\/05\/P1020651.jpg\" alt=\"Toronto\" width=\"1024\" height=\"183\" srcset=\"https:\/\/www.all-for-all.de\/wp-content\/uploads\/2014\/05\/P1020651.jpg 1024w, https:\/\/www.all-for-all.de\/wp-content\/uploads\/2014\/05\/P1020651-300x54.jpg 300w, https:\/\/www.all-for-all.de\/wp-content\/uploads\/2014\/05\/P1020651-500x89.jpg 500w\" sizes=\"auto, (max-width: 1024px) 100vw, 1024px\" \/><\/p>\n<p><img loading=\"lazy\" decoding=\"async\" class=\"aligncenter wp-image-4444 size-full\" title=\"CN Tower\" src=\"https:\/\/www.all-for-all.de\/wp-content\/uploads\/2014\/05\/P1020654.jpg\" alt=\"CN Tower\" width=\"1024\" height=\"576\" srcset=\"https:\/\/www.all-for-all.de\/wp-content\/uploads\/2014\/05\/P1020654.jpg 1024w, https:\/\/www.all-for-all.de\/wp-content\/uploads\/2014\/05\/P1020654-300x169.jpg 300w, https:\/\/www.all-for-all.de\/wp-content\/uploads\/2014\/05\/P1020654-500x281.jpg 500w\" sizes=\"auto, (max-width: 1024px) 100vw, 1024px\" \/><\/p>\n<p>Gerade als wir uns dazu entschlossen, Tickets f\u00fcr den Besuch der Spitzes des Towers zu kaufen, brach die H\u00f6lle auf dem Platz los&#8230;<br \/>\nVon dem Baseballstadion str\u00f6mten pl\u00f6tzlich tausende,\u00a0mit blauen Trikots\u00a0bekleidete\u00a0Menschen auf den Platz. Es ist das Stadion der <a href=\"http:\/\/de.wikipedia.org\/wiki\/Toronto_Blue_Jays\" target=\"_blank\">Toronto Blue Jays<\/a>. Die hatten heute ein Heimspiel. Das erkl\u00e4rte das leichte Verkehrschaos und die volle Tiefgarage. \ud83d\ude2f<br \/>\nDie Heimmannschaft hat wohl gewonnen. Jetzt war hier \u00fcberall Party angesagt. <img src=\"https:\/\/www.all-for-all.de\/wp-includes\/images\/smilies\/mrgreen.png\" alt=\":mrgreen:\" class=\"wp-smiley\" style=\"height: 1em; max-height: 1em;\" \/><\/p>\n<p><img loading=\"lazy\" decoding=\"async\" class=\"aligncenter wp-image-4447 size-full\" title=\"Fans\" src=\"https:\/\/www.all-for-all.de\/wp-content\/uploads\/2014\/05\/P1020657.jpg\" alt=\"Fans\" width=\"1024\" height=\"576\" srcset=\"https:\/\/www.all-for-all.de\/wp-content\/uploads\/2014\/05\/P1020657.jpg 1024w, https:\/\/www.all-for-all.de\/wp-content\/uploads\/2014\/05\/P1020657-300x169.jpg 300w, https:\/\/www.all-for-all.de\/wp-content\/uploads\/2014\/05\/P1020657-500x281.jpg 500w\" sizes=\"auto, (max-width: 1024px) 100vw, 1024px\" \/><\/p>\n<p>An einen Besuch des Tower war jetzt nicht mehr zu denken&#8230; aber wir hatten nun Hunger. Alles was wir auf die Schnelle entdeckten waren Hotdog St\u00e4nde um das Stadion herum. Erst als wir uns dort anstellten, fiel mir ein dass wir eigentlich was ziemlich wichtiges vergessen hatten. Wir hatten keine Kanadischen Dollar&#8230; \ud83d\ude44<br \/>\nKlar, dass der Hotdoggriller auch US Dollar nahm &#8230; im Kurs 1:1 &#8230; <img src=\"https:\/\/www.all-for-all.de\/wp-includes\/images\/smilies\/mrgreen.png\" alt=\":mrgreen:\" class=\"wp-smiley\" style=\"height: 1em; max-height: 1em;\" \/><br \/>\nWir kauften in mehreren Anl\u00e4ufen insgesamt 6 Hotdogs f\u00fcr insgesamt knapp 30 US Dollar. Selber schuld&#8230; hahaha<\/p>\n<p>W\u00e4hrend sich die Menschenmassen gaaanz langsam aufl\u00f6sten, spazierten wir zum Lake Ontario, setzten uns dort auf eine Bank am Ufer und beobachteten ganz gem\u00fctlich alles um uns herum. Die Temperatur war in einer d\u00fcnnen Jacke trotz Sonnenschein gerade so ertr\u00e4glich.<\/p>\n<p><img loading=\"lazy\" decoding=\"async\" class=\"aligncenter wp-image-4449 size-full\" title=\"Lake Ontario\" src=\"https:\/\/www.all-for-all.de\/wp-content\/uploads\/2014\/05\/P1020663.jpg\" alt=\"Lake Ontario\" width=\"1024\" height=\"576\" srcset=\"https:\/\/www.all-for-all.de\/wp-content\/uploads\/2014\/05\/P1020663.jpg 1024w, https:\/\/www.all-for-all.de\/wp-content\/uploads\/2014\/05\/P1020663-300x169.jpg 300w, https:\/\/www.all-for-all.de\/wp-content\/uploads\/2014\/05\/P1020663-500x281.jpg 500w\" sizes=\"auto, (max-width: 1024px) 100vw, 1024px\" \/><\/p>\n<p>Die junge Dame mit der Jeansjacke hat es irgendwie geschafft ins Wasser zu fallen. Nat\u00fcrlich haben wir in dem Moment nicht hingesehen. Erst als ihr Freund sie aus dem Wasser zog ist es uns aufgefallen. Vielleicht war das auch besser so. Uns h\u00e4tte es vermutlich zerrissen&#8230; <img src=\"https:\/\/www.all-for-all.de\/wp-includes\/images\/smilies\/mrgreen.png\" alt=\":mrgreen:\" class=\"wp-smiley\" style=\"height: 1em; max-height: 1em;\" \/><\/p>\n<p>Als die Sonne immer tiefer sank, beschlossen wir zur\u00fcck ins Hotel zu gehen. Gem\u00fctlich duschen und ein bisschen ausruhen. Wir sind sehr m\u00fcde und wir hatten noch Leckereien im Auto. Somit mussten wir nicht essen gehen. Allerdings haben wir uns noch einen leckeren\u00a0Caramel Macchiato von Starbucks besorgt. \ud83d\ude42<br \/>\nDas Vorhaben &#8222;CN Tower&#8220; haben wir auf morgen verschoben.<\/p>\n<p>Mittlerweile ist die Sonne komplett untergegangen und das Farbenspiel am Tower hat begonnen. Und wir haben beste Sicht&#8230; \ud83d\ude0e<\/p>\n<p><img loading=\"lazy\" decoding=\"async\" class=\"aligncenter wp-image-4452 size-full\" title=\"CN Tower bei Nacht\" src=\"https:\/\/www.all-for-all.de\/wp-content\/uploads\/2014\/05\/P1020711.jpg\" alt=\"CN Tower bei Nacht\" width=\"768\" height=\"1024\" srcset=\"https:\/\/www.all-for-all.de\/wp-content\/uploads\/2014\/05\/P1020711.jpg 768w, https:\/\/www.all-for-all.de\/wp-content\/uploads\/2014\/05\/P1020711-225x300.jpg 225w\" sizes=\"auto, (max-width: 768px) 100vw, 768px\" \/><\/p>\n<p><img loading=\"lazy\" decoding=\"async\" class=\"aligncenter wp-image-4451 size-full\" title=\"CN Tower bei Nacht\" src=\"https:\/\/www.all-for-all.de\/wp-content\/uploads\/2014\/05\/P1020717.jpg\" alt=\"CN Tower bei Nacht\" width=\"768\" height=\"1024\" srcset=\"https:\/\/www.all-for-all.de\/wp-content\/uploads\/2014\/05\/P1020717.jpg 768w, https:\/\/www.all-for-all.de\/wp-content\/uploads\/2014\/05\/P1020717-225x300.jpg 225w\" sizes=\"auto, (max-width: 768px) 100vw, 768px\" \/><\/p>\n<p>Gefahrene Strecke heute: 487,68 Km<\/p>\n<p><img loading=\"lazy\" decoding=\"async\" class=\"aligncenter wp-image-4454 size-full\" title=\"Track Bay City - Toronto\" src=\"https:\/\/www.all-for-all.de\/wp-content\/uploads\/2014\/05\/Logger_04.jpg\" alt=\"Track Bay City - Toronto\" width=\"1010\" height=\"517\" srcset=\"https:\/\/www.all-for-all.de\/wp-content\/uploads\/2014\/05\/Logger_04.jpg 1010w, https:\/\/www.all-for-all.de\/wp-content\/uploads\/2014\/05\/Logger_04-300x154.jpg 300w, https:\/\/www.all-for-all.de\/wp-content\/uploads\/2014\/05\/Logger_04-500x256.jpg 500w\" sizes=\"auto, (max-width: 1010px) 100vw, 1010px\" \/><\/p>\n<p>Morgen wird der Tower bestiegen! hehehe<\/p>\n<p>Viele Gr\u00fc\u00dfe<br \/>\nJoa<\/p>\n<p>Zur\u00fcck zu: <a href=\"https:\/\/www.all-for-all.de\/?page_id=4369\">24.05.2014, Marquette \u2013 Mackinac Bridge \u2013 Bay City<\/a><br \/>\nWeiter zu: <a href=\"https:\/\/www.all-for-all.de\/?page_id=4457\">26.05.2014, Toronto \u2013 CN Tower \u2013 Niagara Falls<\/a><\/p>\n<p>&nbsp;<\/p>\n","protected":false},"excerpt":{"rendered":"<p>Wir sind in Canada&#8230; in Toronto&#8230; im InterContinental Hotel&#8230; im 21. Stock&#8230; mit tollem Blick auf den CN Tower. Wahnsinnige Aussicht! Aber wie immer alles der Reihe nach&#8230; \ud83d\ude0e Nachdem wir aufgewacht waren mussten wir uns entscheiden. Detroit oder nicht&#8230; &hellip; <a href=\"https:\/\/www.all-for-all.de\/?page_id=4422\">Weiterlesen <span class=\"meta-nav\">&rarr;<\/span><\/a><\/p>\n","protected":false},"author":2,"featured_media":0,"parent":0,"menu_order":0,"comment_status":"closed","ping_status":"open","template":"","meta":{"footnotes":""},"class_list":["post-4422","page","type-page","status-publish","hentry"],"jetpack_sharing_enabled":true,"_links":{"self":[{"href":"https:\/\/www.all-for-all.de\/index.php?rest_route=\/wp\/v2\/pages\/4422","targetHints":{"allow":["GET"]}}],"collection":[{"href":"https:\/\/www.all-for-all.de\/index.php?rest_route=\/wp\/v2\/pages"}],"about":[{"href":"https:\/\/www.all-for-all.de\/index.php?rest_route=\/wp\/v2\/types\/page"}],"author":[{"embeddable":true,"href":"https:\/\/www.all-for-all.de\/index.php?rest_route=\/wp\/v2\/users\/2"}],"replies":[{"embeddable":true,"href":"https:\/\/www.all-for-all.de\/index.php?rest_route=%2Fwp%2Fv2%2Fcomments&post=4422"}],"version-history":[{"count":0,"href":"https:\/\/www.all-for-all.de\/index.php?rest_route=\/wp\/v2\/pages\/4422\/revisions"}],"wp:attachment":[{"href":"https:\/\/www.all-for-all.de\/index.php?rest_route=%2Fwp%2Fv2%2Fmedia&parent=4422"}],"curies":[{"name":"wp","href":"https:\/\/api.w.org\/{rel}","templated":true}]}}