{"id":4369,"date":"2014-05-24T23:59:38","date_gmt":"2014-05-24T22:59:38","guid":{"rendered":"http:\/\/www.all-for-all.de\/?page_id=4369"},"modified":"2015-04-24T13:36:58","modified_gmt":"2015-04-24T12:36:58","slug":"24-05-2014-marquette-mackinaw-bridge-bay-city","status":"publish","type":"page","link":"https:\/\/www.all-for-all.de\/?page_id=4369","title":{"rendered":"24.05.2014, Marquette &#8211; Mackinac Bridge &#8211; Bay City"},"content":{"rendered":"<p>Man kann sagen was man will&#8230; ein Hampton Inn ist ein Hampton Inn. Auch wenn sich die einzelnen Hotels dieser Kette immer wieder ein wenig in Qualit\u00e4t, Service und auch preislich unterscheiden&#8230; es sind prima Mittelklasse Hotels und wir sind noch nie eingegangen. Wir sahen bislang noch keinen Grund die hauseigene &#8222;100% Zufriedenheitsgarantie&#8220; in Anspruch zu nehmen. Das Hampton Inn in Marquette war hier keine Ausnahme. Mittlerweile haben wir den Status &#8222;Silber&#8220; und vielleicht schaffen wir es noch in diesem Urlaub eine oder zwei Bonusn\u00e4chte zu ergattern. \ud83d\ude42<\/p>\n<p>Nach dem Fr\u00fchst\u00fcck, noch bevor wir uns auf die Weiterfahrt machten, mussten wir uns das wirklich merkw\u00fcrdige, riesige Geb\u00e4ude ansehen das direkt neben dem Hotel im Wasser steht. Wir haben es gestern Abend schon bewundert, k\u00f6nnen uns aber nach wie vor nicht erkl\u00e4ren was das ganz genau ist. Auf jeden Fall ist es eine Art Verladestation&#8230;<\/p>\n<p><img loading=\"lazy\" decoding=\"async\" class=\"aligncenter wp-image-4382 size-full\" title=\"Marquette Verladestation\" src=\"https:\/\/www.all-for-all.de\/wp-content\/uploads\/2014\/05\/P1020492.jpg\" alt=\"Marquette Verladestation\" width=\"1024\" height=\"576\" srcset=\"https:\/\/www.all-for-all.de\/wp-content\/uploads\/2014\/05\/P1020492.jpg 1024w, https:\/\/www.all-for-all.de\/wp-content\/uploads\/2014\/05\/P1020492-300x169.jpg 300w, https:\/\/www.all-for-all.de\/wp-content\/uploads\/2014\/05\/P1020492-500x281.jpg 500w\" sizes=\"auto, (max-width: 1024px) 100vw, 1024px\" \/><img loading=\"lazy\" decoding=\"async\" class=\"aligncenter wp-image-4383 size-full\" title=\"Marquette Verladestation\" src=\"https:\/\/www.all-for-all.de\/wp-content\/uploads\/2014\/05\/P1020493.jpg\" alt=\"Marquette Verladestation\" width=\"1024\" height=\"576\" srcset=\"https:\/\/www.all-for-all.de\/wp-content\/uploads\/2014\/05\/P1020493.jpg 1024w, https:\/\/www.all-for-all.de\/wp-content\/uploads\/2014\/05\/P1020493-300x169.jpg 300w, https:\/\/www.all-for-all.de\/wp-content\/uploads\/2014\/05\/P1020493-500x281.jpg 500w\" sizes=\"auto, (max-width: 1024px) 100vw, 1024px\" \/>Auf Google Earth ist die unglaubliche Gr\u00f6\u00dfe erst richtig zu erkennen. Unser Hotel unten links sieht dagegen wie eine kleine H\u00fctte aus&#8230; \ud83d\ude42<\/p>\n<p><img loading=\"lazy\" decoding=\"async\" class=\"aligncenter wp-image-4384 size-full\" title=\"Verladestation Marquette\" src=\"https:\/\/www.all-for-all.de\/wp-content\/uploads\/2014\/05\/Verladestation-Marquette.jpg\" alt=\"Verladestation Marquette\" width=\"1092\" height=\"645\" srcset=\"https:\/\/www.all-for-all.de\/wp-content\/uploads\/2014\/05\/Verladestation-Marquette.jpg 1092w, https:\/\/www.all-for-all.de\/wp-content\/uploads\/2014\/05\/Verladestation-Marquette-300x177.jpg 300w, https:\/\/www.all-for-all.de\/wp-content\/uploads\/2014\/05\/Verladestation-Marquette-1024x605.jpg 1024w, https:\/\/www.all-for-all.de\/wp-content\/uploads\/2014\/05\/Verladestation-Marquette-500x295.jpg 500w\" sizes=\"auto, (max-width: 1092px) 100vw, 1092px\" \/><\/p>\n<p>Auf der weiteren Strecke immer wieder Eis&#8230; viel Eis&#8230;<\/p>\n<p><img loading=\"lazy\" decoding=\"async\" class=\"aligncenter wp-image-4386 size-full\" title=\"Eis, Eis, Eis...\" src=\"https:\/\/www.all-for-all.de\/wp-content\/uploads\/2014\/05\/P1020495.jpg\" alt=\"Eis, Eis, Eis...\" width=\"1024\" height=\"576\" srcset=\"https:\/\/www.all-for-all.de\/wp-content\/uploads\/2014\/05\/P1020495.jpg 1024w, https:\/\/www.all-for-all.de\/wp-content\/uploads\/2014\/05\/P1020495-300x169.jpg 300w, https:\/\/www.all-for-all.de\/wp-content\/uploads\/2014\/05\/P1020495-500x281.jpg 500w\" sizes=\"auto, (max-width: 1024px) 100vw, 1024px\" \/><\/p>\n<p><img loading=\"lazy\" decoding=\"async\" class=\"aligncenter wp-image-4387 size-full\" title=\"Eis, Eis, Eis...\" src=\"https:\/\/www.all-for-all.de\/wp-content\/uploads\/2014\/05\/P1020499.jpg\" alt=\"Eis, Eis, Eis...\" width=\"1024\" height=\"576\" srcset=\"https:\/\/www.all-for-all.de\/wp-content\/uploads\/2014\/05\/P1020499.jpg 1024w, https:\/\/www.all-for-all.de\/wp-content\/uploads\/2014\/05\/P1020499-300x169.jpg 300w, https:\/\/www.all-for-all.de\/wp-content\/uploads\/2014\/05\/P1020499-500x281.jpg 500w\" sizes=\"auto, (max-width: 1024px) 100vw, 1024px\" \/><\/p>\n<p>Unterwegs entdeckten wir wieder einmal eine Au\u00dfenstelle des Weihnachtsmanns. In den USA immer einen Besuch wert&#8230; aber die Elfen schliefen heute wohl l\u00e4nger. Verschlossene T\u00fcren. \ud83d\ude41<\/p>\n<p><img loading=\"lazy\" decoding=\"async\" class=\"aligncenter wp-image-4389 size-full\" title=\"Santa\u00b4s Workshop\" src=\"https:\/\/www.all-for-all.de\/wp-content\/uploads\/2014\/05\/P1020507.jpg\" alt=\"Santa\u00b4s Workshop\" width=\"1024\" height=\"576\" srcset=\"https:\/\/www.all-for-all.de\/wp-content\/uploads\/2014\/05\/P1020507.jpg 1024w, https:\/\/www.all-for-all.de\/wp-content\/uploads\/2014\/05\/P1020507-300x169.jpg 300w, https:\/\/www.all-for-all.de\/wp-content\/uploads\/2014\/05\/P1020507-500x281.jpg 500w\" sizes=\"auto, (max-width: 1024px) 100vw, 1024px\" \/><\/p>\n<p>Weil wir immer auf der Suche nach witzigen K\u00fchlschrankmagneten sind, hielten wir in dem St\u00e4dtchen Munising an einem Gift Shop an. Aufgefallen ist uns der Laden weil er den deutschen Namen &#8222;Das Gift Haus&#8220; tr\u00e4gt.<br \/>\nDrinnen begr\u00fc\u00dfte uns eine nette Frau mit der wir ein\u00a0witziges Gespr\u00e4ch hatten. Ihr Vater hatte die Idee zu dem Namen weil er es lustig fand was das englische Wort &#8222;gift&#8220; im deutschen bedeutet. Uns hat er damit auf jeden Fall angelockt. <img src=\"https:\/\/www.all-for-all.de\/wp-includes\/images\/smilies\/mrgreen.png\" alt=\":mrgreen:\" class=\"wp-smiley\" style=\"height: 1em; max-height: 1em;\" \/><br \/>\nIn der Unterhaltung erfuhren wir dann auch endlich was das Wort &#8222;Yooper&#8220; bedeutet&#8230; wir lesen das immer wieder und \u00fcberall auf T-Shirts und allem M\u00f6glichen, konnten uns aber bis dahin keinen Reim darauf machen.<br \/>\n&#8222;Yooper&#8220; steht f\u00fcr Personen die aus der &#8222;Upper Peninsula Of Michigan&#8220; stammen. Man muss als &#8222;Yooper&#8220; geboren werden Ein Zugereister kann nie und nimmer ein &#8222;Yooper&#8220; sein. Selbst ihr Vater, der zugezogen war und \u00fcber 40 Jahre hier lebte, wurde nie wirklich als ein &#8222;Yooper&#8220; akzeptiert. Das ganze nat\u00fcrlich mit einem kleinen Augenzwinkern&#8230; \ud83d\ude09<\/p>\n<p><img loading=\"lazy\" decoding=\"async\" class=\"aligncenter wp-image-4393 size-full\" title=\"Upper Peninsula Of Michigan\" src=\"https:\/\/www.all-for-all.de\/wp-content\/uploads\/2014\/05\/Upper-Peninsula-Of-Michigan.jpg\" alt=\"Upper Peninsula Of Michigan\" width=\"437\" height=\"408\" srcset=\"https:\/\/www.all-for-all.de\/wp-content\/uploads\/2014\/05\/Upper-Peninsula-Of-Michigan.jpg 437w, https:\/\/www.all-for-all.de\/wp-content\/uploads\/2014\/05\/Upper-Peninsula-Of-Michigan-300x280.jpg 300w, https:\/\/www.all-for-all.de\/wp-content\/uploads\/2014\/05\/Upper-Peninsula-Of-Michigan-321x300.jpg 321w\" sizes=\"auto, (max-width: 437px) 100vw, 437px\" \/><\/p>\n<p>Quelle: <a href=\"http:\/\/en.wikipedia.org\/wiki\/Upper_Peninsula_of_Michigan\" target=\"_blank\">Wikipedia<\/a><\/p>\n<p>Wir bekamen noch jede Menge Tipps was wir hier besichtigen sollen aber wir hatten heute ja noch ein gutes St\u00fcck weg vor uns und f\u00fcr Bootsrundfahrten oder gar Wanderungen keine Zeit. \ud83d\ude42<\/p>\n<p>Mit der Abfahrt aus Munising verlie\u00dfen wir auch den Lake Superior.<br \/>\nN\u00e4chster See: Lake Michigan<\/p>\n<p><img loading=\"lazy\" decoding=\"async\" class=\"aligncenter wp-image-4397 size-full\" title=\"Nordufer Lake Michigan\" src=\"https:\/\/www.all-for-all.de\/wp-content\/uploads\/2014\/05\/P1020516.jpg\" alt=\"Nordufer Lake Michigan\" width=\"1024\" height=\"576\" srcset=\"https:\/\/www.all-for-all.de\/wp-content\/uploads\/2014\/05\/P1020516.jpg 1024w, https:\/\/www.all-for-all.de\/wp-content\/uploads\/2014\/05\/P1020516-300x169.jpg 300w, https:\/\/www.all-for-all.de\/wp-content\/uploads\/2014\/05\/P1020516-500x281.jpg 500w\" sizes=\"auto, (max-width: 1024px) 100vw, 1024px\" \/><\/p>\n<p><img loading=\"lazy\" decoding=\"async\" class=\"aligncenter wp-image-4396 size-full\" title=\"Nordufer Lake Michigan\" src=\"https:\/\/www.all-for-all.de\/wp-content\/uploads\/2014\/05\/P1020518.jpg\" alt=\"Nordufer Lake Michigan\" width=\"1024\" height=\"576\" srcset=\"https:\/\/www.all-for-all.de\/wp-content\/uploads\/2014\/05\/P1020518.jpg 1024w, https:\/\/www.all-for-all.de\/wp-content\/uploads\/2014\/05\/P1020518-300x169.jpg 300w, https:\/\/www.all-for-all.de\/wp-content\/uploads\/2014\/05\/P1020518-500x281.jpg 500w\" sizes=\"auto, (max-width: 1024px) 100vw, 1024px\" \/><\/p>\n<p>Die Stra\u00dfe Richtung Mackinaw Bridge, entlang am Nordufer des Lake Michigan, ist traumhaft. Stressfrei, sch\u00f6n zu fahren und immer wieder wunderbare Aussichten auf den See. Und irgendwann kann man sie dann sehen &#8230; die <a href=\"http:\/\/de.wikipedia.org\/wiki\/Mackinac_Bridge\" target=\"_blank\">Mackinac Bridge<\/a>&#8230;<\/p>\n<p><img loading=\"lazy\" decoding=\"async\" class=\"aligncenter wp-image-4401 size-full\" title=\"Mackinac Bridge\" src=\"https:\/\/www.all-for-all.de\/wp-content\/uploads\/2014\/05\/P1020528.jpg\" alt=\"Mackinac Bridge\" width=\"1024\" height=\"576\" srcset=\"https:\/\/www.all-for-all.de\/wp-content\/uploads\/2014\/05\/P1020528.jpg 1024w, https:\/\/www.all-for-all.de\/wp-content\/uploads\/2014\/05\/P1020528-300x169.jpg 300w, https:\/\/www.all-for-all.de\/wp-content\/uploads\/2014\/05\/P1020528-500x281.jpg 500w\" sizes=\"auto, (max-width: 1024px) 100vw, 1024px\" \/><\/p>\n<p>Bevor wir den Aussichtspunkt direkt vor der Br\u00fccke ansteuerten, besuchten wir noch den Leuchtturm von St. Ignace, der Stadt am n\u00f6rdlichen\u00a0Ende der Br\u00fccke.<\/p>\n<p><img loading=\"lazy\" decoding=\"async\" class=\"aligncenter wp-image-4404 size-full\" title=\"Leuchtturm von St Ignace\" src=\"https:\/\/www.all-for-all.de\/wp-content\/uploads\/2014\/05\/P1020532.jpg\" alt=\"Leuchtturm von St Ignace\" width=\"1024\" height=\"576\" srcset=\"https:\/\/www.all-for-all.de\/wp-content\/uploads\/2014\/05\/P1020532.jpg 1024w, https:\/\/www.all-for-all.de\/wp-content\/uploads\/2014\/05\/P1020532-300x169.jpg 300w, https:\/\/www.all-for-all.de\/wp-content\/uploads\/2014\/05\/P1020532-500x281.jpg 500w\" sizes=\"auto, (max-width: 1024px) 100vw, 1024px\" \/><\/p>\n<p><img loading=\"lazy\" decoding=\"async\" class=\"aligncenter wp-image-4403 size-full\" title=\"Leuchtturm von St Ignace\" src=\"https:\/\/www.all-for-all.de\/wp-content\/uploads\/2014\/05\/P1020533.jpg\" alt=\"Leuchtturm von St Ignace\" width=\"1024\" height=\"576\" srcset=\"https:\/\/www.all-for-all.de\/wp-content\/uploads\/2014\/05\/P1020533.jpg 1024w, https:\/\/www.all-for-all.de\/wp-content\/uploads\/2014\/05\/P1020533-300x169.jpg 300w, https:\/\/www.all-for-all.de\/wp-content\/uploads\/2014\/05\/P1020533-500x281.jpg 500w\" sizes=\"auto, (max-width: 1024px) 100vw, 1024px\" \/><\/p>\n<p>Der Aussichtspunkt vor der Br\u00fccke erm\u00f6glichte uns dann einen genialen Blick auf das m\u00e4chtige Bauwerk.<\/p>\n<p><img loading=\"lazy\" decoding=\"async\" class=\"aligncenter wp-image-4406 size-full\" title=\"Mackinac Bridge\" src=\"https:\/\/www.all-for-all.de\/wp-content\/uploads\/2014\/05\/P1020537.jpg\" alt=\"Mackinac Bridge\" width=\"1024\" height=\"576\" srcset=\"https:\/\/www.all-for-all.de\/wp-content\/uploads\/2014\/05\/P1020537.jpg 1024w, https:\/\/www.all-for-all.de\/wp-content\/uploads\/2014\/05\/P1020537-300x169.jpg 300w, https:\/\/www.all-for-all.de\/wp-content\/uploads\/2014\/05\/P1020537-500x281.jpg 500w\" sizes=\"auto, (max-width: 1024px) 100vw, 1024px\" \/><\/p>\n<p><img loading=\"lazy\" decoding=\"async\" class=\"aligncenter wp-image-4407 size-full\" title=\"Mackinac Bridge\" src=\"https:\/\/www.all-for-all.de\/wp-content\/uploads\/2014\/05\/P1020542.jpg\" alt=\"Mackinac Bridge\" width=\"1024\" height=\"576\" srcset=\"https:\/\/www.all-for-all.de\/wp-content\/uploads\/2014\/05\/P1020542.jpg 1024w, https:\/\/www.all-for-all.de\/wp-content\/uploads\/2014\/05\/P1020542-300x169.jpg 300w, https:\/\/www.all-for-all.de\/wp-content\/uploads\/2014\/05\/P1020542-500x281.jpg 500w\" sizes=\"auto, (max-width: 1024px) 100vw, 1024px\" \/><\/p>\n<p>Auf der Br\u00fccke war der Lake Michigan rechts von uns und der Lake Huron links von uns. Super! Die Fahrt \u00fcber &#8222;Mighty Mac&#8220;, wie die Br\u00fccke auch genannt wird, f\u00fchrte uns zum s\u00fcdlichen Ende in das St\u00e4dtchen Mackinaw City.<\/p>\n<p><img loading=\"lazy\" decoding=\"async\" class=\"aligncenter wp-image-4409 size-full\" title=\"Mackinac Bridge\" src=\"https:\/\/www.all-for-all.de\/wp-content\/uploads\/2014\/05\/P1020548.jpg\" alt=\"Mackinac Bridge\" width=\"1024\" height=\"576\" srcset=\"https:\/\/www.all-for-all.de\/wp-content\/uploads\/2014\/05\/P1020548.jpg 1024w, https:\/\/www.all-for-all.de\/wp-content\/uploads\/2014\/05\/P1020548-300x169.jpg 300w, https:\/\/www.all-for-all.de\/wp-content\/uploads\/2014\/05\/P1020548-500x281.jpg 500w\" sizes=\"auto, (max-width: 1024px) 100vw, 1024px\" \/><img loading=\"lazy\" decoding=\"async\" class=\"aligncenter wp-image-4410 size-full\" title=\"Mackinac Bridge\" src=\"https:\/\/www.all-for-all.de\/wp-content\/uploads\/2014\/05\/P1020550.jpg\" alt=\"Mackinac Bridge\" width=\"1024\" height=\"576\" srcset=\"https:\/\/www.all-for-all.de\/wp-content\/uploads\/2014\/05\/P1020550.jpg 1024w, https:\/\/www.all-for-all.de\/wp-content\/uploads\/2014\/05\/P1020550-300x169.jpg 300w, https:\/\/www.all-for-all.de\/wp-content\/uploads\/2014\/05\/P1020550-500x281.jpg 500w\" sizes=\"auto, (max-width: 1024px) 100vw, 1024px\" \/><img loading=\"lazy\" decoding=\"async\" class=\"aligncenter wp-image-4411 size-full\" title=\"Mackinac Bridge\" src=\"https:\/\/www.all-for-all.de\/wp-content\/uploads\/2014\/05\/P1020560.jpg\" alt=\"Mackinac Bridge\" width=\"1024\" height=\"576\" srcset=\"https:\/\/www.all-for-all.de\/wp-content\/uploads\/2014\/05\/P1020560.jpg 1024w, https:\/\/www.all-for-all.de\/wp-content\/uploads\/2014\/05\/P1020560-300x169.jpg 300w, https:\/\/www.all-for-all.de\/wp-content\/uploads\/2014\/05\/P1020560-500x281.jpg 500w\" sizes=\"auto, (max-width: 1024px) 100vw, 1024px\" \/><\/p>\n<p>In Mackinaw City, direkt neben der Br\u00fccke, fanden wir einen genialen Andenkenladen. Das Ding war riesig und wir schauten uns da ausgiebig um. Gekauft habe ich aber nur diverse Zuckerstangen. Eine schmeckte wie der Kaugummi &#8222;Big Red&#8220; &#8230; oder eher wie hochkonzentrierter &#8222;Big Red&#8220;. Woah! Zungenbrand! <img src=\"https:\/\/www.all-for-all.de\/wp-includes\/images\/smilies\/mrgreen.png\" alt=\":mrgreen:\" class=\"wp-smiley\" style=\"height: 1em; max-height: 1em;\" \/><br \/>\nAls wir uns auf den Weiterweg machten, hatten wir gerade noch Gl\u00fcck. Die halbe Stadt war bereits wegen irgendeiner Parade gesperrt. Wir waren zwar neugierig aber einen Parkplatz zu finden h\u00e4tte ewig gedauert. Also fuhren wir weiter.<\/p>\n<p>Die weitere Fahrt nach Bay City verlief ereignislos. Es gab aber immer wieder etwas zu sehen. Wir lie\u00dfen uns viel Zeit und kamen deshalb erst am fr\u00fchen Abend, gegen 17:00 Uhr, am Doubletree Hotel in Bay City an.<br \/>\nUnsere Zimmerreservierung lag vor und wir konnten unser Zimmer sofort beziehen. Das Hotel und der dazugeh\u00f6rige Parkplatz platzt aus allen N\u00e4hten. Hier findet eine\u00a0gro\u00dfe Hochzeit statt. Ich sch\u00e4tze dass das mindestens 150\u00a0Hochzeitsg\u00e4ste sind. Braut und Br\u00e4utigam haben wir auch schon gesehen. \ud83d\ude00<br \/>\nUnser Zimmer hat, wie\u00a0von uns gew\u00fcnscht, eine tolle Sicht auf den Fluss.<\/p>\n<p><img loading=\"lazy\" decoding=\"async\" class=\"aligncenter wp-image-4415 size-full\" title=\"Aussicht aus dem Doubletree Hotel\" src=\"https:\/\/www.all-for-all.de\/wp-content\/uploads\/2014\/05\/P1020586.jpg\" alt=\"Aussicht aus dem Doubletree Hotel\" width=\"1024\" height=\"576\" srcset=\"https:\/\/www.all-for-all.de\/wp-content\/uploads\/2014\/05\/P1020586.jpg 1024w, https:\/\/www.all-for-all.de\/wp-content\/uploads\/2014\/05\/P1020586-300x169.jpg 300w, https:\/\/www.all-for-all.de\/wp-content\/uploads\/2014\/05\/P1020586-500x281.jpg 500w\" sizes=\"auto, (max-width: 1024px) 100vw, 1024px\" \/><\/p>\n<p><img loading=\"lazy\" decoding=\"async\" class=\"aligncenter wp-image-4416 size-full\" title=\"Aussicht aus dem Doubletree Hotel\" src=\"https:\/\/www.all-for-all.de\/wp-content\/uploads\/2014\/05\/P1020588.jpg\" alt=\"Aussicht aus dem Doubletree Hotel\" width=\"1024\" height=\"576\" srcset=\"https:\/\/www.all-for-all.de\/wp-content\/uploads\/2014\/05\/P1020588.jpg 1024w, https:\/\/www.all-for-all.de\/wp-content\/uploads\/2014\/05\/P1020588-300x169.jpg 300w, https:\/\/www.all-for-all.de\/wp-content\/uploads\/2014\/05\/P1020588-500x281.jpg 500w\" sizes=\"auto, (max-width: 1024px) 100vw, 1024px\" \/><\/p>\n<p>Wir hatten m\u00e4chtigen Hunger. Im Internet fanden wir zwar einige Restaurants und Burgerbuden in der N\u00e4he&#8230; aber uns war so richtig nach einem dicken Burger von Denny`s. Der n\u00e4chste Denny`s war 22 Km entfernt in der Stadt Saginaw. Das hielt uns nicht davon ab dorthin zu fahren. Hat sich gelohnt! <img src=\"https:\/\/www.all-for-all.de\/wp-includes\/images\/smilies\/mrgreen.png\" alt=\":mrgreen:\" class=\"wp-smiley\" style=\"height: 1em; max-height: 1em;\" \/><\/p>\n<p>Bereits seit wir diesen Urlaub geplant haben, waren wir uns nicht schl\u00fcssig ob wir nach Detroit fahren sollen oder nicht.\u00a0Wir haben einige Reiseberichte gelesen\u00a0aber wir finden keine Entscheidung. Viele schreiben, dass es dort nichts\u00a0zu sehen gibt, dass die Stadt\u00a0komplett herunter gekommen w\u00e4re. Die Kriminalit\u00e4tsrate sei ebenfalls sehr hoch. Andererseits interessieren mich die alten Autofabriken doch sehr.<br \/>\nDie endg\u00fcltige Entscheidung wird morgen fallen. Heute ist es zu sp\u00e4t&#8230;. \ud83d\ude09<\/p>\n<p>Gefahrene Strecke heute: 616,30 Km (inklusive Essensfahrt am Abend)<\/p>\n<p><img loading=\"lazy\" decoding=\"async\" class=\"aligncenter wp-image-4418 size-full\" title=\"Track Marquette - Mackinaw City - Bay City\" src=\"https:\/\/www.all-for-all.de\/wp-content\/uploads\/2014\/05\/Logger_03.jpg\" alt=\"Track Marquette - Mackinaw City - Bay City\" width=\"1039\" height=\"648\" srcset=\"https:\/\/www.all-for-all.de\/wp-content\/uploads\/2014\/05\/Logger_03.jpg 1039w, https:\/\/www.all-for-all.de\/wp-content\/uploads\/2014\/05\/Logger_03-300x187.jpg 300w, https:\/\/www.all-for-all.de\/wp-content\/uploads\/2014\/05\/Logger_03-1024x639.jpg 1024w, https:\/\/www.all-for-all.de\/wp-content\/uploads\/2014\/05\/Logger_03-481x300.jpg 481w\" sizes=\"auto, (max-width: 1039px) 100vw, 1039px\" \/><\/p>\n<p>Viele Gr\u00fc\u00dfe<br \/>\nJoa<\/p>\n<p>Zur\u00fcck zu: <a href=\"https:\/\/www.all-for-all.de\/?page_id=4326\">23.05.2014, Ashland \u2013 Copper Harbor \u2013 Marquette<\/a><br \/>\nWeiter zu: <a href=\"https:\/\/www.all-for-all.de\/?page_id=4422\">25.05.2014, Bay City &#8211; Toronto<\/a><\/p>\n","protected":false},"excerpt":{"rendered":"<p>Man kann sagen was man will&#8230; ein Hampton Inn ist ein Hampton Inn. Auch wenn sich die einzelnen Hotels dieser Kette immer wieder ein wenig in Qualit\u00e4t, Service und auch preislich unterscheiden&#8230; es sind prima Mittelklasse Hotels und wir sind &hellip; <a href=\"https:\/\/www.all-for-all.de\/?page_id=4369\">Weiterlesen <span class=\"meta-nav\">&rarr;<\/span><\/a><\/p>\n","protected":false},"author":2,"featured_media":0,"parent":0,"menu_order":0,"comment_status":"closed","ping_status":"open","template":"","meta":{"footnotes":""},"class_list":["post-4369","page","type-page","status-publish","hentry"],"jetpack_sharing_enabled":true,"_links":{"self":[{"href":"https:\/\/www.all-for-all.de\/index.php?rest_route=\/wp\/v2\/pages\/4369","targetHints":{"allow":["GET"]}}],"collection":[{"href":"https:\/\/www.all-for-all.de\/index.php?rest_route=\/wp\/v2\/pages"}],"about":[{"href":"https:\/\/www.all-for-all.de\/index.php?rest_route=\/wp\/v2\/types\/page"}],"author":[{"embeddable":true,"href":"https:\/\/www.all-for-all.de\/index.php?rest_route=\/wp\/v2\/users\/2"}],"replies":[{"embeddable":true,"href":"https:\/\/www.all-for-all.de\/index.php?rest_route=%2Fwp%2Fv2%2Fcomments&post=4369"}],"version-history":[{"count":0,"href":"https:\/\/www.all-for-all.de\/index.php?rest_route=\/wp\/v2\/pages\/4369\/revisions"}],"wp:attachment":[{"href":"https:\/\/www.all-for-all.de\/index.php?rest_route=%2Fwp%2Fv2%2Fmedia&parent=4369"}],"curies":[{"name":"wp","href":"https:\/\/api.w.org\/{rel}","templated":true}]}}