{"id":4326,"date":"2014-05-23T23:59:20","date_gmt":"2014-05-23T22:59:20","guid":{"rendered":"http:\/\/www.all-for-all.de\/?page_id=4326"},"modified":"2015-01-22T14:04:45","modified_gmt":"2015-01-22T13:04:45","slug":"23-05-2014-ashland-copper-harbour-marquette","status":"publish","type":"page","link":"https:\/\/www.all-for-all.de\/?page_id=4326","title":{"rendered":"23.05.2014, Ashland &#8211; Copper Harbor &#8211; Marquette"},"content":{"rendered":"<p>Wir sind nun in dem St\u00e4dtchen Marquette, in einem nagelneuen Hampton Inn, direkt am Lake Superior. Die Fahrt hierher war richtig klasse!<\/p>\n<p>Aber alles der Reihe nach&#8230; \ud83d\ude09<\/p>\n<p>Es roch morgens im Hotel herrlich nach frischem Kaffee und Speck.. aber weil das Essen gestern im <a href=\"https:\/\/www.facebook.com\/pages\/Ashland-Family-Restaurant\/1380119762236266\" target=\"_blank\">Ashland Family Restaurant<\/a>\u00a0so gut war und weil die Bilder in der Fr\u00fchst\u00fcckskarte so lecker aussahen, lie\u00dfen wir uns von dem Geruch nicht anlocken. \ud83d\ude42<br \/>\nEs hat sich auf jeden Fall gelohnt nochmals das Restaurant aufzusuchen. Der Kaffee war hervorragend und der French Toast war himmlisch.<\/p>\n<p>Nachdem der Tank gef\u00fcllt war, wurde unser TomTom mit dem Ziel Copper Harbor gef\u00fcttert und wir fuhren gem\u00fctlich los.<br \/>\nSehr bald\u00a0\u00fcberquerten wir die Grenze\u00a0von\u00a0Wisconsin zu Michigan.<\/p>\n<p><img loading=\"lazy\" decoding=\"async\" class=\"aligncenter wp-image-4340 size-full\" title=\"Grenze Wisconsin \/ Michigan\" src=\"https:\/\/www.all-for-all.de\/wp-content\/uploads\/2014\/05\/P1020390.jpg\" alt=\"Grenze Wisconsin \/ Michigan\" width=\"1024\" height=\"576\" srcset=\"https:\/\/www.all-for-all.de\/wp-content\/uploads\/2014\/05\/P1020390.jpg 1024w, https:\/\/www.all-for-all.de\/wp-content\/uploads\/2014\/05\/P1020390-300x169.jpg 300w, https:\/\/www.all-for-all.de\/wp-content\/uploads\/2014\/05\/P1020390-500x281.jpg 500w\" sizes=\"auto, (max-width: 1024px) 100vw, 1024px\" \/><\/p>\n<p><img loading=\"lazy\" decoding=\"async\" class=\"aligncenter wp-image-4339 size-full\" title=\"Welcome to pure Michigan\" src=\"https:\/\/www.all-for-all.de\/wp-content\/uploads\/2014\/05\/P1020388.jpg\" alt=\"Welcome to pure Michigan\" width=\"1024\" height=\"576\" srcset=\"https:\/\/www.all-for-all.de\/wp-content\/uploads\/2014\/05\/P1020388.jpg 1024w, https:\/\/www.all-for-all.de\/wp-content\/uploads\/2014\/05\/P1020388-300x169.jpg 300w, https:\/\/www.all-for-all.de\/wp-content\/uploads\/2014\/05\/P1020388-500x281.jpg 500w\" sizes=\"auto, (max-width: 1024px) 100vw, 1024px\" \/><\/p>\n<p>Weil wir in dem St\u00e4dtchen Ironwood einen shop f\u00fcr einen coffee-to-go suchten, fanden wir absolut per Zufall den gr\u00f6\u00dften Indianer der Welt: <a href=\"http:\/\/www.roadsideamerica.com\/story\/11874\" target=\"_blank\">Hiawatha<\/a> \ud83d\ude09<\/p>\n<p><img loading=\"lazy\" decoding=\"async\" class=\"aligncenter wp-image-4343 size-full\" title=\"Hiawatha, World's Largest Indian\" src=\"https:\/\/www.all-for-all.de\/wp-content\/uploads\/2014\/05\/P1020391.jpg\" alt=\"Hiawatha, World's Largest Indian\" width=\"1024\" height=\"576\" srcset=\"https:\/\/www.all-for-all.de\/wp-content\/uploads\/2014\/05\/P1020391.jpg 1024w, https:\/\/www.all-for-all.de\/wp-content\/uploads\/2014\/05\/P1020391-300x169.jpg 300w, https:\/\/www.all-for-all.de\/wp-content\/uploads\/2014\/05\/P1020391-500x281.jpg 500w\" sizes=\"auto, (max-width: 1024px) 100vw, 1024px\" \/><\/p>\n<p>Ansonsten war dort nicht viel geboten. Dass man hier von Bergbau lebt oder gelebt hat sieht man \u00fcberall.<\/p>\n<p><img loading=\"lazy\" decoding=\"async\" class=\"aligncenter wp-image-4346 size-full\" title=\"Ironwood\" src=\"https:\/\/www.all-for-all.de\/wp-content\/uploads\/2014\/05\/P1020395.jpg\" alt=\"Ironwood\" width=\"1024\" height=\"576\" srcset=\"https:\/\/www.all-for-all.de\/wp-content\/uploads\/2014\/05\/P1020395.jpg 1024w, https:\/\/www.all-for-all.de\/wp-content\/uploads\/2014\/05\/P1020395-300x169.jpg 300w, https:\/\/www.all-for-all.de\/wp-content\/uploads\/2014\/05\/P1020395-500x281.jpg 500w\" sizes=\"auto, (max-width: 1024px) 100vw, 1024px\" \/><\/p>\n<p><img loading=\"lazy\" decoding=\"async\" class=\"aligncenter wp-image-4345 size-full\" title=\"Ironwood\" src=\"https:\/\/www.all-for-all.de\/wp-content\/uploads\/2014\/05\/P1020397.jpg\" alt=\"Ironwood\" width=\"1024\" height=\"576\" srcset=\"https:\/\/www.all-for-all.de\/wp-content\/uploads\/2014\/05\/P1020397.jpg 1024w, https:\/\/www.all-for-all.de\/wp-content\/uploads\/2014\/05\/P1020397-300x169.jpg 300w, https:\/\/www.all-for-all.de\/wp-content\/uploads\/2014\/05\/P1020397-500x281.jpg 500w\" sizes=\"auto, (max-width: 1024px) 100vw, 1024px\" \/><\/p>\n<p>Die Strecke f\u00fchrte uns durch beinahe endlose Kiefern\/Birkenw\u00e4lder zu einigen solcher St\u00e4dtchen\u00a0welche vom Bergbau gepr\u00e4gt sind. Ihre besten Zeiten haben die aber alle hinter sich.<\/p>\n<p><img loading=\"lazy\" decoding=\"async\" class=\"aligncenter wp-image-4350 size-full\" title=\"The Keweenaw Waterway\" src=\"https:\/\/www.all-for-all.de\/wp-content\/uploads\/2014\/05\/P1020414.jpg\" alt=\"The Keweenaw Waterway\" width=\"1024\" height=\"576\" srcset=\"https:\/\/www.all-for-all.de\/wp-content\/uploads\/2014\/05\/P1020414.jpg 1024w, https:\/\/www.all-for-all.de\/wp-content\/uploads\/2014\/05\/P1020414-300x169.jpg 300w, https:\/\/www.all-for-all.de\/wp-content\/uploads\/2014\/05\/P1020414-500x281.jpg 500w\" sizes=\"auto, (max-width: 1024px) 100vw, 1024px\" \/><\/p>\n<p><img loading=\"lazy\" decoding=\"async\" class=\"aligncenter wp-image-4349 size-full\" title=\"Hancock\" src=\"https:\/\/www.all-for-all.de\/wp-content\/uploads\/2014\/05\/P1020409.jpg\" alt=\"Hancock\" width=\"1024\" height=\"576\" srcset=\"https:\/\/www.all-for-all.de\/wp-content\/uploads\/2014\/05\/P1020409.jpg 1024w, https:\/\/www.all-for-all.de\/wp-content\/uploads\/2014\/05\/P1020409-300x169.jpg 300w, https:\/\/www.all-for-all.de\/wp-content\/uploads\/2014\/05\/P1020409-500x281.jpg 500w\" sizes=\"auto, (max-width: 1024px) 100vw, 1024px\" \/><\/p>\n<p><img loading=\"lazy\" decoding=\"async\" class=\"aligncenter wp-image-4348 size-full\" title=\"Hancock\" src=\"https:\/\/www.all-for-all.de\/wp-content\/uploads\/2014\/05\/P1020424.jpg\" alt=\"Hancock\" width=\"1024\" height=\"576\" srcset=\"https:\/\/www.all-for-all.de\/wp-content\/uploads\/2014\/05\/P1020424.jpg 1024w, https:\/\/www.all-for-all.de\/wp-content\/uploads\/2014\/05\/P1020424-300x169.jpg 300w, https:\/\/www.all-for-all.de\/wp-content\/uploads\/2014\/05\/P1020424-500x281.jpg 500w\" sizes=\"auto, (max-width: 1024px) 100vw, 1024px\" \/><\/p>\n<p>Die alte Quincy Mine haben wir uns n\u00e4her angesehen.<\/p>\n<p><img loading=\"lazy\" decoding=\"async\" class=\"aligncenter wp-image-4352 size-full\" title=\"Quincy Mine\" src=\"https:\/\/www.all-for-all.de\/wp-content\/uploads\/2014\/05\/P1020420.jpg\" alt=\"Quincy Mine\" width=\"1024\" height=\"576\" srcset=\"https:\/\/www.all-for-all.de\/wp-content\/uploads\/2014\/05\/P1020420.jpg 1024w, https:\/\/www.all-for-all.de\/wp-content\/uploads\/2014\/05\/P1020420-300x169.jpg 300w, https:\/\/www.all-for-all.de\/wp-content\/uploads\/2014\/05\/P1020420-500x281.jpg 500w\" sizes=\"auto, (max-width: 1024px) 100vw, 1024px\" \/><\/p>\n<p><img loading=\"lazy\" decoding=\"async\" class=\"aligncenter wp-image-4351 size-full\" title=\"Quincy Mine\" src=\"https:\/\/www.all-for-all.de\/wp-content\/uploads\/2014\/05\/P1020421.jpg\" alt=\"Quincy Mine\" width=\"1024\" height=\"576\" srcset=\"https:\/\/www.all-for-all.de\/wp-content\/uploads\/2014\/05\/P1020421.jpg 1024w, https:\/\/www.all-for-all.de\/wp-content\/uploads\/2014\/05\/P1020421-300x169.jpg 300w, https:\/\/www.all-for-all.de\/wp-content\/uploads\/2014\/05\/P1020421-500x281.jpg 500w\" sizes=\"auto, (max-width: 1024px) 100vw, 1024px\" \/><\/p>\n<p>Das Visitor Center und der angeschlossene Gift Shop waren nett aufgezogen. Man konnte einiges \u00fcber den Kupferabbau in dieser Gegend erfahren.<\/p>\n<p>Die restliche Strecke bis Copper Harbor war toll zu fahren. Die Stra\u00dfen wurden immer enger und kurviger. Ganz anders als wir das von den USA gewohnt sind. \ud83d\ude09<br \/>\nCopper Harbor erwacht gerade so aus seinem Winterschlaf. Auch hier hat noch fast keine Unterkunft ge\u00f6ffnet. Das war wir fanden lag leider nicht direkt am Wasser.<br \/>\nNach den Erfahrungen von gestern haben wir aber schon fast damit gerechnet.<\/p>\n<p><img loading=\"lazy\" decoding=\"async\" class=\"aligncenter wp-image-4354 size-full\" title=\"Copper Harbor\" src=\"https:\/\/www.all-for-all.de\/wp-content\/uploads\/2014\/05\/P1020426.jpg\" alt=\"Copper Harbor\" width=\"1024\" height=\"576\" srcset=\"https:\/\/www.all-for-all.de\/wp-content\/uploads\/2014\/05\/P1020426.jpg 1024w, https:\/\/www.all-for-all.de\/wp-content\/uploads\/2014\/05\/P1020426-300x169.jpg 300w, https:\/\/www.all-for-all.de\/wp-content\/uploads\/2014\/05\/P1020426-500x281.jpg 500w\" sizes=\"auto, (max-width: 1024px) 100vw, 1024px\" \/><\/p>\n<p><img loading=\"lazy\" decoding=\"async\" class=\"aligncenter wp-image-4356 size-full\" title=\"Copper Harbor\" src=\"https:\/\/www.all-for-all.de\/wp-content\/uploads\/2014\/05\/P1020431.jpg\" alt=\"Copper Harbor\" width=\"1024\" height=\"576\" srcset=\"https:\/\/www.all-for-all.de\/wp-content\/uploads\/2014\/05\/P1020431.jpg 1024w, https:\/\/www.all-for-all.de\/wp-content\/uploads\/2014\/05\/P1020431-300x169.jpg 300w, https:\/\/www.all-for-all.de\/wp-content\/uploads\/2014\/05\/P1020431-500x281.jpg 500w\" sizes=\"auto, (max-width: 1024px) 100vw, 1024px\" \/><\/p>\n<p><img loading=\"lazy\" decoding=\"async\" class=\"aligncenter wp-image-4355 size-full\" title=\"Copper Harbor\" src=\"https:\/\/www.all-for-all.de\/wp-content\/uploads\/2014\/05\/P1020430.jpg\" alt=\"Copper Harbor\" width=\"1024\" height=\"576\" srcset=\"https:\/\/www.all-for-all.de\/wp-content\/uploads\/2014\/05\/P1020430.jpg 1024w, https:\/\/www.all-for-all.de\/wp-content\/uploads\/2014\/05\/P1020430-300x169.jpg 300w, https:\/\/www.all-for-all.de\/wp-content\/uploads\/2014\/05\/P1020430-500x281.jpg 500w\" sizes=\"auto, (max-width: 1024px) 100vw, 1024px\" \/><\/p>\n<p><img loading=\"lazy\" decoding=\"async\" class=\"aligncenter wp-image-4357 size-full\" title=\"Copper Harbor\" src=\"https:\/\/www.all-for-all.de\/wp-content\/uploads\/2014\/05\/P1020436.jpg\" alt=\"Copper Harbor\" width=\"1024\" height=\"576\" srcset=\"https:\/\/www.all-for-all.de\/wp-content\/uploads\/2014\/05\/P1020436.jpg 1024w, https:\/\/www.all-for-all.de\/wp-content\/uploads\/2014\/05\/P1020436-300x169.jpg 300w, https:\/\/www.all-for-all.de\/wp-content\/uploads\/2014\/05\/P1020436-500x281.jpg 500w\" sizes=\"auto, (max-width: 1024px) 100vw, 1024px\" \/><\/p>\n<p>Schade dass wir hier keine passende Unterkunft gefunden haben. Wir mussten ein gro\u00dfes St\u00fcck auf dem gleichen Weg zur\u00fcck bis nach Hancock fahren. Ab da hielten wir uns Richtung Marquette. Dort hat erst vor 2 Jahren ein neues Hampton Inn direkt am Wasser er\u00f6ffnet. Und genau das war unser Ziel.<\/p>\n<p>Auf dem Weg sahen wir immer wieder Eisschollen.<\/p>\n<p><img loading=\"lazy\" decoding=\"async\" class=\"aligncenter wp-image-4362 size-full\" title=\"Eisschollen\" src=\"https:\/\/www.all-for-all.de\/wp-content\/uploads\/2014\/05\/P1020441.jpg\" alt=\"Eisschollen\" width=\"1024\" height=\"576\" srcset=\"https:\/\/www.all-for-all.de\/wp-content\/uploads\/2014\/05\/P1020441.jpg 1024w, https:\/\/www.all-for-all.de\/wp-content\/uploads\/2014\/05\/P1020441-300x169.jpg 300w, https:\/\/www.all-for-all.de\/wp-content\/uploads\/2014\/05\/P1020441-500x281.jpg 500w\" sizes=\"auto, (max-width: 1024px) 100vw, 1024px\" \/><\/p>\n<p><img loading=\"lazy\" decoding=\"async\" class=\"aligncenter wp-image-4363 size-full\" title=\"Eisschollen\" src=\"https:\/\/www.all-for-all.de\/wp-content\/uploads\/2014\/05\/P1020449.jpg\" alt=\"Eisschollen\" width=\"1024\" height=\"324\" srcset=\"https:\/\/www.all-for-all.de\/wp-content\/uploads\/2014\/05\/P1020449.jpg 1024w, https:\/\/www.all-for-all.de\/wp-content\/uploads\/2014\/05\/P1020449-300x95.jpg 300w, https:\/\/www.all-for-all.de\/wp-content\/uploads\/2014\/05\/P1020449-500x158.jpg 500w\" sizes=\"auto, (max-width: 1024px) 100vw, 1024px\" \/><\/p>\n<p><img loading=\"lazy\" decoding=\"async\" class=\"aligncenter wp-image-4361 size-full\" title=\"Eisschollen\" src=\"https:\/\/www.all-for-all.de\/wp-content\/uploads\/2014\/05\/P1020464.jpg\" alt=\"Eisschollen\" width=\"1024\" height=\"576\" srcset=\"https:\/\/www.all-for-all.de\/wp-content\/uploads\/2014\/05\/P1020464.jpg 1024w, https:\/\/www.all-for-all.de\/wp-content\/uploads\/2014\/05\/P1020464-300x169.jpg 300w, https:\/\/www.all-for-all.de\/wp-content\/uploads\/2014\/05\/P1020464-500x281.jpg 500w\" sizes=\"auto, (max-width: 1024px) 100vw, 1024px\" \/><\/p>\n<p>Kurz vor unserem Ziel legten wir an einem Mc Donalds einen Boxenstopp ein und verarzteten unseren Hunger mit einer T\u00fcte voll mit ordin\u00e4ren Cheeseburgern. Das kommt bei l\u00e4ngeren Fahrten immer wieder gut. <img src=\"https:\/\/www.all-for-all.de\/wp-includes\/images\/smilies\/mrgreen.png\" alt=\":mrgreen:\" class=\"wp-smiley\" style=\"height: 1em; max-height: 1em;\" \/><br \/>\nAm Sp\u00e4ten Nachmittag kamen wir dann in Marquette an und fragten im Hampton Inn nach einem Zimmer mit Seeblick. Wir bekamen eins direkt im Erdgeschoss. \ud83d\ude42<br \/>\nDas Hotel ist wirklich sehr neu&#8230;<\/p>\n<p>Die Aussicht hat was&#8230; \ud83d\ude09<\/p>\n<p><img loading=\"lazy\" decoding=\"async\" class=\"aligncenter wp-image-4365 size-full\" title=\"Seeblick\" src=\"https:\/\/www.all-for-all.de\/wp-content\/uploads\/2014\/05\/P1020474.jpg\" alt=\"Seeblick\" width=\"1024\" height=\"576\" srcset=\"https:\/\/www.all-for-all.de\/wp-content\/uploads\/2014\/05\/P1020474.jpg 1024w, https:\/\/www.all-for-all.de\/wp-content\/uploads\/2014\/05\/P1020474-300x169.jpg 300w, https:\/\/www.all-for-all.de\/wp-content\/uploads\/2014\/05\/P1020474-500x281.jpg 500w\" sizes=\"auto, (max-width: 1024px) 100vw, 1024px\" \/><\/p>\n<p>Gerade haben wir f\u00fcr die n\u00e4chste Nacht ein Zimmer im Double Tree Hotel in Bay\u00a0City gebucht. Wir freuen uns schon auf die Mackinac Bridge.<\/p>\n<p>Gefahrene Strecke heute: 569,54 Km<\/p>\n<p><img loading=\"lazy\" decoding=\"async\" class=\"aligncenter wp-image-4367 size-full\" title=\"Track Ashland - Copper Harbour - Marquette\" src=\"https:\/\/www.all-for-all.de\/wp-content\/uploads\/2014\/05\/Logger_02.jpg\" alt=\"Track Ashland - Copper Harbour - Marquette\" width=\"1101\" height=\"629\" srcset=\"https:\/\/www.all-for-all.de\/wp-content\/uploads\/2014\/05\/Logger_02.jpg 1101w, https:\/\/www.all-for-all.de\/wp-content\/uploads\/2014\/05\/Logger_02-300x171.jpg 300w, https:\/\/www.all-for-all.de\/wp-content\/uploads\/2014\/05\/Logger_02-1024x585.jpg 1024w, https:\/\/www.all-for-all.de\/wp-content\/uploads\/2014\/05\/Logger_02-500x286.jpg 500w\" sizes=\"auto, (max-width: 1101px) 100vw, 1101px\" \/><\/p>\n<p>Viele Gr\u00fc\u00dfe<br \/>\nJoa<\/p>\n<p>Zur\u00fcck zu: <a href=\"https:\/\/www.all-for-all.de\/?page_id=4238\">22.05.2014, Minneapolis \u2013 Duluth \u2013 Ashland<\/a><br \/>\nWeiter zu: <a href=\"https:\/\/www.all-for-all.de\/?page_id=4369\">24.05.2014, Marquette \u2013 Mackinac Bridge \u2013 Bay City<\/a><\/p>\n","protected":false},"excerpt":{"rendered":"<p>Wir sind nun in dem St\u00e4dtchen Marquette, in einem nagelneuen Hampton Inn, direkt am Lake Superior. Die Fahrt hierher war richtig klasse! Aber alles der Reihe nach&#8230; \ud83d\ude09 Es roch morgens im Hotel herrlich nach frischem Kaffee und Speck.. aber &hellip; <a href=\"https:\/\/www.all-for-all.de\/?page_id=4326\">Weiterlesen <span class=\"meta-nav\">&rarr;<\/span><\/a><\/p>\n","protected":false},"author":2,"featured_media":0,"parent":0,"menu_order":0,"comment_status":"closed","ping_status":"open","template":"","meta":{"footnotes":""},"class_list":["post-4326","page","type-page","status-publish","hentry"],"jetpack_sharing_enabled":true,"_links":{"self":[{"href":"https:\/\/www.all-for-all.de\/index.php?rest_route=\/wp\/v2\/pages\/4326","targetHints":{"allow":["GET"]}}],"collection":[{"href":"https:\/\/www.all-for-all.de\/index.php?rest_route=\/wp\/v2\/pages"}],"about":[{"href":"https:\/\/www.all-for-all.de\/index.php?rest_route=\/wp\/v2\/types\/page"}],"author":[{"embeddable":true,"href":"https:\/\/www.all-for-all.de\/index.php?rest_route=\/wp\/v2\/users\/2"}],"replies":[{"embeddable":true,"href":"https:\/\/www.all-for-all.de\/index.php?rest_route=%2Fwp%2Fv2%2Fcomments&post=4326"}],"version-history":[{"count":0,"href":"https:\/\/www.all-for-all.de\/index.php?rest_route=\/wp\/v2\/pages\/4326\/revisions"}],"wp:attachment":[{"href":"https:\/\/www.all-for-all.de\/index.php?rest_route=%2Fwp%2Fv2%2Fmedia&parent=4326"}],"curies":[{"name":"wp","href":"https:\/\/api.w.org\/{rel}","templated":true}]}}