{"id":4238,"date":"2014-05-22T23:59:03","date_gmt":"2014-05-22T22:59:03","guid":{"rendered":"http:\/\/www.all-for-all.de\/?page_id=4238"},"modified":"2015-01-20T18:06:21","modified_gmt":"2015-01-20T17:06:21","slug":"22-05-2014-minneapolis-duluth-ashland","status":"publish","type":"page","link":"https:\/\/www.all-for-all.de\/?page_id=4238","title":{"rendered":"22.05.2014, Minneapolis &#8211; Duluth &#8211; Ashland"},"content":{"rendered":"<p>P\u00fcnktlich nachts um 03:00 Uhr sind wir wie bef\u00fcrchtet aufgewacht. \ud83d\ude15<br \/>\nAber dieses Mal haben wir\u00a0den Moment genutzt um uns an unserem Lieblings &#8211;\u00a0\u00a0O-Saft zu vergreifen. <img src=\"https:\/\/www.all-for-all.de\/wp-includes\/images\/smilies\/mrgreen.png\" alt=\":mrgreen:\" class=\"wp-smiley\" style=\"height: 1em; max-height: 1em;\" \/><\/p>\n<p><img loading=\"lazy\" decoding=\"async\" class=\"aligncenter wp-image-4243 size-full\" title=\"Lots Of Pulp\" src=\"https:\/\/www.all-for-all.de\/wp-content\/uploads\/2014\/05\/P1020225.jpg\" alt=\"Lots Of Pulp\" width=\"1024\" height=\"576\" srcset=\"https:\/\/www.all-for-all.de\/wp-content\/uploads\/2014\/05\/P1020225.jpg 1024w, https:\/\/www.all-for-all.de\/wp-content\/uploads\/2014\/05\/P1020225-300x169.jpg 300w, https:\/\/www.all-for-all.de\/wp-content\/uploads\/2014\/05\/P1020225-500x281.jpg 500w\" sizes=\"auto, (max-width: 1024px) 100vw, 1024px\" \/><\/p>\n<p>Danach haben wir nochmals das Licht ausgemacht und konnten tats\u00e4chlich bis knapp 06:00 Uhr schlafen. Dann war aber endg\u00fcltig Schluss und wir machten uns f\u00fcr das Fr\u00fchst\u00fcck klar. Lecker war es.. aber uns haben leider die Waffeln gefehlt die es immer in den Hampton Inns gibt.<\/p>\n<p>Ohne Hektik haben wir unsere Koffer gepackt, ausgecheckt und den Dodge f\u00fcr unsere Fahrt eingerichtet. K\u00fchlbox anschnallen und mit Eis und Getr\u00e4nken f\u00fcllen, TomTom sauber montieren, Sitze einstellen, usw. usw&#8230;<br \/>\nAu\u00dferdem musste der Aufkleber von &#8222;Mr. Meilenschinder&#8220; angebracht werden. Ein kleines Statement darf man schon abgeben&#8230; \ud83d\ude09<\/p>\n<p><img loading=\"lazy\" decoding=\"async\" class=\"aligncenter size-full wp-image-4249\" src=\"https:\/\/www.all-for-all.de\/wp-content\/uploads\/2014\/05\/Never-Forget-.jpg\" alt=\"Never Forget\" width=\"920\" height=\"597\" srcset=\"https:\/\/www.all-for-all.de\/wp-content\/uploads\/2014\/05\/Never-Forget-.jpg 920w, https:\/\/www.all-for-all.de\/wp-content\/uploads\/2014\/05\/Never-Forget--300x195.jpg 300w, https:\/\/www.all-for-all.de\/wp-content\/uploads\/2014\/05\/Never-Forget--462x300.jpg 462w\" sizes=\"auto, (max-width: 920px) 100vw, 920px\" \/><\/p>\n<p>Noch bevor wir nach Duluth an den Lake Superior fuhren, haben wir ein klein wenig Minneapolis besichtigt. Eine wirklich sch\u00f6ne Stadt. Die Natur h\u00e4ngt hier gesch\u00e4tzte 4\u00a0Wochen hinter Deutschland\u00a0her. Hier\u00a0sind die Pflanzen\u00a0erst gr\u00fcn geworden oder bl\u00fchen gerade.<\/p>\n<p><img loading=\"lazy\" decoding=\"async\" class=\"aligncenter wp-image-4253 size-full\" title=\"Bl\u00fcten\" src=\"https:\/\/www.all-for-all.de\/wp-content\/uploads\/2014\/05\/P1020235.jpg\" alt=\"Bl\u00fcten\" width=\"1024\" height=\"576\" srcset=\"https:\/\/www.all-for-all.de\/wp-content\/uploads\/2014\/05\/P1020235.jpg 1024w, https:\/\/www.all-for-all.de\/wp-content\/uploads\/2014\/05\/P1020235-300x169.jpg 300w, https:\/\/www.all-for-all.de\/wp-content\/uploads\/2014\/05\/P1020235-500x281.jpg 500w\" sizes=\"auto, (max-width: 1024px) 100vw, 1024px\" \/><\/p>\n<p><img loading=\"lazy\" decoding=\"async\" class=\"aligncenter wp-image-4256 size-full\" title=\"Minneapolis\" src=\"https:\/\/www.all-for-all.de\/wp-content\/uploads\/2014\/05\/P1020243.jpg\" alt=\"Minneapolis\" width=\"1024\" height=\"576\" srcset=\"https:\/\/www.all-for-all.de\/wp-content\/uploads\/2014\/05\/P1020243.jpg 1024w, https:\/\/www.all-for-all.de\/wp-content\/uploads\/2014\/05\/P1020243-300x169.jpg 300w, https:\/\/www.all-for-all.de\/wp-content\/uploads\/2014\/05\/P1020243-500x281.jpg 500w\" sizes=\"auto, (max-width: 1024px) 100vw, 1024px\" \/><img loading=\"lazy\" decoding=\"async\" class=\"aligncenter wp-image-4255 size-full\" title=\"Minneapolis\" src=\"https:\/\/www.all-for-all.de\/wp-content\/uploads\/2014\/05\/P1020244.jpg\" alt=\"Minneapolis\" width=\"1024\" height=\"576\" srcset=\"https:\/\/www.all-for-all.de\/wp-content\/uploads\/2014\/05\/P1020244.jpg 1024w, https:\/\/www.all-for-all.de\/wp-content\/uploads\/2014\/05\/P1020244-300x169.jpg 300w, https:\/\/www.all-for-all.de\/wp-content\/uploads\/2014\/05\/P1020244-500x281.jpg 500w\" sizes=\"auto, (max-width: 1024px) 100vw, 1024px\" \/>Nach einer kleine Stadtrundfahrt\u00a0haben wir die Stone Arch Bridge besichtigt. Eine echt tolle Gegend! Auf der einen Seite ein herrlicher Park und auf der anderen Seite die Skyline von Minneapolis.<\/p>\n<p><img loading=\"lazy\" decoding=\"async\" class=\"aligncenter wp-image-4258 size-full\" title=\"Park an der Stone Arch Bridge\" src=\"https:\/\/www.all-for-all.de\/wp-content\/uploads\/2014\/05\/P1020251.jpg\" alt=\"Park an der Stone Arch Bridge\" width=\"1024\" height=\"576\" srcset=\"https:\/\/www.all-for-all.de\/wp-content\/uploads\/2014\/05\/P1020251.jpg 1024w, https:\/\/www.all-for-all.de\/wp-content\/uploads\/2014\/05\/P1020251-300x169.jpg 300w, https:\/\/www.all-for-all.de\/wp-content\/uploads\/2014\/05\/P1020251-500x281.jpg 500w\" sizes=\"auto, (max-width: 1024px) 100vw, 1024px\" \/><\/p>\n<p><img loading=\"lazy\" decoding=\"async\" class=\"aligncenter wp-image-4259 size-full\" title=\"Stone Arch Bridge\" src=\"https:\/\/www.all-for-all.de\/wp-content\/uploads\/2014\/05\/P1020252.jpg\" alt=\"Stone Arch Bridge\" width=\"1024\" height=\"576\" srcset=\"https:\/\/www.all-for-all.de\/wp-content\/uploads\/2014\/05\/P1020252.jpg 1024w, https:\/\/www.all-for-all.de\/wp-content\/uploads\/2014\/05\/P1020252-300x169.jpg 300w, https:\/\/www.all-for-all.de\/wp-content\/uploads\/2014\/05\/P1020252-500x281.jpg 500w\" sizes=\"auto, (max-width: 1024px) 100vw, 1024px\" \/><\/p>\n<p><img loading=\"lazy\" decoding=\"async\" class=\"aligncenter wp-image-4260 size-full\" title=\"Stone Arch Bridge\" src=\"https:\/\/www.all-for-all.de\/wp-content\/uploads\/2014\/05\/P1020253.jpg\" alt=\"Stone Arch Bridge\" width=\"1024\" height=\"576\" srcset=\"https:\/\/www.all-for-all.de\/wp-content\/uploads\/2014\/05\/P1020253.jpg 1024w, https:\/\/www.all-for-all.de\/wp-content\/uploads\/2014\/05\/P1020253-300x169.jpg 300w, https:\/\/www.all-for-all.de\/wp-content\/uploads\/2014\/05\/P1020253-500x281.jpg 500w\" sizes=\"auto, (max-width: 1024px) 100vw, 1024px\" \/><\/p>\n<p><img loading=\"lazy\" decoding=\"async\" class=\"aligncenter wp-image-4261 size-full\" title=\"Blick von der Stone Arch Bridge\" src=\"https:\/\/www.all-for-all.de\/wp-content\/uploads\/2014\/05\/P1020268.jpg\" alt=\"Stone Arch Bridge\" width=\"1024\" height=\"576\" srcset=\"https:\/\/www.all-for-all.de\/wp-content\/uploads\/2014\/05\/P1020268.jpg 1024w, https:\/\/www.all-for-all.de\/wp-content\/uploads\/2014\/05\/P1020268-300x169.jpg 300w, https:\/\/www.all-for-all.de\/wp-content\/uploads\/2014\/05\/P1020268-500x281.jpg 500w\" sizes=\"auto, (max-width: 1024px) 100vw, 1024px\" \/><\/p>\n<p><img loading=\"lazy\" decoding=\"async\" class=\"aligncenter wp-image-4262 size-full\" title=\"Stone Arch Bridge\" src=\"https:\/\/www.all-for-all.de\/wp-content\/uploads\/2014\/05\/P1020270.jpg\" alt=\"Stone Arch Bridge\" width=\"1024\" height=\"576\" srcset=\"https:\/\/www.all-for-all.de\/wp-content\/uploads\/2014\/05\/P1020270.jpg 1024w, https:\/\/www.all-for-all.de\/wp-content\/uploads\/2014\/05\/P1020270-300x169.jpg 300w, https:\/\/www.all-for-all.de\/wp-content\/uploads\/2014\/05\/P1020270-500x281.jpg 500w\" sizes=\"auto, (max-width: 1024px) 100vw, 1024px\" \/><img loading=\"lazy\" decoding=\"async\" class=\"aligncenter wp-image-4263 size-full\" title=\"Blick von der Stone Arch Bridge\" src=\"https:\/\/www.all-for-all.de\/wp-content\/uploads\/2014\/05\/P1020272.jpg\" alt=\"Stone Arch Bridge\" width=\"1024\" height=\"576\" srcset=\"https:\/\/www.all-for-all.de\/wp-content\/uploads\/2014\/05\/P1020272.jpg 1024w, https:\/\/www.all-for-all.de\/wp-content\/uploads\/2014\/05\/P1020272-300x169.jpg 300w, https:\/\/www.all-for-all.de\/wp-content\/uploads\/2014\/05\/P1020272-500x281.jpg 500w\" sizes=\"auto, (max-width: 1024px) 100vw, 1024px\" \/><\/p>\n<p>In Minneapolis befindet sich die &#8222;<a href=\"http:\/\/www.mallofamerica.com\/\" target=\"_blank\">Mall\u00a0Of America<\/a>&#8222;. \u00a0Laut Wikipedia ist dies das meistbesuchte Einkaufszentrum der USA. Rein aus Neugierde fuhren wir hin. Die Mall hatte noch nicht ge\u00f6ffnet aber wir hatten so oder so nicht vor einkaufen zu gehen. Dazu war uns der Tag zu schade.<\/p>\n<p><img loading=\"lazy\" decoding=\"async\" class=\"aligncenter wp-image-4265 size-full\" title=\"Mall Of America\" src=\"https:\/\/www.all-for-all.de\/wp-content\/uploads\/2014\/05\/P1020283.jpg\" alt=\"Mall Of America\" width=\"1024\" height=\"576\" srcset=\"https:\/\/www.all-for-all.de\/wp-content\/uploads\/2014\/05\/P1020283.jpg 1024w, https:\/\/www.all-for-all.de\/wp-content\/uploads\/2014\/05\/P1020283-300x169.jpg 300w, https:\/\/www.all-for-all.de\/wp-content\/uploads\/2014\/05\/P1020283-500x281.jpg 500w\" sizes=\"auto, (max-width: 1024px) 100vw, 1024px\" \/><\/p>\n<p>In Saint Paul versorgten wir uns mit einem Caramel Macchiato von Starbucks und ohne weiteren Stop erreichten wir die Stadt Duluth am Lake Superior. Als wir die Autot\u00fcren \u00f6ffneten merkten wir, dass die Temperatur hier doch um einiges geringer wie in Minneapolis ist. Man sollte hier auf jeden Fall eine d\u00fcnne Jacke dabei haben.<\/p>\n<p>Leider war es ziemlich bew\u00f6lkt und der k\u00fchle Wind machte den Spaziergang zum Leuchtturm eher unangenehm. Abschlie\u00dfend haben wir uns noch das kleine Schifffahrtsmuseum angesehen. Wenn man schon hier ist, sollte man sich das nicht entgehen lasen. Es gibt ein paar interessante Fakten \u00fcber den See und den Hafen.<br \/>\nDer Gift-Shop ganz unten im Museum war allerdings sehr schr\u00e4g. Die dort arbeitende Frau war wenig gespr\u00e4chsbereit und die Musik die dort lief hat sich sofort auf unser Gem\u00fct gelegt. Ein Wunder dass die Frau sich in dem Shop noch nicht erh\u00e4ngt hat&#8230; <img src=\"https:\/\/www.all-for-all.de\/wp-includes\/images\/smilies\/mrgreen.png\" alt=\":mrgreen:\" class=\"wp-smiley\" style=\"height: 1em; max-height: 1em;\" \/><\/p>\n<p><img loading=\"lazy\" decoding=\"async\" class=\"aligncenter wp-image-4292 size-full\" title=\"Leuchtturm von Duluth\" src=\"https:\/\/www.all-for-all.de\/wp-content\/uploads\/2014\/05\/P1020294.jpg\" alt=\"Leuchtturm von Duluth\" width=\"1024\" height=\"576\" srcset=\"https:\/\/www.all-for-all.de\/wp-content\/uploads\/2014\/05\/P1020294.jpg 1024w, https:\/\/www.all-for-all.de\/wp-content\/uploads\/2014\/05\/P1020294-300x169.jpg 300w, https:\/\/www.all-for-all.de\/wp-content\/uploads\/2014\/05\/P1020294-500x281.jpg 500w\" sizes=\"auto, (max-width: 1024px) 100vw, 1024px\" \/><\/p>\n<p><img loading=\"lazy\" decoding=\"async\" class=\"aligncenter wp-image-4293 size-full\" title=\"Lake Superior\" src=\"https:\/\/www.all-for-all.de\/wp-content\/uploads\/2014\/05\/P1020296.jpg\" alt=\"Lake Superior\" width=\"1024\" height=\"576\" srcset=\"https:\/\/www.all-for-all.de\/wp-content\/uploads\/2014\/05\/P1020296.jpg 1024w, https:\/\/www.all-for-all.de\/wp-content\/uploads\/2014\/05\/P1020296-300x169.jpg 300w, https:\/\/www.all-for-all.de\/wp-content\/uploads\/2014\/05\/P1020296-500x281.jpg 500w\" sizes=\"auto, (max-width: 1024px) 100vw, 1024px\" \/><\/p>\n<p><img loading=\"lazy\" decoding=\"async\" class=\"aligncenter wp-image-4294 size-full\" title=\"Duluth\" src=\"https:\/\/www.all-for-all.de\/wp-content\/uploads\/2014\/05\/P1020297.jpg\" alt=\"Duluth\" width=\"1024\" height=\"576\" srcset=\"https:\/\/www.all-for-all.de\/wp-content\/uploads\/2014\/05\/P1020297.jpg 1024w, https:\/\/www.all-for-all.de\/wp-content\/uploads\/2014\/05\/P1020297-300x169.jpg 300w, https:\/\/www.all-for-all.de\/wp-content\/uploads\/2014\/05\/P1020297-500x281.jpg 500w\" sizes=\"auto, (max-width: 1024px) 100vw, 1024px\" \/><\/p>\n<p><img loading=\"lazy\" decoding=\"async\" class=\"aligncenter wp-image-4295 size-full\" title=\"Hebebr\u00fccke von Duluth\" src=\"https:\/\/www.all-for-all.de\/wp-content\/uploads\/2014\/05\/P1020301.jpg\" alt=\"Hebebr\u00fccke von Duluth\" width=\"1024\" height=\"576\" srcset=\"https:\/\/www.all-for-all.de\/wp-content\/uploads\/2014\/05\/P1020301.jpg 1024w, https:\/\/www.all-for-all.de\/wp-content\/uploads\/2014\/05\/P1020301-300x169.jpg 300w, https:\/\/www.all-for-all.de\/wp-content\/uploads\/2014\/05\/P1020301-500x281.jpg 500w\" sizes=\"auto, (max-width: 1024px) 100vw, 1024px\" \/><\/p>\n<p>Wenn\u00a0wir von\u00a0Duluth aus \u00fcber den See auf den Horizont schauten, sahen wir etwas\u00a0was wir selbst durch den Zoom der Kamera nicht\u00a0deuten konnten. Es sah ein wenig aus wie Brandung.<br \/>\nAuf der Weiterfahrt dann die Erkl\u00e4rung&#8230; Eis&#8230; EIS ENDE MAI!<\/p>\n<p><img loading=\"lazy\" decoding=\"async\" class=\"aligncenter wp-image-4298 size-full\" title=\"Eis auf dem Lake Superior\" src=\"https:\/\/www.all-for-all.de\/wp-content\/uploads\/2014\/05\/P1020311.jpg\" alt=\"Eis auf dem Lake Superior\" width=\"1024\" height=\"576\" srcset=\"https:\/\/www.all-for-all.de\/wp-content\/uploads\/2014\/05\/P1020311.jpg 1024w, https:\/\/www.all-for-all.de\/wp-content\/uploads\/2014\/05\/P1020311-300x169.jpg 300w, https:\/\/www.all-for-all.de\/wp-content\/uploads\/2014\/05\/P1020311-500x281.jpg 500w\" sizes=\"auto, (max-width: 1024px) 100vw, 1024px\" \/><\/p>\n<p><img loading=\"lazy\" decoding=\"async\" class=\"aligncenter wp-image-4297 size-full\" title=\"Eis auf dem Lake Superior\" src=\"https:\/\/www.all-for-all.de\/wp-content\/uploads\/2014\/05\/P1020313.jpg\" alt=\"Eis auf dem Lake Superior\" width=\"1024\" height=\"576\" srcset=\"https:\/\/www.all-for-all.de\/wp-content\/uploads\/2014\/05\/P1020313.jpg 1024w, https:\/\/www.all-for-all.de\/wp-content\/uploads\/2014\/05\/P1020313-300x169.jpg 300w, https:\/\/www.all-for-all.de\/wp-content\/uploads\/2014\/05\/P1020313-500x281.jpg 500w\" sizes=\"auto, (max-width: 1024px) 100vw, 1024px\" \/><\/p>\n<p>Direkt an den Eissschollen war die Lufttemperatur gleich noch eine ganze Ecke niedriger. Damit haben wir absolut nicht gerechnet. brrr &#8230; kalt. \ud83d\ude15<\/p>\n<p>Was noch erw\u00e4hnt werden sollte: Wir haben\u00a0vor dem Urlaub nach brauchbaren Unterk\u00fcnften auf unserer Reiseroute gesucht.\u00a0Leider\u00a0ist an den Great Lakes entlang die Dichte der Hotels sehr gering. Das hat uns ein paar Planungssorgen bereitet. Was uns f\u00fcr unsere zweite Nacht gut gefallen h\u00e4tte, war das <a href=\"http:\/\/www.legendarywaters.com\/\" target=\"_blank\">Legendary Waters Casino<\/a> bei Bayfield direkt am See. Mit Casinos hatten wir bis\u00a0dahin nur gute Erfahrungen. Weil heute Donnerstag ist dachten wir, dass es dort problemlos Zimmer mit Seeblick geben w\u00fcrde. Irrtum&#8230;<br \/>\nDie Rezeptionistin war zwar sehr freundlich und wir durften uns eins der freien Zimmer ansehen. Aber Seeblick ist was anderes. Die tollen Zimmer mit Balkon zum See sind heute leider alle belegt. Wir sagten dass wir uns beraten m\u00fcssen und dann wieder kommen. Aber eigentlich war das eine L\u00fcge&#8230; Als wir wieder im Auto sa\u00dfen war klar, dass wir da nicht bleiben wollen. Wenn wir am See sind, dann auch nur mit 1A Seeblick.<br \/>\nWir kurvten danach mehrmals quer durch Bayfield. Es h\u00e4tte dort wirklich einige Unterk\u00fcnfte gegeben die von au\u00dfen richtig toll aussahen&#8230; Aaaaaber:<br \/>\nDie haben alle noch nicht ge\u00f6ffnet! Die sind noch in der Winterpause. Selbst im Visitor Center\u00a0fanden wir nichts was uns bei der Hotelsuche geholfen h\u00e4tte. Langsam passt das mit den vielen Eisschollen zusammen die wir gesehen haben. Wir lernen\u00a0immer dazu\u00a0in unseren Urlauben. Damit haben wir nun im Traum nicht gerechnet.<\/p>\n<p><img loading=\"lazy\" decoding=\"async\" class=\"aligncenter wp-image-4305 size-full\" title=\"Visitor Center Bayfield\" src=\"https:\/\/www.all-for-all.de\/wp-content\/uploads\/2014\/05\/P1020320.jpg\" alt=\"Visitor Center Bayfield\" width=\"1024\" height=\"576\" srcset=\"https:\/\/www.all-for-all.de\/wp-content\/uploads\/2014\/05\/P1020320.jpg 1024w, https:\/\/www.all-for-all.de\/wp-content\/uploads\/2014\/05\/P1020320-300x169.jpg 300w, https:\/\/www.all-for-all.de\/wp-content\/uploads\/2014\/05\/P1020320-500x281.jpg 500w\" sizes=\"auto, (max-width: 1024px) 100vw, 1024px\" \/><\/p>\n<p>Uns fiel ein, dass wir noch zu Hause in Deutschland, \u00fcber das Internet, ein\u00a0Hotel am Eingang\u00a0des Ortes Ashland \u00a0gefunden hatten. Auf Google Earth sahen wir damals aber dass zwischen Hotel und See der Highway f\u00fchrt. Deshalb haben wir diese Unterkunft\u00a0nicht in unsere engere Auswahl einbezogen und uns deshalb auch den Namen nicht notiert. Alles was wir wussten\u00a0war die ungef\u00e4hre Lage und dass es ge\u00f6ffnet haben sollte. Also\u00a0ging es in Richtung Ashland zu diesem Phantom-Hotel. \ud83d\ude42<br \/>\nWir planten unterwegs weiterhin die Augen nach einem netten Hotel offen zu halten.<\/p>\n<p>Wir fanden unterwegs keine passende Bleibe&#8230; da war \u00fcberhaupt keine Bleibe.\u00a0Am Ortseingang von Ashland war auch nicht das vermutete Hotel. Keine Ahnung was wir uns da gemeinsam eingebildet haben. Omin\u00f6s&#8230; \ud83d\ude44<br \/>\nDaf\u00fcr war da ganz ein anderes Hotel. Die <a href=\"http:\/\/www.ashlandlodge.com\/\" target=\"_blank\">Ashland Lake Superior Lodge<\/a>. Sah eigentlich ganz ansprechend aus. Guter Blick auf den See. Die haben wir uns vorgemerkt. Weiter im Ort fanden wir noch das\u00a0&#8222;<a href=\"http:\/\/book.bestwestern.com\/bestwestern\/US\/WI\/Ashland-hotels\/BEST-WESTERN-The-Hotel-Chequamegon\/Hotel-Overview.do?propertyCode=50135\" target=\"_blank\">Best Western\u00a0The Hotel Chequamegon<\/a>&#8222;. Von au\u00dfen ein echter Prachtbau. Wir fuhren sogar extra hinter das Hotel um zu sehen ob es dort Zimmer mit Blick auf den See gibt. Und die gibt es. \ud83d\ude09<br \/>\nAllerdings waren die G\u00e4ste die in das Hotel liefen und auch die die raus kamen irgendwie&#8230; hmmm &#8230; schwer zu erkl\u00e4ren. Aber wir haben nur Menschen in Anz\u00fcgen und Kleidern gesehen. Irgendwie un\u00fcblich f\u00fcr die USA und so gar nicht unser Ding.<br \/>\nDieser (gl\u00fcckliche) Umstand hat uns dazu bewogen weiter zu suchen.<br \/>\nSo fanden wir beinahe schon am Ortsende schlie\u00dflich das <a href=\"http:\/\/www.americinn.com\/hotels\/wi\/ashland\" target=\"_blank\">Ashland AmericInn<\/a> in dem wir jetzt diese Nacht schlafen.<br \/>\nOk &#8230; ganz so schnell ging es nicht. Wir fuhren wirklich sogar noch ein gutes St\u00fcck hinter dem Ortsende von Ashland weiter, drehten dann aber um und fragten hier nach freien Zimmern mit Seeblick. Das gab es und das haben wir nun. Und das zu einem annehmbaren Preis. Au\u00dfer uns scheinen hier nur Hobby-Angler zu wohnen. Fein fein. \ud83d\ude42<\/p>\n<p><img loading=\"lazy\" decoding=\"async\" class=\"aligncenter wp-image-4314 size-full\" title=\"Ashland AmericInn\" src=\"https:\/\/www.all-for-all.de\/wp-content\/uploads\/2014\/05\/P1020383.jpg\" alt=\"Ashland AmericInn\" width=\"1024\" height=\"576\" srcset=\"https:\/\/www.all-for-all.de\/wp-content\/uploads\/2014\/05\/P1020383.jpg 1024w, https:\/\/www.all-for-all.de\/wp-content\/uploads\/2014\/05\/P1020383-300x169.jpg 300w, https:\/\/www.all-for-all.de\/wp-content\/uploads\/2014\/05\/P1020383-500x281.jpg 500w\" sizes=\"auto, (max-width: 1024px) 100vw, 1024px\" \/><\/p>\n<p>Nachdem wir unser Zimmer bezogen hatten fuhren wir sofort wieder los. Wir hatten m\u00e4chtigen Hunger. Auf dem Weg hierher hatten wir das <a href=\"https:\/\/www.facebook.com\/pages\/Ashland-Family-Restaurant\/1380119762236266\" target=\"_blank\">Ashland Family Restaurant <\/a>gesehen. Das steuerten wir an. Irgendwie hat diese lokal etwas von einem Denny`s Diner. Auch die Speisekarte ist irgendwie \u00e4hnlich. Sei`s drum &#8230; die\u00a0Sandwiches waren wirklich lecker!<\/p>\n<p><img loading=\"lazy\" decoding=\"async\" class=\"aligncenter wp-image-4315 size-full\" title=\"Ashland Family Restarant\" src=\"https:\/\/www.all-for-all.de\/wp-content\/uploads\/2014\/05\/P1020322.jpg\" alt=\"Ashland Family Restarant\" width=\"1024\" height=\"576\" srcset=\"https:\/\/www.all-for-all.de\/wp-content\/uploads\/2014\/05\/P1020322.jpg 1024w, https:\/\/www.all-for-all.de\/wp-content\/uploads\/2014\/05\/P1020322-300x169.jpg 300w, https:\/\/www.all-for-all.de\/wp-content\/uploads\/2014\/05\/P1020322-500x281.jpg 500w\" sizes=\"auto, (max-width: 1024px) 100vw, 1024px\" \/><\/p>\n<p>Bevor wir zur\u00fcck ins Hotel fuhren, haben wir noch einen Zwischenstopp im WalMart Supercenter eingelegt. Einfach spa\u00dfeshalber ein wenig durch die Regale schlendern. Ein paar gek\u00fchlte Starbucks und\u00a0S\u00fc\u00dfkram mussten wir dann doch kaufen. \ud83d\ude09<\/p>\n<p>Sonnenuntergang am Lake Superior. Mal ganz was anderes&#8230; \ud83d\ude42<\/p>\n<p><img loading=\"lazy\" decoding=\"async\" class=\"aligncenter wp-image-4318 size-full\" title=\"Sonnenuntergang am Lake Superior\" src=\"https:\/\/www.all-for-all.de\/wp-content\/uploads\/2014\/05\/P1020354.jpg\" alt=\"Sonnenuntergang am Lake Superior\" width=\"1024\" height=\"576\" srcset=\"https:\/\/www.all-for-all.de\/wp-content\/uploads\/2014\/05\/P1020354.jpg 1024w, https:\/\/www.all-for-all.de\/wp-content\/uploads\/2014\/05\/P1020354-300x169.jpg 300w, https:\/\/www.all-for-all.de\/wp-content\/uploads\/2014\/05\/P1020354-500x281.jpg 500w\" sizes=\"auto, (max-width: 1024px) 100vw, 1024px\" \/><\/p>\n<p><img loading=\"lazy\" decoding=\"async\" class=\"aligncenter wp-image-4319 size-full\" title=\"Sonnenuntergang am Lake Superior\" src=\"https:\/\/www.all-for-all.de\/wp-content\/uploads\/2014\/05\/P1020355.jpg\" alt=\"Sonnenuntergang am Lake Superior\" width=\"1024\" height=\"576\" srcset=\"https:\/\/www.all-for-all.de\/wp-content\/uploads\/2014\/05\/P1020355.jpg 1024w, https:\/\/www.all-for-all.de\/wp-content\/uploads\/2014\/05\/P1020355-300x169.jpg 300w, https:\/\/www.all-for-all.de\/wp-content\/uploads\/2014\/05\/P1020355-500x281.jpg 500w\" sizes=\"auto, (max-width: 1024px) 100vw, 1024px\" \/><\/p>\n<p>Die zur\u00fcckgelegte Entfernung mit dem Auto betr\u00e4gt heute 511,47 Km<\/p>\n<p><img loading=\"lazy\" decoding=\"async\" class=\"aligncenter wp-image-4322 size-full\" title=\"Route Minneapolis - Duluth - Bayfield - Ashland\" src=\"https:\/\/www.all-for-all.de\/wp-content\/uploads\/2014\/05\/Logger_01.jpg\" alt=\"Route Minneapolis - Duluth - Bayfield - Ashland\" width=\"964\" height=\"730\" srcset=\"https:\/\/www.all-for-all.de\/wp-content\/uploads\/2014\/05\/Logger_01.jpg 964w, https:\/\/www.all-for-all.de\/wp-content\/uploads\/2014\/05\/Logger_01-300x227.jpg 300w, https:\/\/www.all-for-all.de\/wp-content\/uploads\/2014\/05\/Logger_01-396x300.jpg 396w\" sizes=\"auto, (max-width: 964px) 100vw, 964px\" \/><\/p>\n<p>Morgen fahren wir ganz weit in den See hinein&#8230; auf die Landzunge in das St\u00e4dtchen Copper Harbour. Absichtlich haben wir kein Hotel gebucht. Wir lassen uns wieder \u00fcberraschen&#8230; \ud83d\ude42<\/p>\n<p>Viele Gr\u00fc\u00dfe<br \/>\nJoa<\/p>\n<p>Zur\u00fcck zu: <a href=\"https:\/\/www.all-for-all.de\/?page_id=4211\">21.05.2014, Anreise M\u00fcnchen \u2013 Amsterdam \u2013 Minneapolis<\/a><br \/>\nWeiter zu: <a href=\"https:\/\/www.all-for-all.de\/?page_id=4326\">23.05.2014, Ashland \u2013 Copper Harbor \u2013 Marquette<\/a><\/p>\n<p>&nbsp;<\/p>\n","protected":false},"excerpt":{"rendered":"<p>P\u00fcnktlich nachts um 03:00 Uhr sind wir wie bef\u00fcrchtet aufgewacht. \ud83d\ude15 Aber dieses Mal haben wir\u00a0den Moment genutzt um uns an unserem Lieblings &#8211;\u00a0\u00a0O-Saft zu vergreifen. Danach haben wir nochmals das Licht ausgemacht und konnten tats\u00e4chlich bis knapp 06:00 Uhr &hellip; <a href=\"https:\/\/www.all-for-all.de\/?page_id=4238\">Weiterlesen <span class=\"meta-nav\">&rarr;<\/span><\/a><\/p>\n","protected":false},"author":2,"featured_media":0,"parent":0,"menu_order":0,"comment_status":"closed","ping_status":"open","template":"","meta":{"footnotes":""},"class_list":["post-4238","page","type-page","status-publish","hentry"],"jetpack_sharing_enabled":true,"_links":{"self":[{"href":"https:\/\/www.all-for-all.de\/index.php?rest_route=\/wp\/v2\/pages\/4238","targetHints":{"allow":["GET"]}}],"collection":[{"href":"https:\/\/www.all-for-all.de\/index.php?rest_route=\/wp\/v2\/pages"}],"about":[{"href":"https:\/\/www.all-for-all.de\/index.php?rest_route=\/wp\/v2\/types\/page"}],"author":[{"embeddable":true,"href":"https:\/\/www.all-for-all.de\/index.php?rest_route=\/wp\/v2\/users\/2"}],"replies":[{"embeddable":true,"href":"https:\/\/www.all-for-all.de\/index.php?rest_route=%2Fwp%2Fv2%2Fcomments&post=4238"}],"version-history":[{"count":0,"href":"https:\/\/www.all-for-all.de\/index.php?rest_route=\/wp\/v2\/pages\/4238\/revisions"}],"wp:attachment":[{"href":"https:\/\/www.all-for-all.de\/index.php?rest_route=%2Fwp%2Fv2%2Fmedia&parent=4238"}],"curies":[{"name":"wp","href":"https:\/\/api.w.org\/{rel}","templated":true}]}}