{"id":4211,"date":"2014-05-21T23:59:33","date_gmt":"2014-05-21T22:59:33","guid":{"rendered":"http:\/\/www.all-for-all.de\/?page_id=4211"},"modified":"2015-01-05T10:51:12","modified_gmt":"2015-01-05T09:51:12","slug":"21-05-2014-anreise-muenchen-amsterdam-minneapolis","status":"publish","type":"page","link":"https:\/\/www.all-for-all.de\/?page_id=4211","title":{"rendered":"21.05.2014, Anreise M\u00fcnchen &#8211; Amsterdam &#8211; Minneapolis"},"content":{"rendered":"<p>Yeah!!! Wir sind in Minneapolis!<br \/>\nDie Anreise verlief ausnahmslos\u00a0 p e r f e\u00a0k t.<br \/>\n\ud83d\ude0e<\/p>\n<p>Der Flug von M\u00fcnchen nach Amsterdam startete auf die Minute p\u00fcnktlich bereits um 07:05 Uhr morgens. Dementsprechend fr\u00fch mussten wir von zu Hause los.<br \/>\nGen\u00fcgend Puffer eingeplant, startete unsere Reise also schon um 02:30 Uhr. Viel Schlaf war da leider nicht drin. \ud83d\ude09<\/p>\n<p>Nach einer der leckersten Brezen\u00a0die wir je gegessen haben (von der Tankstelle am Flughafen!) gaben wir den Mietwagen ab, das Gep\u00e4ck auf und durchquerten knapp 2h vor Abflug die Sicherheitskontrollen. Die Warterei nervt zwar&#8230; aber lieber zu fr\u00fch wie zu sp\u00e4t.\u00a0 \ud83d\ude1b<\/p>\n<p>In Amsterdam wurde unser Gep\u00e4ck automatisch in den Anschlussflug verladen. Wir hatten dort 1 Stunde und 50 Minuten Aufenthalt\u00a0und obwohl wir nicht tr\u00f6delten und direkt zu unserem Gate liefen, kamen wir erst kurz vor dem Boarding dort an.<br \/>\nDer Grund war etwas das wir zuvor so noch nie gesehen hatten:<br \/>\nKurz vor dem Gate und der letzten Sicherheitskontrolle war ein eigener Bereich in dem so etwas \u00e4hnliches wie hohe Bistrotische standen. An jedem dieser Tische\u00a0stand ein Sicherheitsbeamter und dort wurde wirklich jeder Passagier, bzw. jede Familie oder jedes Paar genauestens befragt. Ziel? Grund der Reise?, etc, etc. &#8230; also eigentlich genau das was die Beamten in den USA bei der Immigration machen.<br \/>\nBei uns ging diese Befragung recht z\u00fcgig. Wir haben aber gesehen und selbst geh\u00f6rt, dass manche Passagiere richtig ausf\u00fchrlich befragt wurden. \u00d6fter mal was Neues&#8230; \ud83d\ude44<\/p>\n<p>Ich hatte trotz meiner 2,05 Meter ausreichend Platz.\u00a0 <img src=\"https:\/\/www.all-for-all.de\/wp-includes\/images\/smilies\/mrgreen.png\" alt=\":mrgreen:\" class=\"wp-smiley\" style=\"height: 1em; max-height: 1em;\" \/>\u00a0 Der Airbus hat einen recht neuen Eindruck gemacht und dank dem inseat entertainment verging der Flug gef\u00fchlsm\u00e4\u00dfig recht schnell.<br \/>\nLandung in Minneapolis bei starker Bew\u00f6lkung und 17\u00b0C.<\/p>\n<p><img loading=\"lazy\" decoding=\"async\" class=\"aligncenter wp-image-4225 size-full\" title=\"Flug Amsterdam - Minneapolis\" src=\"https:\/\/www.all-for-all.de\/wp-content\/uploads\/2014\/05\/P1020205.jpg\" alt=\"Flug Amsterdam - Minneapolis\" width=\"1024\" height=\"576\" srcset=\"https:\/\/www.all-for-all.de\/wp-content\/uploads\/2014\/05\/P1020205.jpg 1024w, https:\/\/www.all-for-all.de\/wp-content\/uploads\/2014\/05\/P1020205-300x169.jpg 300w, https:\/\/www.all-for-all.de\/wp-content\/uploads\/2014\/05\/P1020205-500x281.jpg 500w\" sizes=\"auto, (max-width: 1024px) 100vw, 1024px\" \/><\/p>\n<p><img loading=\"lazy\" decoding=\"async\" class=\"aligncenter wp-image-4224 size-full\" title=\"Flug Amsterdam - Minneapolis\" src=\"https:\/\/www.all-for-all.de\/wp-content\/uploads\/2014\/05\/P1020207.jpg\" alt=\"Flug Amsterdam - Minneapolis\" width=\"1024\" height=\"576\" srcset=\"https:\/\/www.all-for-all.de\/wp-content\/uploads\/2014\/05\/P1020207.jpg 1024w, https:\/\/www.all-for-all.de\/wp-content\/uploads\/2014\/05\/P1020207-300x169.jpg 300w, https:\/\/www.all-for-all.de\/wp-content\/uploads\/2014\/05\/P1020207-500x281.jpg 500w\" sizes=\"auto, (max-width: 1024px) 100vw, 1024px\" \/><\/p>\n<p>Und dann gleich ein neuer Rekord:<br \/>\n15 Minuten vom Verlassen des Fliegers bis wir die Stempel in unseren P\u00e4ssen hatten und durch die Immigration waren. Ganz unglaublich!<br \/>\nDer Zoll war nur eine reine Formalit\u00e4t und es war sogar unser komplettes Gep\u00e4ck da. \ud83d\ude09<\/p>\n<p>Auch am Schalter von National mussten wir nicht lange anstehen und schlie\u00dflich befanden wir uns im Parkhaus im Bereich der Midsize SUVs. Die Auswahl hier war wirklich enorm und wir konnten uns zun\u00e4chst nicht entscheiden.<br \/>\nAber dann wurde unser Auto\u00a0frisch gewaschen zwischen allen anderen abgestellt. Ein wei\u00dfer Dodge Journey mit SAT-Radio und knapp 4.000 Meilen auf dem Tacho. Den haben wir sofort blockiert und nach einem Blick unter die Motorhaube war es klar&#8230; 6 Zylinder, der ist unserer! \ud83d\ude0e<\/p>\n<p><img loading=\"lazy\" decoding=\"async\" class=\"aligncenter wp-image-4231 size-full\" title=\"Dodge Journey\" src=\"https:\/\/www.all-for-all.de\/wp-content\/uploads\/2014\/05\/P1020239.jpg\" alt=\"Dodge Journey\" width=\"1024\" height=\"576\" srcset=\"https:\/\/www.all-for-all.de\/wp-content\/uploads\/2014\/05\/P1020239.jpg 1024w, https:\/\/www.all-for-all.de\/wp-content\/uploads\/2014\/05\/P1020239-300x169.jpg 300w, https:\/\/www.all-for-all.de\/wp-content\/uploads\/2014\/05\/P1020239-500x281.jpg 500w\" sizes=\"auto, (max-width: 1024px) 100vw, 1024px\" \/><\/p>\n<p>TomTom f\u00fchrte uns an unser Hotel.<\/p>\n<p><img loading=\"lazy\" decoding=\"async\" class=\"aligncenter wp-image-4229 size-full\" title=\"Minneapolis\" src=\"https:\/\/www.all-for-all.de\/wp-content\/uploads\/2014\/05\/P1020210.jpg\" alt=\"Minneapolis\" width=\"1024\" height=\"576\" srcset=\"https:\/\/www.all-for-all.de\/wp-content\/uploads\/2014\/05\/P1020210.jpg 1024w, https:\/\/www.all-for-all.de\/wp-content\/uploads\/2014\/05\/P1020210-300x169.jpg 300w, https:\/\/www.all-for-all.de\/wp-content\/uploads\/2014\/05\/P1020210-500x281.jpg 500w\" sizes=\"auto, (max-width: 1024px) 100vw, 1024px\" \/><\/p>\n<p>Wie gewohnt sind die Zimmer in den\u00a0Embassy Suites wunderbar. Wir hielten uns dort zun\u00e4chst nicht lange auf. Shoppen war angesagt!<br \/>\nWeil es morgen schon ab an die Great Lakes geht, brauchten wir noch Verpflegung und Equipment. K\u00fchlbox, O-Saft, Coke, Snacks, Abfallt\u00fcten, Papierhandt\u00fccher, und und und. Das haben wir alles im WalMart Supercenter besorgt. Herrlich!<\/p>\n<p>Langsam machte sich die lange Anreise bemerkbar. Wir\u00a0hatten m\u00e4chtigen Hunger\u00a0und die M\u00fcdigkeit macht uns zu schaffen. Zum Gl\u00fcck gibt es hier gleich ums Eck einen Denny`s und wir g\u00f6nnten uns zum Urlaubseinstand jeweils einen Classic Cheeseburger.<\/p>\n<p>Hoffentlich wachen wir nicht, wie sonst in der ersten Nacht \u00fcblich, schon wieder morgens um 03:00 Uhr auf. \ud83d\ude15<br \/>\nWir werden es sehen&#8230;<\/p>\n<p>Laut Logger waren es 7580 Km von M\u00fcnchen \u00fcber Amsterdam nach Minneapolis. \ud83d\ude42<\/p>\n<p>Viele Gr\u00fc\u00dfe<br \/>\nJoa<\/p>\n<p>Zur\u00fcck zu: <a href=\"https:\/\/www.all-for-all.de\/?page_id=3540\">Minneapolis, Great Lakes, Toronto, Niagara Falls, Boston + Florida<\/a><br \/>\nWeiter zu: <a href=\"https:\/\/www.all-for-all.de\/?page_id=4238\">22.05.2014, Minneapolis \u2013 Duluth \u2013 Ashland<\/a><\/p>\n","protected":false},"excerpt":{"rendered":"<p>Yeah!!! Wir sind in Minneapolis! Die Anreise verlief ausnahmslos\u00a0 p e r f e\u00a0k t. \ud83d\ude0e Der Flug von M\u00fcnchen nach Amsterdam startete auf die Minute p\u00fcnktlich bereits um 07:05 Uhr morgens. Dementsprechend fr\u00fch mussten wir von zu Hause los. &hellip; <a href=\"https:\/\/www.all-for-all.de\/?page_id=4211\">Weiterlesen <span class=\"meta-nav\">&rarr;<\/span><\/a><\/p>\n","protected":false},"author":2,"featured_media":0,"parent":0,"menu_order":0,"comment_status":"closed","ping_status":"open","template":"","meta":{"footnotes":""},"class_list":["post-4211","page","type-page","status-publish","hentry"],"jetpack_sharing_enabled":true,"_links":{"self":[{"href":"https:\/\/www.all-for-all.de\/index.php?rest_route=\/wp\/v2\/pages\/4211","targetHints":{"allow":["GET"]}}],"collection":[{"href":"https:\/\/www.all-for-all.de\/index.php?rest_route=\/wp\/v2\/pages"}],"about":[{"href":"https:\/\/www.all-for-all.de\/index.php?rest_route=\/wp\/v2\/types\/page"}],"author":[{"embeddable":true,"href":"https:\/\/www.all-for-all.de\/index.php?rest_route=\/wp\/v2\/users\/2"}],"replies":[{"embeddable":true,"href":"https:\/\/www.all-for-all.de\/index.php?rest_route=%2Fwp%2Fv2%2Fcomments&post=4211"}],"version-history":[{"count":0,"href":"https:\/\/www.all-for-all.de\/index.php?rest_route=\/wp\/v2\/pages\/4211\/revisions"}],"wp:attachment":[{"href":"https:\/\/www.all-for-all.de\/index.php?rest_route=%2Fwp%2Fv2%2Fmedia&parent=4211"}],"curies":[{"name":"wp","href":"https:\/\/api.w.org\/{rel}","templated":true}]}}