{"id":4174,"date":"2013-08-15T23:59:08","date_gmt":"2013-08-15T22:59:08","guid":{"rendered":"http:\/\/www.all-for-all.de\/?page_id=4174"},"modified":"2015-01-04T01:47:07","modified_gmt":"2015-01-04T00:47:07","slug":"15-08-2013-zusammenfassung","status":"publish","type":"page","link":"https:\/\/www.all-for-all.de\/?page_id=4174","title":{"rendered":"15.08.2013, Zusammenfassung"},"content":{"rendered":"<p>Wie ich gerade gesehen habe, habe ich vor genau einem Jahr die Zusammenfassung \u00fcber unseren Urlaub 2012 geschrieben. Der Feiertag bietet sich hierzu einfach perfekt an. \ud83d\ude1b<\/p>\n<p>Ok.. zur Sache:<br \/>\nAlle Abrechnungen sind gesichtet und stimmen. Sascha hat uns wie versprochen die volle Kaution zur\u00fcck \u00fcberwiesen. Erfahrungsgem\u00e4\u00df hat er uns damit gesch\u00e4tzte 50,-\u20ac an Strom geschenkt. Absolut fair!<\/p>\n<p>Mit beiden Autos zusammen waren wir ca. 3800 Km unterwegs. Den Gro\u00dfteil davon nat\u00fcrlich mit dem Chevy Equinox. Laut \u00dcbergabequittung waren es 3321 Km. In Florida sind wir ja nur noch zum Einkaufen gefahren.<br \/>\nMit dem Boot haben wir immerhin 230 Km zur\u00fcck gelegt. <img src=\"https:\/\/www.all-for-all.de\/wp-includes\/images\/smilies\/mrgreen.png\" alt=\":mrgreen:\" class=\"wp-smiley\" style=\"height: 1em; max-height: 1em;\" \/><br \/>\nEine Gesamt\u00fcbersicht aller Loggerdaten von der ersten Urlaubsh\u00e4lfte soll es nat\u00fcrlich auch wieder geben:<\/p>\n<p><img loading=\"lazy\" decoding=\"async\" class=\"aligncenter wp-image-4178 size-full\" title=\"Salt Lake City - Denver\" src=\"https:\/\/www.all-for-all.de\/wp-content\/uploads\/2013\/08\/Logger_26.jpg\" alt=\"Salt Lake City - Denver\" width=\"1222\" height=\"682\" srcset=\"https:\/\/www.all-for-all.de\/wp-content\/uploads\/2013\/08\/Logger_26.jpg 1222w, https:\/\/www.all-for-all.de\/wp-content\/uploads\/2013\/08\/Logger_26-300x167.jpg 300w, https:\/\/www.all-for-all.de\/wp-content\/uploads\/2013\/08\/Logger_26-1024x571.jpg 1024w, https:\/\/www.all-for-all.de\/wp-content\/uploads\/2013\/08\/Logger_26-500x279.jpg 500w\" sizes=\"auto, (max-width: 1222px) 100vw, 1222px\" \/><\/p>\n<p>Die Bootsfahrten:<\/p>\n<p><img loading=\"lazy\" decoding=\"async\" class=\"aligncenter wp-image-4179 size-full\" title=\"Bootsfahrten\" src=\"https:\/\/www.all-for-all.de\/wp-content\/uploads\/2013\/08\/Logger_27.jpg\" alt=\"Bootsfahrten\" width=\"992\" height=\"638\" srcset=\"https:\/\/www.all-for-all.de\/wp-content\/uploads\/2013\/08\/Logger_27.jpg 992w, https:\/\/www.all-for-all.de\/wp-content\/uploads\/2013\/08\/Logger_27-300x193.jpg 300w, https:\/\/www.all-for-all.de\/wp-content\/uploads\/2013\/08\/Logger_27-466x300.jpg 466w\" sizes=\"auto, (max-width: 992px) 100vw, 992px\" \/><\/p>\n<p>Arches, Canyonlands und Colorado National Monument waren \u00fcberw\u00e4ltigend. Ebenso die Rocky Mountains. Es\u00a0gibt da noch so einiges zu\u00a0besichtigen was wir in der zur Verf\u00fcgung gestandenen Zeit einfach nicht geschafft haben. Das l\u00e4uft uns nicht weg. \ud83d\ude09 Ich muss aber auch sagen, dass man, egal wie toll es aussieht, irgendwann genug rote Felsen oder Berggipfel gesehen hat. Mein Auge braucht dann dringend etwas anderes. Und andere Temperaturen waren dann auch angesagt.<br \/>\nZum Thema Boot habe ich mich ja schon ge\u00e4u\u00dfert. Vielleicht mal wieder&#8230; aber sicher nicht mehr 5 Tage am St\u00fcck.<\/p>\n<p>Wieder einmal ein echt toller Urlaub mit der richtigen Mischung aus Rundfahrt und Erholung. Ich glaube wir haben da jetzt eine ideale\u00a0Kombination gefunden.<\/p>\n<p>Hoffentlich klappt es 2014 wieder!<\/p>\n<p>Wohin? Tjaaaaa &#8230; wir werden sehen. \ud83d\ude0e<\/p>\n<p>Viele Gr\u00fc\u00dfe<br \/>\nJoa<\/p>\n<p>Zur\u00fcck zu: <a href=\"https:\/\/www.all-for-all.de\/?page_id=4167\">07.07.2013, Wieder zu Hause<\/a><\/p>\n","protected":false},"excerpt":{"rendered":"<p>Wie ich gerade gesehen habe, habe ich vor genau einem Jahr die Zusammenfassung \u00fcber unseren Urlaub 2012 geschrieben. Der Feiertag bietet sich hierzu einfach perfekt an. \ud83d\ude1b Ok.. zur Sache: Alle Abrechnungen sind gesichtet und stimmen. Sascha hat uns wie &hellip; <a href=\"https:\/\/www.all-for-all.de\/?page_id=4174\">Weiterlesen <span class=\"meta-nav\">&rarr;<\/span><\/a><\/p>\n","protected":false},"author":2,"featured_media":0,"parent":0,"menu_order":0,"comment_status":"closed","ping_status":"open","template":"","meta":{"footnotes":""},"class_list":["post-4174","page","type-page","status-publish","hentry"],"jetpack_sharing_enabled":true,"_links":{"self":[{"href":"https:\/\/www.all-for-all.de\/index.php?rest_route=\/wp\/v2\/pages\/4174","targetHints":{"allow":["GET"]}}],"collection":[{"href":"https:\/\/www.all-for-all.de\/index.php?rest_route=\/wp\/v2\/pages"}],"about":[{"href":"https:\/\/www.all-for-all.de\/index.php?rest_route=\/wp\/v2\/types\/page"}],"author":[{"embeddable":true,"href":"https:\/\/www.all-for-all.de\/index.php?rest_route=\/wp\/v2\/users\/2"}],"replies":[{"embeddable":true,"href":"https:\/\/www.all-for-all.de\/index.php?rest_route=%2Fwp%2Fv2%2Fcomments&post=4174"}],"version-history":[{"count":0,"href":"https:\/\/www.all-for-all.de\/index.php?rest_route=\/wp\/v2\/pages\/4174\/revisions"}],"wp:attachment":[{"href":"https:\/\/www.all-for-all.de\/index.php?rest_route=%2Fwp%2Fv2%2Fmedia&parent=4174"}],"curies":[{"name":"wp","href":"https:\/\/api.w.org\/{rel}","templated":true}]}}