{"id":4148,"date":"2013-07-06T23:59:34","date_gmt":"2013-07-06T22:59:34","guid":{"rendered":"http:\/\/www.all-for-all.de\/?page_id=4148"},"modified":"2015-01-13T23:35:59","modified_gmt":"2015-01-13T22:35:59","slug":"06-07-2013-hausuebergabe-und-heimflug","status":"publish","type":"page","link":"https:\/\/www.all-for-all.de\/?page_id=4148","title":{"rendered":"06.07.2013, Haus\u00fcbergabe und Heimflug"},"content":{"rendered":"<p>Wir sind irgendwo zwischen New York und M\u00fcnchen.. auf dem Heimflug! \ud83d\ude25<\/p>\n<p>Sascha war heute Morgen auf die Minute p\u00fcnktlich. Wir haben zusammen den Stromz\u00e4hler abgelesen und das Haus besichtigt. Es gab nichts zu beanstanden.<br \/>\nSehr fair ist sein Angebot, dass wir wegen den Kleintieren in der K\u00fcche den Strom nicht bezahlen m\u00fcssen. Er wird uns die komplette Kaution zur\u00fcck \u00fcberweisen.<\/p>\n<p>So richtig fies hat sich Cape Coral und Florida mit einem Traumwetter von uns verabschiedet. Wegen\u00a0uns h\u00e4tte das heute noch nicht enden m\u00fcssen. \ud83d\ude25<\/p>\n<p><img loading=\"lazy\" decoding=\"async\" class=\"aligncenter wp-image-4155 size-full\" title=\"Vor der Abfahrt\" src=\"https:\/\/www.all-for-all.de\/wp-content\/uploads\/2013\/07\/P1020097.jpg\" alt=\"Vor der Abfahrt\" width=\"1024\" height=\"768\" srcset=\"https:\/\/www.all-for-all.de\/wp-content\/uploads\/2013\/07\/P1020097.jpg 1024w, https:\/\/www.all-for-all.de\/wp-content\/uploads\/2013\/07\/P1020097-300x225.jpg 300w, https:\/\/www.all-for-all.de\/wp-content\/uploads\/2013\/07\/P1020097-400x300.jpg 400w\" sizes=\"auto, (max-width: 1024px) 100vw, 1024px\" \/><\/p>\n<p>Nachdem wir unseren Chevy am Flughafen abgegeben hatten, ging alles sehr schnell. Unsere Kofferwaage geht recht genau. 2x 22Kg und 1x genau 23Kg.. perfekt! <img src=\"https:\/\/www.all-for-all.de\/wp-includes\/images\/smilies\/mrgreen.png\" alt=\":mrgreen:\" class=\"wp-smiley\" style=\"height: 1em; max-height: 1em;\" \/><br \/>\nDaf\u00fcr mussten wir zum ersten Mal in den letzten drei Jahren die Geb\u00fchr f\u00fcr das dritte Gep\u00e4ckst\u00fcck bezahlen. 75 Dollar ist eigentlich Wucher.. aber was soll`s? Ist nicht zu \u00e4ndern und macht den Bock auch nicht mehr fett.<\/p>\n<p>Der fast schon traditionelle, letzte\u00a0Caramel Macchiato drau\u00dfen in der warmen Floridaluft, durch die Sicherheitskontrolle und rein in den Flieger nach Newark\/New York.<\/p>\n<p><img loading=\"lazy\" decoding=\"async\" class=\"aligncenter wp-image-4157 size-full\" title=\"Embraer ERJ-170\" src=\"https:\/\/www.all-for-all.de\/wp-content\/uploads\/2013\/07\/P1020099.jpg\" alt=\"Embraer ERJ-170\" width=\"1024\" height=\"768\" srcset=\"https:\/\/www.all-for-all.de\/wp-content\/uploads\/2013\/07\/P1020099.jpg 1024w, https:\/\/www.all-for-all.de\/wp-content\/uploads\/2013\/07\/P1020099-300x225.jpg 300w, https:\/\/www.all-for-all.de\/wp-content\/uploads\/2013\/07\/P1020099-400x300.jpg 400w\" sizes=\"auto, (max-width: 1024px) 100vw, 1024px\" \/><\/p>\n<p>Vom Flughafen Newark aus konnten wir das fast fertige &#8222;One World Trade Center&#8220; sehen.<\/p>\n<p><img loading=\"lazy\" decoding=\"async\" class=\"aligncenter wp-image-4160 size-full\" title=\"One World Trade Center\" src=\"https:\/\/www.all-for-all.de\/wp-content\/uploads\/2013\/07\/P1020123.jpg\" alt=\"One World Trade Center\" width=\"1024\" height=\"768\" srcset=\"https:\/\/www.all-for-all.de\/wp-content\/uploads\/2013\/07\/P1020123.jpg 1024w, https:\/\/www.all-for-all.de\/wp-content\/uploads\/2013\/07\/P1020123-300x225.jpg 300w, https:\/\/www.all-for-all.de\/wp-content\/uploads\/2013\/07\/P1020123-400x300.jpg 400w\" sizes=\"auto, (max-width: 1024px) 100vw, 1024px\" \/><\/p>\n<p>Der Anschlussflug ging ebenfalls p\u00fcnktlich.<\/p>\n<p><img loading=\"lazy\" decoding=\"async\" class=\"aligncenter wp-image-4162 size-full\" title=\"Heimflug\" src=\"https:\/\/www.all-for-all.de\/wp-content\/uploads\/2013\/07\/P1020148.jpg\" alt=\"Heimflug\" width=\"1024\" height=\"768\" srcset=\"https:\/\/www.all-for-all.de\/wp-content\/uploads\/2013\/07\/P1020148.jpg 1024w, https:\/\/www.all-for-all.de\/wp-content\/uploads\/2013\/07\/P1020148-300x225.jpg 300w, https:\/\/www.all-for-all.de\/wp-content\/uploads\/2013\/07\/P1020148-400x300.jpg 400w\" sizes=\"auto, (max-width: 1024px) 100vw, 1024px\" \/><\/p>\n<p>Tjaaaa &#8230; und nun warten wir auf die Landung um 07:40 Uhr in M\u00fcnchen. Das wird sicherlich wie immer eine sehr kurze Nacht mit\u00a0sehr wenig Schlaf&#8230;<\/p>\n<p><img loading=\"lazy\" decoding=\"async\" class=\"aligncenter wp-image-4163 size-full\" title=\"Heimflug\" src=\"https:\/\/www.all-for-all.de\/wp-content\/uploads\/2013\/07\/P1020158.jpg\" alt=\"Heimflug\" width=\"1024\" height=\"768\" srcset=\"https:\/\/www.all-for-all.de\/wp-content\/uploads\/2013\/07\/P1020158.jpg 1024w, https:\/\/www.all-for-all.de\/wp-content\/uploads\/2013\/07\/P1020158-300x225.jpg 300w, https:\/\/www.all-for-all.de\/wp-content\/uploads\/2013\/07\/P1020158-400x300.jpg 400w\" sizes=\"auto, (max-width: 1024px) 100vw, 1024px\" \/><\/p>\n<p>Flugstrecke Fort Myers &#8211; Newark: 1859,6 Km<\/p>\n<p><img loading=\"lazy\" decoding=\"async\" class=\"aligncenter wp-image-4164 size-full\" title=\"Logger Fort Myers - Newark\" src=\"https:\/\/www.all-for-all.de\/wp-content\/uploads\/2013\/07\/Logger_25.jpg\" alt=\"Logger Fort Myers - Newark\" width=\"837\" height=\"687\" srcset=\"https:\/\/www.all-for-all.de\/wp-content\/uploads\/2013\/07\/Logger_25.jpg 837w, https:\/\/www.all-for-all.de\/wp-content\/uploads\/2013\/07\/Logger_25-300x246.jpg 300w, https:\/\/www.all-for-all.de\/wp-content\/uploads\/2013\/07\/Logger_25-366x300.jpg 366w\" sizes=\"auto, (max-width: 837px) 100vw, 837px\" \/><\/p>\n<p>Viele Gr\u00fc\u00dfe<br \/>\nJoa<\/p>\n<p>Zur\u00fcck zu: <a href=\"https:\/\/www.all-for-all.de\/?page_id=4134\">05.07.2013, Der letzte Urlaubstag<\/a><br \/>\nWeiter zu: <a href=\"https:\/\/www.all-for-all.de\/?page_id=4167\">07.07.2013, Wieder zu Hause<\/a><\/p>\n","protected":false},"excerpt":{"rendered":"<p>Wir sind irgendwo zwischen New York und M\u00fcnchen.. auf dem Heimflug! \ud83d\ude25 Sascha war heute Morgen auf die Minute p\u00fcnktlich. Wir haben zusammen den Stromz\u00e4hler abgelesen und das Haus besichtigt. Es gab nichts zu beanstanden. Sehr fair ist sein Angebot, &hellip; <a href=\"https:\/\/www.all-for-all.de\/?page_id=4148\">Weiterlesen <span class=\"meta-nav\">&rarr;<\/span><\/a><\/p>\n","protected":false},"author":2,"featured_media":0,"parent":0,"menu_order":0,"comment_status":"closed","ping_status":"open","template":"","meta":{"footnotes":""},"class_list":["post-4148","page","type-page","status-publish","hentry"],"jetpack_sharing_enabled":true,"_links":{"self":[{"href":"https:\/\/www.all-for-all.de\/index.php?rest_route=\/wp\/v2\/pages\/4148","targetHints":{"allow":["GET"]}}],"collection":[{"href":"https:\/\/www.all-for-all.de\/index.php?rest_route=\/wp\/v2\/pages"}],"about":[{"href":"https:\/\/www.all-for-all.de\/index.php?rest_route=\/wp\/v2\/types\/page"}],"author":[{"embeddable":true,"href":"https:\/\/www.all-for-all.de\/index.php?rest_route=\/wp\/v2\/users\/2"}],"replies":[{"embeddable":true,"href":"https:\/\/www.all-for-all.de\/index.php?rest_route=%2Fwp%2Fv2%2Fcomments&post=4148"}],"version-history":[{"count":0,"href":"https:\/\/www.all-for-all.de\/index.php?rest_route=\/wp\/v2\/pages\/4148\/revisions"}],"wp:attachment":[{"href":"https:\/\/www.all-for-all.de\/index.php?rest_route=%2Fwp%2Fv2%2Fmedia&parent=4148"}],"curies":[{"name":"wp","href":"https:\/\/api.w.org\/{rel}","templated":true}]}}