{"id":4134,"date":"2013-07-05T23:59:27","date_gmt":"2013-07-05T22:59:27","guid":{"rendered":"http:\/\/www.all-for-all.de\/?page_id=4134"},"modified":"2015-01-03T20:10:11","modified_gmt":"2015-01-03T19:10:11","slug":"05-07-2013-der-letzte-urlaubstag","status":"publish","type":"page","link":"https:\/\/www.all-for-all.de\/?page_id=4134","title":{"rendered":"05.07.2013, Der letzte Urlaubstag"},"content":{"rendered":"<p>Pl\u00f6tzlich war er da&#8230; der letzte Urlaubstag. \ud83d\ude25<\/p>\n<p>So richtig entspannen kann ich da nicht mehr. Da drehen sich die Gedanken schon wieder um den morgigen Tagesablauf.<\/p>\n<p>Das Fr\u00fchst\u00fcck bestand aus den Resten aus unserem K\u00fchlschrank. Es war deswegen aber nicht weniger lecker wie sonst. \ud83d\ude09<\/p>\n<p>Danach gingen wir ein letztes Mal ausgiebig in den\u00a0Pool. So waren die Badeklamotten trocken als wir dann am Nachmittag unsere Koffer packten.<\/p>\n<p>Die neue elektronische Kofferwaage hat gute Dienste geleistet. So konnten wir unsere zwei dicken Samsonite bis ans Limit f\u00fcllen und merkten, dass wir vom Gewicht her noch reichlich Luft in unserem Trolley hatten. Diese Luft musste durch einen letzten Einkauf im WalMart gef\u00fcllt werden. \ud83d\ude42<br \/>\nHoffentlich geht die Kofferwaage einigerma\u00dfen genau. Wir haben nun alle drei Koffer extrem knapp an die 23Kg gef\u00fcllt. \ud83d\ude2f<\/p>\n<p>Sascha hat wegen der morgigen Haus\u00fcbergabe angerufen. Unser Flug geht um 10:35 Uhr und wir wollen um 08:30 Uhr los. Die Haus\u00fcbergabe soll deswegen um 08:00 Uhr stattfinden.<br \/>\nWecker auf 06:00 Uhr stellen &#8230; Waaaaahhh!<\/p>\n<p>Der letzte Abend am Pool. Da kommt es einem immer besonders sch\u00f6n vor hier. Das macht die Abreise nicht einfacher. \ud83d\ude25<\/p>\n<p><img loading=\"lazy\" decoding=\"async\" class=\"aligncenter wp-image-4152 size-full\" title=\"Letzter Tag am eigenen Pool\" src=\"https:\/\/www.all-for-all.de\/wp-content\/uploads\/2013\/07\/P1010883.jpg\" alt=\"Letzter Tag am eigenen Pool\" width=\"1024\" height=\"768\" srcset=\"https:\/\/www.all-for-all.de\/wp-content\/uploads\/2013\/07\/P1010883.jpg 1024w, https:\/\/www.all-for-all.de\/wp-content\/uploads\/2013\/07\/P1010883-300x225.jpg 300w, https:\/\/www.all-for-all.de\/wp-content\/uploads\/2013\/07\/P1010883-400x300.jpg 400w\" sizes=\"auto, (max-width: 1024px) 100vw, 1024px\" \/><\/p>\n<p>Viele Gr\u00fc\u00dfe<br \/>\nJoa<\/p>\n<p>Zur\u00fcck zu: <a href=\"https:\/\/www.all-for-all.de\/?page_id=4108\">04.07.2013, Independence Day, Erholung pur<\/a><br \/>\nWeiter zu: <a href=\"https:\/\/www.all-for-all.de\/?page_id=4148\">06.07.2013, Haus\u00fcbergabe und Heimflug<\/a><\/p>\n","protected":false},"excerpt":{"rendered":"<p>Pl\u00f6tzlich war er da&#8230; der letzte Urlaubstag. \ud83d\ude25 So richtig entspannen kann ich da nicht mehr. Da drehen sich die Gedanken schon wieder um den morgigen Tagesablauf. Das Fr\u00fchst\u00fcck bestand aus den Resten aus unserem K\u00fchlschrank. Es war deswegen aber &hellip; <a href=\"https:\/\/www.all-for-all.de\/?page_id=4134\">Weiterlesen <span class=\"meta-nav\">&rarr;<\/span><\/a><\/p>\n","protected":false},"author":2,"featured_media":0,"parent":0,"menu_order":0,"comment_status":"closed","ping_status":"open","template":"","meta":{"footnotes":""},"class_list":["post-4134","page","type-page","status-publish","hentry"],"jetpack_sharing_enabled":true,"_links":{"self":[{"href":"https:\/\/www.all-for-all.de\/index.php?rest_route=\/wp\/v2\/pages\/4134","targetHints":{"allow":["GET"]}}],"collection":[{"href":"https:\/\/www.all-for-all.de\/index.php?rest_route=\/wp\/v2\/pages"}],"about":[{"href":"https:\/\/www.all-for-all.de\/index.php?rest_route=\/wp\/v2\/types\/page"}],"author":[{"embeddable":true,"href":"https:\/\/www.all-for-all.de\/index.php?rest_route=\/wp\/v2\/users\/2"}],"replies":[{"embeddable":true,"href":"https:\/\/www.all-for-all.de\/index.php?rest_route=%2Fwp%2Fv2%2Fcomments&post=4134"}],"version-history":[{"count":0,"href":"https:\/\/www.all-for-all.de\/index.php?rest_route=\/wp\/v2\/pages\/4134\/revisions"}],"wp:attachment":[{"href":"https:\/\/www.all-for-all.de\/index.php?rest_route=%2Fwp%2Fv2%2Fmedia&parent=4134"}],"curies":[{"name":"wp","href":"https:\/\/api.w.org\/{rel}","templated":true}]}}