{"id":4088,"date":"2013-07-02T23:59:52","date_gmt":"2013-07-02T22:59:52","guid":{"rendered":"http:\/\/www.all-for-all.de\/?page_id=4088"},"modified":"2014-12-30T17:07:05","modified_gmt":"2014-12-30T16:07:05","slug":"02-07-2013-sun-harvest-citrus-sanibel-und-captiva-tanger-outlet","status":"publish","type":"page","link":"https:\/\/www.all-for-all.de\/?page_id=4088","title":{"rendered":"02.07.2013, Sun Harvest Citrus, Sanibel und Captiva, Tanger Outlet"},"content":{"rendered":"<p>Der Wetterbericht hatte Recht.<br \/>\nEs\u00a0war bis zum sp\u00e4ten Nachmittag sehr bew\u00f6lkt und es regnete immer wieder.<\/p>\n<p>Beschluss: Fr\u00fchst\u00fcck im Haus f\u00e4llt aus. Wir brunchen in dem sch\u00f6nen Denny`s Classic Diner in Fort Myers und dann gehen wir shoppen. \ud83d\ude42<\/p>\n<p>Gesagt, getan. Ein French Toast Slam und ein Lumberjack Slam wurden vernichtet. Soooooo lecker!<\/p>\n<p>Noch zu Hause in Deutschland haben wir in einem Amerika-Forum vom <a href=\"http:\/\/www.sunharvestcitrus.com\/\" target=\"_blank\">Sun Harvest Citrus Shop<\/a> geh\u00f6rt. Dort soll es den besten frisch gepressten O-Saft und andere leckere Dinge geben. Das war unser\u00a0n\u00e4chstes Ziel heute.<br \/>\nMan kann dort die verschiedensten S\u00e4fte kostenlos probieren. Der O-Saft kommt nach unserem Geschmack aber nicht an unseren Favorit aus dem Publix ran. Was abartig super schmeckt ist der leicht gezuckerte Zitronensaft! Davon haben wir uns eine Flasche gekauft. Nicht ganz g\u00fcnstig&#8230; aber egal! Au\u00dferdem fand noch ein Seifenhalter mit Haifischmaul (aus Keramik), Mandarinenmarmelade und ein K\u00fchlschrankmagnet den Weg in unsere Einkaufst\u00fcte. Zum Abschluss gab es noch ein leckeres Eis das wir drau\u00dfen in\u00a0der W\u00e4rme\u00a0genossen. Drinnen hatte es gef\u00fchlte -5 \u00b0C. <img src=\"https:\/\/www.all-for-all.de\/wp-includes\/images\/smilies\/mrgreen.png\" alt=\":mrgreen:\" class=\"wp-smiley\" style=\"height: 1em; max-height: 1em;\" \/><\/p>\n<p>Im <a href=\"https:\/\/www.facebook.com\/pages\/T-Shirt-Hut\/148106928540952\" target=\"_blank\">T-Shirt Hut<\/a>\u00a0auf Sanibel Island fand Biggy ein Shirt das ihr gefiel. F\u00fcr mich gab es nichts. Ich habe daf\u00fcr in einem Touri-Laden auf Captiva zugeschlagen und mir drei T-Shirts gekauft.<\/p>\n<p>Im <a href=\"http:\/\/www.tangeroutlet.com\/fortmyers\/\" target=\"_blank\">Tanger Outlet<\/a> habe ich dann tats\u00e4chlich endlich ein paar Crocs gekauft. In den vergangenen Jahren habe ich die immer wieder zur\u00fcck gelegt. Dieses Mal nicht. \ud83d\ude09<\/p>\n<p>Im GAP-Outlet haben wir beide dann richtig zugeschlagen. Die Qualit\u00e4t von GAP ist Spitzenklasse. Die Stoffe f\u00fchlen sich super an! \ud83d\ude0e<\/p>\n<p>Ein erfolgreicher Einkaufstag bei genau dem richtigen Wetter. Die Tour hat sich mit exakt 121 Km auf dem Tachometer verewigt. \ud83d\ude42<\/p>\n<p><img loading=\"lazy\" decoding=\"async\" class=\"aligncenter wp-image-4103 size-full\" title=\"Logger_Shopping\" src=\"https:\/\/www.all-for-all.de\/wp-content\/uploads\/2013\/07\/Logger_23.jpg\" alt=\"Logger_Shopping\" width=\"1120\" height=\"555\" srcset=\"https:\/\/www.all-for-all.de\/wp-content\/uploads\/2013\/07\/Logger_23.jpg 1120w, https:\/\/www.all-for-all.de\/wp-content\/uploads\/2013\/07\/Logger_23-300x149.jpg 300w, https:\/\/www.all-for-all.de\/wp-content\/uploads\/2013\/07\/Logger_23-1024x507.jpg 1024w, https:\/\/www.all-for-all.de\/wp-content\/uploads\/2013\/07\/Logger_23-500x248.jpg 500w\" sizes=\"auto, (max-width: 1120px) 100vw, 1120px\" \/><\/p>\n<p>Viele Gr\u00fc\u00dfe<br \/>\nJoa<\/p>\n<p>Zur\u00fcck zu: <a href=\"https:\/\/www.all-for-all.de\/?page_id=4076\">01.07.2013, Abgabe des Boots, sonnen, baden, essen, schlafen<\/a><br \/>\nWeiter zu: <a href=\"https:\/\/www.all-for-all.de\/?page_id=4105\">03.07.2013, Miromar Outlets, Tanger Outlets, Super Target, Pine Island<\/a><\/p>\n","protected":false},"excerpt":{"rendered":"<p>Der Wetterbericht hatte Recht. Es\u00a0war bis zum sp\u00e4ten Nachmittag sehr bew\u00f6lkt und es regnete immer wieder. Beschluss: Fr\u00fchst\u00fcck im Haus f\u00e4llt aus. Wir brunchen in dem sch\u00f6nen Denny`s Classic Diner in Fort Myers und dann gehen wir shoppen. \ud83d\ude42 Gesagt, &hellip; <a href=\"https:\/\/www.all-for-all.de\/?page_id=4088\">Weiterlesen <span class=\"meta-nav\">&rarr;<\/span><\/a><\/p>\n","protected":false},"author":2,"featured_media":0,"parent":0,"menu_order":0,"comment_status":"closed","ping_status":"open","template":"","meta":{"footnotes":""},"class_list":["post-4088","page","type-page","status-publish","hentry"],"jetpack_sharing_enabled":true,"_links":{"self":[{"href":"https:\/\/www.all-for-all.de\/index.php?rest_route=\/wp\/v2\/pages\/4088","targetHints":{"allow":["GET"]}}],"collection":[{"href":"https:\/\/www.all-for-all.de\/index.php?rest_route=\/wp\/v2\/pages"}],"about":[{"href":"https:\/\/www.all-for-all.de\/index.php?rest_route=\/wp\/v2\/types\/page"}],"author":[{"embeddable":true,"href":"https:\/\/www.all-for-all.de\/index.php?rest_route=\/wp\/v2\/users\/2"}],"replies":[{"embeddable":true,"href":"https:\/\/www.all-for-all.de\/index.php?rest_route=%2Fwp%2Fv2%2Fcomments&post=4088"}],"version-history":[{"count":0,"href":"https:\/\/www.all-for-all.de\/index.php?rest_route=\/wp\/v2\/pages\/4088\/revisions"}],"wp:attachment":[{"href":"https:\/\/www.all-for-all.de\/index.php?rest_route=%2Fwp%2Fv2%2Fmedia&parent=4088"}],"curies":[{"name":"wp","href":"https:\/\/api.w.org\/{rel}","templated":true}]}}