{"id":4076,"date":"2013-07-01T23:59:50","date_gmt":"2013-07-01T22:59:50","guid":{"rendered":"http:\/\/www.all-for-all.de\/?page_id=4076"},"modified":"2014-12-28T00:55:00","modified_gmt":"2014-12-27T23:55:00","slug":"01-07-2013-kein-boot-mehr-sonnen-baden-essen","status":"publish","type":"page","link":"https:\/\/www.all-for-all.de\/?page_id=4076","title":{"rendered":"01.07.2013, Abgabe des Boots, sonnen, baden, essen, schlafen"},"content":{"rendered":"<p>Das Boot ist weg. Florian war p\u00fcnktlich und hat das Boot gr\u00fcndlich auf Sch\u00e4den untersucht. Den Tisch hatten wir selbst wieder befestigt und sonst gab es nichts zu bem\u00e4ngeln. Flo hat das Protokoll unterschrieben und weg war unser Boot&#8230;.<br \/>\nBye bye Hurricane!<\/p>\n<p><img loading=\"lazy\" decoding=\"async\" class=\"aligncenter wp-image-4082 size-full\" title=\"Hurricane Sundeck\" src=\"https:\/\/www.all-for-all.de\/wp-content\/uploads\/2013\/07\/P1010992.jpg\" alt=\"Hurricane Sundeck\" width=\"1024\" height=\"768\" srcset=\"https:\/\/www.all-for-all.de\/wp-content\/uploads\/2013\/07\/P1010992.jpg 1024w, https:\/\/www.all-for-all.de\/wp-content\/uploads\/2013\/07\/P1010992-300x225.jpg 300w, https:\/\/www.all-for-all.de\/wp-content\/uploads\/2013\/07\/P1010992-400x300.jpg 400w\" sizes=\"auto, (max-width: 1024px) 100vw, 1024px\" \/><\/p>\n<p>Ob wir nochmal ein Boot mieten w\u00fcrden?<br \/>\nHmmm&#8230;. vielleicht irgendwann wieder. Aber dann nicht mehr 5 Tage am St\u00fcck. Man ist dann praktisch gezwungen jeden Tag das Boot zu nutzen. Und mit etwas Pech ist das Wetter die gesamte Zeit schlecht. Die Miete ist trotzdem f\u00e4llig&#8230;<br \/>\nVielleicht mieten wir einmal eine Villa bei der bereits ein Boot dabei ist. Oder wir mieten f\u00fcr einen\u00a0einzelnen Tag ein Boot. Mal sehen&#8230; \ud83d\ude09<\/p>\n<p>Den Rest des Tages haben wir mit sonnen, baden, essen und schlafen verbracht.<br \/>\nErholung pur!<\/p>\n<p>Morgen\u00a0soll das Wetter nicht so toll sein. Falls das zutrifft wollen wir\u00a0mit dem Auto nach Sanibel und Captiva fahren. Wir m\u00fcssen auf jeden Fall in den T-Shirt &#8211; Laden und wir ben\u00f6tigen\u00a0unbedingt ein paar K\u00fchlschrankmagnete. Das Tanger Outlet liegt dann auch gleich auf dem Weg. Ich brauche dringend Schuhe! \ud83d\ude0e<br \/>\nSollte das Wetter gut sein&#8230; auch prima! Dann bleiben wir am Pool. \ud83d\ude09<\/p>\n<p>Viele Gr\u00fc\u00dfe<br \/>\nJoa<\/p>\n<p>Zur\u00fcck zu: <a href=\"https:\/\/www.all-for-all.de\/?page_id=4066\">30.06.2013, Bootfahren unm\u00f6glich, Faulenzen<\/a><br \/>\nWeiter zu: <a href=\"https:\/\/www.all-for-all.de\/?page_id=4088\">02.07.2013, Sun Harvest Citrus, Sanibel und Captiva, Tanger Outlet<\/a><\/p>\n","protected":false},"excerpt":{"rendered":"<p>Das Boot ist weg. Florian war p\u00fcnktlich und hat das Boot gr\u00fcndlich auf Sch\u00e4den untersucht. Den Tisch hatten wir selbst wieder befestigt und sonst gab es nichts zu bem\u00e4ngeln. Flo hat das Protokoll unterschrieben und weg war unser Boot&#8230;. Bye &hellip; <a href=\"https:\/\/www.all-for-all.de\/?page_id=4076\">Weiterlesen <span class=\"meta-nav\">&rarr;<\/span><\/a><\/p>\n","protected":false},"author":2,"featured_media":0,"parent":0,"menu_order":0,"comment_status":"closed","ping_status":"open","template":"","meta":{"footnotes":""},"class_list":["post-4076","page","type-page","status-publish","hentry"],"jetpack_sharing_enabled":true,"_links":{"self":[{"href":"https:\/\/www.all-for-all.de\/index.php?rest_route=\/wp\/v2\/pages\/4076","targetHints":{"allow":["GET"]}}],"collection":[{"href":"https:\/\/www.all-for-all.de\/index.php?rest_route=\/wp\/v2\/pages"}],"about":[{"href":"https:\/\/www.all-for-all.de\/index.php?rest_route=\/wp\/v2\/types\/page"}],"author":[{"embeddable":true,"href":"https:\/\/www.all-for-all.de\/index.php?rest_route=\/wp\/v2\/users\/2"}],"replies":[{"embeddable":true,"href":"https:\/\/www.all-for-all.de\/index.php?rest_route=%2Fwp%2Fv2%2Fcomments&post=4076"}],"version-history":[{"count":0,"href":"https:\/\/www.all-for-all.de\/index.php?rest_route=\/wp\/v2\/pages\/4076\/revisions"}],"wp:attachment":[{"href":"https:\/\/www.all-for-all.de\/index.php?rest_route=%2Fwp%2Fv2%2Fmedia&parent=4076"}],"curies":[{"name":"wp","href":"https:\/\/api.w.org\/{rel}","templated":true}]}}