{"id":4066,"date":"2013-06-30T23:59:57","date_gmt":"2013-06-30T22:59:57","guid":{"rendered":"http:\/\/www.all-for-all.de\/?page_id=4066"},"modified":"2014-12-28T00:34:10","modified_gmt":"2014-12-27T23:34:10","slug":"30-06-2013-bootfahren-unmoeglich-faulenzen","status":"publish","type":"page","link":"https:\/\/www.all-for-all.de\/?page_id=4066","title":{"rendered":"30.06.2013, Bootfahren unm\u00f6glich, Faulenzen"},"content":{"rendered":"<p>Gestern konnten wir noch nicht ahnen, dass es heute unm\u00f6glich sein sollte mit dem Boot etwas zu unternehmen. Es schien zwar fast den ganzen Tag die Sonne aber es ging ein b\u00f6iger Wind. \u00dcberall waren Wellen mit Schaumkronen.<br \/>\nWas das bedeutet mussten wir gestern schon erfahren.<\/p>\n<p>Also gab es ganz gem\u00fctlich Fr\u00fchst\u00fcck am Haus.<br \/>\nDa das Boot morgen wieder abgeholt wird mussten wir es heute aber noch volltanken.<br \/>\nZur Tankstelle ist es nicht weit. Selbst das war kein Spa\u00df. Der Wind wehte die Gischt st\u00e4ndig in das Boot.<br \/>\nZum ersten Mal musste ich mit Gegenwind an unserem Bootssteg anlegen&#8230; nach gef\u00fchlten 10 Anl\u00e4ufen hat das ziemlich holprig geklappt.<br \/>\nIm Nachhinein betrachtet kann bei sch\u00f6nem Wetter und glattem Wasser sogar ein dressierter Schimpanse mit einem Boot fahren. Wenn etwas schief geht oder die Bedingungen schlechter werden zeigt sich wer ein K\u00f6nner und wer ein Anf\u00e4nger ist. Ich z\u00e4hle uns da klar zur letzteren Sorte. \ud83d\ude33<br \/>\nZum Gl\u00fcck hatten wir \u00fcberwiegend sch\u00f6nes Wetter.<\/p>\n<p>Irgendwann nachmittags mussten wir wieder unsere Vorr\u00e4te auff\u00fcllen. Toast, Zucker, Schinken, Speck, O-Saft, &#8230; die allerwichtigsten Dinge waren verbraucht.<br \/>\nPublix! <img src=\"https:\/\/www.all-for-all.de\/wp-includes\/images\/smilies\/mrgreen.png\" alt=\":mrgreen:\" class=\"wp-smiley\" style=\"height: 1em; max-height: 1em;\" \/><\/p>\n<p>Abends hat Flo angerufen und gesagt, dass er morgen gegen 10:00 Uhr kommt und das Boot abholt. Passt uns gut. Wir wollten ohnehin einen komplett ruhigen Tag einlegen.<\/p>\n<p>Immerhin legten wir an unserem letzten Tag als Kapit\u00e4ne eine Strecke von 8 Km zur\u00fcck. \ud83d\ude0e<\/p>\n<p><img loading=\"lazy\" decoding=\"async\" class=\"aligncenter wp-image-4073 size-full\" title=\"Logger Tankstelle\" src=\"https:\/\/www.all-for-all.de\/wp-content\/uploads\/2013\/06\/Logger_221.jpg\" alt=\"Logger Tankstelle\" width=\"602\" height=\"458\" srcset=\"https:\/\/www.all-for-all.de\/wp-content\/uploads\/2013\/06\/Logger_221.jpg 602w, https:\/\/www.all-for-all.de\/wp-content\/uploads\/2013\/06\/Logger_221-300x228.jpg 300w, https:\/\/www.all-for-all.de\/wp-content\/uploads\/2013\/06\/Logger_221-394x300.jpg 394w\" sizes=\"auto, (max-width: 602px) 100vw, 602px\" \/><\/p>\n<p>Viele Gr\u00fc\u00dfe<br \/>\nJoa<\/p>\n<p>Zur\u00fcck zu: <a href=\"https:\/\/www.all-for-all.de\/?page_id=4044\">29.06.2013, Boot tanken \u2013 Fort Myers Beach \u2013 Sanibel \u2013 und zur\u00fcck<\/a><br \/>\nWeiter zu: <a href=\"https:\/\/www.all-for-all.de\/?page_id=4076\">01.07.2013, Abgabe des Boots, sonnen, baden, essen, schlafen<\/a><\/p>\n","protected":false},"excerpt":{"rendered":"<p>Gestern konnten wir noch nicht ahnen, dass es heute unm\u00f6glich sein sollte mit dem Boot etwas zu unternehmen. Es schien zwar fast den ganzen Tag die Sonne aber es ging ein b\u00f6iger Wind. \u00dcberall waren Wellen mit Schaumkronen. Was das &hellip; <a href=\"https:\/\/www.all-for-all.de\/?page_id=4066\">Weiterlesen <span class=\"meta-nav\">&rarr;<\/span><\/a><\/p>\n","protected":false},"author":2,"featured_media":0,"parent":0,"menu_order":0,"comment_status":"closed","ping_status":"open","template":"","meta":{"footnotes":""},"class_list":["post-4066","page","type-page","status-publish","hentry"],"jetpack_sharing_enabled":true,"_links":{"self":[{"href":"https:\/\/www.all-for-all.de\/index.php?rest_route=\/wp\/v2\/pages\/4066","targetHints":{"allow":["GET"]}}],"collection":[{"href":"https:\/\/www.all-for-all.de\/index.php?rest_route=\/wp\/v2\/pages"}],"about":[{"href":"https:\/\/www.all-for-all.de\/index.php?rest_route=\/wp\/v2\/types\/page"}],"author":[{"embeddable":true,"href":"https:\/\/www.all-for-all.de\/index.php?rest_route=\/wp\/v2\/users\/2"}],"replies":[{"embeddable":true,"href":"https:\/\/www.all-for-all.de\/index.php?rest_route=%2Fwp%2Fv2%2Fcomments&post=4066"}],"version-history":[{"count":0,"href":"https:\/\/www.all-for-all.de\/index.php?rest_route=\/wp\/v2\/pages\/4066\/revisions"}],"wp:attachment":[{"href":"https:\/\/www.all-for-all.de\/index.php?rest_route=%2Fwp%2Fv2%2Fmedia&parent=4066"}],"curies":[{"name":"wp","href":"https:\/\/api.w.org\/{rel}","templated":true}]}}