{"id":3972,"date":"2013-06-27T23:59:54","date_gmt":"2013-06-27T22:59:54","guid":{"rendered":"http:\/\/www.all-for-all.de\/?page_id=3972"},"modified":"2015-01-13T23:23:13","modified_gmt":"2015-01-13T22:23:13","slug":"27-06-2013-north-captiva-island-mit-dem-boot","status":"publish","type":"page","link":"https:\/\/www.all-for-all.de\/?page_id=3972","title":{"rendered":"27.06.2013, North Captiva Island mit dem Boot"},"content":{"rendered":"<p>Ein absolut endgeiler Tag!<br \/>\nEs war perfektes Wetter. Spiegelglattes Wasser!<br \/>\nWie geplant sind wir fr\u00fch raus. Coffee-to-go und K\u00fchlbox samt Leckereien wurden verladen und los ging es.<\/p>\n<p>Nach knapp 20 Minuten w\u00e4re beinahe unsere Urlaubskasse um 500 Dollar geschm\u00e4lert worden. Der zweite Kapit\u00e4n hat zu heftig am Gashebel gerissen. \ud83d\ude1b<br \/>\nDeshalb h\u00f6rten wir hinter uns eine Sirene und ein Sheriff auf seinem Schnellboot bat uns beizudrehen.<br \/>\nEr fragte ob wir Schilder lesen k\u00f6nnen und ob uns klar w\u00e4re wie schnell man hier fahren d\u00fcrfe. Das habe ich nat\u00fcrlich prompt falsch beantwortet.\u00a0\ud83d\ude33<br \/>\nDaraufhin hat er uns seine Radarpistole\u00a0unter die Nase gehalten,\u00a0welche klar und deutlich 36 mph, also etwa 58 km\/h anzeigte. Ich bin mir zu 100% sicher, dass wir niemals sooo schnell waren. Aber hier diskutiert man besser nicht. \ud83d\ude09<br \/>\nWir waren die ganze Zeit freundlich und haben uns entschuldigt. Vielleicht hat er es deshalb dann doch\u00a0bei einer m\u00fcndlichen Verwarnung belassen. p\u00fc\u00fc\u00fc\u00fc\u00fc\u00fch \ud83d\ude0e<\/p>\n<p>Es dauerte ein wenig bis die Sache mit dem Tiefenmesser und dem Navi auf einen Blick funktioniert hat. Wenn man das einmal verinnerlicht hat ist die Sache relativ einfach. Das Boot hat zum Gl\u00fcck wenig Tiefgang und ben\u00f6tigt lediglich mindestens 3 Fu\u00df (ca. 1 Meter). Alles darunter ist seeehr schlecht f\u00fcr die Schiffsschraube und schm\u00e4lert am Ende die Kaution. \ud83d\ude2f<\/p>\n<p>Die 200 PS treiben das Boot ordentlich voran. Bei H\u00f6chstgeschwindigkeit ist aber nichts mehr sicher auf dem Boot. Der Fahrtwind zieht alles hinten \u00fcber Bord. Eine komplette K\u00fcchenrolle konnten wir leider nicht mehr retten. Fischfutter&#8230; <img src=\"https:\/\/www.all-for-all.de\/wp-includes\/images\/smilies\/mrgreen.png\" alt=\":mrgreen:\" class=\"wp-smiley\" style=\"height: 1em; max-height: 1em;\" \/><\/p>\n<p><img loading=\"lazy\" decoding=\"async\" class=\"aligncenter wp-image-3992 size-full\" title=\"2. Kapit\u00e4n und Schiffsm\u00e4dchen\" src=\"https:\/\/www.all-for-all.de\/wp-content\/uploads\/2013\/06\/P1010964.jpg\" alt=\"2. Kapit\u00e4n und Schiffsm\u00e4dchen\" width=\"1024\" height=\"768\" srcset=\"https:\/\/www.all-for-all.de\/wp-content\/uploads\/2013\/06\/P1010964.jpg 1024w, https:\/\/www.all-for-all.de\/wp-content\/uploads\/2013\/06\/P1010964-300x225.jpg 300w, https:\/\/www.all-for-all.de\/wp-content\/uploads\/2013\/06\/P1010964-400x300.jpg 400w\" sizes=\"auto, (max-width: 1024px) 100vw, 1024px\" \/><\/p>\n<p><img loading=\"lazy\" decoding=\"async\" class=\"aligncenter wp-image-3994 size-full\" title=\"1. Kapit\u00e4n und Maschinist\" src=\"https:\/\/www.all-for-all.de\/wp-content\/uploads\/2013\/06\/P1010894.jpg\" alt=\"1. Kapit\u00e4n und Maschinist\" width=\"1024\" height=\"768\" srcset=\"https:\/\/www.all-for-all.de\/wp-content\/uploads\/2013\/06\/P1010894.jpg 1024w, https:\/\/www.all-for-all.de\/wp-content\/uploads\/2013\/06\/P1010894-300x225.jpg 300w, https:\/\/www.all-for-all.de\/wp-content\/uploads\/2013\/06\/P1010894-400x300.jpg 400w\" sizes=\"auto, (max-width: 1024px) 100vw, 1024px\" \/><\/p>\n<p><img loading=\"lazy\" decoding=\"async\" class=\"aligncenter wp-image-3995 size-full\" title=\"200 PS Maximalschub\" src=\"https:\/\/www.all-for-all.de\/wp-content\/uploads\/2013\/06\/P1010895.jpg\" alt=\"200 PS Maximalschub\" width=\"1024\" height=\"768\" srcset=\"https:\/\/www.all-for-all.de\/wp-content\/uploads\/2013\/06\/P1010895.jpg 1024w, https:\/\/www.all-for-all.de\/wp-content\/uploads\/2013\/06\/P1010895-300x225.jpg 300w, https:\/\/www.all-for-all.de\/wp-content\/uploads\/2013\/06\/P1010895-400x300.jpg 400w\" sizes=\"auto, (max-width: 1024px) 100vw, 1024px\" \/><\/p>\n<p><img loading=\"lazy\" decoding=\"async\" class=\"aligncenter wp-image-3989 size-full\" title=\"Tiefenmesser\" src=\"https:\/\/www.all-for-all.de\/wp-content\/uploads\/2013\/06\/P1010920.jpg\" alt=\"Tiefenmesser\" width=\"1024\" height=\"768\" srcset=\"https:\/\/www.all-for-all.de\/wp-content\/uploads\/2013\/06\/P1010920.jpg 1024w, https:\/\/www.all-for-all.de\/wp-content\/uploads\/2013\/06\/P1010920-300x225.jpg 300w, https:\/\/www.all-for-all.de\/wp-content\/uploads\/2013\/06\/P1010920-400x300.jpg 400w\" sizes=\"auto, (max-width: 1024px) 100vw, 1024px\" \/><img loading=\"lazy\" decoding=\"async\" class=\"aligncenter wp-image-3997 size-full\" title=\"Pause\" src=\"https:\/\/www.all-for-all.de\/wp-content\/uploads\/2013\/06\/P1010919.jpg\" alt=\"Pause\" width=\"1024\" height=\"768\" srcset=\"https:\/\/www.all-for-all.de\/wp-content\/uploads\/2013\/06\/P1010919.jpg 1024w, https:\/\/www.all-for-all.de\/wp-content\/uploads\/2013\/06\/P1010919-300x225.jpg 300w, https:\/\/www.all-for-all.de\/wp-content\/uploads\/2013\/06\/P1010919-400x300.jpg 400w\" sizes=\"auto, (max-width: 1024px) 100vw, 1024px\" \/><\/p>\n<p>Wir ankerten vor North Captiva Island. Dort gab es ein prima Picknick mit unseren Leckereien. Das Wasser im Golf von Mexiko ist warm wie in der Badewanne. Unbeschreiblich herrlich!<\/p>\n<p><img loading=\"lazy\" decoding=\"async\" class=\"aligncenter wp-image-4001 size-full\" title=\"Baden im Golf von Mexico\" src=\"https:\/\/www.all-for-all.de\/wp-content\/uploads\/2013\/06\/P10109241.jpg\" alt=\"Baden im Golf von Mexico\" width=\"1024\" height=\"768\" srcset=\"https:\/\/www.all-for-all.de\/wp-content\/uploads\/2013\/06\/P10109241.jpg 1024w, https:\/\/www.all-for-all.de\/wp-content\/uploads\/2013\/06\/P10109241-300x225.jpg 300w, https:\/\/www.all-for-all.de\/wp-content\/uploads\/2013\/06\/P10109241-400x300.jpg 400w\" sizes=\"auto, (max-width: 1024px) 100vw, 1024px\" \/><\/p>\n<p><img loading=\"lazy\" decoding=\"async\" class=\"aligncenter wp-image-4002 size-full\" title=\"Baden im Golf von Mexico\" src=\"https:\/\/www.all-for-all.de\/wp-content\/uploads\/2013\/06\/P1010928.jpg\" alt=\"Baden im Golf von Mexico\" width=\"1024\" height=\"768\" srcset=\"https:\/\/www.all-for-all.de\/wp-content\/uploads\/2013\/06\/P1010928.jpg 1024w, https:\/\/www.all-for-all.de\/wp-content\/uploads\/2013\/06\/P1010928-300x225.jpg 300w, https:\/\/www.all-for-all.de\/wp-content\/uploads\/2013\/06\/P1010928-400x300.jpg 400w\" sizes=\"auto, (max-width: 1024px) 100vw, 1024px\" \/>In den Zeitungen der letzten Wochen stand etwas davon, dass im Golf von Mexico ein &#8222;Great White&#8220;, also ein wei\u00dfer Hai,\u00a0gesichtet worden ist. Bei uns war er nicht. \ud83d\ude09<\/p>\n<p>Am fr\u00fchen Nachmittag lichteten wir den Anker und machten uns auf den Heimweg.\u00a0\u00dcber dem Golf wurden die Wolken dicker. Sicher ist sicher&#8230;<\/p>\n<p>Unterwegs hatten wir mehrfach Begleitung von Delphinen.<\/p>\n<p><img loading=\"lazy\" decoding=\"async\" class=\"aligncenter wp-image-4006 size-full\" title=\"Delphin\" src=\"https:\/\/www.all-for-all.de\/wp-content\/uploads\/2013\/06\/P1010942.jpg\" alt=\"Delphin\" width=\"1024\" height=\"768\" srcset=\"https:\/\/www.all-for-all.de\/wp-content\/uploads\/2013\/06\/P1010942.jpg 1024w, https:\/\/www.all-for-all.de\/wp-content\/uploads\/2013\/06\/P1010942-300x225.jpg 300w, https:\/\/www.all-for-all.de\/wp-content\/uploads\/2013\/06\/P1010942-400x300.jpg 400w\" sizes=\"auto, (max-width: 1024px) 100vw, 1024px\" \/><\/p>\n<p><img loading=\"lazy\" decoding=\"async\" class=\"aligncenter wp-image-4005 size-full\" title=\"Delphin\" src=\"https:\/\/www.all-for-all.de\/wp-content\/uploads\/2013\/06\/P1010941.jpg\" alt=\"Delphin\" width=\"1024\" height=\"768\" srcset=\"https:\/\/www.all-for-all.de\/wp-content\/uploads\/2013\/06\/P1010941.jpg 1024w, https:\/\/www.all-for-all.de\/wp-content\/uploads\/2013\/06\/P1010941-300x225.jpg 300w, https:\/\/www.all-for-all.de\/wp-content\/uploads\/2013\/06\/P1010941-400x300.jpg 400w\" sizes=\"auto, (max-width: 1024px) 100vw, 1024px\" \/><\/p>\n<p><img loading=\"lazy\" decoding=\"async\" class=\"aligncenter wp-image-4008 size-full\" title=\"Pelikane\" src=\"https:\/\/www.all-for-all.de\/wp-content\/uploads\/2013\/06\/P1010948.jpg\" alt=\"Pelikane\" width=\"1024\" height=\"768\" srcset=\"https:\/\/www.all-for-all.de\/wp-content\/uploads\/2013\/06\/P1010948.jpg 1024w, https:\/\/www.all-for-all.de\/wp-content\/uploads\/2013\/06\/P1010948-300x225.jpg 300w, https:\/\/www.all-for-all.de\/wp-content\/uploads\/2013\/06\/P1010948-400x300.jpg 400w\" sizes=\"auto, (max-width: 1024px) 100vw, 1024px\" \/><\/p>\n<p><img loading=\"lazy\" decoding=\"async\" class=\"aligncenter wp-image-4009 size-full\" title=\"Golf von Mexico\" src=\"https:\/\/www.all-for-all.de\/wp-content\/uploads\/2013\/06\/P1010939.jpg\" alt=\"Golf von Mexico\" width=\"1024\" height=\"768\" srcset=\"https:\/\/www.all-for-all.de\/wp-content\/uploads\/2013\/06\/P1010939.jpg 1024w, https:\/\/www.all-for-all.de\/wp-content\/uploads\/2013\/06\/P1010939-300x225.jpg 300w, https:\/\/www.all-for-all.de\/wp-content\/uploads\/2013\/06\/P1010939-400x300.jpg 400w\" sizes=\"auto, (max-width: 1024px) 100vw, 1024px\" \/><\/p>\n<p>Die Zeit f\u00fcr die R\u00fcckfahrt war ideal gew\u00e4hlt. So blieb noch Zeit das Boot zu versorgen und unseren eigenen Pool zu genie\u00dfen.<\/p>\n<p>Am fr\u00fchen Abend zog wieder ein m\u00e4chtiges Gewitter\u00a0mit Starkregen durch. Uns war das egal&#8230;. aber das war\u00a0f\u00fcr das\u00a0Leck in der Garage unzutr\u00e4glich. Dort klafft jetzt ein Loch in der Gr\u00f6\u00dfe eines Besenstiels. Dementsprechend viel Wasser l\u00e4uft bei Regen nun in die Garage. Der Eimer schafft das nicht. Aber das Waser l\u00e4uft direkt unter dem Tor hindurch hinaus ins Freie. Also alles halb so schlimm. Sollte halt demn\u00e4chst repariert werden. \ud83d\ude09<\/p>\n<p><img loading=\"lazy\" decoding=\"async\" class=\"aligncenter wp-image-4014 size-full\" title=\"Wolkenbruch\" src=\"https:\/\/www.all-for-all.de\/wp-content\/uploads\/2013\/06\/P1020077.jpg\" alt=\"Wolkenbruch\" width=\"1024\" height=\"768\" srcset=\"https:\/\/www.all-for-all.de\/wp-content\/uploads\/2013\/06\/P1020077.jpg 1024w, https:\/\/www.all-for-all.de\/wp-content\/uploads\/2013\/06\/P1020077-300x225.jpg 300w, https:\/\/www.all-for-all.de\/wp-content\/uploads\/2013\/06\/P1020077-400x300.jpg 400w\" sizes=\"auto, (max-width: 1024px) 100vw, 1024px\" \/><\/p>\n<p><img loading=\"lazy\" decoding=\"async\" class=\"aligncenter wp-image-4015 size-full\" title=\"Loch in der Decke\" src=\"https:\/\/www.all-for-all.de\/wp-content\/uploads\/2013\/06\/P1020088.jpg\" alt=\"Loch in der Decke\" width=\"1024\" height=\"768\" srcset=\"https:\/\/www.all-for-all.de\/wp-content\/uploads\/2013\/06\/P1020088.jpg 1024w, https:\/\/www.all-for-all.de\/wp-content\/uploads\/2013\/06\/P1020088-300x225.jpg 300w, https:\/\/www.all-for-all.de\/wp-content\/uploads\/2013\/06\/P1020088-400x300.jpg 400w\" sizes=\"auto, (max-width: 1024px) 100vw, 1024px\" \/><\/p>\n<p><img loading=\"lazy\" decoding=\"async\" class=\"aligncenter wp-image-4016 size-full\" title=\"Loch in der Decke\" src=\"https:\/\/www.all-for-all.de\/wp-content\/uploads\/2013\/06\/P1020089.jpg\" alt=\"Loch in der Decke\" width=\"1024\" height=\"768\" srcset=\"https:\/\/www.all-for-all.de\/wp-content\/uploads\/2013\/06\/P1020089.jpg 1024w, https:\/\/www.all-for-all.de\/wp-content\/uploads\/2013\/06\/P1020089-300x225.jpg 300w, https:\/\/www.all-for-all.de\/wp-content\/uploads\/2013\/06\/P1020089-400x300.jpg 400w\" sizes=\"auto, (max-width: 1024px) 100vw, 1024px\" \/><\/p>\n<p>Ziemlich \u00e4tzend ist, dass ich jetzt, 5 Stunden nach der Bootsfahrt, Seekrank .. \u00e4hhm Landkrank &#8230; was auch immer bin. Beim Schreiben dieser Zeilen fing der Boden pl\u00f6tzlich zu schwanken an und h\u00f6rt nicht mehr damit auf. Am Bier liegt das sicher nicht!<br \/>\n<img src=\"https:\/\/www.all-for-all.de\/wp-includes\/images\/smilies\/mrgreen.png\" alt=\":mrgreen:\" class=\"wp-smiley\" style=\"height: 1em; max-height: 1em;\" \/><br \/>\nBl\u00f6des Gef\u00fchl&#8230;<\/p>\n<p>Die heutige Strecke mit dem Boot war laut Logger weiter wie gedacht: 92,99 Km<\/p>\n<p><img loading=\"lazy\" decoding=\"async\" class=\"aligncenter wp-image-4011 size-full\" title=\"Logger North Captiva Island\" src=\"https:\/\/www.all-for-all.de\/wp-content\/uploads\/2013\/06\/Logger_171.jpg\" alt=\"Logger North Captiva Island\" width=\"1260\" height=\"663\" srcset=\"https:\/\/www.all-for-all.de\/wp-content\/uploads\/2013\/06\/Logger_171.jpg 1260w, https:\/\/www.all-for-all.de\/wp-content\/uploads\/2013\/06\/Logger_171-300x158.jpg 300w, https:\/\/www.all-for-all.de\/wp-content\/uploads\/2013\/06\/Logger_171-1024x539.jpg 1024w, https:\/\/www.all-for-all.de\/wp-content\/uploads\/2013\/06\/Logger_171-500x263.jpg 500w\" sizes=\"auto, (max-width: 1260px) 100vw, 1260px\" \/><\/p>\n<p><img loading=\"lazy\" decoding=\"async\" class=\"aligncenter wp-image-4012 size-full\" title=\"Logger North Captiva Island\" src=\"https:\/\/www.all-for-all.de\/wp-content\/uploads\/2013\/06\/Logger_181.jpg\" alt=\"Logger North Captiva Island\" width=\"927\" height=\"702\" srcset=\"https:\/\/www.all-for-all.de\/wp-content\/uploads\/2013\/06\/Logger_181.jpg 927w, https:\/\/www.all-for-all.de\/wp-content\/uploads\/2013\/06\/Logger_181-300x227.jpg 300w, https:\/\/www.all-for-all.de\/wp-content\/uploads\/2013\/06\/Logger_181-396x300.jpg 396w\" sizes=\"auto, (max-width: 927px) 100vw, 927px\" \/><\/p>\n<p>Gerade hat noch Sascha angerufen. Er will morgen um 09:00 Uhr kommen und sich das Malheur in der Garage ansehen.<\/p>\n<p>Morgen wollen wir nat\u00fcrlich wieder mit dem Boot raus.\u00a0Wir m\u00f6chten zum Leuchtturm von Sanibel Island, dort ankern und baden.\u00a0Der Wetterbericht f\u00fcr morgen sieht gut aus.<\/p>\n<p>Viele Gr\u00fc\u00dfe<br \/>\nJoa<\/p>\n<p>Zur\u00fcck zu: <a href=\"https:\/\/www.all-for-all.de\/?page_id=3947\">26.06.2013, Boots-\u00dcbernahme, Einweisung und erste kurze Fahrt<\/a><br \/>\nWeiter zu: <a href=\"https:\/\/www.all-for-all.de\/?page_id=4020\">28.06.2013, Picknick und baden am Leuchtturm von Sanibel Island<\/a><\/p>\n<p>&nbsp;<\/p>\n","protected":false},"excerpt":{"rendered":"<p>Ein absolut endgeiler Tag! Es war perfektes Wetter. Spiegelglattes Wasser! Wie geplant sind wir fr\u00fch raus. Coffee-to-go und K\u00fchlbox samt Leckereien wurden verladen und los ging es. Nach knapp 20 Minuten w\u00e4re beinahe unsere Urlaubskasse um 500 Dollar geschm\u00e4lert worden. &hellip; <a href=\"https:\/\/www.all-for-all.de\/?page_id=3972\">Weiterlesen <span class=\"meta-nav\">&rarr;<\/span><\/a><\/p>\n","protected":false},"author":2,"featured_media":0,"parent":0,"menu_order":0,"comment_status":"closed","ping_status":"open","template":"","meta":{"footnotes":""},"class_list":["post-3972","page","type-page","status-publish","hentry"],"jetpack_sharing_enabled":true,"_links":{"self":[{"href":"https:\/\/www.all-for-all.de\/index.php?rest_route=\/wp\/v2\/pages\/3972","targetHints":{"allow":["GET"]}}],"collection":[{"href":"https:\/\/www.all-for-all.de\/index.php?rest_route=\/wp\/v2\/pages"}],"about":[{"href":"https:\/\/www.all-for-all.de\/index.php?rest_route=\/wp\/v2\/types\/page"}],"author":[{"embeddable":true,"href":"https:\/\/www.all-for-all.de\/index.php?rest_route=\/wp\/v2\/users\/2"}],"replies":[{"embeddable":true,"href":"https:\/\/www.all-for-all.de\/index.php?rest_route=%2Fwp%2Fv2%2Fcomments&post=3972"}],"version-history":[{"count":0,"href":"https:\/\/www.all-for-all.de\/index.php?rest_route=\/wp\/v2\/pages\/3972\/revisions"}],"wp:attachment":[{"href":"https:\/\/www.all-for-all.de\/index.php?rest_route=%2Fwp%2Fv2%2Fmedia&parent=3972"}],"curies":[{"name":"wp","href":"https:\/\/api.w.org\/{rel}","templated":true}]}}