{"id":3952,"date":"2015-01-15T23:59:30","date_gmt":"2015-01-15T22:59:30","guid":{"rendered":"http:\/\/www.all-for-all.de\/?page_id=3952"},"modified":"2015-05-24T02:07:23","modified_gmt":"2015-05-24T01:07:23","slug":"2015-2","status":"publish","type":"page","link":"https:\/\/www.all-for-all.de\/?page_id=3952","title":{"rendered":"Phoenix &#8211; Grand Canyon &#8211; Lake Powell &#8211; Monument Valley &#8211; Las Vegas + Florida"},"content":{"rendered":"<p><span style=\"color: #00ffff;\"><strong>15.01.2015<\/strong><\/span><br \/>\nDie diesj\u00e4hrige Reiseroute wurde binnen 3 Stunden festgelegt.<br \/>\nDer Plan:<br \/>\nFlug: M\u00fcnchen \u2013 Atlanta \u2013 Phoenix<br \/>\nMit dem Mietwagen an den Grand Canyon, zum Lake Powell, durch das Monument Valley, zum Four Corners Monument, weiter bis nach Farmington, dann auf der alten Route 66 zur\u00fcck bis nach Flagstaff, \u00fcber Laughlin nach Las Vegas.<br \/>\nInlandsflug von\u00a0Las Vegas\u00a0nach Fort\u00a0Myers.<br \/>\nMietwagen und Haus in Cape Coral<br \/>\nR\u00fcckflug von Fort Myers \u00fcber Atlanta nach M\u00fcnchen.<br \/>\nJetzt m\u00fcssen wir nur noch einen Termin mit unseren Arbeitgebern abkl\u00e4ren.<\/p>\n<p><span style=\"color: #00ffff;\"><strong>23.01.2015<\/strong><\/span><br \/>\nPassend zum Datum (Insider) haben wir die Fl\u00fcge gebucht. Wie letztes Jahr m\u00fcssen wir bereits im Mai abfliegen. Wieder ist Anfang Juli ein Event bei dem Teilnahmepflicht besteht.<br \/>\nEs geht mit <a href=\"http:\/\/de.delta.com\/\" target=\"_blank\">Delta Airlines<\/a> von M\u00fcnchen \u00fcber Atlanta nach Phoenix in Arizona.\u00a0F\u00fcr die langen Transatlantikfl\u00fcge haben wir uns per Aufpreis f\u00fcr &#8222;Economy Comfort&#8220; entschieden. Mehr Beinfreiheit! \ud83d\ude09<br \/>\nJetzt fehlen uns noch die Mietw\u00e4gen und der Inlandsflug nach Fort Myers.<\/p>\n<p><span style=\"color: #00ffff;\"><strong>24.01.2015<\/strong><\/span><br \/>\nTjaaaa&#8230; Ein Flug von Las Vegas nach Fort Myers ist leider nur mit mindestens einer Zwischenlandung und einem Zeitaufwand von mindestens 18 Stunden m\u00f6glich. Das h\u00e4tten wir nicht gedacht. Aber ok&#8230; nun fliegen wir mit <a href=\"https:\/\/www.southwest.com\/\" target=\"_blank\">Southwest Airlines<\/a> von Las Vegas nach Fort Lauderdale. Dann m\u00fcssen wir eben noch ca. 2 1\/2 Stunden mit dem Auto nach Cape Coral auf uns nehmen. Es l\u00e4sst sich alles regeln&#8230; \ud83d\ude42<\/p>\n<p><span style=\"color: #00ffff;\"><strong>26.01.2015<\/strong><\/span><br \/>\nDie diesj\u00e4hrige <a href=\"http:\/\/www.cape-coral-vacation.com\/Listings\/Vacationrental\/View\/CCV_120\/title\/\/o\/14\" target=\"_blank\">Mietvilla &#8222;Olivia<\/a>&#8220;\u00a0ist gebucht und best\u00e4tigt. Weil wir so zufrieden sind haben wir wieder, wie die Jahre zuvor, bei Sascha zugeschlagen:<br \/>\n<strong>Gulf Coast Vacation<br \/>\n<a title=\"http:\/\/www.cape-coral-vacation.com\/ \" href=\"http:\/\/www.cape-coral-vacation.com\/\" target=\"_blank\"><span style=\"text-decoration: underline;\"><span style=\"color: #0066cc; text-decoration: underline;\">http:\/\/www.cape-coral-vacation.com\/\u00a0<\/span><\/span><\/a><\/strong><\/p>\n<p><span style=\"color: #00ffff;\"><strong>30.01.2015<\/strong><\/span><br \/>\nDie Mietwagen der Kategorie &#8222;Midsize SUV&#8220; sind nun auch gesichert. Beide Mietwagen kommen dieses Mal von Alamo. Arno Sch\u00fcrmann hat uns nun schon zum vierten Mal zu einem guten Preis die Mietw\u00e4gen besorgt. F\u00fcr unsere Rundfahrt m\u00fcssen wir dieses Mal sogar keine Einwegmiete bezahlen! \ud83d\ude42<br \/>\nLeider hat Arno seine eigene <a href=\"http:\/\/www.amerika-mietwagen.de\/\" target=\"_blank\">Webseite<\/a> geschlossen. Man kann\u00a0ihn aktuell\u00a0nur noch \u00fcber den ADAC oder \u00fcber das <a href=\"http:\/\/www.florida-interaktiver.com\/index.php\" target=\"_blank\">USA\/Florida-Forum<\/a> erreichen.<\/p>\n<p><span style=\"color: #00ffff;\"><strong>14.02.2015<\/strong><\/span><br \/>\nHeute\u00a0wurden wir\u00a0per E-Mail dar\u00fcber benachrichtigt, dass unser <a href=\"https:\/\/esta.cbp.dhs.gov\" target=\"_blank\">ESTA<\/a> abl\u00e4uft. Also haben wir dies beide erneuert und gleich die vorl\u00e4ufige Einreisegenehmigung in die USA erhalten.<\/p>\n<p><span style=\"color: #00ffff;\"><strong>14.04.2015<\/strong><\/span><br \/>\nOk&#8230; nun ist es doch noch amtlich. Wegen nicht unerheblichen gesundheitlichen Problemen\u00a0meinerseits h\u00e4tten wir den Urlaub beinahe noch canceln m\u00fcssen. Der Mist scheint vorbei zu sein. Jetzt gibt es kein zur\u00fcck mehr. Dank dem richtig tollen Euro\/Dollar-Kurs mussten wir f\u00fcr das Haus in Cape Coral richtig tief in die Tasche greifen. Aber bezahlt ist bezahlt und nun wird das auch genutzt! \ud83d\ude00<br \/>\nZur Sicherheit haben wir auch gleich noch weitere \u00dcbernachtungen f\u00fcr unsere Rundreise gebucht.<br \/>\nJetzt fehlen eigentlich nur noch die Mietwagen-Voucher, dann haben wir alle Unterlagen zusammen.<\/p>\n<p><span style=\"color: #00ffff;\"><strong>09.05.2015<\/strong><\/span><br \/>\nDer letzte Mietwagen-Voucher ist eingetroffen. Somit w\u00e4ren wir komplett bereit f\u00fcr die Abreise. Nicht mehr lange&#8230; \ud83d\ude42<\/p>\n<p><span style=\"color: #00ffff;\"><strong>18.05.2015<\/strong><\/span><br \/>\nBeim pr\u00fcfen\/packen der elektronischen Ger\u00e4te haben wir festgestellt, dass unsere gute treue Sony DCR-PC110e Videokamera eine Macke hat. Das Mikrofon hat Aussetzer und f\u00e4ngt immer wieder an zu rauschen. Die hat zwar damals richtig viel Geld gekostet aber sie ist nun 14 Jahre alt. Eine Reparatur lohnt sich bei dem Ger\u00e4t einfach nicht mehr. Aufnahmen auf DV-Band und in &#8222;Nicht-HD&#8220; sind ohnehin nicht mehr zeitgem\u00e4\u00df. Also musste leider sehr kurzfristig eine neue her. In einem aktuellen Test hat die superg\u00fcnstige Sony HDR-CX405 recht gut abgeschnitten. \u00dcbergangsweise f\u00fcr diesen Urlaub muss es die tun. Bei einem Preis von 220,- \u20ac ist nicht besonders viel kaputt. Nach dem Urlaub wissen wir mehr und k\u00f6nnen uns gegebenenfalls nach was besserem umsehen.<\/p>\n<p>Viele Gr\u00fc\u00dfe<br \/>\nJoa<\/p>\n<p>Weiter zu: <a href=\"https:\/\/www.all-for-all.de\/?page_id=4879\">20.05.2015, Anreise M\u00fcnchen \u2013 Atlanta \u2013 Phoenix<\/a><\/p>\n","protected":false},"excerpt":{"rendered":"<p>15.01.2015 Die diesj\u00e4hrige Reiseroute wurde binnen 3 Stunden festgelegt. Der Plan: Flug: M\u00fcnchen \u2013 Atlanta \u2013 Phoenix Mit dem Mietwagen an den Grand Canyon, zum Lake Powell, durch das Monument Valley, zum Four Corners Monument, weiter bis nach Farmington, dann &hellip; <a href=\"https:\/\/www.all-for-all.de\/?page_id=3952\">Weiterlesen <span class=\"meta-nav\">&rarr;<\/span><\/a><\/p>\n","protected":false},"author":2,"featured_media":0,"parent":0,"menu_order":0,"comment_status":"closed","ping_status":"open","template":"","meta":{"footnotes":""},"class_list":["post-3952","page","type-page","status-publish","hentry"],"jetpack_sharing_enabled":true,"_links":{"self":[{"href":"https:\/\/www.all-for-all.de\/index.php?rest_route=\/wp\/v2\/pages\/3952","targetHints":{"allow":["GET"]}}],"collection":[{"href":"https:\/\/www.all-for-all.de\/index.php?rest_route=\/wp\/v2\/pages"}],"about":[{"href":"https:\/\/www.all-for-all.de\/index.php?rest_route=\/wp\/v2\/types\/page"}],"author":[{"embeddable":true,"href":"https:\/\/www.all-for-all.de\/index.php?rest_route=\/wp\/v2\/users\/2"}],"replies":[{"embeddable":true,"href":"https:\/\/www.all-for-all.de\/index.php?rest_route=%2Fwp%2Fv2%2Fcomments&post=3952"}],"version-history":[{"count":0,"href":"https:\/\/www.all-for-all.de\/index.php?rest_route=\/wp\/v2\/pages\/3952\/revisions"}],"wp:attachment":[{"href":"https:\/\/www.all-for-all.de\/index.php?rest_route=%2Fwp%2Fv2%2Fmedia&parent=3952"}],"curies":[{"name":"wp","href":"https:\/\/api.w.org\/{rel}","templated":true}]}}