{"id":3947,"date":"2013-06-26T23:59:54","date_gmt":"2013-06-26T22:59:54","guid":{"rendered":"http:\/\/www.all-for-all.de\/?page_id=3947"},"modified":"2014-12-27T10:57:12","modified_gmt":"2014-12-27T09:57:12","slug":"26-06-2013-uebernahme-und-einweisung-boot-erste-kurze-fahrt","status":"publish","type":"page","link":"https:\/\/www.all-for-all.de\/?page_id=3947","title":{"rendered":"26.06.2013, Boots-\u00dcbernahme, Einweisung und erste kurze Fahrt"},"content":{"rendered":"<p>K\u00fcnftig legen wir Wert darauf, dass man uns mit Herr und Frau Kapit\u00e4n anspricht!<br \/>\nhahaha <img src=\"https:\/\/www.all-for-all.de\/wp-includes\/images\/smilies\/mrgreen.png\" alt=\":mrgreen:\" class=\"wp-smiley\" style=\"height: 1em; max-height: 1em;\" \/><\/p>\n<p>Aber alles der Reihe nach&#8230;<\/p>\n<p>Wir haben heute sehr zeitig gefr\u00fchst\u00fcckt damit wir fertig sind wenn Mike uns zur Boots-\u00dcbernahme abholt.<br \/>\nMike kam p\u00fcnktlich mit seinem riesigen Pickup und brachte uns zur Anlegestelle.<br \/>\nDort lag es, unser 8 Meter langes &#8222;Hurricane Sundeck&#8220; mit 200 PS starkem Au\u00dfenbordmotor.<\/p>\n<p><img loading=\"lazy\" decoding=\"async\" class=\"aligncenter wp-image-3958 size-full\" title=\"Hurricane Sundeck\" src=\"https:\/\/www.all-for-all.de\/wp-content\/uploads\/2013\/06\/P1010996.jpg\" alt=\"Hurricane Sundeck\" width=\"1024\" height=\"768\" srcset=\"https:\/\/www.all-for-all.de\/wp-content\/uploads\/2013\/06\/P1010996.jpg 1024w, https:\/\/www.all-for-all.de\/wp-content\/uploads\/2013\/06\/P1010996-300x225.jpg 300w, https:\/\/www.all-for-all.de\/wp-content\/uploads\/2013\/06\/P1010996-400x300.jpg 400w\" sizes=\"auto, (max-width: 1024px) 100vw, 1024px\" \/><\/p>\n<p><img loading=\"lazy\" decoding=\"async\" class=\"aligncenter wp-image-3964 size-full\" title=\"Hurricane Sundeck\" src=\"https:\/\/www.all-for-all.de\/wp-content\/uploads\/2013\/06\/P1010994.jpg\" alt=\"Hurricane Sundeck\" width=\"1024\" height=\"768\" srcset=\"https:\/\/www.all-for-all.de\/wp-content\/uploads\/2013\/06\/P1010994.jpg 1024w, https:\/\/www.all-for-all.de\/wp-content\/uploads\/2013\/06\/P1010994-300x225.jpg 300w, https:\/\/www.all-for-all.de\/wp-content\/uploads\/2013\/06\/P1010994-400x300.jpg 400w\" sizes=\"auto, (max-width: 1024px) 100vw, 1024px\" \/><\/p>\n<p><img loading=\"lazy\" decoding=\"async\" class=\"aligncenter wp-image-3976 size-full\" title=\"Hurricane Sundeck\" src=\"https:\/\/www.all-for-all.de\/wp-content\/uploads\/2013\/06\/P1020002.jpg\" alt=\"Hurricane Sundeck\" width=\"1024\" height=\"768\" srcset=\"https:\/\/www.all-for-all.de\/wp-content\/uploads\/2013\/06\/P1020002.jpg 1024w, https:\/\/www.all-for-all.de\/wp-content\/uploads\/2013\/06\/P1020002-300x225.jpg 300w, https:\/\/www.all-for-all.de\/wp-content\/uploads\/2013\/06\/P1020002-400x300.jpg 400w\" sizes=\"auto, (max-width: 1024px) 100vw, 1024px\" \/><\/p>\n<p>Nach einer wirklich ausf\u00fchrlichen Kontrolle des gesamten Boots (Schraube, Rumpf, Technik, Tiefenmesser, Navi, etc.) haben wir das Protokoll unterschrieben.<br \/>\nFlorian, ein supernetter Kerl, hat dann das Boot aus dem Hafen gesteuert und uns dabei noch die wichtigsten Dinge erkl\u00e4rt. Zum Abschluss hat er uns noch die Tankstelle gezeigt. Dann bekam ich das Steuer in die Hand und durfte das Boot zu unserem Haus fahren.<br \/>\nOooookkeeeehhh&#8230; das ging mir im ersten Moment zu schnell aber die Sache war dann doch einfacher wie zuerst gedacht. Sogar das Anlegeman\u00f6ver am eigenen Steg klappte aufs erste Mal ohne dass die Planken splitterten. \ud83d\ude00<\/p>\n<p>Florian wurde bei uns am Haus abgeholt und wir waren alleine mit dem Ding. \ud83d\ude08<\/p>\n<p>Das Wetter war perfekt aber es war schon nach 13:00 Uhr und somit zu sp\u00e4t f\u00fcr eine l\u00e4ngere Ausfahrt. Am Nachmittag ziehen hier ruckzuck und regelm\u00e4\u00dfig Gewitter auf. Das wollten wir nicht haben wenn wir auf dem offenen Wasser sind.<br \/>\nAlso haben wir nur ein paar gek\u00fchlte Getr\u00e4nke samt K\u00fchlbox eingeladen und ab ging es.<\/p>\n<p>Zum anfangen und um uns an das Boot zu gew\u00f6hnen, beschlossen wir an unsere Mietvilla aus dem Jahr 2010 zu fahren. Die liegt direkt am Caloosahatchee River und ist somit sehr schnell und leicht zu erreichen.<\/p>\n<p>Na gut&#8230; was soll ich schreiben? Es war die erste Fahrt.\u00a0Wir fuhren sehr vorsichtig und lie\u00dfen uns viel Zeit. Bis wir unser Ziel erreicht hatten war es schon\u00a0nach 15:00 Uhr. Wie bef\u00fcrchtet bauten sich die typischen Wolkent\u00fcrme auf und\u00a0hinter Fort Myers wurde der Himmel schwarz.\u00a0Deshalb zogen wir es vor umzudrehen und unseren ersten\u00a0Bootseinsatz zu beenden.<\/p>\n<p>Im Nachhinein betrachtet war das\u00a0die einzig richtige Entscheidung. Noch w\u00e4hrend wir das Boot vor dem Haus festmachten begann es zu donnern und leicht zu regnen.<\/p>\n<p>Da ohnehin\u00a0der K\u00fchlschrank neu gef\u00fcllt werden musste, war eine Fahrt zum Publix n\u00f6tig. Als wir unseren Einkaufswagen beluden h\u00f6rten wir wie es drau\u00dfen massiv donnerte und wie extremer Regenfall auf das Dach des Ladens fiel.<br \/>\nDementsprechend nass stiegen wir ins Auto ein. \ud83d\ude10<\/p>\n<p>Zur\u00fcck im Haus, in der Garage, mussten wir feststellen dass es durch das Dach in die Garage regnet. An einer Stelle hing die Rigipsdecke durch und es tropfte durch ein kleines Loch. Also Eimer drunter und Sascha angerufen.<br \/>\nEr hat zugesagt in den n\u00e4chsten zwei Tagen die Sache anzusehen.<br \/>\nSo lange es nur in die Garage reget &#8230; pfff &#8230; egal.\u00a0 <img src=\"https:\/\/www.all-for-all.de\/wp-includes\/images\/smilies\/mrgreen.png\" alt=\":mrgreen:\" class=\"wp-smiley\" style=\"height: 1em; max-height: 1em;\" \/><\/p>\n<p>Laut Weatherchannel soll das Wetter morgen wieder herrlich werden. Unser Plan ist, dass wir morgen so fr\u00fch wie m\u00f6glich mit dem Boot Richtung Sanibel und Captiva aufbrechen. Kaffee, Sandwiches, Donuts und gek\u00fchlte Getr\u00e4nke werden f\u00fcr unser Wohl sorgen.<\/p>\n<p>Heute waren wir mit dem Boot genau 8,5 Km unterwegs. Morgen\u00a0werden wir das steigern! \ud83d\ude42<\/p>\n<p><img loading=\"lazy\" decoding=\"async\" class=\"aligncenter wp-image-3969 size-full\" title=\"Track_Tag1\" src=\"https:\/\/www.all-for-all.de\/wp-content\/uploads\/2013\/06\/Track_Tag1.jpg\" alt=\"Track_Tag1\" width=\"875\" height=\"674\" srcset=\"https:\/\/www.all-for-all.de\/wp-content\/uploads\/2013\/06\/Track_Tag1.jpg 875w, https:\/\/www.all-for-all.de\/wp-content\/uploads\/2013\/06\/Track_Tag1-300x231.jpg 300w, https:\/\/www.all-for-all.de\/wp-content\/uploads\/2013\/06\/Track_Tag1-389x300.jpg 389w\" sizes=\"auto, (max-width: 875px) 100vw, 875px\" \/><\/p>\n<p>Viele Gr\u00fc\u00dfe<br \/>\nJoa<\/p>\n<p>Zur\u00fcck zu: <a href=\"https:\/\/www.all-for-all.de\/?page_id=3936\">25.06.2013, Faulenzen und Besuch der pestcontrol<\/a><br \/>\nWeiter zu: <a href=\"https:\/\/www.all-for-all.de\/?page_id=3972\">27.06.2013, North Captiva Island mit dem Boot<\/a><\/p>\n<p>&nbsp;<\/p>\n","protected":false},"excerpt":{"rendered":"<p>K\u00fcnftig legen wir Wert darauf, dass man uns mit Herr und Frau Kapit\u00e4n anspricht! hahaha Aber alles der Reihe nach&#8230; Wir haben heute sehr zeitig gefr\u00fchst\u00fcckt damit wir fertig sind wenn Mike uns zur Boots-\u00dcbernahme abholt. Mike kam p\u00fcnktlich mit &hellip; <a href=\"https:\/\/www.all-for-all.de\/?page_id=3947\">Weiterlesen <span class=\"meta-nav\">&rarr;<\/span><\/a><\/p>\n","protected":false},"author":2,"featured_media":0,"parent":0,"menu_order":0,"comment_status":"closed","ping_status":"open","template":"","meta":{"footnotes":""},"class_list":["post-3947","page","type-page","status-publish","hentry"],"jetpack_sharing_enabled":true,"_links":{"self":[{"href":"https:\/\/www.all-for-all.de\/index.php?rest_route=\/wp\/v2\/pages\/3947","targetHints":{"allow":["GET"]}}],"collection":[{"href":"https:\/\/www.all-for-all.de\/index.php?rest_route=\/wp\/v2\/pages"}],"about":[{"href":"https:\/\/www.all-for-all.de\/index.php?rest_route=\/wp\/v2\/types\/page"}],"author":[{"embeddable":true,"href":"https:\/\/www.all-for-all.de\/index.php?rest_route=\/wp\/v2\/users\/2"}],"replies":[{"embeddable":true,"href":"https:\/\/www.all-for-all.de\/index.php?rest_route=%2Fwp%2Fv2%2Fcomments&post=3947"}],"version-history":[{"count":0,"href":"https:\/\/www.all-for-all.de\/index.php?rest_route=\/wp\/v2\/pages\/3947\/revisions"}],"wp:attachment":[{"href":"https:\/\/www.all-for-all.de\/index.php?rest_route=%2Fwp%2Fv2%2Fmedia&parent=3947"}],"curies":[{"name":"wp","href":"https:\/\/api.w.org\/{rel}","templated":true}]}}