{"id":3936,"date":"2013-06-25T23:59:51","date_gmt":"2013-06-25T22:59:51","guid":{"rendered":"http:\/\/www.all-for-all.de\/?page_id=3936"},"modified":"2014-12-26T16:01:29","modified_gmt":"2014-12-26T15:01:29","slug":"25-06-2013-faulenzen-und-besuch-der-pestcontrol","status":"publish","type":"page","link":"https:\/\/www.all-for-all.de\/?page_id=3936","title":{"rendered":"25.06.2013, Faulenzen und Besuch der pestcontrol"},"content":{"rendered":"<p>Direkt nach dem Fr\u00fchst\u00fcck wollte ich bei der Hausverwaltung anrufen und fragen warum sich keiner meldet.<br \/>\nSascha, der Chef, kam mir aber zuvor. W\u00e4hrend wir fr\u00fchst\u00fcckten rief er an. Er hat sich vielmals f\u00fcr die Verz\u00f6gerung entschuldigt. Volker hat ihn anscheinend erst heute \u00fcber die Sache informiert. Er fragte ob wir heute in der Villa oder unterwegs sind. Er schickt einen Kammerj\u00e4ger vorbei. Falls wir nicht da gewesen w\u00e4ren, h\u00e4tte er dem Kammerj\u00e4ger die T\u00fcr ge\u00f6ffnet. Ich habe Sascha gesagt, dass wir den ganzen Tag hier sind und der Kammerj\u00e4ger kommen kann wann er m\u00f6chte. Je fr\u00fcher umso besser. \ud83d\ude09<\/p>\n<p>Gegen Mittag rief ich wie vereinbart bei unserem Bootsverleiher an. Morgen bekommen wir unser Boot. \ud83d\ude0e<br \/>\nMike (der Bootsverleiher) wollte dass ich\u00a0zu ihm ins B\u00fcro komme. Vorab m\u00fcssen noch ein paar Dinge erledigt werden. Unter anderem eine Kurzeinweisung in die Gefahren, die Abwicklung der Bootskaution, usw. Wir haben abgemacht dass\u00a0wir um 15:00 Uhr zu ihm kommen. In dem Moment in dem ich das Telefon auflegte fiel mir die Sache mit dem Kammerj\u00e4ger ein. Hmpf &#8230; verdammt. Als ich nochmals bei Mike anrufen wollte klingelte aber zum Gl\u00fcck schon der Kammerj\u00e4ger. Passt ja bestens!<\/p>\n<p>Der Kammerj\u00e4ger war &#8222;eine coole Sau&#8220;. hahaha<br \/>\nEr hat die halbe K\u00fcche zerlegt, den Herd und die Sp\u00fclmaschine unter der Arbeitsplatte heraus gezogen und \u00fcberall mit der chemischen Keule f\u00fcr Ordnung gesorgt.<br \/>\nEr hat uns noch einiges \u00fcber die Tierchen erkl\u00e4rt aber so genau wollten wir das gar nicht wissen. \ud83d\ude2f<br \/>\nDie Sache hat sich allerdings zeitlich hingezogen und wir mussten los zu Mike. Wir haben dem Kammerj\u00e4ger gesagt dass er einfach die T\u00fcr hinter sich zuziehen soll wenn er fertig ist.<\/p>\n<p>Die Sache mit der Gefahreneinweisung, der Bootskaution usw. hat etwa eine Stunde gedauert.\u00a0Mike holt uns\u00a0morgen um 09:00 Uhr mit seinem Auto an unserem Haus ab und bringt uns zu unserem Boot. Dann bekommen wir die Einweisung in das Boot. Jemand wird dabei sein\u00a0damit wir mit dem Boot auch unser Haus finden und uns nicht verirren.\u00a0Wir sind ja soooo gespannt. <img src=\"https:\/\/www.all-for-all.de\/wp-includes\/images\/smilies\/mrgreen.png\" alt=\":mrgreen:\" class=\"wp-smiley\" style=\"height: 1em; max-height: 1em;\" \/><\/p>\n<p>Der Kammerj\u00e4ger war weg als wir zur\u00fcck kamen. Er hat uns einen Zettel hingelegt auf dem stand, dass er drau\u00dfen am Pool auch noch f\u00fcr Ordnung gesorgt hat. Er hat uns au\u00dferdem darauf hingewiesen, dass es sein kann, dass wir in den n\u00e4chsten 24 Stunden vermehrt sterbende Tierchen sehen k\u00f6nnten.<br \/>\nHARR! STIRB! STIRB! STIRB! \ud83d\ude08<\/p>\n<p>P\u00fc\u00fc\u00fch&#8230; so viel Stress an einem Tag. <img src=\"https:\/\/www.all-for-all.de\/wp-includes\/images\/smilies\/mrgreen.png\" alt=\":mrgreen:\" class=\"wp-smiley\" style=\"height: 1em; max-height: 1em;\" \/><\/p>\n<p>Viele Gr\u00fc\u00dfe<br \/>\nJoa<\/p>\n<p>Zur\u00fcck zu: <a href=\"https:\/\/www.all-for-all.de\/?page_id=3928\">24.06.2013, Faulenzen<\/a><br \/>\nWeiter zu: <a href=\"https:\/\/www.all-for-all.de\/?page_id=3947\">26.06.2013, Boots\u00fcbernahme, Einweisung und erste kurze Fahrt<\/a><\/p>\n","protected":false},"excerpt":{"rendered":"<p>Direkt nach dem Fr\u00fchst\u00fcck wollte ich bei der Hausverwaltung anrufen und fragen warum sich keiner meldet. Sascha, der Chef, kam mir aber zuvor. W\u00e4hrend wir fr\u00fchst\u00fcckten rief er an. Er hat sich vielmals f\u00fcr die Verz\u00f6gerung entschuldigt. Volker hat ihn &hellip; <a href=\"https:\/\/www.all-for-all.de\/?page_id=3936\">Weiterlesen <span class=\"meta-nav\">&rarr;<\/span><\/a><\/p>\n","protected":false},"author":2,"featured_media":0,"parent":0,"menu_order":0,"comment_status":"closed","ping_status":"open","template":"","meta":{"footnotes":""},"class_list":["post-3936","page","type-page","status-publish","hentry"],"jetpack_sharing_enabled":true,"_links":{"self":[{"href":"https:\/\/www.all-for-all.de\/index.php?rest_route=\/wp\/v2\/pages\/3936","targetHints":{"allow":["GET"]}}],"collection":[{"href":"https:\/\/www.all-for-all.de\/index.php?rest_route=\/wp\/v2\/pages"}],"about":[{"href":"https:\/\/www.all-for-all.de\/index.php?rest_route=\/wp\/v2\/types\/page"}],"author":[{"embeddable":true,"href":"https:\/\/www.all-for-all.de\/index.php?rest_route=\/wp\/v2\/users\/2"}],"replies":[{"embeddable":true,"href":"https:\/\/www.all-for-all.de\/index.php?rest_route=%2Fwp%2Fv2%2Fcomments&post=3936"}],"version-history":[{"count":0,"href":"https:\/\/www.all-for-all.de\/index.php?rest_route=\/wp\/v2\/pages\/3936\/revisions"}],"wp:attachment":[{"href":"https:\/\/www.all-for-all.de\/index.php?rest_route=%2Fwp%2Fv2%2Fmedia&parent=3936"}],"curies":[{"name":"wp","href":"https:\/\/api.w.org\/{rel}","templated":true}]}}