{"id":3928,"date":"2013-06-24T23:59:47","date_gmt":"2013-06-24T22:59:47","guid":{"rendered":"http:\/\/www.all-for-all.de\/?page_id=3928"},"modified":"2014-12-26T02:40:33","modified_gmt":"2014-12-26T01:40:33","slug":"24-06-2013-faulenzen","status":"publish","type":"page","link":"https:\/\/www.all-for-all.de\/?page_id=3928","title":{"rendered":"24.06.2013, Faulenzen"},"content":{"rendered":"<p>Vergangene Nacht bin ich zweimal aufgestanden und ich habe mich f\u00fcr etwa eine halbe Stunde an den Pool gesetzt. Au\u00dfer ein paar Zikaden und Fr\u00f6schen h\u00f6rt man nichts. Wunderbar. \ud83d\ude09<\/p>\n<p>Wir haben den ganzen Tag schlafend und essend an unserem Pool verbracht.<\/p>\n<p>Volker hat sich auch heute nicht gemeldet. Weil aber den ganzen Tag kein Kleintier zu sehen war, wollten wir keinen unn\u00f6tigen Stress verursachen.<\/p>\n<p>Sonnenklar, dass jetzt abends, nach 22:00 Uhr, wieder so ein bl\u00f6des Vieh \u00fcber den Boden gerannt ist. So sp\u00e4t will ich nun auch nicht mehr anrufen. Aber das wird das erste sein was ich morgen machen werde.<\/p>\n<p>Bilder gibt&#8217;s heute keine. \ud83d\ude09<\/p>\n<p>&nbsp;<\/p>\n<p>Viele Gr\u00fc\u00dfe<br \/>\nJoa<\/p>\n<p>Zur\u00fcck zu: <a href=\"https:\/\/www.all-for-all.de\/?page_id=3911\">23.06.2013, Haus\u00fcbernahme und Kleintierbesuch<\/a><br \/>\nWeiter zu: <a href=\"https:\/\/www.all-for-all.de\/?page_id=3936\">25.06.2013, Faulenzen und Besuch der pestcontrol<\/a><\/p>\n","protected":false},"excerpt":{"rendered":"<p>Vergangene Nacht bin ich zweimal aufgestanden und ich habe mich f\u00fcr etwa eine halbe Stunde an den Pool gesetzt. Au\u00dfer ein paar Zikaden und Fr\u00f6schen h\u00f6rt man nichts. Wunderbar. \ud83d\ude09 Wir haben den ganzen Tag schlafend und essend an unserem &hellip; <a href=\"https:\/\/www.all-for-all.de\/?page_id=3928\">Weiterlesen <span class=\"meta-nav\">&rarr;<\/span><\/a><\/p>\n","protected":false},"author":2,"featured_media":0,"parent":0,"menu_order":0,"comment_status":"closed","ping_status":"open","template":"","meta":{"footnotes":""},"class_list":["post-3928","page","type-page","status-publish","hentry"],"jetpack_sharing_enabled":true,"_links":{"self":[{"href":"https:\/\/www.all-for-all.de\/index.php?rest_route=\/wp\/v2\/pages\/3928","targetHints":{"allow":["GET"]}}],"collection":[{"href":"https:\/\/www.all-for-all.de\/index.php?rest_route=\/wp\/v2\/pages"}],"about":[{"href":"https:\/\/www.all-for-all.de\/index.php?rest_route=\/wp\/v2\/types\/page"}],"author":[{"embeddable":true,"href":"https:\/\/www.all-for-all.de\/index.php?rest_route=\/wp\/v2\/users\/2"}],"replies":[{"embeddable":true,"href":"https:\/\/www.all-for-all.de\/index.php?rest_route=%2Fwp%2Fv2%2Fcomments&post=3928"}],"version-history":[{"count":0,"href":"https:\/\/www.all-for-all.de\/index.php?rest_route=\/wp\/v2\/pages\/3928\/revisions"}],"wp:attachment":[{"href":"https:\/\/www.all-for-all.de\/index.php?rest_route=%2Fwp%2Fv2%2Fmedia&parent=3928"}],"curies":[{"name":"wp","href":"https:\/\/api.w.org\/{rel}","templated":true}]}}