{"id":3911,"date":"2013-06-23T23:59:59","date_gmt":"2013-06-23T22:59:59","guid":{"rendered":"http:\/\/www.all-for-all.de\/?page_id=3911"},"modified":"2014-12-26T02:36:57","modified_gmt":"2014-12-26T01:36:57","slug":"23-06-2013-hausuebernahme-und-kleintierbesuch","status":"publish","type":"page","link":"https:\/\/www.all-for-all.de\/?page_id=3911","title":{"rendered":"23.06.2013, Haus\u00fcbernahme und Kleintierbesuch"},"content":{"rendered":"<p>Herrlich geschlafen letzte Nacht und bestes Wetter drau\u00dfen!<\/p>\n<p>Heute Morgen war der Volker von der Hausverwaltung hier und hat mit mir das \u00dcbergabeprotokoll ausgef\u00fcllt. Alles ok so weit. Sein Timing h\u00e4tte nicht besser sein k\u00f6nnen. Wir waren gerade dabei das Fr\u00fchst\u00fcck herzurichten.<br \/>\nWir hatten schon Angst dass uns jemand beim Fr\u00fchst\u00fcck st\u00f6rt. So hat das prima gepasst.<br \/>\nDas Haus sieht bei Tageslicht fast noch besser aus. \ud83d\ude09<\/p>\n<p><img loading=\"lazy\" decoding=\"async\" class=\"aligncenter wp-image-3914 size-full\" title=\"Villa Little White House\" src=\"https:\/\/www.all-for-all.de\/wp-content\/uploads\/2014\/12\/P1010853.jpg\" alt=\"Villa Little White House\" width=\"1024\" height=\"768\" srcset=\"https:\/\/www.all-for-all.de\/wp-content\/uploads\/2014\/12\/P1010853.jpg 1024w, https:\/\/www.all-for-all.de\/wp-content\/uploads\/2014\/12\/P1010853-300x225.jpg 300w, https:\/\/www.all-for-all.de\/wp-content\/uploads\/2014\/12\/P1010853-400x300.jpg 400w\" sizes=\"auto, (max-width: 1024px) 100vw, 1024px\" \/><\/p>\n<p><img loading=\"lazy\" decoding=\"async\" class=\"aligncenter wp-image-3912 size-full\" title=\"Villa Little White House\" src=\"https:\/\/www.all-for-all.de\/wp-content\/uploads\/2014\/12\/P1010854.jpg\" alt=\"Villa Little White House\" width=\"1024\" height=\"768\" srcset=\"https:\/\/www.all-for-all.de\/wp-content\/uploads\/2014\/12\/P1010854.jpg 1024w, https:\/\/www.all-for-all.de\/wp-content\/uploads\/2014\/12\/P1010854-300x225.jpg 300w, https:\/\/www.all-for-all.de\/wp-content\/uploads\/2014\/12\/P1010854-400x300.jpg 400w\" sizes=\"auto, (max-width: 1024px) 100vw, 1024px\" \/><\/p>\n<p><img loading=\"lazy\" decoding=\"async\" class=\"aligncenter wp-image-3913 size-full\" title=\"Villa Little White House\" src=\"https:\/\/www.all-for-all.de\/wp-content\/uploads\/2014\/12\/P1010867.jpg\" alt=\"Villa Little White House\" width=\"1024\" height=\"768\" srcset=\"https:\/\/www.all-for-all.de\/wp-content\/uploads\/2014\/12\/P1010867.jpg 1024w, https:\/\/www.all-for-all.de\/wp-content\/uploads\/2014\/12\/P1010867-300x225.jpg 300w, https:\/\/www.all-for-all.de\/wp-content\/uploads\/2014\/12\/P1010867-400x300.jpg 400w\" sizes=\"auto, (max-width: 1024px) 100vw, 1024px\" \/><\/p>\n<p>Und dann gab es endlich das ersehnte Fr\u00fchst\u00fcck am eigenen Pool. \ud83d\ude0e<\/p>\n<p><img loading=\"lazy\" decoding=\"async\" class=\"aligncenter wp-image-3919 size-full\" title=\"Fr\u00fchst\u00fcck\" src=\"https:\/\/www.all-for-all.de\/wp-content\/uploads\/2013\/06\/P1010866.jpg\" alt=\"Fr\u00fchst\u00fcck\" width=\"1024\" height=\"768\" srcset=\"https:\/\/www.all-for-all.de\/wp-content\/uploads\/2013\/06\/P1010866.jpg 1024w, https:\/\/www.all-for-all.de\/wp-content\/uploads\/2013\/06\/P1010866-300x225.jpg 300w, https:\/\/www.all-for-all.de\/wp-content\/uploads\/2013\/06\/P1010866-400x300.jpg 400w\" sizes=\"auto, (max-width: 1024px) 100vw, 1024px\" \/><\/p>\n<p>Als wir unser Geschirr aufr\u00e4umten und die K\u00fcche in Ordnung brachten, sind mir leider 3 &#8211; 4 kleine Krabbeltiere aus einer Schublade entgegen gekommen.<br \/>\nKlar&#8230; das ist Florida und das kommt immer wieder vor. Hatten wir bisher auch fast immer. Aber 3 &#8211; 4 auf einmal ist neu. Also hab ich sicherheitshalber alle Schubladen und Schr\u00e4nke untersucht und noch weitere Tierchen entdeckt. Die habe ich alle erledigt. Ich habe gehofft dass damit Ruhe ist.<\/p>\n<p>Den Rest des Tages haben wir nur faul am Pool verbracht. Herrlich!<\/p>\n<p><img loading=\"lazy\" decoding=\"async\" class=\"aligncenter wp-image-3922 size-full\" title=\"Faulenzen\" src=\"https:\/\/www.all-for-all.de\/wp-content\/uploads\/2013\/06\/P1010871.jpg\" alt=\"Faulenzen\" width=\"1024\" height=\"768\" srcset=\"https:\/\/www.all-for-all.de\/wp-content\/uploads\/2013\/06\/P1010871.jpg 1024w, https:\/\/www.all-for-all.de\/wp-content\/uploads\/2013\/06\/P1010871-300x225.jpg 300w, https:\/\/www.all-for-all.de\/wp-content\/uploads\/2013\/06\/P1010871-400x300.jpg 400w\" sizes=\"auto, (max-width: 1024px) 100vw, 1024px\" \/><\/p>\n<p>Als ich mir nachmittags einen kleinen Snack besorgen wollte, habe ich erneut eines der Mistviecher entdeckt.<br \/>\nSo geht das nicht. Das kann ausarten wenn man da nichts unternimmt. Also habe ich Volker angerufen und ihm die Sachlage erkl\u00e4rt. Er meinte auch dass das zu viele w\u00e4ren. Er k\u00fcmmert sich um einen Kammerj\u00e4ger (pestcontrol) und meldet sich wieder bei uns.\u00a0Wird schon werden.<\/p>\n<p>Jetzt abends am Pool, bei Kerzenschein, ist es hier einfach\u00a0genial. Warm, ruhig, endlos entspannend. \ud83d\ude42<\/p>\n<p>Volker hat sich nicht mehr gemeldet. Aber heute ist Sonntag. Vielleicht hat er niemanden erreicht. Abwarten.<\/p>\n<p>Viele Gr\u00fc\u00dfe<br \/>\nJoa<\/p>\n<p>Zur\u00fcck zu: <a href=\"https:\/\/www.all-for-all.de\/?page_id=3691\">22.06.2013, Denver \u2013 Fort Myers \u2013 Cape Coral<\/a><br \/>\nWeiter zu: <a href=\"https:\/\/www.all-for-all.de\/?page_id=3928\">24.06.2013, Faulenzen<\/a><\/p>\n","protected":false},"excerpt":{"rendered":"<p>Herrlich geschlafen letzte Nacht und bestes Wetter drau\u00dfen! Heute Morgen war der Volker von der Hausverwaltung hier und hat mit mir das \u00dcbergabeprotokoll ausgef\u00fcllt. Alles ok so weit. Sein Timing h\u00e4tte nicht besser sein k\u00f6nnen. Wir waren gerade dabei das &hellip; <a href=\"https:\/\/www.all-for-all.de\/?page_id=3911\">Weiterlesen <span class=\"meta-nav\">&rarr;<\/span><\/a><\/p>\n","protected":false},"author":2,"featured_media":0,"parent":0,"menu_order":0,"comment_status":"closed","ping_status":"open","template":"","meta":{"footnotes":""},"class_list":["post-3911","page","type-page","status-publish","hentry"],"jetpack_sharing_enabled":true,"_links":{"self":[{"href":"https:\/\/www.all-for-all.de\/index.php?rest_route=\/wp\/v2\/pages\/3911","targetHints":{"allow":["GET"]}}],"collection":[{"href":"https:\/\/www.all-for-all.de\/index.php?rest_route=\/wp\/v2\/pages"}],"about":[{"href":"https:\/\/www.all-for-all.de\/index.php?rest_route=\/wp\/v2\/types\/page"}],"author":[{"embeddable":true,"href":"https:\/\/www.all-for-all.de\/index.php?rest_route=\/wp\/v2\/users\/2"}],"replies":[{"embeddable":true,"href":"https:\/\/www.all-for-all.de\/index.php?rest_route=%2Fwp%2Fv2%2Fcomments&post=3911"}],"version-history":[{"count":0,"href":"https:\/\/www.all-for-all.de\/index.php?rest_route=\/wp\/v2\/pages\/3911\/revisions"}],"wp:attachment":[{"href":"https:\/\/www.all-for-all.de\/index.php?rest_route=%2Fwp%2Fv2%2Fmedia&parent=3911"}],"curies":[{"name":"wp","href":"https:\/\/api.w.org\/{rel}","templated":true}]}}