{"id":3691,"date":"2013-06-22T23:59:10","date_gmt":"2013-06-22T22:59:10","guid":{"rendered":"http:\/\/www.all-for-all.de\/?page_id=3691"},"modified":"2015-01-04T00:07:09","modified_gmt":"2015-01-03T23:07:09","slug":"22-06-2013-denver-fort-myers-cape-coral","status":"publish","type":"page","link":"https:\/\/www.all-for-all.de\/?page_id=3691","title":{"rendered":"22.06.2013, Denver &#8211; Fort Myers &#8211; Cape Coral"},"content":{"rendered":"<p>Sooooo! Endlich im warmen Florida!!<br \/>\nAlles hat wunderbar und v\u00f6llig reibungslos geklappt.<\/p>\n<p>Um 08::00 Uhr hatten wir gefr\u00fchst\u00fcckt und ausgecheckt. Die Abgabe des Mietwagens war eine reine Formsache. Naja&#8230; fast. Aber zum Gl\u00fcck hat niemand gemerkt, dass das Auto immer noch Salzh\u00e4ufchen verliert. \ud83d\ude00<br \/>\nDas Gep\u00e4ck war schnell abgegeben und wir warteten auf den Abflug.<\/p>\n<p><img loading=\"lazy\" decoding=\"async\" class=\"aligncenter wp-image-3899 size-full\" title=\"Frontier Airlines\" src=\"https:\/\/www.all-for-all.de\/wp-content\/uploads\/2013\/06\/P1010824.jpg\" alt=\"Frontier Airlines\" width=\"1024\" height=\"768\" srcset=\"https:\/\/www.all-for-all.de\/wp-content\/uploads\/2013\/06\/P1010824.jpg 1024w, https:\/\/www.all-for-all.de\/wp-content\/uploads\/2013\/06\/P1010824-300x225.jpg 300w, https:\/\/www.all-for-all.de\/wp-content\/uploads\/2013\/06\/P1010824-400x300.jpg 400w\" sizes=\"auto, (max-width: 1024px) 100vw, 1024px\" \/><\/p>\n<p>Der Flug startete p\u00fcnktlich um 11:30 Uhr und wir landeten genau so p\u00fcnktlich um 17:04 Uhr Ortszeit in Fort Myers. Das Gep\u00e4ck war da und als Mietwagen bekamen wir einen Chevrolet Capitva. Ok&#8230; besser wie ein Jeep Compass &#8230; aber hmpf&#8230;<br \/>\nGut dass wir hier keine gro\u00dfen Strecken mehr fahren werden. \ud83d\ude15<\/p>\n<p>Der K\u00fchlschrank ist auch schon gef\u00fcllt. Ein dicker Einkauf bei Publix macht einfach Spa\u00df. <img src=\"https:\/\/www.all-for-all.de\/wp-includes\/images\/smilies\/mrgreen.png\" alt=\":mrgreen:\" class=\"wp-smiley\" style=\"height: 1em; max-height: 1em;\" \/><br \/>\nDas Haus macht einen guten Eindruck. Als wir ankamen brannte Licht, es lief leise Musik und es stand eine Flasche Wein f\u00fcr uns bereit. Wow! Toller Empfang!<\/p>\n<p>Bis jetzt konnten wir keine M\u00e4ngel im oder am Haus entdecken. Morgen Vormittag kommt jemand von der Hausverwaltung f\u00fcr die \u00dcbergabe.<\/p>\n<p>Ab jetzt nur noch T-Shirt, kurze Hosen und Flipflops!<\/p>\n<p>Wir freuen uns schon endlos auf das erste Fr\u00fchst\u00fcck morgen am eigenen Pool. \ud83d\ude1b<\/p>\n<p><img loading=\"lazy\" decoding=\"async\" class=\"aligncenter wp-image-3904 size-full\" title=\"Villa Little White House\" src=\"https:\/\/www.all-for-all.de\/wp-content\/uploads\/2013\/06\/P1010837.jpg\" alt=\"Villa Little White House\" width=\"1024\" height=\"768\" srcset=\"https:\/\/www.all-for-all.de\/wp-content\/uploads\/2013\/06\/P1010837.jpg 1024w, https:\/\/www.all-for-all.de\/wp-content\/uploads\/2013\/06\/P1010837-300x225.jpg 300w, https:\/\/www.all-for-all.de\/wp-content\/uploads\/2013\/06\/P1010837-400x300.jpg 400w\" sizes=\"auto, (max-width: 1024px) 100vw, 1024px\" \/><\/p>\n<p>Zur\u00a0Vollst\u00e4ndigkeit\u00a0die heutigen\u00a0Loggerdaten:<br \/>\nFlugstrecke: 2613,73 Km<br \/>\nFahrstrecke: 73,54 Km<\/p>\n<p><img loading=\"lazy\" decoding=\"async\" class=\"aligncenter wp-image-3906 size-full\" title=\"Logger Denver - Fort Myers\" src=\"https:\/\/www.all-for-all.de\/wp-content\/uploads\/2013\/06\/Logger_141.jpg\" alt=\"Logger Denver - Fort Myers\" width=\"857\" height=\"571\" srcset=\"https:\/\/www.all-for-all.de\/wp-content\/uploads\/2013\/06\/Logger_141.jpg 857w, https:\/\/www.all-for-all.de\/wp-content\/uploads\/2013\/06\/Logger_141-300x200.jpg 300w, https:\/\/www.all-for-all.de\/wp-content\/uploads\/2013\/06\/Logger_141-450x300.jpg 450w\" sizes=\"auto, (max-width: 857px) 100vw, 857px\" \/><\/p>\n<p><img loading=\"lazy\" decoding=\"async\" class=\"aligncenter wp-image-3907 size-full\" title=\"Logger Fort Myers - Cape Coral\" src=\"https:\/\/www.all-for-all.de\/wp-content\/uploads\/2013\/06\/Logger_151.jpg\" alt=\"Logger Fort Myers - Cape Coral\" width=\"959\" height=\"526\" srcset=\"https:\/\/www.all-for-all.de\/wp-content\/uploads\/2013\/06\/Logger_151.jpg 959w, https:\/\/www.all-for-all.de\/wp-content\/uploads\/2013\/06\/Logger_151-300x165.jpg 300w, https:\/\/www.all-for-all.de\/wp-content\/uploads\/2013\/06\/Logger_151-500x274.jpg 500w\" sizes=\"auto, (max-width: 959px) 100vw, 959px\" \/><\/p>\n<p><img loading=\"lazy\" decoding=\"async\" class=\"aligncenter wp-image-3908 size-full\" title=\"Villa Little White House\" src=\"https:\/\/www.all-for-all.de\/wp-content\/uploads\/2013\/06\/Logger_161.jpg\" alt=\"Villa Little White House\" width=\"1063\" height=\"503\" srcset=\"https:\/\/www.all-for-all.de\/wp-content\/uploads\/2013\/06\/Logger_161.jpg 1063w, https:\/\/www.all-for-all.de\/wp-content\/uploads\/2013\/06\/Logger_161-300x142.jpg 300w, https:\/\/www.all-for-all.de\/wp-content\/uploads\/2013\/06\/Logger_161-1024x485.jpg 1024w, https:\/\/www.all-for-all.de\/wp-content\/uploads\/2013\/06\/Logger_161-500x237.jpg 500w\" sizes=\"auto, (max-width: 1063px) 100vw, 1063px\" \/>Viele Gr\u00fc\u00dfe<br \/>\nJoa<\/p>\n<p>Zur\u00fcck zu: <a href=\"https:\/\/www.all-for-all.de\/?page_id=3688\">21.06.2013, Colorado Mills Mall &amp; Bass Pro Shop<\/a><br \/>\nWeiter zu: <a href=\"https:\/\/www.all-for-all.de\/?page_id=3911\">23.06.2013, Haus\u00fcbernahme und Kleintierbesuch<\/a><\/p>\n","protected":false},"excerpt":{"rendered":"<p>Sooooo! Endlich im warmen Florida!! Alles hat wunderbar und v\u00f6llig reibungslos geklappt. Um 08::00 Uhr hatten wir gefr\u00fchst\u00fcckt und ausgecheckt. Die Abgabe des Mietwagens war eine reine Formsache. Naja&#8230; fast. Aber zum Gl\u00fcck hat niemand gemerkt, dass das Auto immer &hellip; <a href=\"https:\/\/www.all-for-all.de\/?page_id=3691\">Weiterlesen <span class=\"meta-nav\">&rarr;<\/span><\/a><\/p>\n","protected":false},"author":2,"featured_media":0,"parent":0,"menu_order":0,"comment_status":"closed","ping_status":"open","template":"","meta":{"footnotes":""},"class_list":["post-3691","page","type-page","status-publish","hentry"],"jetpack_sharing_enabled":true,"_links":{"self":[{"href":"https:\/\/www.all-for-all.de\/index.php?rest_route=\/wp\/v2\/pages\/3691","targetHints":{"allow":["GET"]}}],"collection":[{"href":"https:\/\/www.all-for-all.de\/index.php?rest_route=\/wp\/v2\/pages"}],"about":[{"href":"https:\/\/www.all-for-all.de\/index.php?rest_route=\/wp\/v2\/types\/page"}],"author":[{"embeddable":true,"href":"https:\/\/www.all-for-all.de\/index.php?rest_route=\/wp\/v2\/users\/2"}],"replies":[{"embeddable":true,"href":"https:\/\/www.all-for-all.de\/index.php?rest_route=%2Fwp%2Fv2%2Fcomments&post=3691"}],"version-history":[{"count":0,"href":"https:\/\/www.all-for-all.de\/index.php?rest_route=\/wp\/v2\/pages\/3691\/revisions"}],"wp:attachment":[{"href":"https:\/\/www.all-for-all.de\/index.php?rest_route=%2Fwp%2Fv2%2Fmedia&parent=3691"}],"curies":[{"name":"wp","href":"https:\/\/api.w.org\/{rel}","templated":true}]}}