{"id":3688,"date":"2013-06-21T23:59:55","date_gmt":"2013-06-21T22:59:55","guid":{"rendered":"http:\/\/www.all-for-all.de\/?page_id=3688"},"modified":"2014-12-26T00:03:46","modified_gmt":"2014-12-25T23:03:46","slug":"21-06-2013-colorado-mills-mall-bass-pro-shop","status":"publish","type":"page","link":"https:\/\/www.all-for-all.de\/?page_id=3688","title":{"rendered":"21.06.2013, Colorado Mills Mall &#038; Bass Pro Shop"},"content":{"rendered":"<p>Heute haben wir uns f\u00fcr das Fr\u00fchst\u00fcck ausgiebig Zeit gelassen. Wunderbar!<\/p>\n<p>Ganz gem\u00fctlich steuerten wir die <a href=\"http:\/\/www.simon.com\/mall\/colorado-mills\" target=\"_blank\">Colorado Mills Mall<\/a> an, mussten dann aber noch knapp 30 Minuten warten weil die Mall erst um 10:00 Uhr \u00f6ffnet. \ud83d\ude44\u00a0 <img src=\"https:\/\/www.all-for-all.de\/wp-includes\/images\/smilies\/mrgreen.png\" alt=\":mrgreen:\" class=\"wp-smiley\" style=\"height: 1em; max-height: 1em;\" \/><\/p>\n<p>Die Mall ist nicht besonders gro\u00df. Obwohl wir fast in jeden Shop gegangen sind und uns dort umgesehen haben, waren wir bereits gegen 13:00 Uhr durch&#8230; und hatten keine einzige Einkaufst\u00fcte. Hmpf &#8230;<br \/>\nDas was wirklich richtig klasse aussah konnten wir leider nicht mitnehmen. Es waren M\u00f6bel. Die Firma <a href=\"http:\/\/www.clevelandcreek.com\/\" target=\"_blank\">Cleveland Creek Log Furniture <\/a>stellt in der Mall aus. Woah sind das tolle M\u00f6bel! Ganz was anderes! M\u00fcssen wir uns unbedingt merken. \ud83d\udca1<\/p>\n<p>Das f\u00fcr heute letzte Ziel war der <a href=\"http:\/\/www.basspro.com\/\" target=\"_blank\">Bass Pro Shop<\/a>. Dort findet man immer wieder nette und\/oder lustige T-Shirts oder andere Gimmicks die auch\u00a0f\u00fcr Nicht-J\u00e4ger oder Nicht-Einzelk\u00e4mpfer brauchbar sind. Leider fand wieder nichts den Weg in unsere Einkaufst\u00fcten. Manchmal soll es einfach nicht sein. \ud83d\ude09<\/p>\n<p>Wir fassten den Entschluss heute fr\u00fcher zu Abend zu essen um danach in aller Ruhe unser Gep\u00e4ck f\u00fcr morgen herzurichten. Das Auto musste auch noch ein kleines bisschen auf Vordermann gebracht werden. Immer die Arbeit und der\u00a0Stress&#8230; hahaha<\/p>\n<p>Geplant und ausgef\u00fchrt! Wir lie\u00dfen uns nochmals das gute Essen im <a href=\"http:\/\/www.souplantation.com\/\" target=\"_blank\">Sweet Tomatoes<\/a> schmecken. Auch\u00a0nach dem zweiten Mal k\u00f6nnen wir das vorbehaltlos empfehlen!<br \/>\nAls wir das lokal verlie\u00dfen sah der Himmel nach einem richtig dicken Unwetter aus. Die Farben sahen schon fast be\u00e4ngstigend aus.<\/p>\n<p><img loading=\"lazy\" decoding=\"async\" class=\"aligncenter wp-image-3891 size-full\" title=\"Unwetter?\" src=\"https:\/\/www.all-for-all.de\/wp-content\/uploads\/2013\/06\/P1010816.jpg\" alt=\"Unwetter?\" width=\"1024\" height=\"768\" srcset=\"https:\/\/www.all-for-all.de\/wp-content\/uploads\/2013\/06\/P1010816.jpg 1024w, https:\/\/www.all-for-all.de\/wp-content\/uploads\/2013\/06\/P1010816-300x225.jpg 300w, https:\/\/www.all-for-all.de\/wp-content\/uploads\/2013\/06\/P1010816-400x300.jpg 400w\" sizes=\"auto, (max-width: 1024px) 100vw, 1024px\" \/> <img loading=\"lazy\" decoding=\"async\" class=\"aligncenter wp-image-3892 size-full\" title=\"Unwetter?\" src=\"https:\/\/www.all-for-all.de\/wp-content\/uploads\/2013\/06\/P1010817.jpg\" alt=\"Unwetter?\" width=\"1024\" height=\"768\" srcset=\"https:\/\/www.all-for-all.de\/wp-content\/uploads\/2013\/06\/P1010817.jpg 1024w, https:\/\/www.all-for-all.de\/wp-content\/uploads\/2013\/06\/P1010817-300x225.jpg 300w, https:\/\/www.all-for-all.de\/wp-content\/uploads\/2013\/06\/P1010817-400x300.jpg 400w\" sizes=\"auto, (max-width: 1024px) 100vw, 1024px\" \/> <img loading=\"lazy\" decoding=\"async\" class=\"aligncenter wp-image-3893 size-full\" title=\"Unwetter?\" src=\"https:\/\/www.all-for-all.de\/wp-content\/uploads\/2013\/06\/P1010819.jpg\" alt=\"Unwetter?\" width=\"1024\" height=\"768\" srcset=\"https:\/\/www.all-for-all.de\/wp-content\/uploads\/2013\/06\/P1010819.jpg 1024w, https:\/\/www.all-for-all.de\/wp-content\/uploads\/2013\/06\/P1010819-300x225.jpg 300w, https:\/\/www.all-for-all.de\/wp-content\/uploads\/2013\/06\/P1010819-400x300.jpg 400w\" sizes=\"auto, (max-width: 1024px) 100vw, 1024px\" \/><\/p>\n<p>Wie wir gerade erfahren haben,\u00a0entstand in ca. 20 Km Entfernung tats\u00e4chlich ein kleiner Tornado. Zum Gl\u00fcck gab es nur geringe Sch\u00e4den.<\/p>\n<p>Die Koffer sind mittlerweile sauber einger\u00e4umt, das Handgep\u00e4ck ist sortiert und der Dodge ist abgabefertig. Morgen um 11:30 Uhr fliegen wir mit Frontier Airlines nach Fort Myers. Hoffentlich\u00a0bekommen wir\u00a0nicht wieder einen Jeep Compass. \ud83d\ude15<br \/>\nWir freuen uns auf Florida und unsere Mietvilla!<\/p>\n<p>Viele Gr\u00fc\u00dfe<br \/>\nJoa<\/p>\n<p>Zur\u00fcck zu:\u00a0<a href=\"https:\/\/www.all-for-all.de\/?page_id=3685\">20.06.2013, Rocky Mountain National Park<\/a><br \/>\nWeiter zu: <a href=\"https:\/\/www.all-for-all.de\/?page_id=3691\">22.06.2013, Denver \u2013 Fort Myers \u2013 Cape Coral<\/a><\/p>\n","protected":false},"excerpt":{"rendered":"<p>Heute haben wir uns f\u00fcr das Fr\u00fchst\u00fcck ausgiebig Zeit gelassen. Wunderbar! Ganz gem\u00fctlich steuerten wir die Colorado Mills Mall an, mussten dann aber noch knapp 30 Minuten warten weil die Mall erst um 10:00 Uhr \u00f6ffnet. \ud83d\ude44\u00a0 Die Mall ist &hellip; <a href=\"https:\/\/www.all-for-all.de\/?page_id=3688\">Weiterlesen <span class=\"meta-nav\">&rarr;<\/span><\/a><\/p>\n","protected":false},"author":2,"featured_media":0,"parent":0,"menu_order":0,"comment_status":"closed","ping_status":"open","template":"","meta":{"footnotes":""},"class_list":["post-3688","page","type-page","status-publish","hentry"],"jetpack_sharing_enabled":true,"_links":{"self":[{"href":"https:\/\/www.all-for-all.de\/index.php?rest_route=\/wp\/v2\/pages\/3688","targetHints":{"allow":["GET"]}}],"collection":[{"href":"https:\/\/www.all-for-all.de\/index.php?rest_route=\/wp\/v2\/pages"}],"about":[{"href":"https:\/\/www.all-for-all.de\/index.php?rest_route=\/wp\/v2\/types\/page"}],"author":[{"embeddable":true,"href":"https:\/\/www.all-for-all.de\/index.php?rest_route=\/wp\/v2\/users\/2"}],"replies":[{"embeddable":true,"href":"https:\/\/www.all-for-all.de\/index.php?rest_route=%2Fwp%2Fv2%2Fcomments&post=3688"}],"version-history":[{"count":0,"href":"https:\/\/www.all-for-all.de\/index.php?rest_route=\/wp\/v2\/pages\/3688\/revisions"}],"wp:attachment":[{"href":"https:\/\/www.all-for-all.de\/index.php?rest_route=%2Fwp%2Fv2%2Fmedia&parent=3688"}],"curies":[{"name":"wp","href":"https:\/\/api.w.org\/{rel}","templated":true}]}}