{"id":3685,"date":"2013-06-20T23:59:52","date_gmt":"2013-06-20T22:59:52","guid":{"rendered":"http:\/\/www.all-for-all.de\/?page_id=3685"},"modified":"2015-01-30T00:51:27","modified_gmt":"2015-01-29T23:51:27","slug":"20-06-2013-rocky-mountain-national-park","status":"publish","type":"page","link":"https:\/\/www.all-for-all.de\/?page_id=3685","title":{"rendered":"20.06.2013, Rocky Mountain National Park"},"content":{"rendered":"<p>Wir verbrachten heute den ganzen Tag im Rocky Mountain National Park. Direkt nach dem Fr\u00fchst\u00fcck fuhren wir \u00fcber die St\u00e4dtchen Boulder und Estes Park in den National Park. Es war dort unglaublich sch\u00f6n. Es gibt heute auch kaum Text sondern fast nur Bilder&#8230;<\/p>\n<p><img loading=\"lazy\" decoding=\"async\" class=\"aligncenter wp-image-3869 size-full\" title=\"Rocky Mountain National Park\" src=\"https:\/\/www.all-for-all.de\/wp-content\/uploads\/2014\/12\/P1010662.jpg\" alt=\"Rocky Mountain National Park\" width=\"1024\" height=\"768\" srcset=\"https:\/\/www.all-for-all.de\/wp-content\/uploads\/2014\/12\/P1010662.jpg 1024w, https:\/\/www.all-for-all.de\/wp-content\/uploads\/2014\/12\/P1010662-300x225.jpg 300w, https:\/\/www.all-for-all.de\/wp-content\/uploads\/2014\/12\/P1010662-400x300.jpg 400w\" sizes=\"auto, (max-width: 1024px) 100vw, 1024px\" \/><\/p>\n<p><img loading=\"lazy\" decoding=\"async\" class=\"aligncenter wp-image-3870 size-full\" title=\"Rocky Mountain National Park\" src=\"https:\/\/www.all-for-all.de\/wp-content\/uploads\/2014\/12\/P1010671.jpg\" alt=\"Rocky Mountain National Park\" width=\"1024\" height=\"768\" srcset=\"https:\/\/www.all-for-all.de\/wp-content\/uploads\/2014\/12\/P1010671.jpg 1024w, https:\/\/www.all-for-all.de\/wp-content\/uploads\/2014\/12\/P1010671-300x225.jpg 300w, https:\/\/www.all-for-all.de\/wp-content\/uploads\/2014\/12\/P1010671-400x300.jpg 400w\" sizes=\"auto, (max-width: 1024px) 100vw, 1024px\" \/><\/p>\n<p><img loading=\"lazy\" decoding=\"async\" class=\"aligncenter wp-image-3871 size-full\" title=\"Rocky Mountain National Park\" src=\"https:\/\/www.all-for-all.de\/wp-content\/uploads\/2014\/12\/P1010680.jpg\" alt=\"Rocky Mountain National Park\" width=\"1024\" height=\"768\" srcset=\"https:\/\/www.all-for-all.de\/wp-content\/uploads\/2014\/12\/P1010680.jpg 1024w, https:\/\/www.all-for-all.de\/wp-content\/uploads\/2014\/12\/P1010680-300x225.jpg 300w, https:\/\/www.all-for-all.de\/wp-content\/uploads\/2014\/12\/P1010680-400x300.jpg 400w\" sizes=\"auto, (max-width: 1024px) 100vw, 1024px\" \/><\/p>\n<p><img loading=\"lazy\" decoding=\"async\" class=\"aligncenter wp-image-3872 size-full\" title=\"Rocky Mountain National Park\" src=\"https:\/\/www.all-for-all.de\/wp-content\/uploads\/2014\/12\/P1010689.jpg\" alt=\"Rocky Mountain National Park\" width=\"1024\" height=\"768\" srcset=\"https:\/\/www.all-for-all.de\/wp-content\/uploads\/2014\/12\/P1010689.jpg 1024w, https:\/\/www.all-for-all.de\/wp-content\/uploads\/2014\/12\/P1010689-300x225.jpg 300w, https:\/\/www.all-for-all.de\/wp-content\/uploads\/2014\/12\/P1010689-400x300.jpg 400w\" sizes=\"auto, (max-width: 1024px) 100vw, 1024px\" \/><\/p>\n<p><img loading=\"lazy\" decoding=\"async\" class=\"aligncenter wp-image-3868 size-full\" title=\"Rocky Mountain National Park\" src=\"https:\/\/www.all-for-all.de\/wp-content\/uploads\/2014\/12\/P1010803.jpg\" alt=\"Rocky Mountain National Park\" width=\"1024\" height=\"768\" srcset=\"https:\/\/www.all-for-all.de\/wp-content\/uploads\/2014\/12\/P1010803.jpg 1024w, https:\/\/www.all-for-all.de\/wp-content\/uploads\/2014\/12\/P1010803-300x225.jpg 300w, https:\/\/www.all-for-all.de\/wp-content\/uploads\/2014\/12\/P1010803-400x300.jpg 400w\" sizes=\"auto, (max-width: 1024px) 100vw, 1024px\" \/><\/p>\n<p><img loading=\"lazy\" decoding=\"async\" class=\"aligncenter wp-image-3873 size-full\" title=\"Rocky Mountain National Park\" src=\"https:\/\/www.all-for-all.de\/wp-content\/uploads\/2014\/12\/P1010705.jpg\" alt=\"Rocky Mountain National Park\" width=\"1024\" height=\"768\" srcset=\"https:\/\/www.all-for-all.de\/wp-content\/uploads\/2014\/12\/P1010705.jpg 1024w, https:\/\/www.all-for-all.de\/wp-content\/uploads\/2014\/12\/P1010705-300x225.jpg 300w, https:\/\/www.all-for-all.de\/wp-content\/uploads\/2014\/12\/P1010705-400x300.jpg 400w\" sizes=\"auto, (max-width: 1024px) 100vw, 1024px\" \/><\/p>\n<p><img loading=\"lazy\" decoding=\"async\" class=\"aligncenter wp-image-3874 size-full\" title=\"Rocky Mountain National Park\" src=\"https:\/\/www.all-for-all.de\/wp-content\/uploads\/2014\/12\/P1010713.jpg\" alt=\"Rocky Mountain National Park\" width=\"1024\" height=\"768\" srcset=\"https:\/\/www.all-for-all.de\/wp-content\/uploads\/2014\/12\/P1010713.jpg 1024w, https:\/\/www.all-for-all.de\/wp-content\/uploads\/2014\/12\/P1010713-300x225.jpg 300w, https:\/\/www.all-for-all.de\/wp-content\/uploads\/2014\/12\/P1010713-400x300.jpg 400w\" sizes=\"auto, (max-width: 1024px) 100vw, 1024px\" \/><\/p>\n<p><img loading=\"lazy\" decoding=\"async\" class=\"aligncenter wp-image-3875 size-full\" title=\"Rocky Mountain National Park\" src=\"https:\/\/www.all-for-all.de\/wp-content\/uploads\/2014\/12\/P1010723.jpg\" alt=\"Rocky Mountain National Park\" width=\"1024\" height=\"768\" srcset=\"https:\/\/www.all-for-all.de\/wp-content\/uploads\/2014\/12\/P1010723.jpg 1024w, https:\/\/www.all-for-all.de\/wp-content\/uploads\/2014\/12\/P1010723-300x225.jpg 300w, https:\/\/www.all-for-all.de\/wp-content\/uploads\/2014\/12\/P1010723-400x300.jpg 400w\" sizes=\"auto, (max-width: 1024px) 100vw, 1024px\" \/><\/p>\n<p><img loading=\"lazy\" decoding=\"async\" class=\"aligncenter wp-image-3876 size-full\" title=\"Rocky Mountain National Park\" src=\"https:\/\/www.all-for-all.de\/wp-content\/uploads\/2014\/12\/P1010731.jpg\" alt=\"Rocky Mountain National Park\" width=\"1024\" height=\"768\" srcset=\"https:\/\/www.all-for-all.de\/wp-content\/uploads\/2014\/12\/P1010731.jpg 1024w, https:\/\/www.all-for-all.de\/wp-content\/uploads\/2014\/12\/P1010731-300x225.jpg 300w, https:\/\/www.all-for-all.de\/wp-content\/uploads\/2014\/12\/P1010731-400x300.jpg 400w\" sizes=\"auto, (max-width: 1024px) 100vw, 1024px\" \/><\/p>\n<p><img loading=\"lazy\" decoding=\"async\" class=\"aligncenter wp-image-3881 size-full\" title=\"Rocky Mountain National Park\" src=\"https:\/\/www.all-for-all.de\/wp-content\/uploads\/2014\/12\/P1010792.jpg\" alt=\"Rocky Mountain National Park\" width=\"1024\" height=\"768\" srcset=\"https:\/\/www.all-for-all.de\/wp-content\/uploads\/2014\/12\/P1010792.jpg 1024w, https:\/\/www.all-for-all.de\/wp-content\/uploads\/2014\/12\/P1010792-300x225.jpg 300w, https:\/\/www.all-for-all.de\/wp-content\/uploads\/2014\/12\/P1010792-400x300.jpg 400w\" sizes=\"auto, (max-width: 1024px) 100vw, 1024px\" \/><\/p>\n<p><img loading=\"lazy\" decoding=\"async\" class=\"aligncenter wp-image-3880 size-full\" title=\"Rocky Mountain National Park\" src=\"https:\/\/www.all-for-all.de\/wp-content\/uploads\/2014\/12\/P1010782.jpg\" alt=\"Rocky Mountain National Park\" width=\"1024\" height=\"768\" srcset=\"https:\/\/www.all-for-all.de\/wp-content\/uploads\/2014\/12\/P1010782.jpg 1024w, https:\/\/www.all-for-all.de\/wp-content\/uploads\/2014\/12\/P1010782-300x225.jpg 300w, https:\/\/www.all-for-all.de\/wp-content\/uploads\/2014\/12\/P1010782-400x300.jpg 400w\" sizes=\"auto, (max-width: 1024px) 100vw, 1024px\" \/><\/p>\n<p><img loading=\"lazy\" decoding=\"async\" class=\"aligncenter wp-image-3879 size-full\" title=\"Rocky Mountain National Park\" src=\"https:\/\/www.all-for-all.de\/wp-content\/uploads\/2014\/12\/P1010778.jpg\" alt=\"Rocky Mountain National Park\" width=\"1024\" height=\"768\" srcset=\"https:\/\/www.all-for-all.de\/wp-content\/uploads\/2014\/12\/P1010778.jpg 1024w, https:\/\/www.all-for-all.de\/wp-content\/uploads\/2014\/12\/P1010778-300x225.jpg 300w, https:\/\/www.all-for-all.de\/wp-content\/uploads\/2014\/12\/P1010778-400x300.jpg 400w\" sizes=\"auto, (max-width: 1024px) 100vw, 1024px\" \/><\/p>\n<p><img loading=\"lazy\" decoding=\"async\" class=\"aligncenter wp-image-3878 size-full\" title=\"Biggy\" src=\"https:\/\/www.all-for-all.de\/wp-content\/uploads\/2014\/12\/P1010777.jpg\" alt=\"Rocky Mountain National Park\" width=\"1024\" height=\"768\" srcset=\"https:\/\/www.all-for-all.de\/wp-content\/uploads\/2014\/12\/P1010777.jpg 1024w, https:\/\/www.all-for-all.de\/wp-content\/uploads\/2014\/12\/P1010777-300x225.jpg 300w, https:\/\/www.all-for-all.de\/wp-content\/uploads\/2014\/12\/P1010777-400x300.jpg 400w\" sizes=\"auto, (max-width: 1024px) 100vw, 1024px\" \/><\/p>\n<p><img loading=\"lazy\" decoding=\"async\" class=\"aligncenter wp-image-3882 size-full\" title=\"Rocky Mountain National Park\" src=\"https:\/\/www.all-for-all.de\/wp-content\/uploads\/2014\/12\/P1010793.jpg\" alt=\"Rocky Mountain National Park\" width=\"1024\" height=\"768\" srcset=\"https:\/\/www.all-for-all.de\/wp-content\/uploads\/2014\/12\/P1010793.jpg 1024w, https:\/\/www.all-for-all.de\/wp-content\/uploads\/2014\/12\/P1010793-300x225.jpg 300w, https:\/\/www.all-for-all.de\/wp-content\/uploads\/2014\/12\/P1010793-400x300.jpg 400w\" sizes=\"auto, (max-width: 1024px) 100vw, 1024px\" \/><\/p>\n<p><img loading=\"lazy\" decoding=\"async\" class=\"aligncenter wp-image-3883 size-full\" title=\"Rocky Mountain National Park\" src=\"https:\/\/www.all-for-all.de\/wp-content\/uploads\/2014\/12\/P1010796.jpg\" alt=\"Rocky Mountain National Park\" width=\"1024\" height=\"768\" srcset=\"https:\/\/www.all-for-all.de\/wp-content\/uploads\/2014\/12\/P1010796.jpg 1024w, https:\/\/www.all-for-all.de\/wp-content\/uploads\/2014\/12\/P1010796-300x225.jpg 300w, https:\/\/www.all-for-all.de\/wp-content\/uploads\/2014\/12\/P1010796-400x300.jpg 400w\" sizes=\"auto, (max-width: 1024px) 100vw, 1024px\" \/><\/p>\n<p>Nicht mit Worten zu beschreiben&#8230; geht nicht.<\/p>\n<p>Wir kamen recht sp\u00e4t wieder im Hotel an, haben uns nur kurz frisch gemacht und sind dann in einen &#8222;Big Burrito&#8220; essen gegangen. &#8230;?\u00bf?<br \/>\nOk, Ok, Ok&#8230; es war ein Denny`s Diner. Das mit dem Big Burrito ist ein Insider-gag. <img src=\"https:\/\/www.all-for-all.de\/wp-includes\/images\/smilies\/mrgreen.png\" alt=\":mrgreen:\" class=\"wp-smiley\" style=\"height: 1em; max-height: 1em;\" \/><\/p>\n<p>Tja&#8230; das war nun der Erlebnisteil unseres Urlaubs. Morgen wollen wir nur ein wenig shoppen und unser Gep\u00e4ck ordentlich sortieren. \u00dcbermorgen geht unser Flug nach Florida. Langsam aber sicher ist\u00a0uns nach W\u00e4rme, Meer, Pool und Ausspannen.<\/p>\n<p>Gefahrene Strecke heute: 374,81 Km<\/p>\n<p><img loading=\"lazy\" decoding=\"async\" class=\"aligncenter wp-image-3885 size-full\" title=\"Rocky Mountain National Park\" src=\"https:\/\/www.all-for-all.de\/wp-content\/uploads\/2014\/12\/Logger_13.jpg\" alt=\"Rocky Mountain National Park\" width=\"917\" height=\"728\" srcset=\"https:\/\/www.all-for-all.de\/wp-content\/uploads\/2014\/12\/Logger_13.jpg 917w, https:\/\/www.all-for-all.de\/wp-content\/uploads\/2014\/12\/Logger_13-300x238.jpg 300w, https:\/\/www.all-for-all.de\/wp-content\/uploads\/2014\/12\/Logger_13-378x300.jpg 378w\" sizes=\"auto, (max-width: 917px) 100vw, 917px\" \/><\/p>\n<p>&nbsp;<\/p>\n<p>Viele Gr\u00fc\u00dfe<br \/>\nJoa<\/p>\n<p>Zur\u00fcck zu: <a href=\"https:\/\/www.all-for-all.de\/?page_id=3682\">19.06.2013, Colorado Springs \u2013 Mount Evans \u2013 Denver<\/a><br \/>\nWeiter zu: <a href=\"https:\/\/www.all-for-all.de\/?page_id=3688\">21.06.2013, Colorado Mills Mall &amp; Bass Pro Shop<\/a><\/p>\n","protected":false},"excerpt":{"rendered":"<p>Wir verbrachten heute den ganzen Tag im Rocky Mountain National Park. Direkt nach dem Fr\u00fchst\u00fcck fuhren wir \u00fcber die St\u00e4dtchen Boulder und Estes Park in den National Park. Es war dort unglaublich sch\u00f6n. Es gibt heute auch kaum Text sondern &hellip; <a href=\"https:\/\/www.all-for-all.de\/?page_id=3685\">Weiterlesen <span class=\"meta-nav\">&rarr;<\/span><\/a><\/p>\n","protected":false},"author":2,"featured_media":0,"parent":0,"menu_order":0,"comment_status":"closed","ping_status":"open","template":"","meta":{"footnotes":""},"class_list":["post-3685","page","type-page","status-publish","hentry"],"jetpack_sharing_enabled":true,"_links":{"self":[{"href":"https:\/\/www.all-for-all.de\/index.php?rest_route=\/wp\/v2\/pages\/3685","targetHints":{"allow":["GET"]}}],"collection":[{"href":"https:\/\/www.all-for-all.de\/index.php?rest_route=\/wp\/v2\/pages"}],"about":[{"href":"https:\/\/www.all-for-all.de\/index.php?rest_route=\/wp\/v2\/types\/page"}],"author":[{"embeddable":true,"href":"https:\/\/www.all-for-all.de\/index.php?rest_route=\/wp\/v2\/users\/2"}],"replies":[{"embeddable":true,"href":"https:\/\/www.all-for-all.de\/index.php?rest_route=%2Fwp%2Fv2%2Fcomments&post=3685"}],"version-history":[{"count":0,"href":"https:\/\/www.all-for-all.de\/index.php?rest_route=\/wp\/v2\/pages\/3685\/revisions"}],"wp:attachment":[{"href":"https:\/\/www.all-for-all.de\/index.php?rest_route=%2Fwp%2Fv2%2Fmedia&parent=3685"}],"curies":[{"name":"wp","href":"https:\/\/api.w.org\/{rel}","templated":true}]}}