{"id":3682,"date":"2013-06-19T23:59:36","date_gmt":"2013-06-19T22:59:36","guid":{"rendered":"http:\/\/www.all-for-all.de\/?page_id=3682"},"modified":"2015-01-13T23:08:50","modified_gmt":"2015-01-13T22:08:50","slug":"19-06-2013-colorado-springs-mount-evans-denver","status":"publish","type":"page","link":"https:\/\/www.all-for-all.de\/?page_id=3682","title":{"rendered":"19.06.2013, Colorado Springs &#8211; Mount Evans &#8211; Denver"},"content":{"rendered":"<p>19.06.2013&#8230; Happy 20th Anniversary! \ud83d\ude09<\/p>\n<p>Gestern Abend haben wir noch unser Hotel f\u00fcr die\u00a0n\u00e4chsten drei N\u00e4chte gebucht. Wir entschieden uns f\u00fcr\u00a0das Hampton Inn in\u00a0Denver-Westminster. Das werden unsere letzten Hotel\u00fcbernachtungen in diesem Urlaub werden.\u00a0\ud83d\ude42<\/p>\n<p>Direkt nach dem Fr\u00fchst\u00fcck checkten wir aus, packten unser\u00a0gesamtes Gep\u00e4ck ins Auto und ab ging die Fahrt.\u00a0Kaum 500 Meter weiter mussten wir warten bis uns ein paar Wildg\u00e4nse den Weg frei machten. Die waren durch nichts aus der Ruhe zu bringen. <img src=\"https:\/\/www.all-for-all.de\/wp-includes\/images\/smilies\/mrgreen.png\" alt=\":mrgreen:\" class=\"wp-smiley\" style=\"height: 1em; max-height: 1em;\" \/><\/p>\n<p><img loading=\"lazy\" decoding=\"async\" class=\"aligncenter wp-image-3829 size-full\" title=\"Wildg\u00e4nse\" src=\"https:\/\/www.all-for-all.de\/wp-content\/uploads\/2014\/12\/P1010478.jpg\" alt=\"Wildg\u00e4nse\" width=\"1024\" height=\"768\" srcset=\"https:\/\/www.all-for-all.de\/wp-content\/uploads\/2014\/12\/P1010478.jpg 1024w, https:\/\/www.all-for-all.de\/wp-content\/uploads\/2014\/12\/P1010478-300x225.jpg 300w, https:\/\/www.all-for-all.de\/wp-content\/uploads\/2014\/12\/P1010478-400x300.jpg 400w\" sizes=\"auto, (max-width: 1024px) 100vw, 1024px\" \/><\/p>\n<p>Wir steuerten zuerst den <a href=\"http:\/\/www.thespacestore.com\/\" target=\"_blank\">Space Store<\/a> in Denver an. Den habe ich zuf\u00e4llig im Internet entdeckt. Ich hatte gehofft dort vielleicht ein sch\u00f6nes Modell einer Saturn 5 oder eines Space Shuttles zu bekommen. Leider hat sich herausgestellt, dass es sich um einen reinen Onlinestore handelt der an dieser Adresse nur seinen Firmensitz hat. \ud83d\ude33<\/p>\n<p>Also weiter zum <a href=\"http:\/\/www.mountevans.com\/\" target=\"_blank\">Mount Evans<\/a>!<br \/>\nKurz hinter Denver hat man ein gigantisches Panorama von ein paar 4000ern der Rockies.<\/p>\n<p><img loading=\"lazy\" decoding=\"async\" class=\"aligncenter wp-image-3831 size-full\" title=\"Panorama der Rockies\" src=\"https:\/\/www.all-for-all.de\/wp-content\/uploads\/2014\/12\/P1010493.jpg\" alt=\"Panorama der Rockies\" width=\"1024\" height=\"768\" srcset=\"https:\/\/www.all-for-all.de\/wp-content\/uploads\/2014\/12\/P1010493.jpg 1024w, https:\/\/www.all-for-all.de\/wp-content\/uploads\/2014\/12\/P1010493-300x225.jpg 300w, https:\/\/www.all-for-all.de\/wp-content\/uploads\/2014\/12\/P1010493-400x300.jpg 400w\" sizes=\"auto, (max-width: 1024px) 100vw, 1024px\" \/><\/p>\n<p>Beim St\u00e4dtchen Idaho Springs beginnt die Stra\u00dfe hinauf zum Gipfel des Mount Evans.<\/p>\n<p><img loading=\"lazy\" decoding=\"async\" class=\"aligncenter wp-image-3833 size-full\" title=\"Idaho Springs\" src=\"https:\/\/www.all-for-all.de\/wp-content\/uploads\/2014\/12\/P1010499.jpg\" alt=\"Idaho Springs\" width=\"1024\" height=\"768\" srcset=\"https:\/\/www.all-for-all.de\/wp-content\/uploads\/2014\/12\/P1010499.jpg 1024w, https:\/\/www.all-for-all.de\/wp-content\/uploads\/2014\/12\/P1010499-300x225.jpg 300w, https:\/\/www.all-for-all.de\/wp-content\/uploads\/2014\/12\/P1010499-400x300.jpg 400w\" sizes=\"auto, (max-width: 1024px) 100vw, 1024px\" \/><\/p>\n<p>Die Stra\u00dfe f\u00fchrt durch den Arapaho National Forest, vorbei am Echo Lake zur <a href=\"http:\/\/echolakelodgeco.com\/\" target=\"_blank\">Echo Lake Lodge<\/a>.<\/p>\n<p><img loading=\"lazy\" decoding=\"async\" class=\"aligncenter wp-image-3836 size-full\" title=\"Arapaho National Forest\" src=\"https:\/\/www.all-for-all.de\/wp-content\/uploads\/2014\/12\/P1010517.jpg\" alt=\"Arapaho National Forest\" width=\"1024\" height=\"768\" srcset=\"https:\/\/www.all-for-all.de\/wp-content\/uploads\/2014\/12\/P1010517.jpg 1024w, https:\/\/www.all-for-all.de\/wp-content\/uploads\/2014\/12\/P1010517-300x225.jpg 300w, https:\/\/www.all-for-all.de\/wp-content\/uploads\/2014\/12\/P1010517-400x300.jpg 400w\" sizes=\"auto, (max-width: 1024px) 100vw, 1024px\" \/><\/p>\n<p><img loading=\"lazy\" decoding=\"async\" class=\"aligncenter wp-image-3837 size-full\" title=\"Echo Lake\" src=\"https:\/\/www.all-for-all.de\/wp-content\/uploads\/2014\/12\/P1010529.jpg\" alt=\"Echo Lake\" width=\"1024\" height=\"768\" srcset=\"https:\/\/www.all-for-all.de\/wp-content\/uploads\/2014\/12\/P1010529.jpg 1024w, https:\/\/www.all-for-all.de\/wp-content\/uploads\/2014\/12\/P1010529-300x225.jpg 300w, https:\/\/www.all-for-all.de\/wp-content\/uploads\/2014\/12\/P1010529-400x300.jpg 400w\" sizes=\"auto, (max-width: 1024px) 100vw, 1024px\" \/><\/p>\n<p><img loading=\"lazy\" decoding=\"async\" class=\"aligncenter wp-image-3838 size-full\" title=\"Mount Evans\" src=\"https:\/\/www.all-for-all.de\/wp-content\/uploads\/2014\/12\/P1010535.jpg\" alt=\"Mount Evans\" width=\"1024\" height=\"768\" srcset=\"https:\/\/www.all-for-all.de\/wp-content\/uploads\/2014\/12\/P1010535.jpg 1024w, https:\/\/www.all-for-all.de\/wp-content\/uploads\/2014\/12\/P1010535-300x225.jpg 300w, https:\/\/www.all-for-all.de\/wp-content\/uploads\/2014\/12\/P1010535-400x300.jpg 400w\" sizes=\"auto, (max-width: 1024px) 100vw, 1024px\" \/><\/p>\n<p><img loading=\"lazy\" decoding=\"async\" class=\"aligncenter wp-image-3835 size-full\" title=\"Mount Evans\" src=\"https:\/\/www.all-for-all.de\/wp-content\/uploads\/2014\/12\/P1010536.jpg\" alt=\"Mount Evans\" width=\"1024\" height=\"768\" srcset=\"https:\/\/www.all-for-all.de\/wp-content\/uploads\/2014\/12\/P1010536.jpg 1024w, https:\/\/www.all-for-all.de\/wp-content\/uploads\/2014\/12\/P1010536-300x225.jpg 300w, https:\/\/www.all-for-all.de\/wp-content\/uploads\/2014\/12\/P1010536-400x300.jpg 400w\" sizes=\"auto, (max-width: 1024px) 100vw, 1024px\" \/><\/p>\n<p>Der Zustand der Stra\u00dfe ist nicht ganz so gut wie gestern hoch zum Pikes Peak. Aber irgendwie machte die Fahrt hier mehr Spa\u00df. Schwer zu erkl\u00e4ren&#8230; Es fuhr sich fl\u00fcssiger w\u00fcrde ich sagen und im allgemeinen ist die Stra\u00dfenf\u00fchrung sch\u00f6ner. \ud83d\ude09<\/p>\n<p><img loading=\"lazy\" decoding=\"async\" class=\"aligncenter wp-image-3840 size-full\" title=\"Mount Evans\" src=\"https:\/\/www.all-for-all.de\/wp-content\/uploads\/2014\/12\/P1010539.jpg\" alt=\"Mount Evans\" width=\"1024\" height=\"768\" srcset=\"https:\/\/www.all-for-all.de\/wp-content\/uploads\/2014\/12\/P1010539.jpg 1024w, https:\/\/www.all-for-all.de\/wp-content\/uploads\/2014\/12\/P1010539-300x225.jpg 300w, https:\/\/www.all-for-all.de\/wp-content\/uploads\/2014\/12\/P1010539-400x300.jpg 400w\" sizes=\"auto, (max-width: 1024px) 100vw, 1024px\" \/><\/p>\n<p><img loading=\"lazy\" decoding=\"async\" class=\"aligncenter wp-image-3841 size-full\" title=\"Mount Evans\" src=\"https:\/\/www.all-for-all.de\/wp-content\/uploads\/2014\/12\/P1010546.jpg\" alt=\"Mount Evans\" width=\"1024\" height=\"768\" srcset=\"https:\/\/www.all-for-all.de\/wp-content\/uploads\/2014\/12\/P1010546.jpg 1024w, https:\/\/www.all-for-all.de\/wp-content\/uploads\/2014\/12\/P1010546-300x225.jpg 300w, https:\/\/www.all-for-all.de\/wp-content\/uploads\/2014\/12\/P1010546-400x300.jpg 400w\" sizes=\"auto, (max-width: 1024px) 100vw, 1024px\" \/><\/p>\n<p><img loading=\"lazy\" decoding=\"async\" class=\"aligncenter wp-image-3842 size-full\" title=\"Echo Lake von oben\" src=\"https:\/\/www.all-for-all.de\/wp-content\/uploads\/2014\/12\/P1010548.jpg\" alt=\"Echo Lake von oben\" width=\"1024\" height=\"768\" srcset=\"https:\/\/www.all-for-all.de\/wp-content\/uploads\/2014\/12\/P1010548.jpg 1024w, https:\/\/www.all-for-all.de\/wp-content\/uploads\/2014\/12\/P1010548-300x225.jpg 300w, https:\/\/www.all-for-all.de\/wp-content\/uploads\/2014\/12\/P1010548-400x300.jpg 400w\" sizes=\"auto, (max-width: 1024px) 100vw, 1024px\" \/><\/p>\n<p><img loading=\"lazy\" decoding=\"async\" class=\"aligncenter wp-image-3843 size-full\" title=\"Mount Evans\" src=\"https:\/\/www.all-for-all.de\/wp-content\/uploads\/2014\/12\/P1010561.jpg\" alt=\"Mount Evans\" width=\"1024\" height=\"768\" srcset=\"https:\/\/www.all-for-all.de\/wp-content\/uploads\/2014\/12\/P1010561.jpg 1024w, https:\/\/www.all-for-all.de\/wp-content\/uploads\/2014\/12\/P1010561-300x225.jpg 300w, https:\/\/www.all-for-all.de\/wp-content\/uploads\/2014\/12\/P1010561-400x300.jpg 400w\" sizes=\"auto, (max-width: 1024px) 100vw, 1024px\" \/><\/p>\n<p>Dass hier durchaus etwas schief gehen kann was man nicht im Griff hat, zeigte uns der Felsen der vor uns auf der Stra\u00dfe lag. \ud83d\ude2f<\/p>\n<p><img loading=\"lazy\" decoding=\"async\" class=\"aligncenter wp-image-3845 size-full\" title=\"Kleines Hindernis\" src=\"https:\/\/www.all-for-all.de\/wp-content\/uploads\/2014\/12\/P1010573.jpg\" alt=\"Kleines Hindernis\" width=\"1024\" height=\"768\" srcset=\"https:\/\/www.all-for-all.de\/wp-content\/uploads\/2014\/12\/P1010573.jpg 1024w, https:\/\/www.all-for-all.de\/wp-content\/uploads\/2014\/12\/P1010573-300x225.jpg 300w, https:\/\/www.all-for-all.de\/wp-content\/uploads\/2014\/12\/P1010573-400x300.jpg 400w\" sizes=\"auto, (max-width: 1024px) 100vw, 1024px\" \/><\/p>\n<p>Etwa nach 2\/3 der Strecke erreicht man den wenig anschaulichen Summit Lake.<\/p>\n<p><img loading=\"lazy\" decoding=\"async\" class=\"aligncenter wp-image-3846 size-full\" title=\"Summit Lake\" src=\"https:\/\/www.all-for-all.de\/wp-content\/uploads\/2014\/12\/P1010577.jpg\" alt=\"Summit Lake\" width=\"1024\" height=\"768\" srcset=\"https:\/\/www.all-for-all.de\/wp-content\/uploads\/2014\/12\/P1010577.jpg 1024w, https:\/\/www.all-for-all.de\/wp-content\/uploads\/2014\/12\/P1010577-300x225.jpg 300w, https:\/\/www.all-for-all.de\/wp-content\/uploads\/2014\/12\/P1010577-400x300.jpg 400w\" sizes=\"auto, (max-width: 1024px) 100vw, 1024px\" \/><\/p>\n<p>Das letzte St\u00fcck ging richtig steil nach oben.<\/p>\n<p><img loading=\"lazy\" decoding=\"async\" class=\"aligncenter wp-image-3849 size-full\" title=\"Mount Evans\" src=\"https:\/\/www.all-for-all.de\/wp-content\/uploads\/2014\/12\/P1010588.jpg\" alt=\"Mount Evans\" width=\"1024\" height=\"768\" srcset=\"https:\/\/www.all-for-all.de\/wp-content\/uploads\/2014\/12\/P1010588.jpg 1024w, https:\/\/www.all-for-all.de\/wp-content\/uploads\/2014\/12\/P1010588-300x225.jpg 300w, https:\/\/www.all-for-all.de\/wp-content\/uploads\/2014\/12\/P1010588-400x300.jpg 400w\" sizes=\"auto, (max-width: 1024px) 100vw, 1024px\" \/><\/p>\n<p><img loading=\"lazy\" decoding=\"async\" class=\"aligncenter wp-image-3851 size-full\" title=\"Mount Evans\" src=\"https:\/\/www.all-for-all.de\/wp-content\/uploads\/2014\/12\/P1010646.jpg\" alt=\"Mount Evans\" width=\"1024\" height=\"768\" srcset=\"https:\/\/www.all-for-all.de\/wp-content\/uploads\/2014\/12\/P1010646.jpg 1024w, https:\/\/www.all-for-all.de\/wp-content\/uploads\/2014\/12\/P1010646-300x225.jpg 300w, https:\/\/www.all-for-all.de\/wp-content\/uploads\/2014\/12\/P1010646-400x300.jpg 400w\" sizes=\"auto, (max-width: 1024px) 100vw, 1024px\" \/><\/p>\n<p>Aber irgendwann hatten wir es tats\u00e4chlich geschafft. Wir waren oben auf einer H\u00f6he von 4.340 Metern!<\/p>\n<p><img loading=\"lazy\" decoding=\"async\" class=\"aligncenter wp-image-3852 size-full\" title=\"Mount Evans\" src=\"https:\/\/www.all-for-all.de\/wp-content\/uploads\/2014\/12\/P1010618.jpg\" alt=\"Mount Evans\" width=\"1024\" height=\"768\" srcset=\"https:\/\/www.all-for-all.de\/wp-content\/uploads\/2014\/12\/P1010618.jpg 1024w, https:\/\/www.all-for-all.de\/wp-content\/uploads\/2014\/12\/P1010618-300x225.jpg 300w, https:\/\/www.all-for-all.de\/wp-content\/uploads\/2014\/12\/P1010618-400x300.jpg 400w\" sizes=\"auto, (max-width: 1024px) 100vw, 1024px\" \/><\/p>\n<p><img loading=\"lazy\" decoding=\"async\" class=\"aligncenter wp-image-3857 size-full\" title=\"Mount Evans\" src=\"https:\/\/www.all-for-all.de\/wp-content\/uploads\/2014\/12\/P1010622.jpg\" alt=\"Mount Evans\" width=\"1024\" height=\"768\" srcset=\"https:\/\/www.all-for-all.de\/wp-content\/uploads\/2014\/12\/P1010622.jpg 1024w, https:\/\/www.all-for-all.de\/wp-content\/uploads\/2014\/12\/P1010622-300x225.jpg 300w, https:\/\/www.all-for-all.de\/wp-content\/uploads\/2014\/12\/P1010622-400x300.jpg 400w\" sizes=\"auto, (max-width: 1024px) 100vw, 1024px\" \/><\/p>\n<p><img loading=\"lazy\" decoding=\"async\" class=\"aligncenter wp-image-3854 size-full\" title=\"Mount Evans\" src=\"https:\/\/www.all-for-all.de\/wp-content\/uploads\/2014\/12\/P1010629.jpg\" alt=\"Mount Evans\" width=\"1024\" height=\"378\" srcset=\"https:\/\/www.all-for-all.de\/wp-content\/uploads\/2014\/12\/P1010629.jpg 1024w, https:\/\/www.all-for-all.de\/wp-content\/uploads\/2014\/12\/P1010629-300x111.jpg 300w, https:\/\/www.all-for-all.de\/wp-content\/uploads\/2014\/12\/P1010629-500x185.jpg 500w\" sizes=\"auto, (max-width: 1024px) 100vw, 1024px\" \/><\/p>\n<p>In irgendeinem Reisef\u00fchrer haben wir gelesen, dass man hier oben mit Gl\u00fcck Schneeziegen sehen kann. Wahnsinn! Hatten wir viel Gl\u00fcck! \ud83d\ude0e<\/p>\n<p><img loading=\"lazy\" decoding=\"async\" class=\"aligncenter size-full wp-image-3856\" src=\"https:\/\/www.all-for-all.de\/wp-content\/uploads\/2014\/12\/P1010620.jpg\" alt=\"Schneeziegen\" width=\"1024\" height=\"768\" srcset=\"https:\/\/www.all-for-all.de\/wp-content\/uploads\/2014\/12\/P1010620.jpg 1024w, https:\/\/www.all-for-all.de\/wp-content\/uploads\/2014\/12\/P1010620-300x225.jpg 300w, https:\/\/www.all-for-all.de\/wp-content\/uploads\/2014\/12\/P1010620-400x300.jpg 400w\" sizes=\"auto, (max-width: 1024px) 100vw, 1024px\" \/><\/p>\n<p><img loading=\"lazy\" decoding=\"async\" class=\"aligncenter wp-image-3855 size-full\" title=\"Schneeziegen\" src=\"https:\/\/www.all-for-all.de\/wp-content\/uploads\/2014\/12\/P1010605.jpg\" alt=\"Schneeziegen\" width=\"1024\" height=\"768\" srcset=\"https:\/\/www.all-for-all.de\/wp-content\/uploads\/2014\/12\/P1010605.jpg 1024w, https:\/\/www.all-for-all.de\/wp-content\/uploads\/2014\/12\/P1010605-300x225.jpg 300w, https:\/\/www.all-for-all.de\/wp-content\/uploads\/2014\/12\/P1010605-400x300.jpg 400w\" sizes=\"auto, (max-width: 1024px) 100vw, 1024px\" \/><\/p>\n<p>Eigentlich waren die Schneeziegen \u00fcberall. <img src=\"https:\/\/www.all-for-all.de\/wp-includes\/images\/smilies\/mrgreen.png\" alt=\":mrgreen:\" class=\"wp-smiley\" style=\"height: 1em; max-height: 1em;\" \/><br \/>\nLeider bekam ich auch hier relativ z\u00fcgig unangenehmes Kopfweh. Obendrein wehte ein echt fieser schneidender Wind. Gegen 14:30 Uhr verlie\u00dfen wir den Gipfel.<\/p>\n<p>Unten ab der Echo Lodge nahmen wir einen anderen Weg wie bei der\u00a0Anfahrt. Es ging \u00fcber einige Kilometer auf einer sch\u00f6nen\u00a0Bergstra\u00dfe zur\u00fcck Richtung Denver.<\/p>\n<p>Hier hat sich (sehr wahrscheinlich aus Versehen) ein Schuss aus einer Schrotflinte gel\u00f6st. <img src=\"https:\/\/www.all-for-all.de\/wp-includes\/images\/smilies\/mrgreen.png\" alt=\":mrgreen:\" class=\"wp-smiley\" style=\"height: 1em; max-height: 1em;\" \/><\/p>\n<p><img loading=\"lazy\" decoding=\"async\" class=\"aligncenter wp-image-3859 size-full\" title=\"Schrotflinte\" src=\"https:\/\/www.all-for-all.de\/wp-content\/uploads\/2014\/12\/P1010652.jpg\" alt=\"Schrotflinte\" width=\"1024\" height=\"768\" srcset=\"https:\/\/www.all-for-all.de\/wp-content\/uploads\/2014\/12\/P1010652.jpg 1024w, https:\/\/www.all-for-all.de\/wp-content\/uploads\/2014\/12\/P1010652-300x225.jpg 300w, https:\/\/www.all-for-all.de\/wp-content\/uploads\/2014\/12\/P1010652-400x300.jpg 400w\" sizes=\"auto, (max-width: 1024px) 100vw, 1024px\" \/><\/p>\n<p>Unser Zimmer im Hampton Inn in Denver-Westminster war bezugsfertig als wir ankamen. Der Hotelmanager und seine Assistentin aus der Ukraine haben uns noch in ein Gespr\u00e4ch verwickelt. Da war zwar sehr nett aber wir waren ziemlich m\u00fcde und endlos hungrig. Aber man will ja nicht unfreundlich sein. \ud83d\ude09<\/p>\n<p>Nach einer kurzen Pause im Zimmer sahen wir uns in der N\u00e4he des Hotels nach einem Restaurant oder Burgershop um. Dabei haben wir den Laden <a href=\"http:\/\/www.souplantation.com\/\" target=\"_blank\">Sweet Tomatoes <\/a>entdeckt. Das Restaurant war sehr voll, das hat uns neugierig gemacht. Wir haben zuerst nur durch eines der Fenster gesehen&#8230;<br \/>\nAls wir verstanden hatten wie die Sache funktioniert haben wir einen Selbstversuch gewagt. \ud83d\ude42<br \/>\nMan schnappt sich am Eingang ein Tablett und l\u00e4dt sich von der Salattheke auf was man m\u00f6chte. Es gibt hier zun\u00e4chst nur Salat! Daf\u00fcr aber in allen erdenklichen Sorten. Damit geht man zur Kasse, bezahlt den Salat und falls man m\u00f6chte ein Getr\u00e4nk und dann nimmt man innen an einem Tisch Platz. Und ab jetzt gilt: All you can eat!<br \/>\nEs gibt hier nun wirklich alles. Pasta, Fleisch, noch mehr Salate, S\u00fc\u00dfspeisen, Kuchen, Eis, Softeis, Obst,&#8230; ganz unglaublich. Wir haben pro Kopf etwa 15 Dollar bezahlt. Das war ein echtes Schn\u00e4ppchen. Alles was wir probiert haben hat sehr gut geschmeckt. Ich denke das m\u00fcssen wir wiederholen. Wir kannten diese Ladenkette bislang nicht aber Google hat uns verraten, dass es in Fort Myers auch eine Niederlassung gibt. Mal sehen&#8230; \ud83d\ude09<\/p>\n<p>Nach dem Abendessen war Ende f\u00fcr heute. Duschen und ab ins Bett.<\/p>\n<p>Gefahrene Strecke heute: 321,9 Km<\/p>\n<p><img loading=\"lazy\" decoding=\"async\" class=\"aligncenter wp-image-3863 size-full\" title=\"Logger Mount Evans\" src=\"https:\/\/www.all-for-all.de\/wp-content\/uploads\/2014\/12\/Logger-Mount-Evans.jpg\" alt=\"Logger Mount Evans\" width=\"864\" height=\"667\" srcset=\"https:\/\/www.all-for-all.de\/wp-content\/uploads\/2014\/12\/Logger-Mount-Evans.jpg 864w, https:\/\/www.all-for-all.de\/wp-content\/uploads\/2014\/12\/Logger-Mount-Evans-300x232.jpg 300w, https:\/\/www.all-for-all.de\/wp-content\/uploads\/2014\/12\/Logger-Mount-Evans-389x300.jpg 389w\" sizes=\"auto, (max-width: 864px) 100vw, 864px\" \/><\/p>\n<p><img loading=\"lazy\" decoding=\"async\" class=\"aligncenter wp-image-3864 size-full\" title=\"Logger Mount Evans\" src=\"https:\/\/www.all-for-all.de\/wp-content\/uploads\/2014\/12\/Logger_11.jpg\" alt=\"Logger Mount Evans\" width=\"1161\" height=\"721\" srcset=\"https:\/\/www.all-for-all.de\/wp-content\/uploads\/2014\/12\/Logger_11.jpg 1161w, https:\/\/www.all-for-all.de\/wp-content\/uploads\/2014\/12\/Logger_11-300x186.jpg 300w, https:\/\/www.all-for-all.de\/wp-content\/uploads\/2014\/12\/Logger_11-1024x636.jpg 1024w, https:\/\/www.all-for-all.de\/wp-content\/uploads\/2014\/12\/Logger_11-483x300.jpg 483w\" sizes=\"auto, (max-width: 1161px) 100vw, 1161px\" \/><\/p>\n<p><img loading=\"lazy\" decoding=\"async\" class=\"aligncenter wp-image-3862 size-full\" title=\"Logger Mount Evans\" src=\"https:\/\/www.all-for-all.de\/wp-content\/uploads\/2014\/12\/Logger_12.jpg\" alt=\"Logger Mount Evans\" width=\"835\" height=\"639\" srcset=\"https:\/\/www.all-for-all.de\/wp-content\/uploads\/2014\/12\/Logger_12.jpg 835w, https:\/\/www.all-for-all.de\/wp-content\/uploads\/2014\/12\/Logger_12-300x230.jpg 300w, https:\/\/www.all-for-all.de\/wp-content\/uploads\/2014\/12\/Logger_12-392x300.jpg 392w\" sizes=\"auto, (max-width: 835px) 100vw, 835px\" \/><\/p>\n<p>Morgen fahren wir in den <a href=\"http:\/\/www.nps.gov\/romo\/index.htm\" target=\"_blank\">Rocky Mountain National Park<\/a>. \ud83d\ude42<\/p>\n<p>Viele Gr\u00fc\u00dfe<br \/>\nJoa<\/p>\n<p>&nbsp;<\/p>\n<p>Zur\u00fcck zu: <a href=\"https:\/\/www.all-for-all.de\/?page_id=3679\">18.6.2013, Royal Gorge Bridge \u2013 Pikes Peak \u2013 Garden Of The Gods \u2013 Seven Falls<\/a><br \/>\nWeiter zu: <a href=\"https:\/\/www.all-for-all.de\/?page_id=3685\">20.06.2013, Rocky Mountain National Park<\/a><\/p>\n","protected":false},"excerpt":{"rendered":"<p>19.06.2013&#8230; Happy 20th Anniversary! \ud83d\ude09 Gestern Abend haben wir noch unser Hotel f\u00fcr die\u00a0n\u00e4chsten drei N\u00e4chte gebucht. Wir entschieden uns f\u00fcr\u00a0das Hampton Inn in\u00a0Denver-Westminster. Das werden unsere letzten Hotel\u00fcbernachtungen in diesem Urlaub werden.\u00a0\ud83d\ude42 Direkt nach dem Fr\u00fchst\u00fcck checkten wir aus, &hellip; <a href=\"https:\/\/www.all-for-all.de\/?page_id=3682\">Weiterlesen <span class=\"meta-nav\">&rarr;<\/span><\/a><\/p>\n","protected":false},"author":2,"featured_media":0,"parent":0,"menu_order":0,"comment_status":"closed","ping_status":"open","template":"","meta":{"footnotes":""},"class_list":["post-3682","page","type-page","status-publish","hentry"],"jetpack_sharing_enabled":true,"_links":{"self":[{"href":"https:\/\/www.all-for-all.de\/index.php?rest_route=\/wp\/v2\/pages\/3682","targetHints":{"allow":["GET"]}}],"collection":[{"href":"https:\/\/www.all-for-all.de\/index.php?rest_route=\/wp\/v2\/pages"}],"about":[{"href":"https:\/\/www.all-for-all.de\/index.php?rest_route=\/wp\/v2\/types\/page"}],"author":[{"embeddable":true,"href":"https:\/\/www.all-for-all.de\/index.php?rest_route=\/wp\/v2\/users\/2"}],"replies":[{"embeddable":true,"href":"https:\/\/www.all-for-all.de\/index.php?rest_route=%2Fwp%2Fv2%2Fcomments&post=3682"}],"version-history":[{"count":0,"href":"https:\/\/www.all-for-all.de\/index.php?rest_route=\/wp\/v2\/pages\/3682\/revisions"}],"wp:attachment":[{"href":"https:\/\/www.all-for-all.de\/index.php?rest_route=%2Fwp%2Fv2%2Fmedia&parent=3682"}],"curies":[{"name":"wp","href":"https:\/\/api.w.org\/{rel}","templated":true}]}}