{"id":3679,"date":"2013-06-18T23:59:35","date_gmt":"2013-06-18T22:59:35","guid":{"rendered":"http:\/\/www.all-for-all.de\/?page_id=3679"},"modified":"2014-12-25T17:27:14","modified_gmt":"2014-12-25T16:27:14","slug":"18-6-2013-royal-gorge-bridge-pikes-peak-garden-of-the-gods","status":"publish","type":"page","link":"https:\/\/www.all-for-all.de\/?page_id=3679","title":{"rendered":"18.6.2013, Royal Gorge Bridge &#8211; Pikes Peak &#8211; Garden Of The Gods &#8211; Seven Falls"},"content":{"rendered":"<p>Bereits um 07:00 Uhr lie\u00dfen wir uns das gute Fr\u00fchst\u00fcck schmecken und direkt danach ging unsere heutige Tour los. \ud83d\ude42<br \/>\nGestern Abend hatte ich im Internet entdeckt, dass direkt hier, praktisch ums Eck, der <a href=\"http:\/\/de.wikipedia.org\/wiki\/Cheyenne_Mountain\" target=\"_blank\">Cheyenne Mountain<\/a> liegt. Wer sich ein wenig mit dem kalten Krieg auskennt und obendrein vielleicht noch den Film &#8222;War Games&#8220; aus den 80ern gesehen hat, der kennt auch <a href=\"http:\/\/de.wikipedia.org\/wiki\/Cheyenne_Mountain\" target=\"_blank\">Cheyenne Mountain<\/a>. Uns war klar, dass wir da nicht sehr nahe ran kommen w\u00fcrden. Aber versuchen wollten wir es trotzdem.<br \/>\nNunja&#8230; wie vermutet&#8230; Man steht hier recht fr\u00fch vor stark gesicherten Toren. \ud83d\ude09<\/p>\n<p><img loading=\"lazy\" decoding=\"async\" class=\"aligncenter wp-image-3773 size-full\" title=\"Cheyenne Mountain\" src=\"https:\/\/www.all-for-all.de\/wp-content\/uploads\/2013\/06\/Cheyenne-Mountain1.jpg\" alt=\"Cheyenne Mountain\" width=\"900\" height=\"460\" srcset=\"https:\/\/www.all-for-all.de\/wp-content\/uploads\/2013\/06\/Cheyenne-Mountain1.jpg 900w, https:\/\/www.all-for-all.de\/wp-content\/uploads\/2013\/06\/Cheyenne-Mountain1-300x153.jpg 300w, https:\/\/www.all-for-all.de\/wp-content\/uploads\/2013\/06\/Cheyenne-Mountain1-500x256.jpg 500w\" sizes=\"auto, (max-width: 900px) 100vw, 900px\" \/><\/p>\n<p>Weiter ging es nach Canon City weil wir dort die <a href=\"http:\/\/de.wikipedia.org\/wiki\/Royal_Gorge_Bridge\" target=\"_blank\">Royal Gorch Bridge<\/a> besuchen wollten.\u00a0Bereits in der Stadt selbst war irgendwas in Sachen &#8222;wildfire&#8220; zu lesen. Aber so richtig aussagekr\u00e4ftig war das nicht. Erst als wir nur noch wenige Kilometer von der Br\u00fccke entfernt waren war die Stra\u00dfe gesperrt. Ein Ranger der dort aufpasste erkl\u00e4rte uns, dass\u00a0Teile der\u00a0Br\u00fccke und andere Attraktionen komplett abgebrannt w\u00e4ren. Teilweise w\u00fcrden sogar noch kleinere Feuer brennen. Damit hatten wir nun wirklich nicht gerechnet. \ud83d\ude41<\/p>\n<p><img loading=\"lazy\" decoding=\"async\" class=\"aligncenter wp-image-3775 size-full\" title=\"Royal Gorge Bridge\" src=\"https:\/\/www.all-for-all.de\/wp-content\/uploads\/2013\/06\/Royal-Gorge-Bridge1.jpg\" alt=\"Royal Gorge Bridge\" width=\"801\" height=\"547\" srcset=\"https:\/\/www.all-for-all.de\/wp-content\/uploads\/2013\/06\/Royal-Gorge-Bridge1.jpg 801w, https:\/\/www.all-for-all.de\/wp-content\/uploads\/2013\/06\/Royal-Gorge-Bridge1-300x205.jpg 300w, https:\/\/www.all-for-all.de\/wp-content\/uploads\/2013\/06\/Royal-Gorge-Bridge1-439x300.jpg 439w\" sizes=\"auto, (max-width: 801px) 100vw, 801px\" \/><\/p>\n<p>Ok, da kann man nun leider nichts machen. Also sind wir\u00a0zur\u00fcck nach Canon City und haben uns dort den\u00a0alten Bahnhof angesehen. Auch hier war Stillstand. Der Zug durfte wegen den Waldbr\u00e4nden ebenfalls nicht fahren.<\/p>\n<p><img loading=\"lazy\" decoding=\"async\" class=\"aligncenter wp-image-3778 size-full\" title=\"Royal Gorge Train\" src=\"https:\/\/www.all-for-all.de\/wp-content\/uploads\/2013\/06\/P10102511.jpg\" alt=\"Royal Gorge Train\" width=\"1024\" height=\"768\" srcset=\"https:\/\/www.all-for-all.de\/wp-content\/uploads\/2013\/06\/P10102511.jpg 1024w, https:\/\/www.all-for-all.de\/wp-content\/uploads\/2013\/06\/P10102511-300x225.jpg 300w, https:\/\/www.all-for-all.de\/wp-content\/uploads\/2013\/06\/P10102511-400x300.jpg 400w\" sizes=\"auto, (max-width: 1024px) 100vw, 1024px\" \/><\/p>\n<p><img loading=\"lazy\" decoding=\"async\" class=\"aligncenter wp-image-3779 size-full\" title=\"Royal Gorge Train\" src=\"https:\/\/www.all-for-all.de\/wp-content\/uploads\/2013\/06\/P10102521.jpg\" alt=\"Royal Gorge Train\" width=\"1024\" height=\"768\" srcset=\"https:\/\/www.all-for-all.de\/wp-content\/uploads\/2013\/06\/P10102521.jpg 1024w, https:\/\/www.all-for-all.de\/wp-content\/uploads\/2013\/06\/P10102521-300x225.jpg 300w, https:\/\/www.all-for-all.de\/wp-content\/uploads\/2013\/06\/P10102521-400x300.jpg 400w\" sizes=\"auto, (max-width: 1024px) 100vw, 1024px\" \/><\/p>\n<p><img loading=\"lazy\" decoding=\"async\" class=\"aligncenter wp-image-3777 size-full\" title=\"Royal Gorge Train\" src=\"https:\/\/www.all-for-all.de\/wp-content\/uploads\/2013\/06\/P1010254.jpg\" alt=\"Royal Gorge Train\" width=\"1024\" height=\"768\" srcset=\"https:\/\/www.all-for-all.de\/wp-content\/uploads\/2013\/06\/P1010254.jpg 1024w, https:\/\/www.all-for-all.de\/wp-content\/uploads\/2013\/06\/P1010254-300x225.jpg 300w, https:\/\/www.all-for-all.de\/wp-content\/uploads\/2013\/06\/P1010254-400x300.jpg 400w\" sizes=\"auto, (max-width: 1024px) 100vw, 1024px\" \/><\/p>\n<p>So weit so schlecht. Aber es lag ja noch das eigentliche Tageshighlight vor uns. Der Gipfel des Pikes Peak! Rein ins Auto und los.<\/p>\n<p>Noch am Fu\u00df der Gipfelstra\u00dfe standen wir pl\u00f6tzlich am Nordpol und entdeckten die Werkstatt des Weihnachtsmannes. Die wollten wir uns ansehen nachdem wir den Weltrekord f\u00fcr die Gipfelerst\u00fcrmung gebrochen hatten. <img src=\"https:\/\/www.all-for-all.de\/wp-includes\/images\/smilies\/mrgreen.png\" alt=\":mrgreen:\" class=\"wp-smiley\" style=\"height: 1em; max-height: 1em;\" \/><\/p>\n<p><img loading=\"lazy\" decoding=\"async\" class=\"aligncenter wp-image-3781 size-full\" title=\"Santas Workshop\" src=\"https:\/\/www.all-for-all.de\/wp-content\/uploads\/2013\/06\/P1010256.jpg\" alt=\"Santas Workshop\" width=\"1024\" height=\"768\" srcset=\"https:\/\/www.all-for-all.de\/wp-content\/uploads\/2013\/06\/P1010256.jpg 1024w, https:\/\/www.all-for-all.de\/wp-content\/uploads\/2013\/06\/P1010256-300x225.jpg 300w, https:\/\/www.all-for-all.de\/wp-content\/uploads\/2013\/06\/P1010256-400x300.jpg 400w\" sizes=\"auto, (max-width: 1024px) 100vw, 1024px\" \/><\/p>\n<p>F\u00fcr unseren Rekordversuch war schon alles vorbereitet&#8230;<\/p>\n<p><img loading=\"lazy\" decoding=\"async\" class=\"aligncenter wp-image-3784 size-full\" title=\"Pikes Peak Hill Climb\" src=\"https:\/\/www.all-for-all.de\/wp-content\/uploads\/2013\/06\/P10102611.jpg\" alt=\"Pikes Peak Hill Climb\" width=\"1024\" height=\"768\" srcset=\"https:\/\/www.all-for-all.de\/wp-content\/uploads\/2013\/06\/P10102611.jpg 1024w, https:\/\/www.all-for-all.de\/wp-content\/uploads\/2013\/06\/P10102611-300x225.jpg 300w, https:\/\/www.all-for-all.de\/wp-content\/uploads\/2013\/06\/P10102611-400x300.jpg 400w\" sizes=\"auto, (max-width: 1024px) 100vw, 1024px\" \/><\/p>\n<p>Spa\u00df beiseite&#8230; hier findet in ein paar Tagen das diesj\u00e4hrige legend\u00e4re Pikes Peak Hill Climb &#8211; Rennen statt und die Vorbereitungen sind bereits in vollem Gange. Der aktuelle Rekord f\u00fcr die 20 km bis hinauf zum Gipfel liegt bei knapp unter 10 Minuten.<br \/>\nWir fuhren langsam weil wir Bigfoot nicht \u00fcberfahren wollten. \ud83d\ude09<\/p>\n<p><img loading=\"lazy\" decoding=\"async\" class=\"aligncenter wp-image-3785 size-full\" title=\"Bigfoot Crossing\" src=\"https:\/\/www.all-for-all.de\/wp-content\/uploads\/2013\/06\/P10102571.jpg\" alt=\"Bigfoot Crossing\" width=\"1024\" height=\"768\" srcset=\"https:\/\/www.all-for-all.de\/wp-content\/uploads\/2013\/06\/P10102571.jpg 1024w, https:\/\/www.all-for-all.de\/wp-content\/uploads\/2013\/06\/P10102571-300x225.jpg 300w, https:\/\/www.all-for-all.de\/wp-content\/uploads\/2013\/06\/P10102571-400x300.jpg 400w\" sizes=\"auto, (max-width: 1024px) 100vw, 1024px\" \/><\/p>\n<p>Die Stra\u00dfe ist in perfektem Zustand. Die Fahrt nach oben f\u00fchrt durch Kiefernw\u00e4lder zur Baumgrenze bis zum Gipfel. Die Aussicht ist unbeschreiblich.<\/p>\n<p><img loading=\"lazy\" decoding=\"async\" class=\"aligncenter wp-image-3786 size-full\" title=\"Pikes Peak\" src=\"https:\/\/www.all-for-all.de\/wp-content\/uploads\/2013\/06\/P1010276.jpg\" alt=\"Pikes Peak\" width=\"1024\" height=\"768\" srcset=\"https:\/\/www.all-for-all.de\/wp-content\/uploads\/2013\/06\/P1010276.jpg 1024w, https:\/\/www.all-for-all.de\/wp-content\/uploads\/2013\/06\/P1010276-300x225.jpg 300w, https:\/\/www.all-for-all.de\/wp-content\/uploads\/2013\/06\/P1010276-400x300.jpg 400w\" sizes=\"auto, (max-width: 1024px) 100vw, 1024px\" \/><\/p>\n<p><img loading=\"lazy\" decoding=\"async\" class=\"aligncenter wp-image-3787 size-full\" title=\"Pikes Peak\" src=\"https:\/\/www.all-for-all.de\/wp-content\/uploads\/2013\/06\/P1010281.jpg\" alt=\"Pikes Peak\" width=\"1024\" height=\"768\" srcset=\"https:\/\/www.all-for-all.de\/wp-content\/uploads\/2013\/06\/P1010281.jpg 1024w, https:\/\/www.all-for-all.de\/wp-content\/uploads\/2013\/06\/P1010281-300x225.jpg 300w, https:\/\/www.all-for-all.de\/wp-content\/uploads\/2013\/06\/P1010281-400x300.jpg 400w\" sizes=\"auto, (max-width: 1024px) 100vw, 1024px\" \/><\/p>\n<p><img loading=\"lazy\" decoding=\"async\" class=\"aligncenter wp-image-3789 size-full\" title=\"Pikes Peak\" src=\"https:\/\/www.all-for-all.de\/wp-content\/uploads\/2013\/06\/P1010295.jpg\" alt=\"Pikes Peak\" width=\"1024\" height=\"768\" srcset=\"https:\/\/www.all-for-all.de\/wp-content\/uploads\/2013\/06\/P1010295.jpg 1024w, https:\/\/www.all-for-all.de\/wp-content\/uploads\/2013\/06\/P1010295-300x225.jpg 300w, https:\/\/www.all-for-all.de\/wp-content\/uploads\/2013\/06\/P1010295-400x300.jpg 400w\" sizes=\"auto, (max-width: 1024px) 100vw, 1024px\" \/><\/p>\n<p><img loading=\"lazy\" decoding=\"async\" class=\"aligncenter wp-image-3791 size-full\" title=\"Pikes Peak\" src=\"https:\/\/www.all-for-all.de\/wp-content\/uploads\/2013\/06\/P1010334.jpg\" alt=\"Pikes Peak\" width=\"1024\" height=\"768\" srcset=\"https:\/\/www.all-for-all.de\/wp-content\/uploads\/2013\/06\/P1010334.jpg 1024w, https:\/\/www.all-for-all.de\/wp-content\/uploads\/2013\/06\/P1010334-300x225.jpg 300w, https:\/\/www.all-for-all.de\/wp-content\/uploads\/2013\/06\/P1010334-400x300.jpg 400w\" sizes=\"auto, (max-width: 1024px) 100vw, 1024px\" \/><\/p>\n<p><img loading=\"lazy\" decoding=\"async\" class=\"aligncenter wp-image-3794 size-full\" title=\"Pikes Peak\" src=\"https:\/\/www.all-for-all.de\/wp-content\/uploads\/2013\/06\/P1010337.jpg\" alt=\"Pikes Peak\" width=\"1024\" height=\"768\" srcset=\"https:\/\/www.all-for-all.de\/wp-content\/uploads\/2013\/06\/P1010337.jpg 1024w, https:\/\/www.all-for-all.de\/wp-content\/uploads\/2013\/06\/P1010337-300x225.jpg 300w, https:\/\/www.all-for-all.de\/wp-content\/uploads\/2013\/06\/P1010337-400x300.jpg 400w\" sizes=\"auto, (max-width: 1024px) 100vw, 1024px\" \/><\/p>\n<p>Unsere Zeit zum Gipfel lag \u00fcbrigens bei knapp 50 Minuten&#8230; \ud83d\ude2f<\/p>\n<p><img loading=\"lazy\" decoding=\"async\" class=\"aligncenter wp-image-3795 size-full\" title=\"Pikes Peak\" src=\"https:\/\/www.all-for-all.de\/wp-content\/uploads\/2013\/06\/P10103421.jpg\" alt=\"Pikes Peak\" width=\"1024\" height=\"768\" srcset=\"https:\/\/www.all-for-all.de\/wp-content\/uploads\/2013\/06\/P10103421.jpg 1024w, https:\/\/www.all-for-all.de\/wp-content\/uploads\/2013\/06\/P10103421-300x225.jpg 300w, https:\/\/www.all-for-all.de\/wp-content\/uploads\/2013\/06\/P10103421-400x300.jpg 400w\" sizes=\"auto, (max-width: 1024px) 100vw, 1024px\" \/><\/p>\n<p>14.110 Feet sind ganz genau 4.300 Meter. Man merkt deutlich, dass die Luft hier schon\u00a0sehr d\u00fcnn ist. Ich bekam \u00fcbles Kopfweh. Mit 4\u00b0C war es obendrein recht k\u00fchl. Nach etwa einer Stunde hatten wir genug und fuhren wieder nach unten.<\/p>\n<p>Bei etwa der H\u00e4lfte der Strecke wird man angehalten. Hier wird mittels Laserthermometer die Temperatur der\u00a0vorderen Bremsscheiben gemessen.\u00a0Liegt diese \u00fcber 300 Grad Fahrenheit (knapp 150\u00b0C) muss man rechts ran fahren und eine Zwangspause einlegen. Die Temperatur unserer Bremsscheibe lag bei exakt 180 Grad Fahrenheit. Daf\u00fcr gab es ein dickes Lob vom Ranger und wir durften sofort weiter fahren. \ud83d\ude0e<\/p>\n<p><img loading=\"lazy\" decoding=\"async\" class=\"aligncenter wp-image-3797 size-full\" title=\"Brake Check\" src=\"https:\/\/www.all-for-all.de\/wp-content\/uploads\/2013\/06\/P10103661.jpg\" alt=\"Brake Check\" width=\"1024\" height=\"768\" srcset=\"https:\/\/www.all-for-all.de\/wp-content\/uploads\/2013\/06\/P10103661.jpg 1024w, https:\/\/www.all-for-all.de\/wp-content\/uploads\/2013\/06\/P10103661-300x225.jpg 300w, https:\/\/www.all-for-all.de\/wp-content\/uploads\/2013\/06\/P10103661-400x300.jpg 400w\" sizes=\"auto, (max-width: 1024px) 100vw, 1024px\" \/><\/p>\n<p>Wie geplant besuchten wir noch die Werkstatt des Weihnachtsmanns. Hier gibt es das ganze Jahr \u00fcber Weihnachtsschmuck und Weihnachtsdeko zu kaufen. Die Verk\u00e4uferinnen liefen im Elfenkost\u00fcm herum.\u00a0Leider war innen das Fotografieren verboten.\u00a0<img src=\"https:\/\/www.all-for-all.de\/wp-includes\/images\/smilies\/mrgreen.png\" alt=\":mrgreen:\" class=\"wp-smiley\" style=\"height: 1em; max-height: 1em;\" \/><\/p>\n<p><img loading=\"lazy\" decoding=\"async\" class=\"aligncenter wp-image-3800 size-full\" title=\"Santa&#96;s Giftshop\" src=\"https:\/\/www.all-for-all.de\/wp-content\/uploads\/2013\/06\/P10103781.jpg\" alt=\"Santa&#96;s Giftshop\" width=\"1024\" height=\"768\" srcset=\"https:\/\/www.all-for-all.de\/wp-content\/uploads\/2013\/06\/P10103781.jpg 1024w, https:\/\/www.all-for-all.de\/wp-content\/uploads\/2013\/06\/P10103781-300x225.jpg 300w, https:\/\/www.all-for-all.de\/wp-content\/uploads\/2013\/06\/P10103781-400x300.jpg 400w\" sizes=\"auto, (max-width: 1024px) 100vw, 1024px\" \/><\/p>\n<p>Unser n\u00e4chstes Ziel war der <a href=\"http:\/\/www.gardenofgods.com\/home\/index.cfm\" target=\"_blank\">Garden of the Gods<\/a>.<\/p>\n<p><img loading=\"lazy\" decoding=\"async\" class=\"aligncenter wp-image-3802 size-full\" title=\"Garden of the Gods\" src=\"https:\/\/www.all-for-all.de\/wp-content\/uploads\/2013\/06\/P10103831.jpg\" alt=\"Garden of the Gods\" width=\"1024\" height=\"768\" srcset=\"https:\/\/www.all-for-all.de\/wp-content\/uploads\/2013\/06\/P10103831.jpg 1024w, https:\/\/www.all-for-all.de\/wp-content\/uploads\/2013\/06\/P10103831-300x225.jpg 300w, https:\/\/www.all-for-all.de\/wp-content\/uploads\/2013\/06\/P10103831-400x300.jpg 400w\" sizes=\"auto, (max-width: 1024px) 100vw, 1024px\" \/><\/p>\n<p><img loading=\"lazy\" decoding=\"async\" class=\"aligncenter wp-image-3809 size-full\" title=\"Garden of the Gods\" src=\"https:\/\/www.all-for-all.de\/wp-content\/uploads\/2013\/06\/P10103801.jpg\" alt=\"Garden of the Gods\" width=\"1024\" height=\"768\" srcset=\"https:\/\/www.all-for-all.de\/wp-content\/uploads\/2013\/06\/P10103801.jpg 1024w, https:\/\/www.all-for-all.de\/wp-content\/uploads\/2013\/06\/P10103801-300x225.jpg 300w, https:\/\/www.all-for-all.de\/wp-content\/uploads\/2013\/06\/P10103801-400x300.jpg 400w\" sizes=\"auto, (max-width: 1024px) 100vw, 1024px\" \/><\/p>\n<p><img loading=\"lazy\" decoding=\"async\" class=\"aligncenter wp-image-3805 size-full\" title=\"Garden of the Gods\" src=\"https:\/\/www.all-for-all.de\/wp-content\/uploads\/2013\/06\/P1010408.jpg\" alt=\"Garden of the Gods\" width=\"1024\" height=\"768\" srcset=\"https:\/\/www.all-for-all.de\/wp-content\/uploads\/2013\/06\/P1010408.jpg 1024w, https:\/\/www.all-for-all.de\/wp-content\/uploads\/2013\/06\/P1010408-300x225.jpg 300w, https:\/\/www.all-for-all.de\/wp-content\/uploads\/2013\/06\/P1010408-400x300.jpg 400w\" sizes=\"auto, (max-width: 1024px) 100vw, 1024px\" \/><\/p>\n<p><img loading=\"lazy\" decoding=\"async\" class=\"aligncenter wp-image-3807 size-full\" title=\"Garden of the Gods\" src=\"https:\/\/www.all-for-all.de\/wp-content\/uploads\/2013\/06\/P10104151.jpg\" alt=\"Garden of the Gods\" width=\"1024\" height=\"768\" srcset=\"https:\/\/www.all-for-all.de\/wp-content\/uploads\/2013\/06\/P10104151.jpg 1024w, https:\/\/www.all-for-all.de\/wp-content\/uploads\/2013\/06\/P10104151-300x225.jpg 300w, https:\/\/www.all-for-all.de\/wp-content\/uploads\/2013\/06\/P10104151-400x300.jpg 400w\" sizes=\"auto, (max-width: 1024px) 100vw, 1024px\" \/><\/p>\n<p><img loading=\"lazy\" decoding=\"async\" class=\"aligncenter wp-image-3808 size-full\" title=\"Garden of the Gods\" src=\"https:\/\/www.all-for-all.de\/wp-content\/uploads\/2013\/06\/P1010419.jpg\" alt=\"Garden of the Gods\" width=\"1024\" height=\"768\" srcset=\"https:\/\/www.all-for-all.de\/wp-content\/uploads\/2013\/06\/P1010419.jpg 1024w, https:\/\/www.all-for-all.de\/wp-content\/uploads\/2013\/06\/P1010419-300x225.jpg 300w, https:\/\/www.all-for-all.de\/wp-content\/uploads\/2013\/06\/P1010419-400x300.jpg 400w\" sizes=\"auto, (max-width: 1024px) 100vw, 1024px\" \/><\/p>\n<p><img loading=\"lazy\" decoding=\"async\" class=\"aligncenter wp-image-3806 size-full\" title=\"Garden of the Gods\" src=\"https:\/\/www.all-for-all.de\/wp-content\/uploads\/2013\/06\/P1010411.jpg\" alt=\"Garden of the Gods\" width=\"1024\" height=\"768\" srcset=\"https:\/\/www.all-for-all.de\/wp-content\/uploads\/2013\/06\/P1010411.jpg 1024w, https:\/\/www.all-for-all.de\/wp-content\/uploads\/2013\/06\/P1010411-300x225.jpg 300w, https:\/\/www.all-for-all.de\/wp-content\/uploads\/2013\/06\/P1010411-400x300.jpg 400w\" sizes=\"auto, (max-width: 1024px) 100vw, 1024px\" \/><\/p>\n<p><img loading=\"lazy\" decoding=\"async\" class=\"aligncenter size-full wp-image-3804\" src=\"https:\/\/www.all-for-all.de\/wp-content\/uploads\/2013\/06\/P10104011.jpg\" alt=\"Garden of the Gods\" width=\"1024\" height=\"768\" srcset=\"https:\/\/www.all-for-all.de\/wp-content\/uploads\/2013\/06\/P10104011.jpg 1024w, https:\/\/www.all-for-all.de\/wp-content\/uploads\/2013\/06\/P10104011-300x225.jpg 300w, https:\/\/www.all-for-all.de\/wp-content\/uploads\/2013\/06\/P10104011-400x300.jpg 400w\" sizes=\"auto, (max-width: 1024px) 100vw, 1024px\" \/>Der Garden of the Gods wirkt als w\u00e4re er k\u00fcnstlich angelegt worden. Mir kommt es wie eine Miniaturausgabe vom Arches National Park vor. Die Stra\u00dfen sind toll angelegt und es macht Spa\u00df hier zu fahren. Einen Besuch ist das hier auf jeden Fall wert.<\/p>\n<p>Heute Morgen hab ich im Hotel\u00a0in einem der\u00a0typischen &#8222;Attractions Prospektst\u00e4ndern&#8220;\u00a0 <a href=\"http:\/\/www.sevenfalls.com\/\" target=\"_blank\">Seven Falls<\/a> entdeckt. Das klang gut was da stand und weil wir noch jede Menge Zeit hatten heute war dies unser n\u00e4chstes Ziel.<\/p>\n<p><img loading=\"lazy\" decoding=\"async\" class=\"aligncenter wp-image-3811 size-full\" title=\"Seven Falls\" src=\"https:\/\/www.all-for-all.de\/wp-content\/uploads\/2013\/06\/P10104241.jpg\" alt=\"Seven Falls\" width=\"1024\" height=\"768\" srcset=\"https:\/\/www.all-for-all.de\/wp-content\/uploads\/2013\/06\/P10104241.jpg 1024w, https:\/\/www.all-for-all.de\/wp-content\/uploads\/2013\/06\/P10104241-300x225.jpg 300w, https:\/\/www.all-for-all.de\/wp-content\/uploads\/2013\/06\/P10104241-400x300.jpg 400w\" sizes=\"auto, (max-width: 1024px) 100vw, 1024px\" \/><\/p>\n<p>Seven Falls ist ein kleiner Canyon der wirklich spitzenm\u00e4\u00dfig f\u00fcr Touristen ausgebaut wurde. F\u00fcr ein paar Dollar kann man mit einem in den Felsen gebauten Aufzug auf eine Aussichtsplattform fahren.. oder man nimmt kostenlose die Treppe.<br \/>\nWir haben bezahlt&#8230; <img src=\"https:\/\/www.all-for-all.de\/wp-includes\/images\/smilies\/mrgreen.png\" alt=\":mrgreen:\" class=\"wp-smiley\" style=\"height: 1em; max-height: 1em;\" \/><\/p>\n<p><img loading=\"lazy\" decoding=\"async\" class=\"aligncenter size-full wp-image-3812\" src=\"https:\/\/www.all-for-all.de\/wp-content\/uploads\/2013\/06\/P10104311.jpg\" alt=\"Seven Falls\" width=\"1024\" height=\"768\" srcset=\"https:\/\/www.all-for-all.de\/wp-content\/uploads\/2013\/06\/P10104311.jpg 1024w, https:\/\/www.all-for-all.de\/wp-content\/uploads\/2013\/06\/P10104311-300x225.jpg 300w, https:\/\/www.all-for-all.de\/wp-content\/uploads\/2013\/06\/P10104311-400x300.jpg 400w\" sizes=\"auto, (max-width: 1024px) 100vw, 1024px\" \/><\/p>\n<p><img loading=\"lazy\" decoding=\"async\" class=\"aligncenter wp-image-3814 size-full\" title=\"Seven Falls\" src=\"https:\/\/www.all-for-all.de\/wp-content\/uploads\/2013\/06\/P10104391.jpg\" alt=\"Seven Falls\" width=\"1024\" height=\"768\" srcset=\"https:\/\/www.all-for-all.de\/wp-content\/uploads\/2013\/06\/P10104391.jpg 1024w, https:\/\/www.all-for-all.de\/wp-content\/uploads\/2013\/06\/P10104391-300x225.jpg 300w, https:\/\/www.all-for-all.de\/wp-content\/uploads\/2013\/06\/P10104391-400x300.jpg 400w\" sizes=\"auto, (max-width: 1024px) 100vw, 1024px\" \/><\/p>\n<p><img loading=\"lazy\" decoding=\"async\" class=\"aligncenter size-full wp-image-3815\" src=\"https:\/\/www.all-for-all.de\/wp-content\/uploads\/2013\/06\/P10104401.jpg\" alt=\"Seven Falls\" width=\"1024\" height=\"768\" srcset=\"https:\/\/www.all-for-all.de\/wp-content\/uploads\/2013\/06\/P10104401.jpg 1024w, https:\/\/www.all-for-all.de\/wp-content\/uploads\/2013\/06\/P10104401-300x225.jpg 300w, https:\/\/www.all-for-all.de\/wp-content\/uploads\/2013\/06\/P10104401-400x300.jpg 400w\" sizes=\"auto, (max-width: 1024px) 100vw, 1024px\" \/><\/p>\n<p><img loading=\"lazy\" decoding=\"async\" class=\"aligncenter wp-image-3816 size-full\" title=\"Seven Falls\" src=\"https:\/\/www.all-for-all.de\/wp-content\/uploads\/2013\/06\/P10104411.jpg\" alt=\"Seven Falls\" width=\"1024\" height=\"768\" srcset=\"https:\/\/www.all-for-all.de\/wp-content\/uploads\/2013\/06\/P10104411.jpg 1024w, https:\/\/www.all-for-all.de\/wp-content\/uploads\/2013\/06\/P10104411-300x225.jpg 300w, https:\/\/www.all-for-all.de\/wp-content\/uploads\/2013\/06\/P10104411-400x300.jpg 400w\" sizes=\"auto, (max-width: 1024px) 100vw, 1024px\" \/><img loading=\"lazy\" decoding=\"async\" class=\"aligncenter wp-image-3817 size-full\" title=\"Seven Falls\" src=\"https:\/\/www.all-for-all.de\/wp-content\/uploads\/2013\/06\/P10104421.jpg\" alt=\"Seven Falls\" width=\"1024\" height=\"768\" srcset=\"https:\/\/www.all-for-all.de\/wp-content\/uploads\/2013\/06\/P10104421.jpg 1024w, https:\/\/www.all-for-all.de\/wp-content\/uploads\/2013\/06\/P10104421-300x225.jpg 300w, https:\/\/www.all-for-all.de\/wp-content\/uploads\/2013\/06\/P10104421-400x300.jpg 400w\" sizes=\"auto, (max-width: 1024px) 100vw, 1024px\" \/><img loading=\"lazy\" decoding=\"async\" class=\"aligncenter wp-image-3818 size-full\" title=\"Seven Falls\" src=\"https:\/\/www.all-for-all.de\/wp-content\/uploads\/2013\/06\/P10104451.jpg\" alt=\"Seven Falls\" width=\"1024\" height=\"768\" srcset=\"https:\/\/www.all-for-all.de\/wp-content\/uploads\/2013\/06\/P10104451.jpg 1024w, https:\/\/www.all-for-all.de\/wp-content\/uploads\/2013\/06\/P10104451-300x225.jpg 300w, https:\/\/www.all-for-all.de\/wp-content\/uploads\/2013\/06\/P10104451-400x300.jpg 400w\" sizes=\"auto, (max-width: 1024px) 100vw, 1024px\" \/><\/p>\n<p>Am\u00a0fr\u00fchen Abend\u00a0fuhren wir zur\u00fcck zum Hotel. Das Programm heute war \u00fcberw\u00e4ltigend und wir sind fix und fertig. Wir haben uns unterwegs ein paar Burger besorgt und diese im Hotelzimmer gegessen.<\/p>\n<p>Gefahrene Kilometer heute: 312,67<\/p>\n<p><img loading=\"lazy\" decoding=\"async\" class=\"aligncenter wp-image-3820 size-full\" title=\"Logger Pikes Peak\" src=\"https:\/\/www.all-for-all.de\/wp-content\/uploads\/2013\/06\/Logger_091.jpg\" alt=\"Logger Pikes Peak\" width=\"840\" height=\"667\" srcset=\"https:\/\/www.all-for-all.de\/wp-content\/uploads\/2013\/06\/Logger_091.jpg 840w, https:\/\/www.all-for-all.de\/wp-content\/uploads\/2013\/06\/Logger_091-300x238.jpg 300w, https:\/\/www.all-for-all.de\/wp-content\/uploads\/2013\/06\/Logger_091-378x300.jpg 378w\" sizes=\"auto, (max-width: 840px) 100vw, 840px\" \/><\/p>\n<p><img loading=\"lazy\" decoding=\"async\" class=\"aligncenter wp-image-3822 size-full\" title=\"Logger Pikes Peak\" src=\"https:\/\/www.all-for-all.de\/wp-content\/uploads\/2013\/06\/Logger_10.jpg\" alt=\"Logger Pikes Peak\" width=\"944\" height=\"682\" srcset=\"https:\/\/www.all-for-all.de\/wp-content\/uploads\/2013\/06\/Logger_10.jpg 944w, https:\/\/www.all-for-all.de\/wp-content\/uploads\/2013\/06\/Logger_10-300x217.jpg 300w, https:\/\/www.all-for-all.de\/wp-content\/uploads\/2013\/06\/Logger_10-415x300.jpg 415w\" sizes=\"auto, (max-width: 944px) 100vw, 944px\" \/><\/p>\n<p>Morgen &#8222;besteigen&#8220; wir den zweiten 4000er in diesem Urlaub. Es geht auf den <a href=\"http:\/\/www.mountevans.com\/\" target=\"_blank\">Mount Evans<\/a> \u00fcber die h\u00f6chstgelegene geteerte Stra\u00dfe in Nordamerika. \ud83d\ude42<\/p>\n<p>Viele Gr\u00fc\u00dfe<br \/>\nJoa<\/p>\n<p>Zur\u00fcck zu: <a href=\"https:\/\/www.all-for-all.de\/?page_id=3676\">17.06.2013, Glenwood Springs \u2013 Aspen \u2013 Independence Pass \u2013 Colorado Springs<\/a><br \/>\nWeiter zu: <a href=\"https:\/\/www.all-for-all.de\/?page_id=3682\">19.06.2013, Colorado Springs \u2013 Mount Evans \u2013 Denver<\/a><\/p>\n","protected":false},"excerpt":{"rendered":"<p>Bereits um 07:00 Uhr lie\u00dfen wir uns das gute Fr\u00fchst\u00fcck schmecken und direkt danach ging unsere heutige Tour los. \ud83d\ude42 Gestern Abend hatte ich im Internet entdeckt, dass direkt hier, praktisch ums Eck, der Cheyenne Mountain liegt. Wer sich ein &hellip; <a href=\"https:\/\/www.all-for-all.de\/?page_id=3679\">Weiterlesen <span class=\"meta-nav\">&rarr;<\/span><\/a><\/p>\n","protected":false},"author":2,"featured_media":0,"parent":0,"menu_order":0,"comment_status":"closed","ping_status":"open","template":"","meta":{"footnotes":""},"class_list":["post-3679","page","type-page","status-publish","hentry"],"jetpack_sharing_enabled":true,"_links":{"self":[{"href":"https:\/\/www.all-for-all.de\/index.php?rest_route=\/wp\/v2\/pages\/3679","targetHints":{"allow":["GET"]}}],"collection":[{"href":"https:\/\/www.all-for-all.de\/index.php?rest_route=\/wp\/v2\/pages"}],"about":[{"href":"https:\/\/www.all-for-all.de\/index.php?rest_route=\/wp\/v2\/types\/page"}],"author":[{"embeddable":true,"href":"https:\/\/www.all-for-all.de\/index.php?rest_route=\/wp\/v2\/users\/2"}],"replies":[{"embeddable":true,"href":"https:\/\/www.all-for-all.de\/index.php?rest_route=%2Fwp%2Fv2%2Fcomments&post=3679"}],"version-history":[{"count":0,"href":"https:\/\/www.all-for-all.de\/index.php?rest_route=\/wp\/v2\/pages\/3679\/revisions"}],"wp:attachment":[{"href":"https:\/\/www.all-for-all.de\/index.php?rest_route=%2Fwp%2Fv2%2Fmedia&parent=3679"}],"curies":[{"name":"wp","href":"https:\/\/api.w.org\/{rel}","templated":true}]}}