{"id":3676,"date":"2013-06-17T23:59:18","date_gmt":"2013-06-17T22:59:18","guid":{"rendered":"http:\/\/www.all-for-all.de\/?page_id=3676"},"modified":"2014-12-24T14:28:00","modified_gmt":"2014-12-24T13:28:00","slug":"17-06-2013-glenwood-springs-aspen-independence-pass-colorado-springs","status":"publish","type":"page","link":"https:\/\/www.all-for-all.de\/?page_id=3676","title":{"rendered":"17.06.2013, Glenwood Springs &#8211; Aspen &#8211; Independence Pass &#8211; Colorado Springs"},"content":{"rendered":"<p>Das Fr\u00fchst\u00fcck heute Morgen im Motel war in Ordnung. Der Speiseraum k\u00f6nnte aber etwas behaglicher eingerichtet sein.<br \/>\nNach dem checkout wurde schr\u00e4g gegen\u00fcber vom Motel der Chevy aufgetankt und Eis f\u00fcr die K\u00fchlbox besorgt. Los ging es Richtung Aspen.<br \/>\nKurz vor Aspen kommt man am lokalen\u00a0Flughafen vorbei&#8230; wir haben noch nie so viele Privatjets auf einem Haufen gesehen. h\u00f6h\u00f6h\u00f6! Aspen wird schon hier seinem Ruf gerecht.<br \/>\nAspen selbst ist im Sommer eher unauff\u00e4llig. Alles sch\u00f6n aufger\u00e4umt aber kaum Menschen oder Autos auf den Stra\u00dfen. Das St\u00e4dtchen liegt im Sommerschlaf. \ud83d\ude42<\/p>\n<p><img loading=\"lazy\" decoding=\"async\" class=\"aligncenter wp-image-3733 size-full\" title=\"Aspen\" src=\"https:\/\/www.all-for-all.de\/wp-content\/uploads\/2013\/06\/P10101241.jpg\" alt=\"Aspen\" width=\"1024\" height=\"768\" srcset=\"https:\/\/www.all-for-all.de\/wp-content\/uploads\/2013\/06\/P10101241.jpg 1024w, https:\/\/www.all-for-all.de\/wp-content\/uploads\/2013\/06\/P10101241-300x225.jpg 300w, https:\/\/www.all-for-all.de\/wp-content\/uploads\/2013\/06\/P10101241-400x300.jpg 400w\" sizes=\"auto, (max-width: 1024px) 100vw, 1024px\" \/><\/p>\n<p><img loading=\"lazy\" decoding=\"async\" class=\"aligncenter wp-image-3731 size-full\" title=\"Aspen\" src=\"https:\/\/www.all-for-all.de\/wp-content\/uploads\/2013\/06\/P10101271.jpg\" alt=\"Aspen\" width=\"1024\" height=\"768\" srcset=\"https:\/\/www.all-for-all.de\/wp-content\/uploads\/2013\/06\/P10101271.jpg 1024w, https:\/\/www.all-for-all.de\/wp-content\/uploads\/2013\/06\/P10101271-300x225.jpg 300w, https:\/\/www.all-for-all.de\/wp-content\/uploads\/2013\/06\/P10101271-400x300.jpg 400w\" sizes=\"auto, (max-width: 1024px) 100vw, 1024px\" \/><\/p>\n<p><img loading=\"lazy\" decoding=\"async\" class=\"aligncenter wp-image-3732 size-full\" title=\"Aspen\" src=\"https:\/\/www.all-for-all.de\/wp-content\/uploads\/2013\/06\/P10101311.jpg\" alt=\"Aspen\" width=\"1024\" height=\"768\" srcset=\"https:\/\/www.all-for-all.de\/wp-content\/uploads\/2013\/06\/P10101311.jpg 1024w, https:\/\/www.all-for-all.de\/wp-content\/uploads\/2013\/06\/P10101311-300x225.jpg 300w, https:\/\/www.all-for-all.de\/wp-content\/uploads\/2013\/06\/P10101311-400x300.jpg 400w\" sizes=\"auto, (max-width: 1024px) 100vw, 1024px\" \/><\/p>\n<p>Wir hielten uns hier nicht sehr lange auf. Das Highlight heute sollte ja der <a href=\"http:\/\/de.wikipedia.org\/wiki\/Independence_Pass\" target=\"_blank\">Independence Pass<\/a> sein und wir freuten uns darauf.<br \/>\nDie Fahrt hinauf zum h\u00f6chsten Punkt war wirklich sehenswert. Allerdings macht es wenig Spa\u00df wenn man hinter \u00e4ngstlichen Autofahrern h\u00e4ngt die vor jeder Kurve eine Vollbremsung machen. Das war insgesamt aber nicht so schlimm weil wir immer wieder anhielten oder abbogen um uns umzusehen.<\/p>\n<p><img loading=\"lazy\" decoding=\"async\" class=\"aligncenter wp-image-3738 size-full\" title=\"Independence Pass\" src=\"https:\/\/www.all-for-all.de\/wp-content\/uploads\/2013\/06\/P10101341.jpg\" alt=\"Independence Pass\" width=\"1024\" height=\"768\" srcset=\"https:\/\/www.all-for-all.de\/wp-content\/uploads\/2013\/06\/P10101341.jpg 1024w, https:\/\/www.all-for-all.de\/wp-content\/uploads\/2013\/06\/P10101341-300x225.jpg 300w, https:\/\/www.all-for-all.de\/wp-content\/uploads\/2013\/06\/P10101341-400x300.jpg 400w\" sizes=\"auto, (max-width: 1024px) 100vw, 1024px\" \/><\/p>\n<p><img loading=\"lazy\" decoding=\"async\" class=\"aligncenter wp-image-3740 size-full\" title=\"Independence Pass\" src=\"https:\/\/www.all-for-all.de\/wp-content\/uploads\/2013\/06\/P10101471.jpg\" alt=\"Independence Pass\" width=\"1024\" height=\"768\" srcset=\"https:\/\/www.all-for-all.de\/wp-content\/uploads\/2013\/06\/P10101471.jpg 1024w, https:\/\/www.all-for-all.de\/wp-content\/uploads\/2013\/06\/P10101471-300x225.jpg 300w, https:\/\/www.all-for-all.de\/wp-content\/uploads\/2013\/06\/P10101471-400x300.jpg 400w\" sizes=\"auto, (max-width: 1024px) 100vw, 1024px\" \/><img loading=\"lazy\" decoding=\"async\" class=\"aligncenter wp-image-3739 size-full\" title=\"Independence Pass\" src=\"https:\/\/www.all-for-all.de\/wp-content\/uploads\/2013\/06\/P1010138.jpg\" alt=\"Independence Pass\" width=\"1024\" height=\"768\" srcset=\"https:\/\/www.all-for-all.de\/wp-content\/uploads\/2013\/06\/P1010138.jpg 1024w, https:\/\/www.all-for-all.de\/wp-content\/uploads\/2013\/06\/P1010138-300x225.jpg 300w, https:\/\/www.all-for-all.de\/wp-content\/uploads\/2013\/06\/P1010138-400x300.jpg 400w\" sizes=\"auto, (max-width: 1024px) 100vw, 1024px\" \/><\/p>\n<p>Auf der sch\u00f6n gewundenen Stra\u00dfe ging es immer h\u00f6her und h\u00f6her.<\/p>\n<p><img loading=\"lazy\" decoding=\"async\" class=\"aligncenter wp-image-3744 size-full\" title=\"Independence Pass\" src=\"https:\/\/www.all-for-all.de\/wp-content\/uploads\/2013\/06\/P10101671.jpg\" alt=\"Independence Pass\" width=\"1024\" height=\"768\" srcset=\"https:\/\/www.all-for-all.de\/wp-content\/uploads\/2013\/06\/P10101671.jpg 1024w, https:\/\/www.all-for-all.de\/wp-content\/uploads\/2013\/06\/P10101671-300x225.jpg 300w, https:\/\/www.all-for-all.de\/wp-content\/uploads\/2013\/06\/P10101671-400x300.jpg 400w\" sizes=\"auto, (max-width: 1024px) 100vw, 1024px\" \/><\/p>\n<p><img loading=\"lazy\" decoding=\"async\" class=\"aligncenter wp-image-3742 size-full\" title=\"Independence Pass\" src=\"https:\/\/www.all-for-all.de\/wp-content\/uploads\/2013\/06\/P10101591.jpg\" alt=\"Independence Pass\" width=\"1024\" height=\"768\" srcset=\"https:\/\/www.all-for-all.de\/wp-content\/uploads\/2013\/06\/P10101591.jpg 1024w, https:\/\/www.all-for-all.de\/wp-content\/uploads\/2013\/06\/P10101591-300x225.jpg 300w, https:\/\/www.all-for-all.de\/wp-content\/uploads\/2013\/06\/P10101591-400x300.jpg 400w\" sizes=\"auto, (max-width: 1024px) 100vw, 1024px\" \/><\/p>\n<p><img loading=\"lazy\" decoding=\"async\" class=\"aligncenter wp-image-3743 size-full\" title=\"Independence Pass\" src=\"https:\/\/www.all-for-all.de\/wp-content\/uploads\/2013\/06\/P1010166.jpg\" alt=\"Independence Pass\" width=\"1024\" height=\"768\" srcset=\"https:\/\/www.all-for-all.de\/wp-content\/uploads\/2013\/06\/P1010166.jpg 1024w, https:\/\/www.all-for-all.de\/wp-content\/uploads\/2013\/06\/P1010166-300x225.jpg 300w, https:\/\/www.all-for-all.de\/wp-content\/uploads\/2013\/06\/P1010166-400x300.jpg 400w\" sizes=\"auto, (max-width: 1024px) 100vw, 1024px\" \/><\/p>\n<p><img loading=\"lazy\" decoding=\"async\" class=\"aligncenter wp-image-3745 size-full\" title=\"Independence Pass\" src=\"https:\/\/www.all-for-all.de\/wp-content\/uploads\/2013\/06\/P10101871.jpg\" alt=\"Independence Pass\" width=\"1024\" height=\"768\" srcset=\"https:\/\/www.all-for-all.de\/wp-content\/uploads\/2013\/06\/P10101871.jpg 1024w, https:\/\/www.all-for-all.de\/wp-content\/uploads\/2013\/06\/P10101871-300x225.jpg 300w, https:\/\/www.all-for-all.de\/wp-content\/uploads\/2013\/06\/P10101871-400x300.jpg 400w\" sizes=\"auto, (max-width: 1024px) 100vw, 1024px\" \/><\/p>\n<p>Schlie\u00dflich erreichten wir den h\u00f6chsten Punkt auf dem Pass auf einer H\u00f6he von 12.095 Fu\u00df oder 3.686 Meter bei 4\u00b0C. Wie es sich f\u00fcr ordentliche Touristen geh\u00f6rt waren wir f\u00fcr diese Gegend und die\u00a0klimatischen Bedingungen absolut korrekt gekleidet. \ud83d\ude44<\/p>\n<p><img loading=\"lazy\" decoding=\"async\" class=\"aligncenter wp-image-3748 size-full\" title=\"Independence Pass\" src=\"https:\/\/www.all-for-all.de\/wp-content\/uploads\/2013\/06\/P10101911.jpg\" alt=\"Independence Pass\" width=\"1024\" height=\"768\" srcset=\"https:\/\/www.all-for-all.de\/wp-content\/uploads\/2013\/06\/P10101911.jpg 1024w, https:\/\/www.all-for-all.de\/wp-content\/uploads\/2013\/06\/P10101911-300x225.jpg 300w, https:\/\/www.all-for-all.de\/wp-content\/uploads\/2013\/06\/P10101911-400x300.jpg 400w\" sizes=\"auto, (max-width: 1024px) 100vw, 1024px\" \/><\/p>\n<p>Wenn man ganz oben ist muss man irgendwann auch wieder nach unten. Laut Karte sollte das n\u00e4chste St\u00e4dtchen &#8222;Twin Lakes&#8220; sein. Wir hofften dass wir dort vielleicht einen\u00a0coffee-to-go bekommen. Leider gab es dort nur eine Tankstelle und einen General Store. Hier scheint die Zeit stehen geblieben zu sein.<\/p>\n<p><img loading=\"lazy\" decoding=\"async\" class=\"aligncenter wp-image-3753 size-full\" title=\"Independence Pass\" src=\"https:\/\/www.all-for-all.de\/wp-content\/uploads\/2013\/06\/P10101921.jpg\" alt=\"Independence Pass\" width=\"1024\" height=\"768\" srcset=\"https:\/\/www.all-for-all.de\/wp-content\/uploads\/2013\/06\/P10101921.jpg 1024w, https:\/\/www.all-for-all.de\/wp-content\/uploads\/2013\/06\/P10101921-300x225.jpg 300w, https:\/\/www.all-for-all.de\/wp-content\/uploads\/2013\/06\/P10101921-400x300.jpg 400w\" sizes=\"auto, (max-width: 1024px) 100vw, 1024px\" \/><\/p>\n<p><img loading=\"lazy\" decoding=\"async\" class=\"aligncenter wp-image-3754 size-full\" title=\"Independence Pass\" src=\"https:\/\/www.all-for-all.de\/wp-content\/uploads\/2013\/06\/P10101941.jpg\" alt=\"Independence Pass\" width=\"1024\" height=\"768\" srcset=\"https:\/\/www.all-for-all.de\/wp-content\/uploads\/2013\/06\/P10101941.jpg 1024w, https:\/\/www.all-for-all.de\/wp-content\/uploads\/2013\/06\/P10101941-300x225.jpg 300w, https:\/\/www.all-for-all.de\/wp-content\/uploads\/2013\/06\/P10101941-400x300.jpg 400w\" sizes=\"auto, (max-width: 1024px) 100vw, 1024px\" \/><\/p>\n<p><img loading=\"lazy\" decoding=\"async\" class=\"aligncenter wp-image-3755 size-full\" title=\"Twin Lakes\" src=\"https:\/\/www.all-for-all.de\/wp-content\/uploads\/2013\/06\/P10101991.jpg\" alt=\"Twin Lakes\" width=\"1024\" height=\"768\" srcset=\"https:\/\/www.all-for-all.de\/wp-content\/uploads\/2013\/06\/P10101991.jpg 1024w, https:\/\/www.all-for-all.de\/wp-content\/uploads\/2013\/06\/P10101991-300x225.jpg 300w, https:\/\/www.all-for-all.de\/wp-content\/uploads\/2013\/06\/P10101991-400x300.jpg 400w\" sizes=\"auto, (max-width: 1024px) 100vw, 1024px\" \/><\/p>\n<p><img loading=\"lazy\" decoding=\"async\" class=\"aligncenter size-full wp-image-3750\" src=\"https:\/\/www.all-for-all.de\/wp-content\/uploads\/2013\/06\/P10102011.jpg\" alt=\"Twin Lakes\" width=\"1024\" height=\"768\" srcset=\"https:\/\/www.all-for-all.de\/wp-content\/uploads\/2013\/06\/P10102011.jpg 1024w, https:\/\/www.all-for-all.de\/wp-content\/uploads\/2013\/06\/P10102011-300x225.jpg 300w, https:\/\/www.all-for-all.de\/wp-content\/uploads\/2013\/06\/P10102011-400x300.jpg 400w\" sizes=\"auto, (max-width: 1024px) 100vw, 1024px\" \/><\/p>\n<p>Wir parkten in der N\u00e4he eines Sheriffs. Auf den ersten Blick sah es so aus als ob er aus seinem Dienstwagen heraus den Verkehr \u00fcberwacht. Auf dem R\u00fcckweg zum Auto sah ich mir den &#8222;Sheriff&#8220; genauer an&#8230; hahaha .. genial!<\/p>\n<p><img loading=\"lazy\" decoding=\"async\" class=\"aligncenter wp-image-3751 size-full\" title=\"Sheriff von Twin Lakes\" src=\"https:\/\/www.all-for-all.de\/wp-content\/uploads\/2013\/06\/P10102021.jpg\" alt=\"Sheriff von Twin Lakes\" width=\"1024\" height=\"768\" srcset=\"https:\/\/www.all-for-all.de\/wp-content\/uploads\/2013\/06\/P10102021.jpg 1024w, https:\/\/www.all-for-all.de\/wp-content\/uploads\/2013\/06\/P10102021-300x225.jpg 300w, https:\/\/www.all-for-all.de\/wp-content\/uploads\/2013\/06\/P10102021-400x300.jpg 400w\" sizes=\"auto, (max-width: 1024px) 100vw, 1024px\" \/><\/p>\n<p><img loading=\"lazy\" decoding=\"async\" class=\"aligncenter wp-image-3752 size-full\" title=\"Sheriff von Twin Lakes\" src=\"https:\/\/www.all-for-all.de\/wp-content\/uploads\/2013\/06\/P10102031.jpg\" alt=\"Sheriff von Twin Lakes\" width=\"1024\" height=\"768\" srcset=\"https:\/\/www.all-for-all.de\/wp-content\/uploads\/2013\/06\/P10102031.jpg 1024w, https:\/\/www.all-for-all.de\/wp-content\/uploads\/2013\/06\/P10102031-300x225.jpg 300w, https:\/\/www.all-for-all.de\/wp-content\/uploads\/2013\/06\/P10102031-400x300.jpg 400w\" sizes=\"auto, (max-width: 1024px) 100vw, 1024px\" \/><\/p>\n<p>Als das Ende der Pass-Stra\u00dfe erreicht war, am Highway 24, entschieden wir uns noch in das Bergbau-St\u00e4dtchen &#8222;Leadville&#8220; zu fahren.<br \/>\nDas was hier geboten wurde war kein sch\u00f6ner Anblick. Alles sah irgendwie\u00a0runtergekommen und abgewirtschaftet aus. Den Werbeschildern nach lebt man hier\u00a0\u00fcberwiegend vom Wintertourismus.\u00a0Vielleicht lag es auch daran, dass es zu regnen begann. Schneebedeckt mag das hier idyllisch aussehen&#8230; :-\/<\/p>\n<p><img loading=\"lazy\" decoding=\"async\" class=\"aligncenter wp-image-3758 size-full\" title=\"Leadville\" src=\"https:\/\/www.all-for-all.de\/wp-content\/uploads\/2013\/06\/P10102201.jpg\" alt=\"Leadville\" width=\"1024\" height=\"768\" srcset=\"https:\/\/www.all-for-all.de\/wp-content\/uploads\/2013\/06\/P10102201.jpg 1024w, https:\/\/www.all-for-all.de\/wp-content\/uploads\/2013\/06\/P10102201-300x225.jpg 300w, https:\/\/www.all-for-all.de\/wp-content\/uploads\/2013\/06\/P10102201-400x300.jpg 400w\" sizes=\"auto, (max-width: 1024px) 100vw, 1024px\" \/><\/p>\n<p><img loading=\"lazy\" decoding=\"async\" class=\"aligncenter wp-image-3759 size-full\" title=\"Leadville\" src=\"https:\/\/www.all-for-all.de\/wp-content\/uploads\/2013\/06\/P1010224.jpg\" alt=\"Leadville\" width=\"1024\" height=\"768\" srcset=\"https:\/\/www.all-for-all.de\/wp-content\/uploads\/2013\/06\/P1010224.jpg 1024w, https:\/\/www.all-for-all.de\/wp-content\/uploads\/2013\/06\/P1010224-300x225.jpg 300w, https:\/\/www.all-for-all.de\/wp-content\/uploads\/2013\/06\/P1010224-400x300.jpg 400w\" sizes=\"auto, (max-width: 1024px) 100vw, 1024px\" \/><\/p>\n<p>Auf der Fahrt nach Colorado Springs verdunkelte sich der Himmel immer mehr und es regnete immer h\u00e4ufiger.<\/p>\n<p><img loading=\"lazy\" decoding=\"async\" class=\"aligncenter wp-image-3762 size-full\" title=\"Richtung Colorado Springs\" src=\"https:\/\/www.all-for-all.de\/wp-content\/uploads\/2013\/06\/P1010239.jpg\" alt=\"Richtung Colorado Springs\" width=\"1024\" height=\"768\" srcset=\"https:\/\/www.all-for-all.de\/wp-content\/uploads\/2013\/06\/P1010239.jpg 1024w, https:\/\/www.all-for-all.de\/wp-content\/uploads\/2013\/06\/P1010239-300x225.jpg 300w, https:\/\/www.all-for-all.de\/wp-content\/uploads\/2013\/06\/P1010239-400x300.jpg 400w\" sizes=\"auto, (max-width: 1024px) 100vw, 1024px\" \/><\/p>\n<p>Der Gegend hier tut Regen richtig gut. Seit wir hier sind h\u00f6ren wir von riesigen Waldbr\u00e4nden in den Rockies. Besonders um Colorado Springs und um Denver herum muss es schlimm sein. Deswegen stehen hier auch \u00fcberall die entsprechenden Warnschilder.<\/p>\n<p><img loading=\"lazy\" decoding=\"async\" class=\"aligncenter wp-image-3763 size-full\" title=\"Fire Danger Very High\" src=\"https:\/\/www.all-for-all.de\/wp-content\/uploads\/2013\/06\/P1010244.jpg\" alt=\"Fire Danger Very High\" width=\"1024\" height=\"768\" srcset=\"https:\/\/www.all-for-all.de\/wp-content\/uploads\/2013\/06\/P1010244.jpg 1024w, https:\/\/www.all-for-all.de\/wp-content\/uploads\/2013\/06\/P1010244-300x225.jpg 300w, https:\/\/www.all-for-all.de\/wp-content\/uploads\/2013\/06\/P1010244-400x300.jpg 400w\" sizes=\"auto, (max-width: 1024px) 100vw, 1024px\" \/><\/p>\n<p>Unser Zimmer im Hampton Inn liegt im Erdgescho\u00df und ist wie erwartet wunderbar. Wir haben unser gesamtes Gep\u00e4ck ausgeladen und\u00a0alle Ladeger\u00e4te aktiviert (Foto, Video, Tablet). Direkt anschlie\u00dfend besuchten wir das <a href=\"http:\/\/www.outback.com\/\">Outback Steakhouse<\/a> das nur wenige 100 Meter entfernt liegt. 12oz Sirloin Steak &#8230; Der perfekte Abschluss f\u00fcr einen tollen Tag!<\/p>\n<p>Drau\u00dfen st\u00fcrmt es gerade m\u00e4chtig und es fliegt so einiges an Unrat durch die Gegend. Soll uns recht sein so lange das bis morgen aufgeh\u00f6rt hat. \ud83d\ude09<\/p>\n<p>Gefahrene Kilometer heute: 368,7<\/p>\n<p><img loading=\"lazy\" decoding=\"async\" class=\"aligncenter wp-image-3766 size-full\" title=\"Logger Independence Pass\" src=\"https:\/\/www.all-for-all.de\/wp-content\/uploads\/2013\/06\/Logger_081.jpg\" alt=\"Logger Independence Pass\" width=\"1240\" height=\"550\" srcset=\"https:\/\/www.all-for-all.de\/wp-content\/uploads\/2013\/06\/Logger_081.jpg 1240w, https:\/\/www.all-for-all.de\/wp-content\/uploads\/2013\/06\/Logger_081-300x133.jpg 300w, https:\/\/www.all-for-all.de\/wp-content\/uploads\/2013\/06\/Logger_081-1024x454.jpg 1024w, https:\/\/www.all-for-all.de\/wp-content\/uploads\/2013\/06\/Logger_081-500x222.jpg 500w\" sizes=\"auto, (max-width: 1240px) 100vw, 1240px\" \/><\/p>\n<p>Morgen besuchen wie die Royal Gorge Bridge und danach brechen wir den Streckenrekord hoch zum Gipfel des Pikes Peak! Und wenn wir noch Lust haben, sehen wir uns noch den <a href=\"http:\/\/www.gardenofgods.com\/home\/index.cfm?flash=1\">Garden of the Gods<\/a> an.<\/p>\n<p>Viele Gr\u00fc\u00dfe<br \/>\nJoa<\/p>\n<p>Zur\u00fcck zu: <a href=\"https:\/\/www.all-for-all.de\/?page_id=3671\">16.06.2013, Moab \u2013 Colorado National Monument \u2013 Glenwood Springs<\/a><br \/>\nWeiter zu: <a href=\"https:\/\/www.all-for-all.de\/?page_id=3679\">18.6.2013, Royal Gorge Bridge \u2013 Pikes Peak \u2013 Garden Of The Gods \u2013 Seven Falls<\/a><\/p>\n","protected":false},"excerpt":{"rendered":"<p>Das Fr\u00fchst\u00fcck heute Morgen im Motel war in Ordnung. Der Speiseraum k\u00f6nnte aber etwas behaglicher eingerichtet sein. Nach dem checkout wurde schr\u00e4g gegen\u00fcber vom Motel der Chevy aufgetankt und Eis f\u00fcr die K\u00fchlbox besorgt. Los ging es Richtung Aspen. Kurz &hellip; <a href=\"https:\/\/www.all-for-all.de\/?page_id=3676\">Weiterlesen <span class=\"meta-nav\">&rarr;<\/span><\/a><\/p>\n","protected":false},"author":2,"featured_media":0,"parent":0,"menu_order":0,"comment_status":"closed","ping_status":"open","template":"","meta":{"footnotes":""},"class_list":["post-3676","page","type-page","status-publish","hentry"],"jetpack_sharing_enabled":true,"_links":{"self":[{"href":"https:\/\/www.all-for-all.de\/index.php?rest_route=\/wp\/v2\/pages\/3676","targetHints":{"allow":["GET"]}}],"collection":[{"href":"https:\/\/www.all-for-all.de\/index.php?rest_route=\/wp\/v2\/pages"}],"about":[{"href":"https:\/\/www.all-for-all.de\/index.php?rest_route=\/wp\/v2\/types\/page"}],"author":[{"embeddable":true,"href":"https:\/\/www.all-for-all.de\/index.php?rest_route=\/wp\/v2\/users\/2"}],"replies":[{"embeddable":true,"href":"https:\/\/www.all-for-all.de\/index.php?rest_route=%2Fwp%2Fv2%2Fcomments&post=3676"}],"version-history":[{"count":0,"href":"https:\/\/www.all-for-all.de\/index.php?rest_route=\/wp\/v2\/pages\/3676\/revisions"}],"wp:attachment":[{"href":"https:\/\/www.all-for-all.de\/index.php?rest_route=%2Fwp%2Fv2%2Fmedia&parent=3676"}],"curies":[{"name":"wp","href":"https:\/\/api.w.org\/{rel}","templated":true}]}}