{"id":3671,"date":"2013-06-16T23:59:11","date_gmt":"2013-06-16T22:59:11","guid":{"rendered":"http:\/\/www.all-for-all.de\/?page_id=3671"},"modified":"2014-12-25T17:47:30","modified_gmt":"2014-12-25T16:47:30","slug":"16-06-2013-moab-colorado-national-monument-glenwood-springs","status":"publish","type":"page","link":"https:\/\/www.all-for-all.de\/?page_id=3671","title":{"rendered":"16.06.2013, Moab &#8211; Colorado National Monument &#8211; Glenwood Springs"},"content":{"rendered":"<p>Heute haben wir doch noch das Fr\u00fchst\u00fcck im Aarchway Inn getestet. Obwohl heute Sonntag ist, war im Fr\u00fchst\u00fccksraum fast nichts los. Es gab alles was das Herz, bzw. der Magen begehrt. Waffeln, Speck, Toast, Ahornsirup, usw..<br \/>\nLediglich der Kaffee und der O-Saft waren grenzwertig. \ud83d\ude09<\/p>\n<p>Wir waren schon um 07:30 Uhr &#8222;on the road&#8220;. Wir fuhren nicht wie von TomTom vorgeschlagen die schnellere Route \u00fcber den Highway 191 und den Interstate 6 sondern die viel tollere Route \u00fcber den Upper Colorado River Scenic Byway (U-128).<\/p>\n<p>Ich muss sagen, dass diese Strecke auf jeden Fall zu den Top 3\u00a0der sch\u00f6nsten Strecken geh\u00f6rt die ich je gefahren bin. \u00dcber weite Teile der Strecke trafen wir kein anderes Auto.<\/p>\n<p><img loading=\"lazy\" decoding=\"async\" class=\"aligncenter wp-image-3698 size-full\" title=\"Upper Colorado River Scenic Byway \" src=\"https:\/\/www.all-for-all.de\/wp-content\/uploads\/2013\/06\/P10100021.jpg\" alt=\"Upper Colorado River Scenic Byway \" width=\"1024\" height=\"768\" srcset=\"https:\/\/www.all-for-all.de\/wp-content\/uploads\/2013\/06\/P10100021.jpg 1024w, https:\/\/www.all-for-all.de\/wp-content\/uploads\/2013\/06\/P10100021-300x225.jpg 300w, https:\/\/www.all-for-all.de\/wp-content\/uploads\/2013\/06\/P10100021-400x300.jpg 400w\" sizes=\"auto, (max-width: 1024px) 100vw, 1024px\" \/><\/p>\n<p><img loading=\"lazy\" decoding=\"async\" class=\"aligncenter wp-image-3699 size-full\" title=\"Upper Colorado River Scenic Byway \" src=\"https:\/\/www.all-for-all.de\/wp-content\/uploads\/2013\/06\/P10100061.jpg\" alt=\"Upper Colorado River Scenic Byway \" width=\"1024\" height=\"768\" srcset=\"https:\/\/www.all-for-all.de\/wp-content\/uploads\/2013\/06\/P10100061.jpg 1024w, https:\/\/www.all-for-all.de\/wp-content\/uploads\/2013\/06\/P10100061-300x225.jpg 300w, https:\/\/www.all-for-all.de\/wp-content\/uploads\/2013\/06\/P10100061-400x300.jpg 400w\" sizes=\"auto, (max-width: 1024px) 100vw, 1024px\" \/><\/p>\n<p><img loading=\"lazy\" decoding=\"async\" class=\"aligncenter wp-image-3700 size-full\" title=\"Upper Colorado River Scenic Byway \" src=\"https:\/\/www.all-for-all.de\/wp-content\/uploads\/2013\/06\/P1010012.jpg\" alt=\"Upper Colorado River Scenic Byway \" width=\"1024\" height=\"768\" srcset=\"https:\/\/www.all-for-all.de\/wp-content\/uploads\/2013\/06\/P1010012.jpg 1024w, https:\/\/www.all-for-all.de\/wp-content\/uploads\/2013\/06\/P1010012-300x225.jpg 300w, https:\/\/www.all-for-all.de\/wp-content\/uploads\/2013\/06\/P1010012-400x300.jpg 400w\" sizes=\"auto, (max-width: 1024px) 100vw, 1024px\" \/><img loading=\"lazy\" decoding=\"async\" class=\"aligncenter wp-image-3701 size-full\" title=\"Upper Colorado River Scenic Byway \" src=\"https:\/\/www.all-for-all.de\/wp-content\/uploads\/2013\/06\/P10100151.jpg\" alt=\"Upper Colorado River Scenic Byway \" width=\"1024\" height=\"768\" srcset=\"https:\/\/www.all-for-all.de\/wp-content\/uploads\/2013\/06\/P10100151.jpg 1024w, https:\/\/www.all-for-all.de\/wp-content\/uploads\/2013\/06\/P10100151-300x225.jpg 300w, https:\/\/www.all-for-all.de\/wp-content\/uploads\/2013\/06\/P10100151-400x300.jpg 400w\" sizes=\"auto, (max-width: 1024px) 100vw, 1024px\" \/><img loading=\"lazy\" decoding=\"async\" class=\"aligncenter wp-image-3702 size-full\" title=\"Upper Colorado River Scenic Byway \" src=\"https:\/\/www.all-for-all.de\/wp-content\/uploads\/2013\/06\/P10100171.jpg\" alt=\"Upper Colorado River Scenic Byway \" width=\"1024\" height=\"768\" srcset=\"https:\/\/www.all-for-all.de\/wp-content\/uploads\/2013\/06\/P10100171.jpg 1024w, https:\/\/www.all-for-all.de\/wp-content\/uploads\/2013\/06\/P10100171-300x225.jpg 300w, https:\/\/www.all-for-all.de\/wp-content\/uploads\/2013\/06\/P10100171-400x300.jpg 400w\" sizes=\"auto, (max-width: 1024px) 100vw, 1024px\" \/><img loading=\"lazy\" decoding=\"async\" class=\"aligncenter wp-image-3704 size-full\" title=\"Upper Colorado River Scenic Byway \" src=\"https:\/\/www.all-for-all.de\/wp-content\/uploads\/2013\/06\/P10100291.jpg\" alt=\"Upper Colorado River Scenic Byway \" width=\"1024\" height=\"768\" srcset=\"https:\/\/www.all-for-all.de\/wp-content\/uploads\/2013\/06\/P10100291.jpg 1024w, https:\/\/www.all-for-all.de\/wp-content\/uploads\/2013\/06\/P10100291-300x225.jpg 300w, https:\/\/www.all-for-all.de\/wp-content\/uploads\/2013\/06\/P10100291-400x300.jpg 400w\" sizes=\"auto, (max-width: 1024px) 100vw, 1024px\" \/><\/p>\n<p>Die Einfahrt zum Colorado National Monument National Park war auch ohne TomTom schnell gefunden (na gut&#8230; 2x leicht verfahren\u00a0\ud83d\ude09 ). Die \u00fcblichen 10 Dollar wurden bezahlt und wir durften die tolle Stra\u00dfe befahren.<\/p>\n<p><img loading=\"lazy\" decoding=\"async\" class=\"aligncenter wp-image-3707 size-full\" title=\"Colorado National Monument National Park\" src=\"https:\/\/www.all-for-all.de\/wp-content\/uploads\/2013\/06\/P1010103.jpg\" alt=\"Colorado National Monument National Park\" width=\"1024\" height=\"768\" srcset=\"https:\/\/www.all-for-all.de\/wp-content\/uploads\/2013\/06\/P1010103.jpg 1024w, https:\/\/www.all-for-all.de\/wp-content\/uploads\/2013\/06\/P1010103-300x225.jpg 300w, https:\/\/www.all-for-all.de\/wp-content\/uploads\/2013\/06\/P1010103-400x300.jpg 400w\" sizes=\"auto, (max-width: 1024px) 100vw, 1024px\" \/><\/p>\n<p><img loading=\"lazy\" decoding=\"async\" class=\"aligncenter wp-image-3710 size-full\" title=\"Colorado National Monument National Park\" src=\"https:\/\/www.all-for-all.de\/wp-content\/uploads\/2013\/06\/P10100431.jpg\" alt=\"Colorado National Monument National Park\" width=\"1024\" height=\"768\" srcset=\"https:\/\/www.all-for-all.de\/wp-content\/uploads\/2013\/06\/P10100431.jpg 1024w, https:\/\/www.all-for-all.de\/wp-content\/uploads\/2013\/06\/P10100431-300x225.jpg 300w, https:\/\/www.all-for-all.de\/wp-content\/uploads\/2013\/06\/P10100431-400x300.jpg 400w\" sizes=\"auto, (max-width: 1024px) 100vw, 1024px\" \/><img loading=\"lazy\" decoding=\"async\" class=\"aligncenter wp-image-3709 size-full\" title=\"Colorado National Monument National Park\" src=\"https:\/\/www.all-for-all.de\/wp-content\/uploads\/2013\/06\/P10100551.jpg\" alt=\"Colorado National Monument National Park\" width=\"1024\" height=\"768\" srcset=\"https:\/\/www.all-for-all.de\/wp-content\/uploads\/2013\/06\/P10100551.jpg 1024w, https:\/\/www.all-for-all.de\/wp-content\/uploads\/2013\/06\/P10100551-300x225.jpg 300w, https:\/\/www.all-for-all.de\/wp-content\/uploads\/2013\/06\/P10100551-400x300.jpg 400w\" sizes=\"auto, (max-width: 1024px) 100vw, 1024px\" \/><\/p>\n<p><img loading=\"lazy\" decoding=\"async\" class=\"aligncenter wp-image-3712 size-full\" title=\"Colorado National Monument National Park\" src=\"https:\/\/www.all-for-all.de\/wp-content\/uploads\/2013\/06\/P1010066.jpg\" alt=\"Colorado National Monument National Park\" width=\"1024\" height=\"768\" srcset=\"https:\/\/www.all-for-all.de\/wp-content\/uploads\/2013\/06\/P1010066.jpg 1024w, https:\/\/www.all-for-all.de\/wp-content\/uploads\/2013\/06\/P1010066-300x225.jpg 300w, https:\/\/www.all-for-all.de\/wp-content\/uploads\/2013\/06\/P1010066-400x300.jpg 400w\" sizes=\"auto, (max-width: 1024px) 100vw, 1024px\" \/><img loading=\"lazy\" decoding=\"async\" class=\"aligncenter wp-image-3713 size-full\" title=\"Colorado National Monument National Park\" src=\"https:\/\/www.all-for-all.de\/wp-content\/uploads\/2013\/06\/P10100671.jpg\" alt=\"Colorado National Monument National Park\" width=\"1024\" height=\"768\" srcset=\"https:\/\/www.all-for-all.de\/wp-content\/uploads\/2013\/06\/P10100671.jpg 1024w, https:\/\/www.all-for-all.de\/wp-content\/uploads\/2013\/06\/P10100671-300x225.jpg 300w, https:\/\/www.all-for-all.de\/wp-content\/uploads\/2013\/06\/P10100671-400x300.jpg 400w\" sizes=\"auto, (max-width: 1024px) 100vw, 1024px\" \/><\/p>\n<p>Irgendwann war das Colorado National Monument direkt vor uns&#8230;<\/p>\n<p><img loading=\"lazy\" decoding=\"async\" class=\"aligncenter wp-image-3715 size-full\" title=\"Colorado National Monument\" src=\"https:\/\/www.all-for-all.de\/wp-content\/uploads\/2013\/06\/P10100731.jpg\" alt=\"Colorado National Monument\" width=\"1024\" height=\"768\" srcset=\"https:\/\/www.all-for-all.de\/wp-content\/uploads\/2013\/06\/P10100731.jpg 1024w, https:\/\/www.all-for-all.de\/wp-content\/uploads\/2013\/06\/P10100731-300x225.jpg 300w, https:\/\/www.all-for-all.de\/wp-content\/uploads\/2013\/06\/P10100731-400x300.jpg 400w\" sizes=\"auto, (max-width: 1024px) 100vw, 1024px\" \/><\/p>\n<p><img loading=\"lazy\" decoding=\"async\" class=\"aligncenter wp-image-3718 size-full\" title=\"Colorado National Monument\" src=\"https:\/\/www.all-for-all.de\/wp-content\/uploads\/2013\/06\/P10100771.jpg\" alt=\"Colorado National Monument\" width=\"1024\" height=\"768\" srcset=\"https:\/\/www.all-for-all.de\/wp-content\/uploads\/2013\/06\/P10100771.jpg 1024w, https:\/\/www.all-for-all.de\/wp-content\/uploads\/2013\/06\/P10100771-300x225.jpg 300w, https:\/\/www.all-for-all.de\/wp-content\/uploads\/2013\/06\/P10100771-400x300.jpg 400w\" sizes=\"auto, (max-width: 1024px) 100vw, 1024px\" \/><\/p>\n<p>Hier gibt es die tollsten Steinformationen.<\/p>\n<p><img loading=\"lazy\" decoding=\"async\" class=\"aligncenter wp-image-3720 size-full\" title=\"Coke Ovens Overlook\" src=\"https:\/\/www.all-for-all.de\/wp-content\/uploads\/2013\/06\/P10100891.jpg\" alt=\"Coke Ovens Overlook\" width=\"1024\" height=\"768\" srcset=\"https:\/\/www.all-for-all.de\/wp-content\/uploads\/2013\/06\/P10100891.jpg 1024w, https:\/\/www.all-for-all.de\/wp-content\/uploads\/2013\/06\/P10100891-300x225.jpg 300w, https:\/\/www.all-for-all.de\/wp-content\/uploads\/2013\/06\/P10100891-400x300.jpg 400w\" sizes=\"auto, (max-width: 1024px) 100vw, 1024px\" \/><img loading=\"lazy\" decoding=\"async\" class=\"aligncenter wp-image-3719 size-full\" title=\"Coke Ovens Overlook\" src=\"https:\/\/www.all-for-all.de\/wp-content\/uploads\/2013\/06\/P1010088.jpg\" alt=\"Coke Ovens Overlook\" width=\"1552\" height=\"428\" srcset=\"https:\/\/www.all-for-all.de\/wp-content\/uploads\/2013\/06\/P1010088.jpg 1552w, https:\/\/www.all-for-all.de\/wp-content\/uploads\/2013\/06\/P1010088-300x83.jpg 300w, https:\/\/www.all-for-all.de\/wp-content\/uploads\/2013\/06\/P1010088-1024x282.jpg 1024w, https:\/\/www.all-for-all.de\/wp-content\/uploads\/2013\/06\/P1010088-500x138.jpg 500w\" sizes=\"auto, (max-width: 1552px) 100vw, 1552px\" \/><\/p>\n<p>Die Farm der Waltons haben wir auch noch entdeckt&#8230; \ud83d\ude00<\/p>\n<p><img loading=\"lazy\" decoding=\"async\" class=\"aligncenter wp-image-3722 size-full\" title=\"Walton&#96;s Farm\" src=\"https:\/\/www.all-for-all.de\/wp-content\/uploads\/2013\/06\/P10101001.jpg\" alt=\"Walton&#96;s Farm\" width=\"1024\" height=\"768\" srcset=\"https:\/\/www.all-for-all.de\/wp-content\/uploads\/2013\/06\/P10101001.jpg 1024w, https:\/\/www.all-for-all.de\/wp-content\/uploads\/2013\/06\/P10101001-300x225.jpg 300w, https:\/\/www.all-for-all.de\/wp-content\/uploads\/2013\/06\/P10101001-400x300.jpg 400w\" sizes=\"auto, (max-width: 1024px) 100vw, 1024px\" \/>Die Zeit verging heute rasend schnell. Wir hatten keine Eile\u00a0und kamen daher erst gegen 18:00 Uhr in Glenwood Springs im <a href=\"http:\/\/www.glenwoodspringscedarlodge.com\/\">Cedar Lodge Motel<\/a> an. Unsere Reservierung lag vor und wir bezogen unser Zimmer. Es\u00a0ist nicht schlecht&#8230; ein sauberes Motel eben. Man darf nicht all zu viel erwarten. Wir sind zufrieden.<\/p>\n<p><img loading=\"lazy\" decoding=\"async\" class=\"aligncenter wp-image-3723 size-full\" title=\"Cedar Lodge Motel\" src=\"https:\/\/www.all-for-all.de\/wp-content\/uploads\/2013\/06\/P1010108.jpg\" alt=\"Cedar Lodge Motel\" width=\"1024\" height=\"768\" srcset=\"https:\/\/www.all-for-all.de\/wp-content\/uploads\/2013\/06\/P1010108.jpg 1024w, https:\/\/www.all-for-all.de\/wp-content\/uploads\/2013\/06\/P1010108-300x225.jpg 300w, https:\/\/www.all-for-all.de\/wp-content\/uploads\/2013\/06\/P1010108-400x300.jpg 400w\" sizes=\"auto, (max-width: 1024px) 100vw, 1024px\" \/><\/p>\n<p>Gleich nachdem unsere Koffer im Zimmer verstaut waren, fuhren wir wieder los um ein wenig die sch\u00f6ne Stadt mit dem Auto zu erkunden. Hier sieht alles tiptop gepflegt aus. Allerdings ist hier alles f\u00fcr den Wintertourismus ausgelegt.<br \/>\nNebenbei erfuhren wir, dass es hier den weltgr\u00f6\u00dften Pool gibt der durch eine hei\u00dfe Quelle gespeist wird. Wir\u00a0kamen sogar direkt daran vorbei. Aber uns war nicht nach einem hei\u00dfen Bad. Wir hatten m\u00e4chtigen Hunger! \ud83d\ude09<br \/>\nWir entdeckten ein <a href=\"http:\/\/de.wikipedia.org\/wiki\/Chili%E2%80%99s\">Chili`s<\/a> und schon sa\u00dfen wir drin.\u00a0Dort bestellten original mexikanische Fajitas. Die waren gut&#8230; ich hatte aber schon bessere.<br \/>\nSo oder so &#8230; zu <a href=\"http:\/\/de.wikipedia.org\/wiki\/Chili%E2%80%99s\">Chili`s<\/a> kann man ohne Bedenken gehen.<\/p>\n<p>Als\u00a0wir zur\u00fcck im Motel waren, war es bereits dunkel. Wir mussten aber noch kl\u00e4ren wie die weitere Route verlaufen soll. Dass wir \u00fcber Aspen und den <a href=\"http:\/\/de.wikipedia.org\/wiki\/Independence_Pass\" target=\"_blank\">Independence Pass<\/a> fahren werden war klar. Die Frage war jedoch wie weit wir morgen fahren. Uns ist es irgendwie wieder nach einem der herrlichen Hampton Inn &#8211; Betten. Deshalb haben wir beschlossen gleich bis nach Colorado Springs zu fahren.<br \/>\nDas Zimmer im dortigen Hampton Inn haben wir nun online f\u00fcr zwei N\u00e4chte reserviert.<\/p>\n<p>Die gefahrene Strecke betr\u00e4gt heute laut Logger 383,31km:<\/p>\n<p><img loading=\"lazy\" decoding=\"async\" class=\"aligncenter wp-image-3726 size-full\" title=\"Logger Moab - Glenwood Springs\" src=\"https:\/\/www.all-for-all.de\/wp-content\/uploads\/2013\/06\/Logger_061.jpg\" alt=\"Logger Moab - Glenwood Springs\" width=\"1051\" height=\"631\" srcset=\"https:\/\/www.all-for-all.de\/wp-content\/uploads\/2013\/06\/Logger_061.jpg 1051w, https:\/\/www.all-for-all.de\/wp-content\/uploads\/2013\/06\/Logger_061-300x180.jpg 300w, https:\/\/www.all-for-all.de\/wp-content\/uploads\/2013\/06\/Logger_061-1024x615.jpg 1024w, https:\/\/www.all-for-all.de\/wp-content\/uploads\/2013\/06\/Logger_061-500x300.jpg 500w\" sizes=\"auto, (max-width: 1051px) 100vw, 1051px\" \/><\/p>\n<p><img loading=\"lazy\" decoding=\"async\" class=\"aligncenter wp-image-3727 size-full\" title=\"Logger Colorado Monument\" src=\"https:\/\/www.all-for-all.de\/wp-content\/uploads\/2013\/06\/Logger_071.jpg\" alt=\"Logger Colorado Monument\" width=\"1042\" height=\"709\" srcset=\"https:\/\/www.all-for-all.de\/wp-content\/uploads\/2013\/06\/Logger_071.jpg 1042w, https:\/\/www.all-for-all.de\/wp-content\/uploads\/2013\/06\/Logger_071-300x204.jpg 300w, https:\/\/www.all-for-all.de\/wp-content\/uploads\/2013\/06\/Logger_071-1024x697.jpg 1024w, https:\/\/www.all-for-all.de\/wp-content\/uploads\/2013\/06\/Logger_071-441x300.jpg 441w\" sizes=\"auto, (max-width: 1042px) 100vw, 1042px\" \/><\/p>\n<p>Das war es f\u00fcr heute. \ud83d\ude42<\/p>\n<p>Viele Gr\u00fc\u00dfe<br \/>\nJoa<\/p>\n<p>Zur\u00fcck zu: <a href=\"https:\/\/www.all-for-all.de\/?page_id=3613\">15.06.2013, Canyonlands National Park &amp; Dead Horse State Park<\/a><br \/>\nWeiter zu: <a href=\"https:\/\/www.all-for-all.de\/?page_id=3676\">17.06.2013, Glenwood Springs \u2013 Aspen \u2013 Independence Pass \u2013 Colorado Springs<\/a><\/p>\n","protected":false},"excerpt":{"rendered":"<p>Heute haben wir doch noch das Fr\u00fchst\u00fcck im Aarchway Inn getestet. Obwohl heute Sonntag ist, war im Fr\u00fchst\u00fccksraum fast nichts los. Es gab alles was das Herz, bzw. der Magen begehrt. Waffeln, Speck, Toast, Ahornsirup, usw.. Lediglich der Kaffee und &hellip; <a href=\"https:\/\/www.all-for-all.de\/?page_id=3671\">Weiterlesen <span class=\"meta-nav\">&rarr;<\/span><\/a><\/p>\n","protected":false},"author":2,"featured_media":0,"parent":0,"menu_order":0,"comment_status":"closed","ping_status":"open","template":"","meta":{"footnotes":""},"class_list":["post-3671","page","type-page","status-publish","hentry"],"jetpack_sharing_enabled":true,"_links":{"self":[{"href":"https:\/\/www.all-for-all.de\/index.php?rest_route=\/wp\/v2\/pages\/3671","targetHints":{"allow":["GET"]}}],"collection":[{"href":"https:\/\/www.all-for-all.de\/index.php?rest_route=\/wp\/v2\/pages"}],"about":[{"href":"https:\/\/www.all-for-all.de\/index.php?rest_route=\/wp\/v2\/types\/page"}],"author":[{"embeddable":true,"href":"https:\/\/www.all-for-all.de\/index.php?rest_route=\/wp\/v2\/users\/2"}],"replies":[{"embeddable":true,"href":"https:\/\/www.all-for-all.de\/index.php?rest_route=%2Fwp%2Fv2%2Fcomments&post=3671"}],"version-history":[{"count":0,"href":"https:\/\/www.all-for-all.de\/index.php?rest_route=\/wp\/v2\/pages\/3671\/revisions"}],"wp:attachment":[{"href":"https:\/\/www.all-for-all.de\/index.php?rest_route=%2Fwp%2Fv2%2Fmedia&parent=3671"}],"curies":[{"name":"wp","href":"https:\/\/api.w.org\/{rel}","templated":true}]}}