{"id":3613,"date":"2013-06-15T23:59:39","date_gmt":"2013-06-15T22:59:39","guid":{"rendered":"http:\/\/www.all-for-all.de\/?page_id=3613"},"modified":"2014-12-22T17:57:40","modified_gmt":"2014-12-22T16:57:40","slug":"15-06-2013-canyonlands-national-park","status":"publish","type":"page","link":"https:\/\/www.all-for-all.de\/?page_id=3613","title":{"rendered":"15.06.2013, Canyonlands National Park &#038; Dead Horse State Park"},"content":{"rendered":"<p>Der\u00a0Zimmerpreis des Aarchway Inn beinhaltet ein Fr\u00fchst\u00fcck. Als wir das Zimmer verlie\u00dfen roch es schon herrlich nach Speck. Leider war der Fr\u00fchst\u00fccksraum brechend voll. Das war uns zu stressig und wir steuerten deswegen erneut das Denny`s Diner an. Da wei\u00df man was man hat. \ud83d\ude00<\/p>\n<p>Frisch gest\u00e4rkt lie\u00dfen wir uns vom Chevy Richtung Canyonlands National Park fahren. Das Auto ist hier gerade richtig. Nicht zu gro\u00df und f\u00fcr Amerikaner un\u00fcblich: Das Auto will sogar Kurven fahren. \ud83d\ude42<br \/>\nAnfangs sieht die Umgebung eher unspektakul\u00e4r aus.<\/p>\n<p><img loading=\"lazy\" decoding=\"async\" class=\"aligncenter size-full wp-image-3626\" src=\"https:\/\/www.all-for-all.de\/wp-content\/uploads\/2013\/06\/P1000799.jpg\" alt=\"Richtung Canyonlands\" width=\"1024\" height=\"768\" srcset=\"https:\/\/www.all-for-all.de\/wp-content\/uploads\/2013\/06\/P1000799.jpg 1024w, https:\/\/www.all-for-all.de\/wp-content\/uploads\/2013\/06\/P1000799-300x225.jpg 300w, https:\/\/www.all-for-all.de\/wp-content\/uploads\/2013\/06\/P1000799-400x300.jpg 400w\" sizes=\"auto, (max-width: 1024px) 100vw, 1024px\" \/><\/p>\n<p><img loading=\"lazy\" decoding=\"async\" class=\"aligncenter size-full wp-image-3628\" src=\"https:\/\/www.all-for-all.de\/wp-content\/uploads\/2013\/06\/P1000804.jpg\" alt=\"Canyonlands National Park\" width=\"1024\" height=\"768\" srcset=\"https:\/\/www.all-for-all.de\/wp-content\/uploads\/2013\/06\/P1000804.jpg 1024w, https:\/\/www.all-for-all.de\/wp-content\/uploads\/2013\/06\/P1000804-300x225.jpg 300w, https:\/\/www.all-for-all.de\/wp-content\/uploads\/2013\/06\/P1000804-400x300.jpg 400w\" sizes=\"auto, (max-width: 1024px) 100vw, 1024px\" \/><\/p>\n<p>Direkt hinter der Einfahrt, nachdem man die 10 Dollar\u00a0bezahlt\u00a0hat,\u00a0befindet sich das Visitor Center. Hier haben wir uns ein paar K\u00fchlschrankmagnete gekauft. Hier bekommt man aber alles m\u00f6gliche. Wenn man mag gibt es hier sogar ganze Trekkingausr\u00fcstungen zu kaufen. \ud83d\ude00<\/p>\n<p><img loading=\"lazy\" decoding=\"async\" class=\"aligncenter size-full wp-image-3630\" src=\"https:\/\/www.all-for-all.de\/wp-content\/uploads\/2013\/06\/P10008101.jpg\" alt=\"Visitor Center\" width=\"1024\" height=\"768\" srcset=\"https:\/\/www.all-for-all.de\/wp-content\/uploads\/2013\/06\/P10008101.jpg 1024w, https:\/\/www.all-for-all.de\/wp-content\/uploads\/2013\/06\/P10008101-300x225.jpg 300w, https:\/\/www.all-for-all.de\/wp-content\/uploads\/2013\/06\/P10008101-400x300.jpg 400w\" sizes=\"auto, (max-width: 1024px) 100vw, 1024px\" \/><\/p>\n<p>Wir fuhren den gesamten scenic drive ab und stoppten an allen m\u00f6glichen Aussichtspunkten. Was die Augen da zu sehen bekamen kann man im Kopf eigentlich gar nicht mehr richtig verarbeiten. Manchmal war ich mir nicht sicher ob das was ich sehe echt ist oder ob ich auf eine \u00fcberdimensionale Plakatwand starre. Hinzu kam die ganz unheimliche Stille. Wahnsinn!<\/p>\n<p><img loading=\"lazy\" decoding=\"async\" class=\"aligncenter size-full wp-image-3638\" src=\"https:\/\/www.all-for-all.de\/wp-content\/uploads\/2013\/06\/P10008311.jpg\" alt=\"Canyonlands National Park\" width=\"1024\" height=\"768\" srcset=\"https:\/\/www.all-for-all.de\/wp-content\/uploads\/2013\/06\/P10008311.jpg 1024w, https:\/\/www.all-for-all.de\/wp-content\/uploads\/2013\/06\/P10008311-300x225.jpg 300w, https:\/\/www.all-for-all.de\/wp-content\/uploads\/2013\/06\/P10008311-400x300.jpg 400w\" sizes=\"auto, (max-width: 1024px) 100vw, 1024px\" \/><\/p>\n<p><img loading=\"lazy\" decoding=\"async\" class=\"aligncenter size-full wp-image-3635\" src=\"https:\/\/www.all-for-all.de\/wp-content\/uploads\/2013\/06\/P1000859.jpg\" alt=\"Canyonlands National Park\" width=\"1864\" height=\"424\" srcset=\"https:\/\/www.all-for-all.de\/wp-content\/uploads\/2013\/06\/P1000859.jpg 1864w, https:\/\/www.all-for-all.de\/wp-content\/uploads\/2013\/06\/P1000859-300x68.jpg 300w, https:\/\/www.all-for-all.de\/wp-content\/uploads\/2013\/06\/P1000859-1024x233.jpg 1024w, https:\/\/www.all-for-all.de\/wp-content\/uploads\/2013\/06\/P1000859-500x114.jpg 500w\" sizes=\"auto, (max-width: 1864px) 100vw, 1864px\" \/><\/p>\n<p><img loading=\"lazy\" decoding=\"async\" class=\"aligncenter size-full wp-image-3634\" src=\"https:\/\/www.all-for-all.de\/wp-content\/uploads\/2013\/06\/P10008351.jpg\" alt=\"Canyonlands National Park\" width=\"1024\" height=\"768\" srcset=\"https:\/\/www.all-for-all.de\/wp-content\/uploads\/2013\/06\/P10008351.jpg 1024w, https:\/\/www.all-for-all.de\/wp-content\/uploads\/2013\/06\/P10008351-300x225.jpg 300w, https:\/\/www.all-for-all.de\/wp-content\/uploads\/2013\/06\/P10008351-400x300.jpg 400w\" sizes=\"auto, (max-width: 1024px) 100vw, 1024px\" \/><\/p>\n<p><img loading=\"lazy\" decoding=\"async\" class=\"aligncenter size-full wp-image-3637\" src=\"https:\/\/www.all-for-all.de\/wp-content\/uploads\/2013\/06\/P10008661.jpg\" alt=\"P1000866\" width=\"1024\" height=\"768\" srcset=\"https:\/\/www.all-for-all.de\/wp-content\/uploads\/2013\/06\/P10008661.jpg 1024w, https:\/\/www.all-for-all.de\/wp-content\/uploads\/2013\/06\/P10008661-300x225.jpg 300w, https:\/\/www.all-for-all.de\/wp-content\/uploads\/2013\/06\/P10008661-400x300.jpg 400w\" sizes=\"auto, (max-width: 1024px) 100vw, 1024px\" \/><\/p>\n<p><img loading=\"lazy\" decoding=\"async\" class=\"aligncenter size-full wp-image-3636\" src=\"https:\/\/www.all-for-all.de\/wp-content\/uploads\/2013\/06\/P1000860.jpg\" alt=\"Canyonlands National Park\" width=\"1024\" height=\"768\" srcset=\"https:\/\/www.all-for-all.de\/wp-content\/uploads\/2013\/06\/P1000860.jpg 1024w, https:\/\/www.all-for-all.de\/wp-content\/uploads\/2013\/06\/P1000860-300x225.jpg 300w, https:\/\/www.all-for-all.de\/wp-content\/uploads\/2013\/06\/P1000860-400x300.jpg 400w\" sizes=\"auto, (max-width: 1024px) 100vw, 1024px\" \/><\/p>\n<p><img loading=\"lazy\" decoding=\"async\" class=\"aligncenter size-full wp-image-3633\" src=\"https:\/\/www.all-for-all.de\/wp-content\/uploads\/2013\/06\/P10008321.jpg\" alt=\"Canyonlands National Park\" width=\"2096\" height=\"424\" srcset=\"https:\/\/www.all-for-all.de\/wp-content\/uploads\/2013\/06\/P10008321.jpg 2096w, https:\/\/www.all-for-all.de\/wp-content\/uploads\/2013\/06\/P10008321-300x61.jpg 300w, https:\/\/www.all-for-all.de\/wp-content\/uploads\/2013\/06\/P10008321-1024x207.jpg 1024w, https:\/\/www.all-for-all.de\/wp-content\/uploads\/2013\/06\/P10008321-500x101.jpg 500w\" sizes=\"auto, (max-width: 2096px) 100vw, 2096px\" \/><\/p>\n<p>Leider kommen die\u00a0Fotos nicht ann\u00e4hernd an das heran was das Auge sieht&#8230;<\/p>\n<p>Wir verlie\u00dfen Canyonlands und fuhren direkt in den Dead Horse State Park. Da es sich um einen eigenen State Park handelt muss hier eine neue Eintrittskarte f\u00fcr weitere 10 Dollar gel\u00f6st werden. Das ist ohne Wenn und Aber jeden Cent wert!<\/p>\n<p><img loading=\"lazy\" decoding=\"async\" class=\"aligncenter size-full wp-image-3647\" src=\"https:\/\/www.all-for-all.de\/wp-content\/uploads\/2013\/06\/P1000874.jpg\" alt=\"Dead Horse State Park\" width=\"1024\" height=\"768\" srcset=\"https:\/\/www.all-for-all.de\/wp-content\/uploads\/2013\/06\/P1000874.jpg 1024w, https:\/\/www.all-for-all.de\/wp-content\/uploads\/2013\/06\/P1000874-300x225.jpg 300w, https:\/\/www.all-for-all.de\/wp-content\/uploads\/2013\/06\/P1000874-400x300.jpg 400w\" sizes=\"auto, (max-width: 1024px) 100vw, 1024px\" \/><\/p>\n<p>Auch hier verschlugen uns die Ausblicke die Sprache&#8230;<\/p>\n<p><img loading=\"lazy\" decoding=\"async\" class=\"aligncenter size-full wp-image-3649\" src=\"https:\/\/www.all-for-all.de\/wp-content\/uploads\/2013\/06\/P1000876.jpg\" alt=\"Dead Horse State Park\" width=\"1024\" height=\"768\" srcset=\"https:\/\/www.all-for-all.de\/wp-content\/uploads\/2013\/06\/P1000876.jpg 1024w, https:\/\/www.all-for-all.de\/wp-content\/uploads\/2013\/06\/P1000876-300x225.jpg 300w, https:\/\/www.all-for-all.de\/wp-content\/uploads\/2013\/06\/P1000876-400x300.jpg 400w\" sizes=\"auto, (max-width: 1024px) 100vw, 1024px\" \/><\/p>\n<p><img loading=\"lazy\" decoding=\"async\" class=\"aligncenter size-full wp-image-3650\" src=\"https:\/\/www.all-for-all.de\/wp-content\/uploads\/2013\/06\/P1000902.jpg\" alt=\"Dead Horse State Park\" width=\"1024\" height=\"768\" srcset=\"https:\/\/www.all-for-all.de\/wp-content\/uploads\/2013\/06\/P1000902.jpg 1024w, https:\/\/www.all-for-all.de\/wp-content\/uploads\/2013\/06\/P1000902-300x225.jpg 300w, https:\/\/www.all-for-all.de\/wp-content\/uploads\/2013\/06\/P1000902-400x300.jpg 400w\" sizes=\"auto, (max-width: 1024px) 100vw, 1024px\" \/><\/p>\n<p><img loading=\"lazy\" decoding=\"async\" class=\"aligncenter size-full wp-image-3651\" src=\"https:\/\/www.all-for-all.de\/wp-content\/uploads\/2013\/06\/P1000906.jpg\" alt=\"Dead Horse State Park\" width=\"1024\" height=\"768\" srcset=\"https:\/\/www.all-for-all.de\/wp-content\/uploads\/2013\/06\/P1000906.jpg 1024w, https:\/\/www.all-for-all.de\/wp-content\/uploads\/2013\/06\/P1000906-300x225.jpg 300w, https:\/\/www.all-for-all.de\/wp-content\/uploads\/2013\/06\/P1000906-400x300.jpg 400w\" sizes=\"auto, (max-width: 1024px) 100vw, 1024px\" \/><\/p>\n<p>Es war nur schade dass sich der Himmel bew\u00f6lkte und hin und wieder vereinzelte Tropfen fielen. Dies hat uns zwangsl\u00e4ufig von dem Vorhaben abgebracht in den Canyon zu fahren. Wir fuhren schon ein ganzes St\u00fcck auf der ungeteerten Piste aber als es immer steiler wurde, war uns klar dass wir hier bei glitschigem und nassem Untergrund nie mehr hinauf kommen. Das Risiko wollten wir nicht eingehen und drehten um.<\/p>\n<p>Weil es noch fr\u00fcher Nachmittag war, fuhren wir durch Moab hindurch und folgten ohne festes Ziel der Stra\u00dfe Richtung S\u00fcden. Dabei machten wir noch einen Abstecher zum Looking Glass Rock und zum &#8222;weltber\u00fchmten&#8220; Hole in the rock. \ud83d\ude00<\/p>\n<p><img loading=\"lazy\" decoding=\"async\" class=\"aligncenter size-full wp-image-3654\" src=\"https:\/\/www.all-for-all.de\/wp-content\/uploads\/2013\/06\/P1000930.jpg\" alt=\"Looking Glas Rock\" width=\"1024\" height=\"768\" srcset=\"https:\/\/www.all-for-all.de\/wp-content\/uploads\/2013\/06\/P1000930.jpg 1024w, https:\/\/www.all-for-all.de\/wp-content\/uploads\/2013\/06\/P1000930-300x225.jpg 300w, https:\/\/www.all-for-all.de\/wp-content\/uploads\/2013\/06\/P1000930-400x300.jpg 400w\" sizes=\"auto, (max-width: 1024px) 100vw, 1024px\" \/><\/p>\n<p><img loading=\"lazy\" decoding=\"async\" class=\"aligncenter size-full wp-image-3655\" src=\"https:\/\/www.all-for-all.de\/wp-content\/uploads\/2013\/06\/P10009291.jpg\" alt=\"Hole In The Rock\" width=\"1024\" height=\"768\" srcset=\"https:\/\/www.all-for-all.de\/wp-content\/uploads\/2013\/06\/P10009291.jpg 1024w, https:\/\/www.all-for-all.de\/wp-content\/uploads\/2013\/06\/P10009291-300x225.jpg 300w, https:\/\/www.all-for-all.de\/wp-content\/uploads\/2013\/06\/P10009291-400x300.jpg 400w\" sizes=\"auto, (max-width: 1024px) 100vw, 1024px\" \/><\/p>\n<p><img loading=\"lazy\" decoding=\"async\" class=\"aligncenter size-full wp-image-3656\" src=\"https:\/\/www.all-for-all.de\/wp-content\/uploads\/2013\/06\/P1000941.jpg\" alt=\"Hole In The Rock\" width=\"1024\" height=\"768\" srcset=\"https:\/\/www.all-for-all.de\/wp-content\/uploads\/2013\/06\/P1000941.jpg 1024w, https:\/\/www.all-for-all.de\/wp-content\/uploads\/2013\/06\/P1000941-300x225.jpg 300w, https:\/\/www.all-for-all.de\/wp-content\/uploads\/2013\/06\/P1000941-400x300.jpg 400w\" sizes=\"auto, (max-width: 1024px) 100vw, 1024px\" \/><\/p>\n<p><img loading=\"lazy\" decoding=\"async\" class=\"aligncenter size-full wp-image-3658\" src=\"https:\/\/www.all-for-all.de\/wp-content\/uploads\/2013\/06\/P10009461.jpg\" alt=\"Hole In The Rock\" width=\"1024\" height=\"768\" srcset=\"https:\/\/www.all-for-all.de\/wp-content\/uploads\/2013\/06\/P10009461.jpg 1024w, https:\/\/www.all-for-all.de\/wp-content\/uploads\/2013\/06\/P10009461-300x225.jpg 300w, https:\/\/www.all-for-all.de\/wp-content\/uploads\/2013\/06\/P10009461-400x300.jpg 400w\" sizes=\"auto, (max-width: 1024px) 100vw, 1024px\" \/><img loading=\"lazy\" decoding=\"async\" class=\"aligncenter size-full wp-image-3659\" src=\"https:\/\/www.all-for-all.de\/wp-content\/uploads\/2013\/06\/P10009481.jpg\" alt=\"Hole In The Rock\" width=\"1024\" height=\"768\" srcset=\"https:\/\/www.all-for-all.de\/wp-content\/uploads\/2013\/06\/P10009481.jpg 1024w, https:\/\/www.all-for-all.de\/wp-content\/uploads\/2013\/06\/P10009481-300x225.jpg 300w, https:\/\/www.all-for-all.de\/wp-content\/uploads\/2013\/06\/P10009481-400x300.jpg 400w\" sizes=\"auto, (max-width: 1024px) 100vw, 1024px\" \/><\/p>\n<p>Das &#8222;Hole In The Rock&#8220; war wirklich witzig aufgezogen. Irgendwie ganz was anderes und rein f\u00fcr Touristen. Aber es gab st\u00e4ndig etwas zu entdecken, zum schmunzeln und zum staunen.. \ud83d\ude09<\/p>\n<p>Wir erreichten Moab erst wieder bei Sonnenuntergang und weil wir noch nicht besonders hungrig waren, drehten wir noch eine &#8222;Ehrenrunde&#8220; auf der wundersch\u00f6nen schmalen Stra\u00dfe entlang des Colorados. Tolle Stimmung durch das Licht und das Wasser&#8230;<\/p>\n<p><img loading=\"lazy\" decoding=\"async\" class=\"aligncenter wp-image-3666 size-full\" title=\"Colorado River\" src=\"https:\/\/www.all-for-all.de\/wp-content\/uploads\/2013\/06\/P1000976.jpg\" alt=\"Colorado River\" width=\"1024\" height=\"768\" srcset=\"https:\/\/www.all-for-all.de\/wp-content\/uploads\/2013\/06\/P1000976.jpg 1024w, https:\/\/www.all-for-all.de\/wp-content\/uploads\/2013\/06\/P1000976-300x225.jpg 300w, https:\/\/www.all-for-all.de\/wp-content\/uploads\/2013\/06\/P1000976-400x300.jpg 400w\" sizes=\"auto, (max-width: 1024px) 100vw, 1024px\" \/><\/p>\n<p><img loading=\"lazy\" decoding=\"async\" class=\"aligncenter wp-image-3665 size-full\" title=\"Colorado River\" src=\"https:\/\/www.all-for-all.de\/wp-content\/uploads\/2013\/06\/P1000973.jpg\" alt=\"Colorado River\" width=\"1024\" height=\"768\" srcset=\"https:\/\/www.all-for-all.de\/wp-content\/uploads\/2013\/06\/P1000973.jpg 1024w, https:\/\/www.all-for-all.de\/wp-content\/uploads\/2013\/06\/P1000973-300x225.jpg 300w, https:\/\/www.all-for-all.de\/wp-content\/uploads\/2013\/06\/P1000973-400x300.jpg 400w\" sizes=\"auto, (max-width: 1024px) 100vw, 1024px\" \/><\/p>\n<p><img loading=\"lazy\" decoding=\"async\" class=\"aligncenter wp-image-3667 size-full\" title=\"Colorado River\" src=\"https:\/\/www.all-for-all.de\/wp-content\/uploads\/2013\/06\/P10009781.jpg\" alt=\"Colorado River\" width=\"1024\" height=\"768\" srcset=\"https:\/\/www.all-for-all.de\/wp-content\/uploads\/2013\/06\/P10009781.jpg 1024w, https:\/\/www.all-for-all.de\/wp-content\/uploads\/2013\/06\/P10009781-300x225.jpg 300w, https:\/\/www.all-for-all.de\/wp-content\/uploads\/2013\/06\/P10009781-400x300.jpg 400w\" sizes=\"auto, (max-width: 1024px) 100vw, 1024px\" \/><\/p>\n<p><img loading=\"lazy\" decoding=\"async\" class=\"aligncenter wp-image-3662 size-full\" title=\"Moab\" src=\"https:\/\/www.all-for-all.de\/wp-content\/uploads\/2013\/06\/P10009791.jpg\" alt=\"Moab\" width=\"1024\" height=\"768\" srcset=\"https:\/\/www.all-for-all.de\/wp-content\/uploads\/2013\/06\/P10009791.jpg 1024w, https:\/\/www.all-for-all.de\/wp-content\/uploads\/2013\/06\/P10009791-300x225.jpg 300w, https:\/\/www.all-for-all.de\/wp-content\/uploads\/2013\/06\/P10009791-400x300.jpg 400w\" sizes=\"auto, (max-width: 1024px) 100vw, 1024px\" \/><\/p>\n<p>Ein unglaublich sch\u00f6ner und erlebnisreicher Tag!<br \/>\nUnd man will es kaum glauben&#8230; wir haben heute Abend schon wieder bei Denny`s gegessen. \ud83d\ude09<\/p>\n<p>Gefahrene Kilometer heute: 319,49<\/p>\n<p><img loading=\"lazy\" decoding=\"async\" class=\"aligncenter wp-image-3669 size-full\" title=\"Track Canyonlands\" src=\"https:\/\/www.all-for-all.de\/wp-content\/uploads\/2013\/06\/Logger_051.jpg\" alt=\"Track Canyonlands\" width=\"753\" height=\"669\" srcset=\"https:\/\/www.all-for-all.de\/wp-content\/uploads\/2013\/06\/Logger_051.jpg 753w, https:\/\/www.all-for-all.de\/wp-content\/uploads\/2013\/06\/Logger_051-300x267.jpg 300w, https:\/\/www.all-for-all.de\/wp-content\/uploads\/2013\/06\/Logger_051-338x300.jpg 338w\" sizes=\"auto, (max-width: 753px) 100vw, 753px\" \/><\/p>\n<p>Wir gr\u00fcbelten wo wir die n\u00e4chste Nacht verbringen sollten. Wir haben ein wenig gegoogelt und das <a href=\"http:\/\/www.glenwoodspringscedarlodge.com\/\">Cedar Lodge Motel<\/a> in Glenwood Springs entdeckt. Optisch macht es einen guten Eindruck, hat recht gute Bewertungen und\u00a0es ist um einiges g\u00fcnstiger wie alles was wir in\u00a0Aspen gefunden haben. Da wir das nur als Zwischen\u00fcbernachtung nutzen ist es egal ob\u00a0Aspen oder Glenwood Springs.\u00a0Also: Zimmer gebucht und fertig.<br \/>\nMorgen geht es also \u00fcber den <a href=\"http:\/\/www.nps.gov\/colm\/index.htm\">Colorado National Monument National Park<\/a> nach Glenwood Springs.<\/p>\n<p>Viele Gr\u00fc\u00dfe<br \/>\nJoa<\/p>\n<p>Zur\u00fcck zu: <a href=\"https:\/\/www.all-for-all.de\/?page_id=3467\">14.06.2013, Fahrt nach Moab \u2013 Arches National Park<\/a><br \/>\nWeiter zu: <a href=\"https:\/\/www.all-for-all.de\/?page_id=3671\">16.06.2013, Moab \u2013 Colorado National Monument \u2013 Glenwood Springs<\/a><\/p>\n","protected":false},"excerpt":{"rendered":"<p>Der\u00a0Zimmerpreis des Aarchway Inn beinhaltet ein Fr\u00fchst\u00fcck. Als wir das Zimmer verlie\u00dfen roch es schon herrlich nach Speck. Leider war der Fr\u00fchst\u00fccksraum brechend voll. Das war uns zu stressig und wir steuerten deswegen erneut das Denny`s Diner an. Da wei\u00df &hellip; <a href=\"https:\/\/www.all-for-all.de\/?page_id=3613\">Weiterlesen <span class=\"meta-nav\">&rarr;<\/span><\/a><\/p>\n","protected":false},"author":2,"featured_media":0,"parent":0,"menu_order":0,"comment_status":"closed","ping_status":"open","template":"","meta":{"footnotes":""},"class_list":["post-3613","page","type-page","status-publish","hentry"],"jetpack_sharing_enabled":true,"_links":{"self":[{"href":"https:\/\/www.all-for-all.de\/index.php?rest_route=\/wp\/v2\/pages\/3613","targetHints":{"allow":["GET"]}}],"collection":[{"href":"https:\/\/www.all-for-all.de\/index.php?rest_route=\/wp\/v2\/pages"}],"about":[{"href":"https:\/\/www.all-for-all.de\/index.php?rest_route=\/wp\/v2\/types\/page"}],"author":[{"embeddable":true,"href":"https:\/\/www.all-for-all.de\/index.php?rest_route=\/wp\/v2\/users\/2"}],"replies":[{"embeddable":true,"href":"https:\/\/www.all-for-all.de\/index.php?rest_route=%2Fwp%2Fv2%2Fcomments&post=3613"}],"version-history":[{"count":0,"href":"https:\/\/www.all-for-all.de\/index.php?rest_route=\/wp\/v2\/pages\/3613\/revisions"}],"wp:attachment":[{"href":"https:\/\/www.all-for-all.de\/index.php?rest_route=%2Fwp%2Fv2%2Fmedia&parent=3613"}],"curies":[{"name":"wp","href":"https:\/\/api.w.org\/{rel}","templated":true}]}}