{"id":3540,"date":"2014-02-11T23:59:22","date_gmt":"2014-02-11T22:59:22","guid":{"rendered":"http:\/\/www.all-for-all.de\/?page_id=3540"},"modified":"2015-01-04T14:28:10","modified_gmt":"2015-01-04T13:28:10","slug":"minneapolis-great-lakes-toronto-niagara-falls-boston-florida","status":"publish","type":"page","link":"https:\/\/www.all-for-all.de\/?page_id=3540","title":{"rendered":"Minneapolis, Great Lakes, Toronto, Niagara Falls, Boston + Florida"},"content":{"rendered":"<p><strong><span style=\"color: #00ffff;\">11.02.2014<\/span><\/strong><br \/>\nDie diesj\u00e4hrige Route steht:<br \/>\nFlug: M\u00fcnchen &#8211; Amsterdam &#8211; Minneapolis<br \/>\nMit dem Mietwagen an den Great Lakes entlang nach Toronto\/Kanada, zu den Niagara Wasserf\u00e4llen und weiter bis nach Boston.<br \/>\nInlandsflug von Boston nach Fort Myers<br \/>\nMietwagen und Haus in Cape Coral<br \/>\nR\u00fcckflug von Fort Myers \u00fcber Atlanta nach M\u00fcnchen.<\/p>\n<p>Man hat uns dieses Jahr relativ fr\u00fch (Mitte Januar) dazu gedr\u00e4ngt unsere Urlaube zu beantragen. Also haben wir wieder unsere gewohnten Zeiten eingeplant. Mitte Juni bis Mitte Juli.<br \/>\nDie Antr\u00e4ge wurden eingereicht. Biggy bekam ihren genehmigt&#8230; ich meinen nicht.<br \/>\nLeider\u00a0lie\u00df bei mir der Informationsfluss etwas zu w\u00fcnschen \u00fcbrig. \ud83d\ude09<br \/>\nMan hat mir zu sp\u00e4t gesagt, dass wir Anfang Juli unser 30-j\u00e4hriges Firmenjubil\u00e4um feiern. Die Sache wird richtig gro\u00df aufgezogen, l\u00e4uft \u00fcber 4 Tage und es besteht eine Teilnahmepflicht.<br \/>\nAber auch das haben wir zum Gl\u00fcck prima unb\u00fcrokratisch geregelt bekommen. Wir haben unsere Reise nun einen Monat vorverlegt. Biggy konnte ihren Urlaub schieben und meiner ist nun auch abgesegnet.<\/p>\n<p>Die Transatlantikfl\u00fcge inklusive Sitzplatzreservierungen sind \u00fcber <a href=\"http:\/\/de.delta.com\/\" target=\"_blank\">Delta Airlines<\/a> gebucht. Im Inland wird uns <a href=\"http:\/\/www.jetblue.com\/\" target=\"_blank\">JetBlue<\/a> bedienen. Irgendwie ist es seltsam, wenn bei einer Flugbuchung alles glatt geht. Sollte uns das verd\u00e4chtig vorkommen? So oder so&#8230; Biggy wird bis zum Abflug wieder t\u00e4glich unsere Flugdaten kontrollieren. Erfahrung macht klug! \ud83d\ude09<\/p>\n<p>Der Mietvertrag f\u00fcr unsere Mietvilla mit dem Namen &#8222;<a href=\"http:\/\/www.cape-coral-vacation.com\/Listings\/Vacationrental\/View\/CCV_108\/title\/\/o\/11\" target=\"_blank\">Cape Cherry<\/a>&#8220; wurde heute unterschrieben abgeschickt. Gebucht haben wir wie letztes Jahr bei Sascha:<br \/>\n<span style=\"color: #ffff00;\"><strong>Gulf Coast Vacation<\/strong><\/span><br \/>\n<a title=\"http:\/\/www.cape-coral-vacation.com\/ \" href=\"http:\/\/www.cape-coral-vacation.com\/\" target=\"_blank\"><span style=\"color: #e4741f;\">http:\/\/www.cape-coral-vacation.com\/\u00a0<\/span><\/a><br \/>\nEs gibt Anbieter die g\u00fcnstiger sind. Wir legen aber Wert auf Freundlichkeit und Professionalit\u00e4t. Sascha hat letztes Jahr gezeigt wie es sein soll. Das darf dann gerne den einen oder anderen Dollar mehr kosten.<\/p>\n<p><strong><span style=\"color: #00ffff;\">18.02.2014<\/span><\/strong><br \/>\nUnsere beiden Mietwagen sind nun ebenfalls gebucht. Wieder hat uns hier Arno Sch\u00fcrmann bestens beraten und f\u00fcr uns das beste Angebot heraus gesucht.<br \/>\n<strong><span style=\"color: #ffff00;\">Amerika-Mietwagen.de<\/span><br \/>\n<\/strong><a title=\"http:\/\/www.amerika-mietwagen.de\/\" href=\"http:\/\/www.amerika-mietwagen.de\/\" target=\"_blank\"><span style=\"color: #e4741f;\">http:\/\/www.amerika-mietwagen.de\/<\/span><\/a><br \/>\nWas mich langsam richtig anf\u00e4ngt zu \u00e4rgern sind die immer h\u00f6her werdenden Einwegmieten. Alamo verlangt nun schon 500 Dollar. Aber da kann der Arno ja nichts daf\u00fcr. \ud83d\ude09<\/p>\n<p><strong><span style=\"color: #00ffff;\">31.03.2014<\/span><\/strong><br \/>\nWir z\u00e4hlen die Tage&#8230; \ud83d\ude09<br \/>\nDie Mietw\u00e4gen von Europcar nach und von M\u00fcnchen sind nun auch reserviert.<br \/>\nDas Zimmer f\u00fcr die erste Nacht in den <a href=\"http:\/\/embassysuites3.hilton.com\/en\/hotels\/minnesota\/embassy-suites-minneapolis-north-MSPBRES\/index.html?WT.mc_id=EPEMESResconfEN\" target=\"_blank\">Embassy Suites<\/a> in Minneapolis ist ebenfalls best\u00e4tigt.<br \/>\nDie Einreise in die USA ist \u00fcber ESTA vorl\u00e4ufig genehmigt.<br \/>\nNoch 50 Tage. \ud83d\ude42<\/p>\n<p><strong><span style=\"color: #00ffff;\">17.04.2014<\/span><\/strong><br \/>\nWar fast klar&#8230; Gestern Abend hat Biggy unsere Fl\u00fcge auf der Delta-Webseite kontrolliert. Und was mussten wir feststellen? Unsere Sitzplatzreservierungen waren weg! Einfach so&#8230; kommentarlos&#8230; keine Nachricht, keine E-Mail&#8230; weg. Wir hatten nun Sitzpl\u00e4tze in der Mitte einer 4er-Reihe. Das kommt \u00fcberhaupt nicht in Frage! Wir versuchten online andere Pl\u00e4tze in einer 2er-Reihe zu bekommen aber die wurden uns als komplett belegt angezeigt.<br \/>\nUnd wie sollte es anders sein? Aufgefallen ist das nach 20:00 Uhr. Da ist leider telefonisch bei Delta Deutschland niemand mehr erreichbar. 200 Puls&#8230; \ud83d\udc7f<br \/>\nGleich heute Morgen habe ich bei Delta angerufen und gefragt was da los ist. Da wurde mir erkl\u00e4rt, dass man sich das gar nicht erkl\u00e4ren kann. Der Mitarbeiter konnte sehen, dass die Reservierungen gestern Mittag anderweitig vergeben wurden. Warum das passiert ist verstehe er auch nicht. Leider kann auch er uns nun keine 2er-Reihe anbieten.<br \/>\nHabe dem Mann erkl\u00e4rt, dass ich 2,05 Meter gro\u00df bin und 140 Kg wiege. <img src=\"https:\/\/www.all-for-all.de\/wp-includes\/images\/smilies\/mrgreen.png\" alt=\":mrgreen:\" class=\"wp-smiley\" style=\"height: 1em; max-height: 1em;\" \/>\u00a0 Damit sei es komplett ausgeschlossen, dass ich in der Mitte einer 4er-Reihe sitze. Falls das doch passieren m\u00fcsse, w\u00fcrde ich mir schon Platz machen. Meine Sitznachbarn h\u00e4tten dann leider wenig Spa\u00df an ihrem Flug.<br \/>\nScheinbar hat das gezogen. Er wollte das nochmal pr\u00fcfen &#8230; ich h\u00f6rte den Mann auf der Tastatur arbeiten.. *klackklackklack* &#8230; und pl\u00f6tzlich hatten wir wieder eine 2er-Reihe. Zwar nicht die urspr\u00fcnglichen Sitzplatznummern&#8230; aber egal. Habe dem netten Herrn noch gesagt, dass ich davon ausgehe, dass diese Reservierungen nun endg\u00fcltig sind&#8230; Dazu hat er nichts gesagt. Wir werden auf jeden Fall weiterhin jeden Tag unsere Fl\u00fcge kontrollieren<br \/>\nEigentlich ein totaler Witz was hier schon wieder abging! Jedes Jahr\u00a0geht bei einer anderen Airline irgendwas schief. Ich verstehe das nicht&#8230;. \ud83d\ude44<br \/>\nNoch 34 Tage! \ud83d\ude42<\/p>\n<p><strong><span style=\"color: #00ffff;\">20.05.2014<\/span><\/strong><br \/>\nMorgen geht`s los!<br \/>\nWir haben alle Unterlagen die wir ben\u00f6tigen. Kreditkarten und Bargeld sind eingesteckt. Der Mietwagen zum Flughafen steht vor dem Haus bereit. Die Koffer sind gepackt. Das Handgep\u00e4ck besteht fast nur aus Elektronik. Das wird wieder lustig an den Sicherheitskontrollen. <img src=\"https:\/\/www.all-for-all.de\/wp-includes\/images\/smilies\/mrgreen.png\" alt=\":mrgreen:\" class=\"wp-smiley\" style=\"height: 1em; max-height: 1em;\" \/><br \/>\nDen n\u00e4chsten Eintrag gibt es aus Minneapolis. Juhu!<\/p>\n<p><img loading=\"lazy\" decoding=\"async\" class=\"aligncenter wp-image-4209 size-full\" title=\"Mietwagen von Europcar\" src=\"https:\/\/www.all-for-all.de\/wp-content\/uploads\/2014\/02\/P1020195.jpg\" alt=\"Mietwagen von Europcar\" width=\"1024\" height=\"576\" srcset=\"https:\/\/www.all-for-all.de\/wp-content\/uploads\/2014\/02\/P1020195.jpg 1024w, https:\/\/www.all-for-all.de\/wp-content\/uploads\/2014\/02\/P1020195-300x169.jpg 300w, https:\/\/www.all-for-all.de\/wp-content\/uploads\/2014\/02\/P1020195-500x281.jpg 500w\" sizes=\"auto, (max-width: 1024px) 100vw, 1024px\" \/><\/p>\n<p>Viele Gr\u00fc\u00dfe<br \/>\nJoa<\/p>\n<p>Weiter zu: <a href=\"https:\/\/www.all-for-all.de\/?page_id=4211\">21.05.2014, Anreise M\u00fcnchen \u2013 Amsterdam \u2013 Minneapolis<\/a><\/p>\n","protected":false},"excerpt":{"rendered":"<p>11.02.2014 Die diesj\u00e4hrige Route steht: Flug: M\u00fcnchen &#8211; Amsterdam &#8211; Minneapolis Mit dem Mietwagen an den Great Lakes entlang nach Toronto\/Kanada, zu den Niagara Wasserf\u00e4llen und weiter bis nach Boston. Inlandsflug von Boston nach Fort Myers Mietwagen und Haus in &hellip; <a href=\"https:\/\/www.all-for-all.de\/?page_id=3540\">Weiterlesen <span class=\"meta-nav\">&rarr;<\/span><\/a><\/p>\n","protected":false},"author":2,"featured_media":0,"parent":0,"menu_order":0,"comment_status":"closed","ping_status":"open","template":"","meta":{"footnotes":""},"class_list":["post-3540","page","type-page","status-publish","hentry"],"jetpack_sharing_enabled":true,"_links":{"self":[{"href":"https:\/\/www.all-for-all.de\/index.php?rest_route=\/wp\/v2\/pages\/3540","targetHints":{"allow":["GET"]}}],"collection":[{"href":"https:\/\/www.all-for-all.de\/index.php?rest_route=\/wp\/v2\/pages"}],"about":[{"href":"https:\/\/www.all-for-all.de\/index.php?rest_route=\/wp\/v2\/types\/page"}],"author":[{"embeddable":true,"href":"https:\/\/www.all-for-all.de\/index.php?rest_route=\/wp\/v2\/users\/2"}],"replies":[{"embeddable":true,"href":"https:\/\/www.all-for-all.de\/index.php?rest_route=%2Fwp%2Fv2%2Fcomments&post=3540"}],"version-history":[{"count":0,"href":"https:\/\/www.all-for-all.de\/index.php?rest_route=\/wp\/v2\/pages\/3540\/revisions"}],"wp:attachment":[{"href":"https:\/\/www.all-for-all.de\/index.php?rest_route=%2Fwp%2Fv2%2Fmedia&parent=3540"}],"curies":[{"name":"wp","href":"https:\/\/api.w.org\/{rel}","templated":true}]}}