{"id":3494,"date":"2018-05-23T10:35:06","date_gmt":"2018-05-23T09:35:06","guid":{"rendered":"http:\/\/www.all-for-all.de\/?page_id=3494"},"modified":"2021-09-15T21:14:42","modified_gmt":"2021-09-15T20:14:42","slug":"impressum-contact","status":"publish","type":"page","link":"https:\/\/www.all-for-all.de\/?page_id=3494","title":{"rendered":"Impressum &#038; Kontakt, Haftungsausschluss"},"content":{"rendered":"<p>Da man sich heutzutage sogar wegen eines Urlaubstagebuchs vor Abmahngeiern sch\u00fctzen muss, folgt hier das Impressum und der notwendige Haftungsausschluss\/Disclaimer. Das G\u00e4stebuch sowie das Kontaktformular wurden leider Opfer der neuen und total irrsinnigen EU DSGVO. Irgendwelche Schwachmaten mit rostigen N\u00e4geln im Kopf sind hier weit \u00fcber das Ziel hinaus geschossen.<br \/>\nFi..t euch!<\/p>\n<p><strong>Dies ist ein privates, nicht kommerzielles Projekt von:<\/strong><br \/>\nJoachim Hanke<br \/>\nLudwigstra\u00dfe 35<br \/>\n87437 Kempten<\/p>\n<p><strong>Kontakt:<\/strong><br \/>\nTelefon:<br \/>\n0170 1729383<\/p>\n<p>E-Mail Adresse:<br \/>\nj.hanke(at)all-for-all.de<\/p>\n<p>Gem\u00e4\u00df \u00a7 28 BDSG widerspreche ich jeder kommerziellen Verwendung und Weitergabe meiner Daten.<\/p>\n<h4>Disclaimer<\/h4>\n<h2>Haftung f\u00fcr Inhalte<\/h2>\n<p>Als Diensteanbieter sind wir gem\u00e4\u00df \u00a7 7 Abs.1 TMG f\u00fcr eigene Inhalte auf diesen Seiten nach den allgemeinen Gesetzen verantwortlich. Nach \u00a7\u00a7 8 bis 10 TMG sind wir als Diensteanbieter jedoch nicht verpflichtet, \u00fcbermittelte oder gespeicherte fremde Informationen zu \u00fcberwachen oder nach Umst\u00e4nden zu forschen, die auf eine rechtswidrige T\u00e4tigkeit hinweisen.<\/p>\n<p>Verpflichtungen zur Entfernung oder Sperrung der Nutzung von Informationen nach den allgemeinen Gesetzen bleiben hiervon unber\u00fchrt. Eine diesbez\u00fcgliche Haftung ist jedoch erst ab dem Zeitpunkt der Kenntnis einer konkreten Rechtsverletzung m\u00f6glich. Bei Bekanntwerden von entsprechenden Rechtsverletzungen werden wir diese Inhalte umgehend entfernen.<\/p>\n<h2>Haftung f\u00fcr Links<\/h2>\n<p>Unser Angebot enth\u00e4lt Links zu externen Websites Dritter, auf deren Inhalte wir keinen Einfluss haben. Deshalb k\u00f6nnen wir f\u00fcr diese fremden Inhalte auch keine Gew\u00e4hr \u00fcbernehmen. F\u00fcr die Inhalte der verlinkten Seiten ist stets der jeweilige Anbieter oder Betreiber der Seiten verantwortlich. Die verlinkten Seiten wurden zum Zeitpunkt der Verlinkung auf m\u00f6gliche Rechtsverst\u00f6\u00dfe \u00fcberpr\u00fcft. Rechtswidrige Inhalte waren zum Zeitpunkt der Verlinkung nicht erkennbar.<\/p>\n<p>Eine permanente inhaltliche Kontrolle der verlinkten Seiten ist jedoch ohne konkrete Anhaltspunkte einer Rechtsverletzung nicht zumutbar. Bei Bekanntwerden von Rechtsverletzungen werden wir derartige Links umgehend entfernen.<\/p>\n<h2>Urheberrecht<\/h2>\n<p>Die durch die Seitenbetreiber erstellten Inhalte und Werke auf diesen Seiten unterliegen dem deutschen Urheberrecht. Die Vervielf\u00e4ltigung, Bearbeitung, Verbreitung und jede Art der Verwertung au\u00dferhalb der Grenzen des Urheberrechtes bed\u00fcrfen der schriftlichen Zustimmung des jeweiligen Autors bzw. Erstellers. Downloads und Kopien dieser Seite sind nur f\u00fcr den privaten, nicht kommerziellen Gebrauch gestattet.<\/p>\n<p>Soweit die Inhalte auf dieser Seite nicht vom Betreiber erstellt wurden, werden die Urheberrechte Dritter beachtet. Insbesondere werden Inhalte Dritter als solche gekennzeichnet. Sollten Sie trotzdem auf eine Urheberrechtsverletzung aufmerksam werden, bitten wir um einen entsprechenden Hinweis. Bei Bekanntwerden von Rechtsverletzungen werden wir derartige Inhalte umgehend entfernen.<\/p>\n<p><i>Quellenangabe:\u00a0<a href=\"https:\/\/www.e-recht24.de\/muster-datenschutzerklaerung.html\">https:\/\/www.e-recht24.de\/muster-datenschutzerklaerung.html<\/a><\/i><\/p>\n","protected":false},"excerpt":{"rendered":"<p>Da man sich heutzutage sogar wegen eines Urlaubstagebuchs vor Abmahngeiern sch\u00fctzen muss, folgt hier das Impressum und der notwendige Haftungsausschluss\/Disclaimer. Das G\u00e4stebuch sowie das Kontaktformular wurden leider Opfer der neuen und total irrsinnigen EU DSGVO. Irgendwelche Schwachmaten mit rostigen N\u00e4geln &hellip; <a href=\"https:\/\/www.all-for-all.de\/?page_id=3494\">Weiterlesen <span class=\"meta-nav\">&rarr;<\/span><\/a><\/p>\n","protected":false},"author":2,"featured_media":0,"parent":0,"menu_order":0,"comment_status":"closed","ping_status":"open","template":"","meta":{"footnotes":""},"class_list":["post-3494","page","type-page","status-publish","hentry"],"jetpack_sharing_enabled":true,"_links":{"self":[{"href":"https:\/\/www.all-for-all.de\/index.php?rest_route=\/wp\/v2\/pages\/3494","targetHints":{"allow":["GET"]}}],"collection":[{"href":"https:\/\/www.all-for-all.de\/index.php?rest_route=\/wp\/v2\/pages"}],"about":[{"href":"https:\/\/www.all-for-all.de\/index.php?rest_route=\/wp\/v2\/types\/page"}],"author":[{"embeddable":true,"href":"https:\/\/www.all-for-all.de\/index.php?rest_route=\/wp\/v2\/users\/2"}],"replies":[{"embeddable":true,"href":"https:\/\/www.all-for-all.de\/index.php?rest_route=%2Fwp%2Fv2%2Fcomments&post=3494"}],"version-history":[{"count":4,"href":"https:\/\/www.all-for-all.de\/index.php?rest_route=\/wp\/v2\/pages\/3494\/revisions"}],"predecessor-version":[{"id":5004,"href":"https:\/\/www.all-for-all.de\/index.php?rest_route=\/wp\/v2\/pages\/3494\/revisions\/5004"}],"wp:attachment":[{"href":"https:\/\/www.all-for-all.de\/index.php?rest_route=%2Fwp%2Fv2%2Fmedia&parent=3494"}],"curies":[{"name":"wp","href":"https:\/\/api.w.org\/{rel}","templated":true}]}}