{"id":3467,"date":"2013-06-14T23:59:55","date_gmt":"2013-06-14T23:59:55","guid":{"rendered":"http:\/\/www.all-for-all.de\/?page_id=3467"},"modified":"2014-12-22T15:57:17","modified_gmt":"2014-12-22T14:57:17","slug":"14-06-2013-fahrt-nach-moab-arches-national-park","status":"publish","type":"page","link":"https:\/\/www.all-for-all.de\/?page_id=3467","title":{"rendered":"14.06.2013, Fahrt nach Moab &#8211; Arches National Park"},"content":{"rendered":"<p>Nach dem erneut herrlichen Fr\u00fchst\u00fcck im Hotel packten wir unsere Siebensachen ins Auto, checkten aus dem Hotel aus, besorgten uns Sprit f\u00fcr den Tank und Eis f\u00fcr die K\u00fchlbox. Ab ging die Fahrt nach Moab!<br \/>\nIn diversen Reiseberichten wurde uns geraten unsere Unterkunft in Moab bereits vorab zu buchen. Wir entschieden uns f\u00fcr das <a href=\"http:\/\/www.aarchwayinn.com\/page.cfm\" target=\"_blank\">Aarchway Inn<\/a> und haben dort bereits vor zwei Monaten ein Zimmer f\u00fcr zwei N\u00e4chte gebucht. Weil es immer wieder einen Grund f\u00fcr einen Fotostop gab, war die Fahrt sehr kurzweilig. <img loading=\"lazy\" decoding=\"async\" class=\"aligncenter size-full wp-image-3571\" src=\"https:\/\/www.all-for-all.de\/wp-content\/uploads\/2013\/06\/P10002801.jpg\" alt=\"Railroad\" width=\"1024\" height=\"768\" srcset=\"https:\/\/www.all-for-all.de\/wp-content\/uploads\/2013\/06\/P10002801.jpg 1024w, https:\/\/www.all-for-all.de\/wp-content\/uploads\/2013\/06\/P10002801-300x225.jpg 300w, https:\/\/www.all-for-all.de\/wp-content\/uploads\/2013\/06\/P10002801-400x300.jpg 400w\" sizes=\"auto, (max-width: 1024px) 100vw, 1024px\" \/> <img loading=\"lazy\" decoding=\"async\" class=\"aligncenter size-full wp-image-3575\" src=\"https:\/\/www.all-for-all.de\/wp-content\/uploads\/2013\/06\/P1000283.jpg\" alt=\"Williams &amp; Powell Ranch\" width=\"1024\" height=\"768\" srcset=\"https:\/\/www.all-for-all.de\/wp-content\/uploads\/2013\/06\/P1000283.jpg 1024w, https:\/\/www.all-for-all.de\/wp-content\/uploads\/2013\/06\/P1000283-300x225.jpg 300w, https:\/\/www.all-for-all.de\/wp-content\/uploads\/2013\/06\/P1000283-400x300.jpg 400w\" sizes=\"auto, (max-width: 1024px) 100vw, 1024px\" \/> <img loading=\"lazy\" decoding=\"async\" class=\"aligncenter size-full wp-image-3577\" src=\"https:\/\/www.all-for-all.de\/wp-content\/uploads\/2013\/06\/P10003181.jpg\" alt=\"Butch Cassidy\" width=\"1024\" height=\"768\" srcset=\"https:\/\/www.all-for-all.de\/wp-content\/uploads\/2013\/06\/P10003181.jpg 1024w, https:\/\/www.all-for-all.de\/wp-content\/uploads\/2013\/06\/P10003181-300x225.jpg 300w, https:\/\/www.all-for-all.de\/wp-content\/uploads\/2013\/06\/P10003181-400x300.jpg 400w\" sizes=\"auto, (max-width: 1024px) 100vw, 1024px\" \/><img loading=\"lazy\" decoding=\"async\" class=\"aligncenter size-full wp-image-3579\" src=\"https:\/\/www.all-for-all.de\/wp-content\/uploads\/2013\/06\/P10003261.jpg\" alt=\"Leichenwagen\" width=\"1024\" height=\"768\" srcset=\"https:\/\/www.all-for-all.de\/wp-content\/uploads\/2013\/06\/P10003261.jpg 1024w, https:\/\/www.all-for-all.de\/wp-content\/uploads\/2013\/06\/P10003261-300x225.jpg 300w, https:\/\/www.all-for-all.de\/wp-content\/uploads\/2013\/06\/P10003261-400x300.jpg 400w\" sizes=\"auto, (max-width: 1024px) 100vw, 1024px\" \/>Etwa 30km vor Moab \u00e4nderte sich die Landschaft dramatisch. Die Farbe der Felsen ging immer mehr ins Rote \u00fcber. Gigantisch!<br \/>\n<img loading=\"lazy\" decoding=\"async\" class=\"aligncenter size-full wp-image-3582\" src=\"https:\/\/www.all-for-all.de\/wp-content\/uploads\/2013\/06\/P10003861.jpg\" alt=\"Rote Felsen\" width=\"1024\" height=\"768\" srcset=\"https:\/\/www.all-for-all.de\/wp-content\/uploads\/2013\/06\/P10003861.jpg 1024w, https:\/\/www.all-for-all.de\/wp-content\/uploads\/2013\/06\/P10003861-300x225.jpg 300w, https:\/\/www.all-for-all.de\/wp-content\/uploads\/2013\/06\/P10003861-400x300.jpg 400w\" sizes=\"auto, (max-width: 1024px) 100vw, 1024px\" \/><\/p>\n<p>Wir kamen gegen 14:00 Uhr am Hotel an aber leider war unser Zimmer noch nicht fertig. Wir sollten bitte um 15:00 Uhr wieder kommen. Um die Zeit zu \u00fcberbr\u00fccken fuhren wir einmal bis ans andere Ende von Moab. Dabei kamen wir an der &#8222;Spa\u00df-Ecke&#8220; von Moab vorbei. Hier gibt es viele Kneipen und Restaurants. Einige davon sahen zumindest von au\u00dfen richtig nett aus. Vielleicht genehmigen wir uns dort morgen ein ordentliches Steak. \ud83d\ude42<br \/>\nUm 15:00 Uhr konnten wir endlich unser Zimmer beziehen. Das Fenster\u00a0zeigt leider zum Innenhof und zum Pool hin aber ansonsten ist es einwandfrei. Wir haben sogar einen K\u00fchlschrank in dem unsere Vorr\u00e4te prima gek\u00fchlt werden k\u00f6nnen.<\/p>\n<p><img loading=\"lazy\" decoding=\"async\" class=\"aligncenter size-full wp-image-3583\" src=\"https:\/\/www.all-for-all.de\/wp-content\/uploads\/2013\/06\/P10009951.jpg\" alt=\"Archway Inn\" width=\"1024\" height=\"768\" srcset=\"https:\/\/www.all-for-all.de\/wp-content\/uploads\/2013\/06\/P10009951.jpg 1024w, https:\/\/www.all-for-all.de\/wp-content\/uploads\/2013\/06\/P10009951-300x225.jpg 300w, https:\/\/www.all-for-all.de\/wp-content\/uploads\/2013\/06\/P10009951-400x300.jpg 400w\" sizes=\"auto, (max-width: 1024px) 100vw, 1024px\" \/><img loading=\"lazy\" decoding=\"async\" class=\"aligncenter size-full wp-image-3585\" src=\"https:\/\/www.all-for-all.de\/wp-content\/uploads\/2013\/06\/P1000405.jpg\" alt=\"Archway Inn\" width=\"1024\" height=\"768\" srcset=\"https:\/\/www.all-for-all.de\/wp-content\/uploads\/2013\/06\/P1000405.jpg 1024w, https:\/\/www.all-for-all.de\/wp-content\/uploads\/2013\/06\/P1000405-300x225.jpg 300w, https:\/\/www.all-for-all.de\/wp-content\/uploads\/2013\/06\/P1000405-400x300.jpg 400w\" sizes=\"auto, (max-width: 1024px) 100vw, 1024px\" \/><img loading=\"lazy\" decoding=\"async\" class=\"aligncenter size-full wp-image-3581\" src=\"https:\/\/www.all-for-all.de\/wp-content\/uploads\/2013\/06\/P1000999.jpg\" alt=\"Aarchway Inn\" width=\"1024\" height=\"768\" srcset=\"https:\/\/www.all-for-all.de\/wp-content\/uploads\/2013\/06\/P1000999.jpg 1024w, https:\/\/www.all-for-all.de\/wp-content\/uploads\/2013\/06\/P1000999-300x225.jpg 300w, https:\/\/www.all-for-all.de\/wp-content\/uploads\/2013\/06\/P1000999-400x300.jpg 400w\" sizes=\"auto, (max-width: 1024px) 100vw, 1024px\" \/><\/p>\n<p>In knapp 15 Minuten war das Zimmer bezogen, das Auto leer ger\u00e4umt und wir\u00a0auf der Fahrt in den <a title=\"Arches National Park\" href=\"http:\/\/www.nps.gov\/arch\/index.htm\" target=\"_blank\">Arches National Park<\/a>. Das Wetter war perfekt\u00a0und das musste ausgenutzt werden. \ud83d\ude00<\/p>\n<p><img loading=\"lazy\" decoding=\"async\" class=\"aligncenter size-full wp-image-3588\" src=\"https:\/\/www.all-for-all.de\/wp-content\/uploads\/2013\/06\/P1000920.jpg\" alt=\"Arches National Park\" width=\"1024\" height=\"768\" srcset=\"https:\/\/www.all-for-all.de\/wp-content\/uploads\/2013\/06\/P1000920.jpg 1024w, https:\/\/www.all-for-all.de\/wp-content\/uploads\/2013\/06\/P1000920-300x225.jpg 300w, https:\/\/www.all-for-all.de\/wp-content\/uploads\/2013\/06\/P1000920-400x300.jpg 400w\" sizes=\"auto, (max-width: 1024px) 100vw, 1024px\" \/>Die Landschaft, die Felsformationen und die Farben lassen sich nur schwer mit Worten beschreiben&#8230; Der sp\u00e4te Nachmittag bis hin zum Sonnenuntergang war irgendwie die ideale Zeit.<\/p>\n<p><img loading=\"lazy\" decoding=\"async\" class=\"aligncenter size-full wp-image-3602\" src=\"https:\/\/www.all-for-all.de\/wp-content\/uploads\/2013\/06\/P10004221.jpg\" alt=\"Arches National Park\" width=\"1024\" height=\"768\" srcset=\"https:\/\/www.all-for-all.de\/wp-content\/uploads\/2013\/06\/P10004221.jpg 1024w, https:\/\/www.all-for-all.de\/wp-content\/uploads\/2013\/06\/P10004221-300x225.jpg 300w, https:\/\/www.all-for-all.de\/wp-content\/uploads\/2013\/06\/P10004221-400x300.jpg 400w\" sizes=\"auto, (max-width: 1024px) 100vw, 1024px\" \/><\/p>\n<p><img loading=\"lazy\" decoding=\"async\" class=\"aligncenter size-full wp-image-3601\" src=\"https:\/\/www.all-for-all.de\/wp-content\/uploads\/2013\/06\/P1000420.jpg\" alt=\"Arches National Park\" width=\"1024\" height=\"768\" srcset=\"https:\/\/www.all-for-all.de\/wp-content\/uploads\/2013\/06\/P1000420.jpg 1024w, https:\/\/www.all-for-all.de\/wp-content\/uploads\/2013\/06\/P1000420-300x225.jpg 300w, https:\/\/www.all-for-all.de\/wp-content\/uploads\/2013\/06\/P1000420-400x300.jpg 400w\" sizes=\"auto, (max-width: 1024px) 100vw, 1024px\" \/><\/p>\n<p><img loading=\"lazy\" decoding=\"async\" class=\"aligncenter size-full wp-image-3600\" src=\"https:\/\/www.all-for-all.de\/wp-content\/uploads\/2013\/06\/P1000418.jpg\" alt=\"Arches National Park\" width=\"1024\" height=\"768\" srcset=\"https:\/\/www.all-for-all.de\/wp-content\/uploads\/2013\/06\/P1000418.jpg 1024w, https:\/\/www.all-for-all.de\/wp-content\/uploads\/2013\/06\/P1000418-300x225.jpg 300w, https:\/\/www.all-for-all.de\/wp-content\/uploads\/2013\/06\/P1000418-400x300.jpg 400w\" sizes=\"auto, (max-width: 1024px) 100vw, 1024px\" \/><\/p>\n<p><img loading=\"lazy\" decoding=\"async\" class=\"aligncenter size-full wp-image-3591\" src=\"https:\/\/www.all-for-all.de\/wp-content\/uploads\/2013\/06\/P1000431.jpg\" alt=\"Arches National Park\" width=\"1536\" height=\"424\" srcset=\"https:\/\/www.all-for-all.de\/wp-content\/uploads\/2013\/06\/P1000431.jpg 1536w, https:\/\/www.all-for-all.de\/wp-content\/uploads\/2013\/06\/P1000431-300x83.jpg 300w, https:\/\/www.all-for-all.de\/wp-content\/uploads\/2013\/06\/P1000431-1024x283.jpg 1024w, https:\/\/www.all-for-all.de\/wp-content\/uploads\/2013\/06\/P1000431-500x138.jpg 500w\" sizes=\"auto, (max-width: 1536px) 100vw, 1536px\" \/><\/p>\n<p><img loading=\"lazy\" decoding=\"async\" class=\"aligncenter size-full wp-image-3592\" src=\"https:\/\/www.all-for-all.de\/wp-content\/uploads\/2013\/06\/P1000450.jpg\" alt=\"Arches National Park\" width=\"1024\" height=\"768\" srcset=\"https:\/\/www.all-for-all.de\/wp-content\/uploads\/2013\/06\/P1000450.jpg 1024w, https:\/\/www.all-for-all.de\/wp-content\/uploads\/2013\/06\/P1000450-300x225.jpg 300w, https:\/\/www.all-for-all.de\/wp-content\/uploads\/2013\/06\/P1000450-400x300.jpg 400w\" sizes=\"auto, (max-width: 1024px) 100vw, 1024px\" \/><\/p>\n<p><img loading=\"lazy\" decoding=\"async\" class=\"aligncenter size-full wp-image-3594\" src=\"https:\/\/www.all-for-all.de\/wp-content\/uploads\/2013\/06\/P1000503.jpg\" alt=\"Arches National Park\" width=\"1024\" height=\"768\" srcset=\"https:\/\/www.all-for-all.de\/wp-content\/uploads\/2013\/06\/P1000503.jpg 1024w, https:\/\/www.all-for-all.de\/wp-content\/uploads\/2013\/06\/P1000503-300x225.jpg 300w, https:\/\/www.all-for-all.de\/wp-content\/uploads\/2013\/06\/P1000503-400x300.jpg 400w\" sizes=\"auto, (max-width: 1024px) 100vw, 1024px\" \/><\/p>\n<p><img loading=\"lazy\" decoding=\"async\" class=\"aligncenter size-full wp-image-3596\" src=\"https:\/\/www.all-for-all.de\/wp-content\/uploads\/2013\/06\/P10005391.jpg\" alt=\"Arches National Park\" width=\"1024\" height=\"768\" srcset=\"https:\/\/www.all-for-all.de\/wp-content\/uploads\/2013\/06\/P10005391.jpg 1024w, https:\/\/www.all-for-all.de\/wp-content\/uploads\/2013\/06\/P10005391-300x225.jpg 300w, https:\/\/www.all-for-all.de\/wp-content\/uploads\/2013\/06\/P10005391-400x300.jpg 400w\" sizes=\"auto, (max-width: 1024px) 100vw, 1024px\" \/><\/p>\n<p><img loading=\"lazy\" decoding=\"async\" class=\"aligncenter size-full wp-image-3593\" src=\"https:\/\/www.all-for-all.de\/wp-content\/uploads\/2013\/06\/P1000475.jpg\" alt=\"Arches National Park\" width=\"1024\" height=\"768\" srcset=\"https:\/\/www.all-for-all.de\/wp-content\/uploads\/2013\/06\/P1000475.jpg 1024w, https:\/\/www.all-for-all.de\/wp-content\/uploads\/2013\/06\/P1000475-300x225.jpg 300w, https:\/\/www.all-for-all.de\/wp-content\/uploads\/2013\/06\/P1000475-400x300.jpg 400w\" sizes=\"auto, (max-width: 1024px) 100vw, 1024px\" \/><\/p>\n<p><img loading=\"lazy\" decoding=\"async\" class=\"aligncenter size-full wp-image-3597\" src=\"https:\/\/www.all-for-all.de\/wp-content\/uploads\/2013\/06\/P10006291.jpg\" alt=\"Arches National Park\" width=\"1024\" height=\"768\" srcset=\"https:\/\/www.all-for-all.de\/wp-content\/uploads\/2013\/06\/P10006291.jpg 1024w, https:\/\/www.all-for-all.de\/wp-content\/uploads\/2013\/06\/P10006291-300x225.jpg 300w, https:\/\/www.all-for-all.de\/wp-content\/uploads\/2013\/06\/P10006291-400x300.jpg 400w\" sizes=\"auto, (max-width: 1024px) 100vw, 1024px\" \/><\/p>\n<p><img loading=\"lazy\" decoding=\"async\" class=\"aligncenter size-full wp-image-3598\" src=\"https:\/\/www.all-for-all.de\/wp-content\/uploads\/2013\/06\/P10007691.jpg\" alt=\"Arches National Park\" width=\"1024\" height=\"768\" srcset=\"https:\/\/www.all-for-all.de\/wp-content\/uploads\/2013\/06\/P10007691.jpg 1024w, https:\/\/www.all-for-all.de\/wp-content\/uploads\/2013\/06\/P10007691-300x225.jpg 300w, https:\/\/www.all-for-all.de\/wp-content\/uploads\/2013\/06\/P10007691-400x300.jpg 400w\" sizes=\"auto, (max-width: 1024px) 100vw, 1024px\" \/><\/p>\n<p><img loading=\"lazy\" decoding=\"async\" class=\"aligncenter size-full wp-image-3599\" src=\"https:\/\/www.all-for-all.de\/wp-content\/uploads\/2013\/06\/P1000786.jpg\" alt=\"Arches National Park\" width=\"1024\" height=\"768\" srcset=\"https:\/\/www.all-for-all.de\/wp-content\/uploads\/2013\/06\/P1000786.jpg 1024w, https:\/\/www.all-for-all.de\/wp-content\/uploads\/2013\/06\/P1000786-300x225.jpg 300w, https:\/\/www.all-for-all.de\/wp-content\/uploads\/2013\/06\/P1000786-400x300.jpg 400w\" sizes=\"auto, (max-width: 1024px) 100vw, 1024px\" \/><\/p>\n<p>Es wurde bereits dunkel als wir wieder am Hotel angekommen sind und wir waren todm\u00fcde. Wir versp\u00fcrten extrem wenig Lust uns in Moab ein Steakhouse zu suchen. Deswegen war der Denny`s gleich ums Eck unsere erste Wahl. Wie schon sooo oft. \ud83d\ude42<\/p>\n<p>Die gefahrene Strecke von Layton\/Salt Lake City nach Moab betr\u00e4gt laut Logger 432,8km.<\/p>\n<p><img loading=\"lazy\" decoding=\"async\" class=\"aligncenter size-full wp-image-3605\" src=\"https:\/\/www.all-for-all.de\/wp-content\/uploads\/2013\/06\/Logger_031.jpg\" alt=\"Track Layton - Moab\" width=\"783\" height=\"627\" srcset=\"https:\/\/www.all-for-all.de\/wp-content\/uploads\/2013\/06\/Logger_031.jpg 783w, https:\/\/www.all-for-all.de\/wp-content\/uploads\/2013\/06\/Logger_031-300x240.jpg 300w, https:\/\/www.all-for-all.de\/wp-content\/uploads\/2013\/06\/Logger_031-375x300.jpg 375w\" sizes=\"auto, (max-width: 783px) 100vw, 783px\" \/><\/p>\n<p>Im Nationalpark selbst waren es immerhin noch 92,6km<\/p>\n<p><img loading=\"lazy\" decoding=\"async\" class=\"aligncenter size-full wp-image-3607\" src=\"https:\/\/www.all-for-all.de\/wp-content\/uploads\/2013\/06\/Logger_041.jpg\" alt=\"Track Arches National Park\" width=\"828\" height=\"705\" srcset=\"https:\/\/www.all-for-all.de\/wp-content\/uploads\/2013\/06\/Logger_041.jpg 828w, https:\/\/www.all-for-all.de\/wp-content\/uploads\/2013\/06\/Logger_041-300x255.jpg 300w, https:\/\/www.all-for-all.de\/wp-content\/uploads\/2013\/06\/Logger_041-352x300.jpg 352w\" sizes=\"auto, (max-width: 828px) 100vw, 828px\" \/><\/p>\n<p>Morgen geht es in den <a title=\"Canyonlands National Park\" href=\"http:\/\/www.nps.gov\/cany\/index.htm\" target=\"_blank\">Canyonlands National Park<\/a>. Wir freuen uns schon!<\/p>\n<p>Viele Gr\u00fc\u00dfe<br \/>\nJoa<\/p>\n<p>Zur\u00fcck zu: <a href=\"https:\/\/www.all-for-all.de\/?page_id=3419\">13.06.2013, Bingham Canyon Mine \u2013 Bonneville Salt Flats \u2013 Salt Lake City<\/a><br \/>\nWeiter zu: <a href=\"https:\/\/www.all-for-all.de\/?page_id=3613\">15.06.2013, Canyonlands National Park &amp; Dead Horse State Park<\/a><\/p>\n","protected":false},"excerpt":{"rendered":"<p>Nach dem erneut herrlichen Fr\u00fchst\u00fcck im Hotel packten wir unsere Siebensachen ins Auto, checkten aus dem Hotel aus, besorgten uns Sprit f\u00fcr den Tank und Eis f\u00fcr die K\u00fchlbox. Ab ging die Fahrt nach Moab! In diversen Reiseberichten wurde uns &hellip; <a href=\"https:\/\/www.all-for-all.de\/?page_id=3467\">Weiterlesen <span class=\"meta-nav\">&rarr;<\/span><\/a><\/p>\n","protected":false},"author":2,"featured_media":0,"parent":0,"menu_order":0,"comment_status":"closed","ping_status":"open","template":"","meta":{"footnotes":""},"class_list":["post-3467","page","type-page","status-publish","hentry"],"jetpack_sharing_enabled":true,"_links":{"self":[{"href":"https:\/\/www.all-for-all.de\/index.php?rest_route=\/wp\/v2\/pages\/3467","targetHints":{"allow":["GET"]}}],"collection":[{"href":"https:\/\/www.all-for-all.de\/index.php?rest_route=\/wp\/v2\/pages"}],"about":[{"href":"https:\/\/www.all-for-all.de\/index.php?rest_route=\/wp\/v2\/types\/page"}],"author":[{"embeddable":true,"href":"https:\/\/www.all-for-all.de\/index.php?rest_route=\/wp\/v2\/users\/2"}],"replies":[{"embeddable":true,"href":"https:\/\/www.all-for-all.de\/index.php?rest_route=%2Fwp%2Fv2%2Fcomments&post=3467"}],"version-history":[{"count":0,"href":"https:\/\/www.all-for-all.de\/index.php?rest_route=\/wp\/v2\/pages\/3467\/revisions"}],"wp:attachment":[{"href":"https:\/\/www.all-for-all.de\/index.php?rest_route=%2Fwp%2Fv2%2Fmedia&parent=3467"}],"curies":[{"name":"wp","href":"https:\/\/api.w.org\/{rel}","templated":true}]}}